{"id":36467,"date":"2023-05-10T08:26:01","date_gmt":"2023-05-10T08:26:01","guid":{"rendered":"https:\/\/piccolauniversitaitaliana.com\/?page_id=36467"},"modified":"2023-07-21T08:57:13","modified_gmt":"2023-07-21T08:57:13","slug":"testimonianzen-tropea","status":"publish","type":"page","link":"https:\/\/piccolauniversitaitaliana.com\/de\/testimonianzen-tropea\/","title":{"rendered":"STUDENTEN ECHO TROPEA"},"content":{"rendered":"<h6>Unsere Studenten und was sie sagen&#8230;<\/h6>\n<p>In mehr als 30 Jahren Erfahrung haben wir viele Meinungen <a href=\"https:\/\/piccolauniversitaitaliana.com\/de\/wer-sind-unsere-studenten\/\">unserer Studenten<\/a> zu unseren Italienischkursen, unseren Italienischlehrern, dem au\u00dferschulischen Aktivit\u00e4ten Programm, kulturellen Veranstaltungen, unseren Unterkunftsm\u00f6glichkeiten, der Stadt Tropea und der Region Kalabrien gesammelt.<\/p>\n<blockquote><p>Dieses Echo ist ein Beweis f\u00fcr die Professionalit\u00e4t unserer Italienisch Sprachschule und zeigt, wie wir <a href=\"https:\/\/piccolauniversitaitaliana.com\/de\/unsere-philosophie\/\">unsere Philosophie<\/a> in der Schule und bei au\u00dferschulischen Aktivit\u00e4ten leben.<\/p><\/blockquote>\n<p>Lesen Sie die Erfahrungsberichte, um sich ein Bild von der Qualit\u00e4t unserer Italienischkurse und aller angebotenen Dienstleistungen zu machen!<\/p>\n","protected":false},"excerpt":{"rendered":"<p>Unsere Studenten und was sie sagen&#8230; In mehr als 30 Jahren Erfahrung haben wir viele Meinungen unserer Studenten zu unseren Italienischkursen, unseren Italienischlehrern, dem au\u00dferschulischen Aktivit\u00e4ten Programm, kulturellen Veranstaltungen, unseren Unterkunftsm\u00f6glichkeiten, der Stadt Tropea und der Region Kalabrien gesammelt. Dieses Echo ist ein Beweis f\u00fcr die Professionalit\u00e4t unserer Italienisch Sprachschule und zeigt, wie wir unsere &hellip; <a href=\"https:\/\/piccolauniversitaitaliana.com\/de\/testimonianzen-tropea\/\" class=\"more-link\"><span class=\"screen-reader-text\">&#8222;STUDENTEN ECHO TROPEA&#8220; <\/span>weiterlesen<\/a><\/p>\n","protected":false},"author":13,"featured_media":15637,"parent":0,"menu_order":0,"comment_status":"closed","ping_status":"closed","template":"page-testimonials.php","meta":{"_acf_changed":false,"footnotes":""},"class_list":["post-36467","page","type-page","status-publish","has-post-thumbnail","hentry"],"acf":[],"yoast_head":"<!-- This site is optimized with the Yoast SEO Premium plugin v27.0 (Yoast SEO v27.4) - https:\/\/yoast.com\/product\/yoast-seo-premium-wordpress\/ -->\n<title>STUDENTEN ECHO TROPEA - Piccola Universit\u00e0 Italiana<\/title>\n<meta name=\"description\" content=\"Unsere Studenten in Tropea und was sie sagen. Lesen Sie die Erfahrungsberichte, und machen Sie sich ein Bild unserer Schule.\" \/>\n<meta name=\"robots\" content=\"index, follow, max-snippet:-1, max-image-preview:large, max-video-preview:-1\" \/>\n<link rel=\"canonical\" href=\"https:\/\/piccolauniversitaitaliana.com\/de\/testimonianzen-tropea\/\" \/>\n<meta property=\"og:locale\" content=\"de_DE\" \/>\n<meta property=\"og:type\" content=\"article\" \/>\n<meta property=\"og:title\" content=\"STUDENTEN ECHO TROPEA\" \/>\n<meta property=\"og:description\" content=\"Unsere Studenten und was sie sagen... In mehr als 30 Jahren Erfahrung haben wir viele Meinungen unserer Studenten zu unseren Italienischkursen, unseren\" \/>\n<meta property=\"og:url\" content=\"https:\/\/piccolauniversitaitaliana.com\/de\/testimonianzen-tropea\/\" \/>\n<meta property=\"og:site_name\" content=\"Piccola Universit\u00e0 Italiana\" \/>\n<meta property=\"article:publisher\" content=\"https:\/\/www.facebook.com\/piccola.universita.italiana.trieste\/\" \/>\n<meta property=\"article:modified_time\" content=\"2023-07-21T08:57:13+00:00\" \/>\n<meta property=\"og:image\" content=\"https:\/\/piccolauniversitaitaliana.com\/wp-content\/uploads\/2019\/01\/Corsi-di-lingua-Italiana-in-Italia-Tropea_Piccola-Universita-Italiana_Una-piccola-tazza-di-cultura-1024x716.jpg\" \/>\n\t<meta property=\"og:image:width\" content=\"1024\" \/>\n\t<meta property=\"og:image:height\" content=\"716\" \/>\n\t<meta property=\"og:image:type\" content=\"image\/jpeg\" \/>\n<meta name=\"twitter:card\" content=\"summary_large_image\" \/>\n<meta name=\"twitter:site\" content=\"@italiancourses\" \/>\n<meta name=\"twitter:label1\" content=\"Gesch\u00e4tzte Lesezeit\" \/>\n\t<meta name=\"twitter:data1\" content=\"1\u00a0Minute\" \/>\n<script type=\"application\/ld+json\" class=\"yoast-schema-graph\">{\"@context\":\"https:\\\/\\\/schema.org\",\"@graph\":[{\"@type\":\"WebPage\",\"@id\":\"https:\\\/\\\/piccolauniversitaitaliana.com\\\/de\\\/testimonianzen-tropea\\\/\",\"url\":\"https:\\\/\\\/piccolauniversitaitaliana.com\\\/de\\\/testimonianzen-tropea\\\/\",\"name\":\"STUDENTEN ECHO TROPEA - Piccola Universit\u00e0 Italiana\",\"isPartOf\":{\"@id\":\"https:\\\/\\\/piccolauniversitaitaliana.com\\\/de\\\/#website\"},\"primaryImageOfPage\":{\"@id\":\"https:\\\/\\\/piccolauniversitaitaliana.com\\\/de\\\/testimonianzen-tropea\\\/#primaryimage\"},\"image\":{\"@id\":\"https:\\\/\\\/piccolauniversitaitaliana.com\\\/de\\\/testimonianzen-tropea\\\/#primaryimage\"},\"thumbnailUrl\":\"https:\\\/\\\/piccolauniversitaitaliana.com\\\/wp-content\\\/uploads\\\/2019\\\/01\\\/Corsi-di-lingua-Italiana-in-Italia-Tropea_Piccola-Universita-Italiana_Una-piccola-tazza-di-cultura.jpg\",\"datePublished\":\"2023-05-10T08:26:01+00:00\",\"dateModified\":\"2023-07-21T08:57:13+00:00\",\"description\":\"Unsere Studenten in Tropea und was sie sagen. Lesen Sie die Erfahrungsberichte, und machen Sie sich ein Bild unserer Schule.\",\"breadcrumb\":{\"@id\":\"https:\\\/\\\/piccolauniversitaitaliana.com\\\/de\\\/testimonianzen-tropea\\\/#breadcrumb\"},\"inLanguage\":\"de\",\"potentialAction\":[{\"@type\":\"ReadAction\",\"target\":[\"https:\\\/\\\/piccolauniversitaitaliana.com\\\/de\\\/testimonianzen-tropea\\\/\"]}]},{\"@type\":\"ImageObject\",\"inLanguage\":\"de\",\"@id\":\"https:\\\/\\\/piccolauniversitaitaliana.com\\\/de\\\/testimonianzen-tropea\\\/#primaryimage\",\"url\":\"https:\\\/\\\/piccolauniversitaitaliana.com\\\/wp-content\\\/uploads\\\/2019\\\/01\\\/Corsi-di-lingua-Italiana-in-Italia-Tropea_Piccola-Universita-Italiana_Una-piccola-tazza-di-cultura.jpg\",\"contentUrl\":\"https:\\\/\\\/piccolauniversitaitaliana.com\\\/wp-content\\\/uploads\\\/2019\\\/01\\\/Corsi-di-lingua-Italiana-in-Italia-Tropea_Piccola-Universita-Italiana_Una-piccola-tazza-di-cultura.jpg\",\"width\":3115,\"height\":2179},{\"@type\":\"BreadcrumbList\",\"@id\":\"https:\\\/\\\/piccolauniversitaitaliana.com\\\/de\\\/testimonianzen-tropea\\\/#breadcrumb\",\"itemListElement\":[{\"@type\":\"ListItem\",\"position\":1,\"name\":\"Home\",\"item\":\"https:\\\/\\\/piccolauniversitaitaliana.com\\\/de\\\/\"},{\"@type\":\"ListItem\",\"position\":2,\"name\":\"STUDENTEN ECHO TROPEA\"}]},{\"@type\":\"WebSite\",\"@id\":\"https:\\\/\\\/piccolauniversitaitaliana.com\\\/de\\\/#website\",\"url\":\"https:\\\/\\\/piccolauniversitaitaliana.com\\\/de\\\/\",\"name\":\"Piccola Universit\u00e0 Italiana\",\"description\":\"Boutique Italian Language Schools in Fantastic Locations\",\"publisher\":{\"@id\":\"https:\\\/\\\/piccolauniversitaitaliana.com\\\/de\\\/#organization\"},\"potentialAction\":[{\"@type\":\"SearchAction\",\"target\":{\"@type\":\"EntryPoint\",\"urlTemplate\":\"https:\\\/\\\/piccolauniversitaitaliana.com\\\/de\\\/?s={search_term_string}\"},\"query-input\":{\"@type\":\"PropertyValueSpecification\",\"valueRequired\":true,\"valueName\":\"search_term_string\"}}],\"inLanguage\":\"de\"},{\"@type\":\"Organization\",\"@id\":\"https:\\\/\\\/piccolauniversitaitaliana.com\\\/de\\\/#organization\",\"name\":\"PICCOLA UNIVERSIT\u00c0 ITALIANA\",\"url\":\"https:\\\/\\\/piccolauniversitaitaliana.com\\\/de\\\/\",\"logo\":{\"@type\":\"ImageObject\",\"inLanguage\":\"de\",\"@id\":\"https:\\\/\\\/piccolauniversitaitaliana.com\\\/de\\\/#\\\/schema\\\/logo\\\/image\\\/\",\"url\":\"\",\"contentUrl\":\"\",\"caption\":\"PICCOLA UNIVERSIT\u00c0 ITALIANA\"},\"image\":{\"@id\":\"https:\\\/\\\/piccolauniversitaitaliana.com\\\/de\\\/#\\\/schema\\\/logo\\\/image\\\/\"},\"sameAs\":[\"https:\\\/\\\/www.facebook.com\\\/piccola.universita.italiana.trieste\\\/\",\"https:\\\/\\\/x.com\\\/italiancourses\",\"https:\\\/\\\/www.instagram.com\\\/explore\\\/locations\\\/99826744\\\/piccola-universita-italiana\\\/\",\"https:\\\/\\\/www.linkedin.com\\\/company\\\/piccola-universit-italiana\",\"https:\\\/\\\/www.youtube.com\\\/user\\\/piccolauniversitaita\"]}]}<\/script>\n<!-- \/ Yoast SEO Premium plugin. -->","yoast_head_json":{"title":"STUDENTEN ECHO TROPEA - Piccola Universit\u00e0 Italiana","description":"Unsere Studenten in Tropea und was sie sagen. Lesen Sie die Erfahrungsberichte, und machen Sie sich ein Bild unserer Schule.","robots":{"index":"index","follow":"follow","max-snippet":"max-snippet:-1","max-image-preview":"max-image-preview:large","max-video-preview":"max-video-preview:-1"},"canonical":"https:\/\/piccolauniversitaitaliana.com\/de\/testimonianzen-tropea\/","og_locale":"de_DE","og_type":"article","og_title":"STUDENTEN ECHO TROPEA","og_description":"Unsere Studenten und was sie sagen... In mehr als 30 Jahren Erfahrung haben wir viele Meinungen unserer Studenten zu unseren Italienischkursen, unseren","og_url":"https:\/\/piccolauniversitaitaliana.com\/de\/testimonianzen-tropea\/","og_site_name":"Piccola Universit\u00e0 Italiana","article_publisher":"https:\/\/www.facebook.com\/piccola.universita.italiana.trieste\/","article_modified_time":"2023-07-21T08:57:13+00:00","og_image":[{"width":1024,"height":716,"url":"https:\/\/piccolauniversitaitaliana.com\/wp-content\/uploads\/2019\/01\/Corsi-di-lingua-Italiana-in-Italia-Tropea_Piccola-Universita-Italiana_Una-piccola-tazza-di-cultura-1024x716.jpg","type":"image\/jpeg"}],"twitter_card":"summary_large_image","twitter_site":"@italiancourses","twitter_misc":{"Gesch\u00e4tzte Lesezeit":"1\u00a0Minute"},"schema":{"@context":"https:\/\/schema.org","@graph":[{"@type":"WebPage","@id":"https:\/\/piccolauniversitaitaliana.com\/de\/testimonianzen-tropea\/","url":"https:\/\/piccolauniversitaitaliana.com\/de\/testimonianzen-tropea\/","name":"STUDENTEN ECHO TROPEA - Piccola Universit\u00e0 Italiana","isPartOf":{"@id":"https:\/\/piccolauniversitaitaliana.com\/de\/#website"},"primaryImageOfPage":{"@id":"https:\/\/piccolauniversitaitaliana.com\/de\/testimonianzen-tropea\/#primaryimage"},"image":{"@id":"https:\/\/piccolauniversitaitaliana.com\/de\/testimonianzen-tropea\/#primaryimage"},"thumbnailUrl":"https:\/\/piccolauniversitaitaliana.com\/wp-content\/uploads\/2019\/01\/Corsi-di-lingua-Italiana-in-Italia-Tropea_Piccola-Universita-Italiana_Una-piccola-tazza-di-cultura.jpg","datePublished":"2023-05-10T08:26:01+00:00","dateModified":"2023-07-21T08:57:13+00:00","description":"Unsere Studenten in Tropea und was sie sagen. Lesen Sie die Erfahrungsberichte, und machen Sie sich ein Bild unserer Schule.","breadcrumb":{"@id":"https:\/\/piccolauniversitaitaliana.com\/de\/testimonianzen-tropea\/#breadcrumb"},"inLanguage":"de","potentialAction":[{"@type":"ReadAction","target":["https:\/\/piccolauniversitaitaliana.com\/de\/testimonianzen-tropea\/"]}]},{"@type":"ImageObject","inLanguage":"de","@id":"https:\/\/piccolauniversitaitaliana.com\/de\/testimonianzen-tropea\/#primaryimage","url":"https:\/\/piccolauniversitaitaliana.com\/wp-content\/uploads\/2019\/01\/Corsi-di-lingua-Italiana-in-Italia-Tropea_Piccola-Universita-Italiana_Una-piccola-tazza-di-cultura.jpg","contentUrl":"https:\/\/piccolauniversitaitaliana.com\/wp-content\/uploads\/2019\/01\/Corsi-di-lingua-Italiana-in-Italia-Tropea_Piccola-Universita-Italiana_Una-piccola-tazza-di-cultura.jpg","width":3115,"height":2179},{"@type":"BreadcrumbList","@id":"https:\/\/piccolauniversitaitaliana.com\/de\/testimonianzen-tropea\/#breadcrumb","itemListElement":[{"@type":"ListItem","position":1,"name":"Home","item":"https:\/\/piccolauniversitaitaliana.com\/de\/"},{"@type":"ListItem","position":2,"name":"STUDENTEN ECHO TROPEA"}]},{"@type":"WebSite","@id":"https:\/\/piccolauniversitaitaliana.com\/de\/#website","url":"https:\/\/piccolauniversitaitaliana.com\/de\/","name":"Piccola Universit\u00e0 Italiana","description":"Boutique Italian Language Schools in Fantastic Locations","publisher":{"@id":"https:\/\/piccolauniversitaitaliana.com\/de\/#organization"},"potentialAction":[{"@type":"SearchAction","target":{"@type":"EntryPoint","urlTemplate":"https:\/\/piccolauniversitaitaliana.com\/de\/?s={search_term_string}"},"query-input":{"@type":"PropertyValueSpecification","valueRequired":true,"valueName":"search_term_string"}}],"inLanguage":"de"},{"@type":"Organization","@id":"https:\/\/piccolauniversitaitaliana.com\/de\/#organization","name":"PICCOLA UNIVERSIT\u00c0 ITALIANA","url":"https:\/\/piccolauniversitaitaliana.com\/de\/","logo":{"@type":"ImageObject","inLanguage":"de","@id":"https:\/\/piccolauniversitaitaliana.com\/de\/#\/schema\/logo\/image\/","url":"","contentUrl":"","caption":"PICCOLA UNIVERSIT\u00c0 ITALIANA"},"image":{"@id":"https:\/\/piccolauniversitaitaliana.com\/de\/#\/schema\/logo\/image\/"},"sameAs":["https:\/\/www.facebook.com\/piccola.universita.italiana.trieste\/","https:\/\/x.com\/italiancourses","https:\/\/www.instagram.com\/explore\/locations\/99826744\/piccola-universita-italiana\/","https:\/\/www.linkedin.com\/company\/piccola-universit-italiana","https:\/\/www.youtube.com\/user\/piccolauniversitaita"]}]}},"_links":{"self":[{"href":"https:\/\/piccolauniversitaitaliana.com\/de\/wp-json\/wp\/v2\/pages\/36467","targetHints":{"allow":["GET"]}}],"collection":[{"href":"https:\/\/piccolauniversitaitaliana.com\/de\/wp-json\/wp\/v2\/pages"}],"about":[{"href":"https:\/\/piccolauniversitaitaliana.com\/de\/wp-json\/wp\/v2\/types\/page"}],"author":[{"embeddable":true,"href":"https:\/\/piccolauniversitaitaliana.com\/de\/wp-json\/wp\/v2\/users\/13"}],"replies":[{"embeddable":true,"href":"https:\/\/piccolauniversitaitaliana.com\/de\/wp-json\/wp\/v2\/comments?post=36467"}],"version-history":[{"count":6,"href":"https:\/\/piccolauniversitaitaliana.com\/de\/wp-json\/wp\/v2\/pages\/36467\/revisions"}],"predecessor-version":[{"id":37626,"href":"https:\/\/piccolauniversitaitaliana.com\/de\/wp-json\/wp\/v2\/pages\/36467\/revisions\/37626"}],"wp:featuredmedia":[{"embeddable":true,"href":"https:\/\/piccolauniversitaitaliana.com\/de\/wp-json\/wp\/v2\/media\/15637"}],"wp:attachment":[{"href":"https:\/\/piccolauniversitaitaliana.com\/de\/wp-json\/wp\/v2\/media?parent=36467"}],"curies":[{"name":"wp","href":"https:\/\/api.w.org\/{rel}","templated":true}]}}