{"id":36392,"date":"2023-05-05T14:06:56","date_gmt":"2023-05-05T14:06:56","guid":{"rendered":"https:\/\/piccolauniversitaitaliana.com\/?page_id=36392"},"modified":"2023-05-05T14:06:56","modified_gmt":"2023-05-05T14:06:56","slug":"studentenunterkuenfte-in-italien","status":"publish","type":"page","link":"https:\/\/piccolauniversitaitaliana.com\/de\/unser-service\/studentenunterkuenfte-in-italien\/","title":{"rendered":"STUDENTENUNTERK\u00dcNFTE IN ITALIEN"},"content":{"rendered":"<h5>M\u00f6chten Sie Italienisch in Italien lernen, machen sich aber Sorgen um die richtige Unterkunft f\u00fcr Ihre Studenten? Wir sind der Meinung, dass echte Lernerfahrungen nicht nur im Klassenzimmer gemacht werden k\u00f6nnen, sondern auch au\u00dferhalb der Unterrichtszeiten. Wir haben einige Unterkunftsm\u00f6glichkeiten f\u00fcr Sie vorbereitet.<\/h5>\n<p>Die Piccola Universit\u00e0 Italiana bietet eine gro\u00dfe Auswahl an preiswerten und qualitativ hochwertigen Unterk\u00fcnften in Triest und Tropea, die Ihren Bed\u00fcrfnissen und Ihrem Budget entsprechen, w\u00e4hrend Sie <a href=\"https:\/\/piccolauniversitaitaliana.com\/de\/italienisch-sprachschulen-in-italien\/\">Italienisch in Italien lernen<\/a>.<\/p>\n<p>Zus\u00e4tzlich zu unserem professionellen Italienischunterricht in unseren Sprachschulen m\u00f6chten wir Ihren Aufenthalt so angenehm wie m\u00f6glich gestalten, ganz nach Ihren Erwartungen und Anforderungen. <strong>Wir nehmen die Unterbringung ernst<\/strong>. Deshalb bieten wir Ihnen, je nach Ihren Vorlieben, eine Vielzahl von Unterkunftsm\u00f6glichkeiten an. Unsere zahlreichen Unterkunftsm\u00f6glichkeiten umfassen:<\/p>\n<ul>\n<li>Schulwohnheime<\/li>\n<li>Studio-Wohnungen<\/li>\n<li>Wohngemeinschaften<\/li>\n<li>Gastfamilien<\/li>\n<li>Apartment-Hotels<\/li>\n<li>Bed &amp; Breakfast<\/li>\n<li>3-Sterne-Hotels<\/li>\n<li>4-Sterne-Hotels<\/li>\n<\/ul>\n<p>Die ausgew\u00e4hlten Unterk\u00fcnfte werden regelm\u00e4\u00dfig \u00fcberpr\u00fcft. Wir wissen, dass die richtige Unterbringung ein entscheidender Aspekt Ihrer Erfahrung ist, w\u00e4hrend Sie in Italien Italienisch sprechen lernen. Einige Sch\u00fcler ziehen es vor, in die lokale Kultur und Br\u00e4uche einzutauchen, indem sie bei Gastfamilien wohnen. Andere suchen die Erfahrung, neue Freunde zu treffen und ihre Sprachkenntnisse zu verbessern, indem sie sich ein Wohnheim mit anderen ausl\u00e4ndischen Studenten teilen. Einige Reisende sch\u00e4tzen den Komfort und die Privatsph\u00e4re von Hotels, w\u00e4hrend andere lieber in einem Studio-Apartment wohnen und ihre eigenen Erfahrungen machen.<\/p>\n<p>Wenn Sie sich nicht sicher sind, welche Option f\u00fcr Sie am besten geeignet ist, und eine Beratung ben\u00f6tigen, die Ihnen hilft, Ihre Interessen, Ihr Budget und Ihre Bed\u00fcrfnisse zu ermitteln, wenden Sie sich bitte an uns. Wir helfen Ihnen gerne dabei, den perfekten Ort f\u00fcr einen <strong>gro\u00dfartigen Studienaufenthalt im Ausland<\/strong> zu finden.<\/p>\n<p>Erfahren Sie mehr \u00fcber die zahlreichen Unterkunftsm\u00f6glichkeiten in <a href=\"https:\/\/piccolauniversitaitaliana.com\/de\/unser-service\/accommodation-trieste\/\">Triest<\/a> und <a href=\"https:\/\/piccolauniversitaitaliana.com\/de\/unser-service\/unterkunft-tropea\/\">Tropea<\/a>.<\/p>\n","protected":false},"excerpt":{"rendered":"<p>M\u00f6chten Sie Italienisch in Italien lernen, machen sich aber Sorgen um die richtige Unterkunft f\u00fcr Ihre Studenten? Wir sind der Meinung, dass echte Lernerfahrungen nicht nur im Klassenzimmer gemacht werden k\u00f6nnen, sondern auch au\u00dferhalb der Unterrichtszeiten. Wir haben einige Unterkunftsm\u00f6glichkeiten f\u00fcr Sie vorbereitet. Die Piccola Universit\u00e0 Italiana bietet eine gro\u00dfe Auswahl an preiswerten und qualitativ &hellip; <a href=\"https:\/\/piccolauniversitaitaliana.com\/de\/unser-service\/studentenunterkuenfte-in-italien\/\" class=\"more-link\"><span class=\"screen-reader-text\">&#8222;STUDENTENUNTERK\u00dcNFTE IN ITALIEN&#8220; <\/span>weiterlesen<\/a><\/p>\n","protected":false},"author":13,"featured_media":17753,"parent":2293,"menu_order":0,"comment_status":"closed","ping_status":"closed","template":"","meta":{"_acf_changed":false,"footnotes":""},"class_list":["post-36392","page","type-page","status-publish","has-post-thumbnail","hentry"],"acf":[],"yoast_head":"<!-- This site is optimized with the Yoast SEO Premium plugin v27.0 (Yoast SEO v27.4) - https:\/\/yoast.com\/product\/yoast-seo-premium-wordpress\/ -->\n<title>STUDENTENUNTERK\u00dcNFTE IN ITALIEN - Piccola Universit\u00e0 Italiana<\/title>\n<meta name=\"description\" content=\"Sind Sie auf der Suche nach einer Reiseunterkunft? Die Piccola Universit\u00e0 Italiana bietet Optionen f\u00fcr jeden Bedarf. Finden Sie heraus, welche am besten zu Ihnen passt, w\u00e4hrend Sie Italienisch in Italien lernen!\" \/>\n<meta name=\"robots\" content=\"index, follow, max-snippet:-1, max-image-preview:large, max-video-preview:-1\" \/>\n<link rel=\"canonical\" href=\"https:\/\/piccolauniversitaitaliana.com\/de\/unser-service\/studentenunterkuenfte-in-italien\/\" \/>\n<meta property=\"og:locale\" content=\"de_DE\" \/>\n<meta property=\"og:type\" content=\"article\" \/>\n<meta property=\"og:title\" content=\"STUDENTENUNTERK\u00dcNFTE IN ITALIEN\" \/>\n<meta property=\"og:description\" content=\"M\u00f6chten Sie Italienisch in Italien lernen, machen sich aber Sorgen um die richtige Unterkunft f\u00fcr Ihre Studenten? Wir sind der Meinung, dass echte\" \/>\n<meta property=\"og:url\" content=\"https:\/\/piccolauniversitaitaliana.com\/de\/unser-service\/studentenunterkuenfte-in-italien\/\" \/>\n<meta property=\"og:site_name\" content=\"Piccola Universit\u00e0 Italiana\" \/>\n<meta property=\"article:publisher\" content=\"https:\/\/www.facebook.com\/piccola.universita.italiana.trieste\/\" \/>\n<meta property=\"og:image\" content=\"https:\/\/piccolauniversitaitaliana.com\/wp-content\/uploads\/2019\/02\/student-apartments.jpg\" \/>\n\t<meta property=\"og:image:width\" content=\"3243\" \/>\n\t<meta property=\"og:image:height\" content=\"1412\" \/>\n\t<meta property=\"og:image:type\" content=\"image\/jpeg\" \/>\n<meta name=\"twitter:card\" content=\"summary_large_image\" \/>\n<meta name=\"twitter:site\" content=\"@italiancourses\" \/>\n<meta name=\"twitter:label1\" content=\"Gesch\u00e4tzte Lesezeit\" \/>\n\t<meta name=\"twitter:data1\" content=\"2\u00a0Minuten\" \/>\n<script type=\"application\/ld+json\" class=\"yoast-schema-graph\">{\"@context\":\"https:\\\/\\\/schema.org\",\"@graph\":[{\"@type\":\"WebPage\",\"@id\":\"https:\\\/\\\/piccolauniversitaitaliana.com\\\/de\\\/unser-service\\\/studentenunterkuenfte-in-italien\\\/\",\"url\":\"https:\\\/\\\/piccolauniversitaitaliana.com\\\/de\\\/unser-service\\\/studentenunterkuenfte-in-italien\\\/\",\"name\":\"STUDENTENUNTERK\u00dcNFTE IN ITALIEN - Piccola Universit\u00e0 Italiana\",\"isPartOf\":{\"@id\":\"https:\\\/\\\/piccolauniversitaitaliana.com\\\/de\\\/#website\"},\"primaryImageOfPage\":{\"@id\":\"https:\\\/\\\/piccolauniversitaitaliana.com\\\/de\\\/unser-service\\\/studentenunterkuenfte-in-italien\\\/#primaryimage\"},\"image\":{\"@id\":\"https:\\\/\\\/piccolauniversitaitaliana.com\\\/de\\\/unser-service\\\/studentenunterkuenfte-in-italien\\\/#primaryimage\"},\"thumbnailUrl\":\"https:\\\/\\\/piccolauniversitaitaliana.com\\\/wp-content\\\/uploads\\\/2019\\\/02\\\/student-apartments.jpg\",\"datePublished\":\"2023-05-05T14:06:56+00:00\",\"description\":\"Sind Sie auf der Suche nach einer Reiseunterkunft? Die Piccola Universit\u00e0 Italiana bietet Optionen f\u00fcr jeden Bedarf. Finden Sie heraus, welche am besten zu Ihnen passt, w\u00e4hrend Sie Italienisch in Italien lernen!\",\"breadcrumb\":{\"@id\":\"https:\\\/\\\/piccolauniversitaitaliana.com\\\/de\\\/unser-service\\\/studentenunterkuenfte-in-italien\\\/#breadcrumb\"},\"inLanguage\":\"de\",\"potentialAction\":[{\"@type\":\"ReadAction\",\"target\":[\"https:\\\/\\\/piccolauniversitaitaliana.com\\\/de\\\/unser-service\\\/studentenunterkuenfte-in-italien\\\/\"]}]},{\"@type\":\"ImageObject\",\"inLanguage\":\"de\",\"@id\":\"https:\\\/\\\/piccolauniversitaitaliana.com\\\/de\\\/unser-service\\\/studentenunterkuenfte-in-italien\\\/#primaryimage\",\"url\":\"https:\\\/\\\/piccolauniversitaitaliana.com\\\/wp-content\\\/uploads\\\/2019\\\/02\\\/student-apartments.jpg\",\"contentUrl\":\"https:\\\/\\\/piccolauniversitaitaliana.com\\\/wp-content\\\/uploads\\\/2019\\\/02\\\/student-apartments.jpg\",\"width\":3243,\"height\":1412},{\"@type\":\"BreadcrumbList\",\"@id\":\"https:\\\/\\\/piccolauniversitaitaliana.com\\\/de\\\/unser-service\\\/studentenunterkuenfte-in-italien\\\/#breadcrumb\",\"itemListElement\":[{\"@type\":\"ListItem\",\"position\":1,\"name\":\"Home\",\"item\":\"https:\\\/\\\/piccolauniversitaitaliana.com\\\/de\\\/\"},{\"@type\":\"ListItem\",\"position\":2,\"name\":\"UNSER SERVICE\",\"item\":\"https:\\\/\\\/piccolauniversitaitaliana.com\\\/de\\\/unser-service\\\/\"},{\"@type\":\"ListItem\",\"position\":3,\"name\":\"STUDENTENUNTERK\u00dcNFTE IN ITALIEN\"}]},{\"@type\":\"WebSite\",\"@id\":\"https:\\\/\\\/piccolauniversitaitaliana.com\\\/de\\\/#website\",\"url\":\"https:\\\/\\\/piccolauniversitaitaliana.com\\\/de\\\/\",\"name\":\"Piccola Universit\u00e0 Italiana\",\"description\":\"Boutique Italian Language Schools in Fantastic Locations\",\"publisher\":{\"@id\":\"https:\\\/\\\/piccolauniversitaitaliana.com\\\/de\\\/#organization\"},\"potentialAction\":[{\"@type\":\"SearchAction\",\"target\":{\"@type\":\"EntryPoint\",\"urlTemplate\":\"https:\\\/\\\/piccolauniversitaitaliana.com\\\/de\\\/?s={search_term_string}\"},\"query-input\":{\"@type\":\"PropertyValueSpecification\",\"valueRequired\":true,\"valueName\":\"search_term_string\"}}],\"inLanguage\":\"de\"},{\"@type\":\"Organization\",\"@id\":\"https:\\\/\\\/piccolauniversitaitaliana.com\\\/de\\\/#organization\",\"name\":\"PICCOLA UNIVERSIT\u00c0 ITALIANA\",\"url\":\"https:\\\/\\\/piccolauniversitaitaliana.com\\\/de\\\/\",\"logo\":{\"@type\":\"ImageObject\",\"inLanguage\":\"de\",\"@id\":\"https:\\\/\\\/piccolauniversitaitaliana.com\\\/de\\\/#\\\/schema\\\/logo\\\/image\\\/\",\"url\":\"\",\"contentUrl\":\"\",\"caption\":\"PICCOLA UNIVERSIT\u00c0 ITALIANA\"},\"image\":{\"@id\":\"https:\\\/\\\/piccolauniversitaitaliana.com\\\/de\\\/#\\\/schema\\\/logo\\\/image\\\/\"},\"sameAs\":[\"https:\\\/\\\/www.facebook.com\\\/piccola.universita.italiana.trieste\\\/\",\"https:\\\/\\\/x.com\\\/italiancourses\",\"https:\\\/\\\/www.instagram.com\\\/explore\\\/locations\\\/99826744\\\/piccola-universita-italiana\\\/\",\"https:\\\/\\\/www.linkedin.com\\\/company\\\/piccola-universit-italiana\",\"https:\\\/\\\/www.youtube.com\\\/user\\\/piccolauniversitaita\"]}]}<\/script>\n<!-- \/ Yoast SEO Premium plugin. -->","yoast_head_json":{"title":"STUDENTENUNTERK\u00dcNFTE IN ITALIEN - Piccola Universit\u00e0 Italiana","description":"Sind Sie auf der Suche nach einer Reiseunterkunft? Die Piccola Universit\u00e0 Italiana bietet Optionen f\u00fcr jeden Bedarf. Finden Sie heraus, welche am besten zu Ihnen passt, w\u00e4hrend Sie Italienisch in Italien lernen!","robots":{"index":"index","follow":"follow","max-snippet":"max-snippet:-1","max-image-preview":"max-image-preview:large","max-video-preview":"max-video-preview:-1"},"canonical":"https:\/\/piccolauniversitaitaliana.com\/de\/unser-service\/studentenunterkuenfte-in-italien\/","og_locale":"de_DE","og_type":"article","og_title":"STUDENTENUNTERK\u00dcNFTE IN ITALIEN","og_description":"M\u00f6chten Sie Italienisch in Italien lernen, machen sich aber Sorgen um die richtige Unterkunft f\u00fcr Ihre Studenten? Wir sind der Meinung, dass echte","og_url":"https:\/\/piccolauniversitaitaliana.com\/de\/unser-service\/studentenunterkuenfte-in-italien\/","og_site_name":"Piccola Universit\u00e0 Italiana","article_publisher":"https:\/\/www.facebook.com\/piccola.universita.italiana.trieste\/","og_image":[{"width":3243,"height":1412,"url":"https:\/\/piccolauniversitaitaliana.com\/wp-content\/uploads\/2019\/02\/student-apartments.jpg","type":"image\/jpeg"}],"twitter_card":"summary_large_image","twitter_site":"@italiancourses","twitter_misc":{"Gesch\u00e4tzte Lesezeit":"2\u00a0Minuten"},"schema":{"@context":"https:\/\/schema.org","@graph":[{"@type":"WebPage","@id":"https:\/\/piccolauniversitaitaliana.com\/de\/unser-service\/studentenunterkuenfte-in-italien\/","url":"https:\/\/piccolauniversitaitaliana.com\/de\/unser-service\/studentenunterkuenfte-in-italien\/","name":"STUDENTENUNTERK\u00dcNFTE IN ITALIEN - Piccola Universit\u00e0 Italiana","isPartOf":{"@id":"https:\/\/piccolauniversitaitaliana.com\/de\/#website"},"primaryImageOfPage":{"@id":"https:\/\/piccolauniversitaitaliana.com\/de\/unser-service\/studentenunterkuenfte-in-italien\/#primaryimage"},"image":{"@id":"https:\/\/piccolauniversitaitaliana.com\/de\/unser-service\/studentenunterkuenfte-in-italien\/#primaryimage"},"thumbnailUrl":"https:\/\/piccolauniversitaitaliana.com\/wp-content\/uploads\/2019\/02\/student-apartments.jpg","datePublished":"2023-05-05T14:06:56+00:00","description":"Sind Sie auf der Suche nach einer Reiseunterkunft? Die Piccola Universit\u00e0 Italiana bietet Optionen f\u00fcr jeden Bedarf. Finden Sie heraus, welche am besten zu Ihnen passt, w\u00e4hrend Sie Italienisch in Italien lernen!","breadcrumb":{"@id":"https:\/\/piccolauniversitaitaliana.com\/de\/unser-service\/studentenunterkuenfte-in-italien\/#breadcrumb"},"inLanguage":"de","potentialAction":[{"@type":"ReadAction","target":["https:\/\/piccolauniversitaitaliana.com\/de\/unser-service\/studentenunterkuenfte-in-italien\/"]}]},{"@type":"ImageObject","inLanguage":"de","@id":"https:\/\/piccolauniversitaitaliana.com\/de\/unser-service\/studentenunterkuenfte-in-italien\/#primaryimage","url":"https:\/\/piccolauniversitaitaliana.com\/wp-content\/uploads\/2019\/02\/student-apartments.jpg","contentUrl":"https:\/\/piccolauniversitaitaliana.com\/wp-content\/uploads\/2019\/02\/student-apartments.jpg","width":3243,"height":1412},{"@type":"BreadcrumbList","@id":"https:\/\/piccolauniversitaitaliana.com\/de\/unser-service\/studentenunterkuenfte-in-italien\/#breadcrumb","itemListElement":[{"@type":"ListItem","position":1,"name":"Home","item":"https:\/\/piccolauniversitaitaliana.com\/de\/"},{"@type":"ListItem","position":2,"name":"UNSER SERVICE","item":"https:\/\/piccolauniversitaitaliana.com\/de\/unser-service\/"},{"@type":"ListItem","position":3,"name":"STUDENTENUNTERK\u00dcNFTE IN ITALIEN"}]},{"@type":"WebSite","@id":"https:\/\/piccolauniversitaitaliana.com\/de\/#website","url":"https:\/\/piccolauniversitaitaliana.com\/de\/","name":"Piccola Universit\u00e0 Italiana","description":"Boutique Italian Language Schools in Fantastic Locations","publisher":{"@id":"https:\/\/piccolauniversitaitaliana.com\/de\/#organization"},"potentialAction":[{"@type":"SearchAction","target":{"@type":"EntryPoint","urlTemplate":"https:\/\/piccolauniversitaitaliana.com\/de\/?s={search_term_string}"},"query-input":{"@type":"PropertyValueSpecification","valueRequired":true,"valueName":"search_term_string"}}],"inLanguage":"de"},{"@type":"Organization","@id":"https:\/\/piccolauniversitaitaliana.com\/de\/#organization","name":"PICCOLA UNIVERSIT\u00c0 ITALIANA","url":"https:\/\/piccolauniversitaitaliana.com\/de\/","logo":{"@type":"ImageObject","inLanguage":"de","@id":"https:\/\/piccolauniversitaitaliana.com\/de\/#\/schema\/logo\/image\/","url":"","contentUrl":"","caption":"PICCOLA UNIVERSIT\u00c0 ITALIANA"},"image":{"@id":"https:\/\/piccolauniversitaitaliana.com\/de\/#\/schema\/logo\/image\/"},"sameAs":["https:\/\/www.facebook.com\/piccola.universita.italiana.trieste\/","https:\/\/x.com\/italiancourses","https:\/\/www.instagram.com\/explore\/locations\/99826744\/piccola-universita-italiana\/","https:\/\/www.linkedin.com\/company\/piccola-universit-italiana","https:\/\/www.youtube.com\/user\/piccolauniversitaita"]}]}},"_links":{"self":[{"href":"https:\/\/piccolauniversitaitaliana.com\/de\/wp-json\/wp\/v2\/pages\/36392","targetHints":{"allow":["GET"]}}],"collection":[{"href":"https:\/\/piccolauniversitaitaliana.com\/de\/wp-json\/wp\/v2\/pages"}],"about":[{"href":"https:\/\/piccolauniversitaitaliana.com\/de\/wp-json\/wp\/v2\/types\/page"}],"author":[{"embeddable":true,"href":"https:\/\/piccolauniversitaitaliana.com\/de\/wp-json\/wp\/v2\/users\/13"}],"replies":[{"embeddable":true,"href":"https:\/\/piccolauniversitaitaliana.com\/de\/wp-json\/wp\/v2\/comments?post=36392"}],"version-history":[{"count":1,"href":"https:\/\/piccolauniversitaitaliana.com\/de\/wp-json\/wp\/v2\/pages\/36392\/revisions"}],"predecessor-version":[{"id":36393,"href":"https:\/\/piccolauniversitaitaliana.com\/de\/wp-json\/wp\/v2\/pages\/36392\/revisions\/36393"}],"up":[{"embeddable":true,"href":"https:\/\/piccolauniversitaitaliana.com\/de\/wp-json\/wp\/v2\/pages\/2293"}],"wp:featuredmedia":[{"embeddable":true,"href":"https:\/\/piccolauniversitaitaliana.com\/de\/wp-json\/wp\/v2\/media\/17753"}],"wp:attachment":[{"href":"https:\/\/piccolauniversitaitaliana.com\/de\/wp-json\/wp\/v2\/media?parent=36392"}],"curies":[{"name":"wp","href":"https:\/\/api.w.org\/{rel}","templated":true}]}}