{"id":36351,"date":"2023-05-04T09:18:11","date_gmt":"2023-05-04T09:18:11","guid":{"rendered":"https:\/\/piccolauniversitaitaliana.com\/?page_id=36351"},"modified":"2023-05-04T10:22:15","modified_gmt":"2023-05-04T10:22:15","slug":"italienisch-sprachschulen-in-italien","status":"publish","type":"page","link":"https:\/\/piccolauniversitaitaliana.com\/de\/italienisch-sprachschulen-in-italien\/","title":{"rendered":"ITALIENISCH SPRACHSCHULEN IN ITALIEN"},"content":{"rendered":"<h5>Unsere hoch anerkannten und erstklassig bewerteten Italienisch-Sprachschulen in Italien befinden sich an zwei strategischen Standorten. In TRIESTE im Nordosten Europas, in TROPEA im S\u00fcden Italiens und auch ONLINE, um Sie bequem von zu Hause aus zu erreichen.<\/h5>\n<p>&nbsp;<\/p>\n<p>Unsere Studenten k\u00f6nnen dann entscheiden, ob sie ihren Italienischkurs besuchen und dabei das <strong>kristallklare Meer und die wei\u00dfen Sandstr\u00e4nde der s\u00fcdlichen Stadt Tropea<\/strong> oder den <strong>Multikulturalismus und die Geschichte der n\u00f6rdlichen Stadt Triest<\/strong> genie\u00dfen wollen. Aber das ist noch nicht alles: Wenn Sie eher ein Sofa-Typ sind, k\u00f6nnen Sie den Unterricht auch von Ihrem Wohnzimmer aus besuchen!<\/p>\n<p>Unsere Schulen bieten einzigartige Pakete an, die es den Studenten erm\u00f6glichen, professionellen Italienischunterricht mit interessanten und entspannenden Aktivit\u00e4ten zu kombinieren. Sie sind perfekt f\u00fcr Studenten, die <strong>aus akademischen Gr\u00fcnden, aus beruflichen Gr\u00fcnden oder einfach zum Vergn\u00fcgen lernen m\u00f6chten<\/strong>. Entdecken Sie mehr \u00fcber unsere Kurse und Aktivit\u00e4ten.<\/p>\n<p>Wir sind der Meinung, dass eine authentische Lernerfahrung nur m\u00f6glich ist, wenn der Sch\u00fcler auch au\u00dferhalb der Schulmauern zufrieden ist. Deshalb bieten wir eine breite Palette von <a href=\"https:\/\/piccolauniversitaitaliana.com\/de\/unser-service\/\">Dienstleistungen<\/a> an, die es unseren Nutzern erm\u00f6glichen, ihren Bildungsurlaub und die jeweilige Studienzeit in vollem Umfang zu nutzen, einschlie\u00dflich sch\u00f6ner Unterkunftsm\u00f6glichkeiten.<\/p>\n<p>Seit der Gr\u00fcndung der Schulen im Jahr 1993 war es uns immer sehr wichtig, dass das <strong>Ambiente<\/strong> und die <strong>Atmosph\u00e4re<\/strong> unserer Italienisch Sprachschulen in Italien angenehm sind und die hohe Qualit\u00e4t unserer Italienisch Sprachkurse widerspiegeln; deshalb versuchen wir immer unser Bestes zu geben, damit sich unsere Studenten wohlf\u00fchlen. Beide Schulen befinden sich in sch\u00f6nen und historischen Geb\u00e4uden, die mit allem Komfort ausgestattet sind: Von modernen Klassenzimmern mit Multimedia-Ausstattung, einladender Rezeption, Sekretariat und Bibliothek bis hin zu kostenlosem WIFI, Klimaanlage\/Heizung, und jede Schule verf\u00fcgt auch \u00fcber einen Kinosaal, um klassische und aktuelle italienische Filme zu sehen.<\/p>\n<p>Wir warten auf Sie! Kommen Sie und sehen Sie uns, aber vorher&#8230;<\/p>\n<p><strong>ENTDECKEN SIE MEHR \u00dcBER UNSERE ITALIENISCH-SPRACHSCHULEN IN ITALIEN:<\/strong><\/p>\n","protected":false},"excerpt":{"rendered":"<p>Unsere hoch anerkannten und erstklassig bewerteten Italienisch-Sprachschulen in Italien befinden sich an zwei strategischen Standorten. In TRIESTE im Nordosten Europas, in TROPEA im S\u00fcden Italiens und auch ONLINE, um Sie bequem von zu Hause aus zu erreichen. &nbsp; Unsere Studenten k\u00f6nnen dann entscheiden, ob sie ihren Italienischkurs besuchen und dabei das kristallklare Meer und die &hellip; <a href=\"https:\/\/piccolauniversitaitaliana.com\/de\/italienisch-sprachschulen-in-italien\/\" class=\"more-link\"><span class=\"screen-reader-text\">&#8222;ITALIENISCH SPRACHSCHULEN IN ITALIEN&#8220; <\/span>weiterlesen<\/a><\/p>\n","protected":false},"author":13,"featured_media":9203,"parent":0,"menu_order":0,"comment_status":"closed","ping_status":"closed","template":"page-services.php","meta":{"_acf_changed":false,"footnotes":""},"class_list":["post-36351","page","type-page","status-publish","has-post-thumbnail","hentry"],"acf":[],"yoast_head":"<!-- This site is optimized with the Yoast SEO Premium plugin v27.0 (Yoast SEO v27.4) - https:\/\/yoast.com\/product\/yoast-seo-premium-wordpress\/ -->\n<title>ITALIENISCH SPRACHSCHULEN IN ITALIEN - Piccola Universit\u00e0 Italiana<\/title>\n<meta name=\"description\" content=\"Unsere Italienisch Sprachschulen in Italien befinden sich in Norditalien, in S\u00fcditalien und online. Entdecken Sie mehr \u00fcber unsere Schulen!\" \/>\n<meta name=\"robots\" content=\"index, follow, max-snippet:-1, max-image-preview:large, max-video-preview:-1\" \/>\n<link rel=\"canonical\" href=\"https:\/\/piccolauniversitaitaliana.com\/de\/italienisch-sprachschulen-in-italien\/\" \/>\n<meta property=\"og:locale\" content=\"de_DE\" \/>\n<meta property=\"og:type\" content=\"article\" \/>\n<meta property=\"og:title\" content=\"ITALIENISCH SPRACHSCHULEN IN ITALIEN\" \/>\n<meta property=\"og:description\" content=\"Unsere hoch anerkannten und erstklassig bewerteten Italienisch-Sprachschulen in Italien befinden sich an zwei strategischen Standorten. In TRIESTE im\" \/>\n<meta property=\"og:url\" content=\"https:\/\/piccolauniversitaitaliana.com\/de\/italienisch-sprachschulen-in-italien\/\" \/>\n<meta property=\"og:site_name\" content=\"Piccola Universit\u00e0 Italiana\" \/>\n<meta property=\"article:publisher\" content=\"https:\/\/www.facebook.com\/piccola.universita.italiana.trieste\/\" \/>\n<meta property=\"article:modified_time\" content=\"2023-05-04T10:22:15+00:00\" \/>\n<meta property=\"og:image\" content=\"https:\/\/piccolauniversitaitaliana.com\/wp-content\/uploads\/2016\/06\/iStock_bandiera.italiana_XLARGE-1024x576.jpg\" \/>\n\t<meta property=\"og:image:width\" content=\"1024\" \/>\n\t<meta property=\"og:image:height\" content=\"576\" \/>\n\t<meta property=\"og:image:type\" content=\"image\/jpeg\" \/>\n<meta name=\"twitter:card\" content=\"summary_large_image\" \/>\n<meta name=\"twitter:site\" content=\"@italiancourses\" \/>\n<meta name=\"twitter:label1\" content=\"Gesch\u00e4tzte Lesezeit\" \/>\n\t<meta name=\"twitter:data1\" content=\"2\u00a0Minuten\" \/>\n<script type=\"application\/ld+json\" class=\"yoast-schema-graph\">{\"@context\":\"https:\\\/\\\/schema.org\",\"@graph\":[{\"@type\":\"WebPage\",\"@id\":\"https:\\\/\\\/piccolauniversitaitaliana.com\\\/de\\\/italienisch-sprachschulen-in-italien\\\/\",\"url\":\"https:\\\/\\\/piccolauniversitaitaliana.com\\\/de\\\/italienisch-sprachschulen-in-italien\\\/\",\"name\":\"ITALIENISCH SPRACHSCHULEN IN ITALIEN - Piccola Universit\u00e0 Italiana\",\"isPartOf\":{\"@id\":\"https:\\\/\\\/piccolauniversitaitaliana.com\\\/de\\\/#website\"},\"primaryImageOfPage\":{\"@id\":\"https:\\\/\\\/piccolauniversitaitaliana.com\\\/de\\\/italienisch-sprachschulen-in-italien\\\/#primaryimage\"},\"image\":{\"@id\":\"https:\\\/\\\/piccolauniversitaitaliana.com\\\/de\\\/italienisch-sprachschulen-in-italien\\\/#primaryimage\"},\"thumbnailUrl\":\"https:\\\/\\\/piccolauniversitaitaliana.com\\\/wp-content\\\/uploads\\\/2016\\\/06\\\/iStock_bandiera.italiana_XLARGE.jpg\",\"datePublished\":\"2023-05-04T09:18:11+00:00\",\"dateModified\":\"2023-05-04T10:22:15+00:00\",\"description\":\"Unsere Italienisch Sprachschulen in Italien befinden sich in Norditalien, in S\u00fcditalien und online. Entdecken Sie mehr \u00fcber unsere Schulen!\",\"breadcrumb\":{\"@id\":\"https:\\\/\\\/piccolauniversitaitaliana.com\\\/de\\\/italienisch-sprachschulen-in-italien\\\/#breadcrumb\"},\"inLanguage\":\"de\",\"potentialAction\":[{\"@type\":\"ReadAction\",\"target\":[\"https:\\\/\\\/piccolauniversitaitaliana.com\\\/de\\\/italienisch-sprachschulen-in-italien\\\/\"]}]},{\"@type\":\"ImageObject\",\"inLanguage\":\"de\",\"@id\":\"https:\\\/\\\/piccolauniversitaitaliana.com\\\/de\\\/italienisch-sprachschulen-in-italien\\\/#primaryimage\",\"url\":\"https:\\\/\\\/piccolauniversitaitaliana.com\\\/wp-content\\\/uploads\\\/2016\\\/06\\\/iStock_bandiera.italiana_XLARGE.jpg\",\"contentUrl\":\"https:\\\/\\\/piccolauniversitaitaliana.com\\\/wp-content\\\/uploads\\\/2016\\\/06\\\/iStock_bandiera.italiana_XLARGE.jpg\",\"width\":4572,\"height\":2571,\"caption\":\"Italian flag with fabric structure\"},{\"@type\":\"BreadcrumbList\",\"@id\":\"https:\\\/\\\/piccolauniversitaitaliana.com\\\/de\\\/italienisch-sprachschulen-in-italien\\\/#breadcrumb\",\"itemListElement\":[{\"@type\":\"ListItem\",\"position\":1,\"name\":\"Home\",\"item\":\"https:\\\/\\\/piccolauniversitaitaliana.com\\\/de\\\/\"},{\"@type\":\"ListItem\",\"position\":2,\"name\":\"ITALIENISCH SPRACHSCHULEN IN ITALIEN\"}]},{\"@type\":\"WebSite\",\"@id\":\"https:\\\/\\\/piccolauniversitaitaliana.com\\\/de\\\/#website\",\"url\":\"https:\\\/\\\/piccolauniversitaitaliana.com\\\/de\\\/\",\"name\":\"Piccola Universit\u00e0 Italiana\",\"description\":\"Boutique Italian Language Schools in Fantastic Locations\",\"publisher\":{\"@id\":\"https:\\\/\\\/piccolauniversitaitaliana.com\\\/de\\\/#organization\"},\"potentialAction\":[{\"@type\":\"SearchAction\",\"target\":{\"@type\":\"EntryPoint\",\"urlTemplate\":\"https:\\\/\\\/piccolauniversitaitaliana.com\\\/de\\\/?s={search_term_string}\"},\"query-input\":{\"@type\":\"PropertyValueSpecification\",\"valueRequired\":true,\"valueName\":\"search_term_string\"}}],\"inLanguage\":\"de\"},{\"@type\":\"Organization\",\"@id\":\"https:\\\/\\\/piccolauniversitaitaliana.com\\\/de\\\/#organization\",\"name\":\"PICCOLA UNIVERSIT\u00c0 ITALIANA\",\"url\":\"https:\\\/\\\/piccolauniversitaitaliana.com\\\/de\\\/\",\"logo\":{\"@type\":\"ImageObject\",\"inLanguage\":\"de\",\"@id\":\"https:\\\/\\\/piccolauniversitaitaliana.com\\\/de\\\/#\\\/schema\\\/logo\\\/image\\\/\",\"url\":\"\",\"contentUrl\":\"\",\"caption\":\"PICCOLA UNIVERSIT\u00c0 ITALIANA\"},\"image\":{\"@id\":\"https:\\\/\\\/piccolauniversitaitaliana.com\\\/de\\\/#\\\/schema\\\/logo\\\/image\\\/\"},\"sameAs\":[\"https:\\\/\\\/www.facebook.com\\\/piccola.universita.italiana.trieste\\\/\",\"https:\\\/\\\/x.com\\\/italiancourses\",\"https:\\\/\\\/www.instagram.com\\\/explore\\\/locations\\\/99826744\\\/piccola-universita-italiana\\\/\",\"https:\\\/\\\/www.linkedin.com\\\/company\\\/piccola-universit-italiana\",\"https:\\\/\\\/www.youtube.com\\\/user\\\/piccolauniversitaita\"]}]}<\/script>\n<!-- \/ Yoast SEO Premium plugin. -->","yoast_head_json":{"title":"ITALIENISCH SPRACHSCHULEN IN ITALIEN - Piccola Universit\u00e0 Italiana","description":"Unsere Italienisch Sprachschulen in Italien befinden sich in Norditalien, in S\u00fcditalien und online. Entdecken Sie mehr \u00fcber unsere Schulen!","robots":{"index":"index","follow":"follow","max-snippet":"max-snippet:-1","max-image-preview":"max-image-preview:large","max-video-preview":"max-video-preview:-1"},"canonical":"https:\/\/piccolauniversitaitaliana.com\/de\/italienisch-sprachschulen-in-italien\/","og_locale":"de_DE","og_type":"article","og_title":"ITALIENISCH SPRACHSCHULEN IN ITALIEN","og_description":"Unsere hoch anerkannten und erstklassig bewerteten Italienisch-Sprachschulen in Italien befinden sich an zwei strategischen Standorten. In TRIESTE im","og_url":"https:\/\/piccolauniversitaitaliana.com\/de\/italienisch-sprachschulen-in-italien\/","og_site_name":"Piccola Universit\u00e0 Italiana","article_publisher":"https:\/\/www.facebook.com\/piccola.universita.italiana.trieste\/","article_modified_time":"2023-05-04T10:22:15+00:00","og_image":[{"width":1024,"height":576,"url":"https:\/\/piccolauniversitaitaliana.com\/wp-content\/uploads\/2016\/06\/iStock_bandiera.italiana_XLARGE-1024x576.jpg","type":"image\/jpeg"}],"twitter_card":"summary_large_image","twitter_site":"@italiancourses","twitter_misc":{"Gesch\u00e4tzte Lesezeit":"2\u00a0Minuten"},"schema":{"@context":"https:\/\/schema.org","@graph":[{"@type":"WebPage","@id":"https:\/\/piccolauniversitaitaliana.com\/de\/italienisch-sprachschulen-in-italien\/","url":"https:\/\/piccolauniversitaitaliana.com\/de\/italienisch-sprachschulen-in-italien\/","name":"ITALIENISCH SPRACHSCHULEN IN ITALIEN - Piccola Universit\u00e0 Italiana","isPartOf":{"@id":"https:\/\/piccolauniversitaitaliana.com\/de\/#website"},"primaryImageOfPage":{"@id":"https:\/\/piccolauniversitaitaliana.com\/de\/italienisch-sprachschulen-in-italien\/#primaryimage"},"image":{"@id":"https:\/\/piccolauniversitaitaliana.com\/de\/italienisch-sprachschulen-in-italien\/#primaryimage"},"thumbnailUrl":"https:\/\/piccolauniversitaitaliana.com\/wp-content\/uploads\/2016\/06\/iStock_bandiera.italiana_XLARGE.jpg","datePublished":"2023-05-04T09:18:11+00:00","dateModified":"2023-05-04T10:22:15+00:00","description":"Unsere Italienisch Sprachschulen in Italien befinden sich in Norditalien, in S\u00fcditalien und online. Entdecken Sie mehr \u00fcber unsere Schulen!","breadcrumb":{"@id":"https:\/\/piccolauniversitaitaliana.com\/de\/italienisch-sprachschulen-in-italien\/#breadcrumb"},"inLanguage":"de","potentialAction":[{"@type":"ReadAction","target":["https:\/\/piccolauniversitaitaliana.com\/de\/italienisch-sprachschulen-in-italien\/"]}]},{"@type":"ImageObject","inLanguage":"de","@id":"https:\/\/piccolauniversitaitaliana.com\/de\/italienisch-sprachschulen-in-italien\/#primaryimage","url":"https:\/\/piccolauniversitaitaliana.com\/wp-content\/uploads\/2016\/06\/iStock_bandiera.italiana_XLARGE.jpg","contentUrl":"https:\/\/piccolauniversitaitaliana.com\/wp-content\/uploads\/2016\/06\/iStock_bandiera.italiana_XLARGE.jpg","width":4572,"height":2571,"caption":"Italian flag with fabric structure"},{"@type":"BreadcrumbList","@id":"https:\/\/piccolauniversitaitaliana.com\/de\/italienisch-sprachschulen-in-italien\/#breadcrumb","itemListElement":[{"@type":"ListItem","position":1,"name":"Home","item":"https:\/\/piccolauniversitaitaliana.com\/de\/"},{"@type":"ListItem","position":2,"name":"ITALIENISCH SPRACHSCHULEN IN ITALIEN"}]},{"@type":"WebSite","@id":"https:\/\/piccolauniversitaitaliana.com\/de\/#website","url":"https:\/\/piccolauniversitaitaliana.com\/de\/","name":"Piccola Universit\u00e0 Italiana","description":"Boutique Italian Language Schools in Fantastic Locations","publisher":{"@id":"https:\/\/piccolauniversitaitaliana.com\/de\/#organization"},"potentialAction":[{"@type":"SearchAction","target":{"@type":"EntryPoint","urlTemplate":"https:\/\/piccolauniversitaitaliana.com\/de\/?s={search_term_string}"},"query-input":{"@type":"PropertyValueSpecification","valueRequired":true,"valueName":"search_term_string"}}],"inLanguage":"de"},{"@type":"Organization","@id":"https:\/\/piccolauniversitaitaliana.com\/de\/#organization","name":"PICCOLA UNIVERSIT\u00c0 ITALIANA","url":"https:\/\/piccolauniversitaitaliana.com\/de\/","logo":{"@type":"ImageObject","inLanguage":"de","@id":"https:\/\/piccolauniversitaitaliana.com\/de\/#\/schema\/logo\/image\/","url":"","contentUrl":"","caption":"PICCOLA UNIVERSIT\u00c0 ITALIANA"},"image":{"@id":"https:\/\/piccolauniversitaitaliana.com\/de\/#\/schema\/logo\/image\/"},"sameAs":["https:\/\/www.facebook.com\/piccola.universita.italiana.trieste\/","https:\/\/x.com\/italiancourses","https:\/\/www.instagram.com\/explore\/locations\/99826744\/piccola-universita-italiana\/","https:\/\/www.linkedin.com\/company\/piccola-universit-italiana","https:\/\/www.youtube.com\/user\/piccolauniversitaita"]}]}},"_links":{"self":[{"href":"https:\/\/piccolauniversitaitaliana.com\/de\/wp-json\/wp\/v2\/pages\/36351","targetHints":{"allow":["GET"]}}],"collection":[{"href":"https:\/\/piccolauniversitaitaliana.com\/de\/wp-json\/wp\/v2\/pages"}],"about":[{"href":"https:\/\/piccolauniversitaitaliana.com\/de\/wp-json\/wp\/v2\/types\/page"}],"author":[{"embeddable":true,"href":"https:\/\/piccolauniversitaitaliana.com\/de\/wp-json\/wp\/v2\/users\/13"}],"replies":[{"embeddable":true,"href":"https:\/\/piccolauniversitaitaliana.com\/de\/wp-json\/wp\/v2\/comments?post=36351"}],"version-history":[{"count":3,"href":"https:\/\/piccolauniversitaitaliana.com\/de\/wp-json\/wp\/v2\/pages\/36351\/revisions"}],"predecessor-version":[{"id":36359,"href":"https:\/\/piccolauniversitaitaliana.com\/de\/wp-json\/wp\/v2\/pages\/36351\/revisions\/36359"}],"wp:featuredmedia":[{"embeddable":true,"href":"https:\/\/piccolauniversitaitaliana.com\/de\/wp-json\/wp\/v2\/media\/9203"}],"wp:attachment":[{"href":"https:\/\/piccolauniversitaitaliana.com\/de\/wp-json\/wp\/v2\/media?parent=36351"}],"curies":[{"name":"wp","href":"https:\/\/api.w.org\/{rel}","templated":true}]}}