{"id":36230,"date":"2023-04-24T08:33:31","date_gmt":"2023-04-24T08:33:31","guid":{"rendered":"https:\/\/piccolauniversitaitaliana.com\/?page_id=36230"},"modified":"2024-04-25T10:52:23","modified_gmt":"2024-04-25T10:52:23","slug":"trieste","status":"publish","type":"page","link":"https:\/\/piccolauniversitaitaliana.com\/de\/anfrageformulare\/trieste\/","title":{"rendered":"ANFRAGEFORMULAR TRIESTE"},"content":{"rendered":"<p>Unser Buchungsb\u00fcro schickt Ihnen gerne ein individuelles Angebot f\u00fcr unsere Kurse, Unterkunftsm\u00f6glichkeiten und Dienstleistungen in Triest!<\/p>\n<p>Bitte geben Sie Ihre Daten in die untenstehenden Felder ein und wir werden Ihre Anfrage innerhalb eines Arbeitstages beantworten.<\/p>\n<p>Eine Kopie Ihrer Anfrage wird an Ihre E-Mail Adresse geschickt.<\/p>\n<p>Ein Sternchen (*) kennzeichnet Pflichtfelder.<\/p>\n<p><noscript>Please enable JavaScript to continue with this form.<\/noscript><br \/>\n<fidelo-widget><\/fidelo-widget><br \/>\n<script src=\"https:\/\/proxy.fidelo.com\/app\/widget\/1.0\/piccola\/js\/widget.js?c=29LYBAG7JDKB3MWF&#038;l=de\"><\/script><\/p>\n","protected":false},"excerpt":{"rendered":"<p>Unser Buchungsb\u00fcro schickt Ihnen gerne ein individuelles Angebot f\u00fcr unsere Kurse, Unterkunftsm\u00f6glichkeiten und Dienstleistungen in Triest! Bitte geben Sie Ihre Daten in die untenstehenden Felder ein und wir werden Ihre Anfrage innerhalb eines Arbeitstages beantworten. Eine Kopie Ihrer Anfrage wird an Ihre E-Mail Adresse geschickt. Ein Sternchen (*) kennzeichnet Pflichtfelder. Please enable JavaScript to continue &hellip; <a href=\"https:\/\/piccolauniversitaitaliana.com\/de\/anfrageformulare\/trieste\/\" class=\"more-link\"><span class=\"screen-reader-text\">&#8222;ANFRAGEFORMULAR TRIESTE&#8220; <\/span>weiterlesen<\/a><\/p>\n","protected":false},"author":13,"featured_media":18009,"parent":36235,"menu_order":0,"comment_status":"closed","ping_status":"closed","template":"","meta":{"_acf_changed":false,"footnotes":""},"class_list":["post-36230","page","type-page","status-publish","has-post-thumbnail","hentry"],"acf":[],"yoast_head":"<!-- This site is optimized with the Yoast SEO Premium plugin v27.0 (Yoast SEO v27.4) - https:\/\/yoast.com\/product\/yoast-seo-premium-wordpress\/ -->\n<title>ANFRAGEFORMULAR TRIESTE - Piccola Universit\u00e0 Italiana<\/title>\n<meta name=\"description\" content=\"Unser Buchungsb\u00fcro schickt Ihnen gerne ein individuelles Angebot f\u00fcr unsere Kurse, Unterkunftsm\u00f6glichkeiten und Dienstleistungen in Triest!\" \/>\n<meta name=\"robots\" content=\"index, follow, max-snippet:-1, max-image-preview:large, max-video-preview:-1\" \/>\n<link rel=\"canonical\" href=\"https:\/\/piccolauniversitaitaliana.com\/de\/anfrageformulare\/trieste\/\" \/>\n<meta property=\"og:locale\" content=\"de_DE\" \/>\n<meta property=\"og:type\" content=\"article\" \/>\n<meta property=\"og:title\" content=\"ANFRAGEFORMULAR TRIESTE\" \/>\n<meta property=\"og:description\" content=\"Unser Buchungsb\u00fcro schickt Ihnen gerne ein individuelles Angebot f\u00fcr unsere Kurse, Unterkunftsm\u00f6glichkeiten und Dienstleistungen in Triest! Bitte geben\" \/>\n<meta property=\"og:url\" content=\"https:\/\/piccolauniversitaitaliana.com\/de\/anfrageformulare\/trieste\/\" \/>\n<meta property=\"og:site_name\" content=\"Piccola Universit\u00e0 Italiana\" \/>\n<meta property=\"article:publisher\" content=\"https:\/\/www.facebook.com\/piccola.universita.italiana.trieste\/\" \/>\n<meta property=\"article:modified_time\" content=\"2024-04-25T10:52:23+00:00\" \/>\n<meta property=\"og:image\" content=\"https:\/\/piccolauniversitaitaliana.com\/wp-content\/uploads\/2019\/02\/Trieste-light.png\" \/>\n\t<meta property=\"og:image:width\" content=\"1280\" \/>\n\t<meta property=\"og:image:height\" content=\"800\" \/>\n\t<meta property=\"og:image:type\" content=\"image\/png\" \/>\n<meta name=\"twitter:card\" content=\"summary_large_image\" \/>\n<meta name=\"twitter:site\" content=\"@italiancourses\" \/>\n<meta name=\"twitter:label1\" content=\"Gesch\u00e4tzte Lesezeit\" \/>\n\t<meta name=\"twitter:data1\" content=\"1\u00a0Minute\" \/>\n<script type=\"application\/ld+json\" class=\"yoast-schema-graph\">{\"@context\":\"https:\\\/\\\/schema.org\",\"@graph\":[{\"@type\":\"WebPage\",\"@id\":\"https:\\\/\\\/piccolauniversitaitaliana.com\\\/de\\\/anfrageformulare\\\/trieste\\\/\",\"url\":\"https:\\\/\\\/piccolauniversitaitaliana.com\\\/de\\\/anfrageformulare\\\/trieste\\\/\",\"name\":\"ANFRAGEFORMULAR TRIESTE - Piccola Universit\u00e0 Italiana\",\"isPartOf\":{\"@id\":\"https:\\\/\\\/piccolauniversitaitaliana.com\\\/de\\\/#website\"},\"primaryImageOfPage\":{\"@id\":\"https:\\\/\\\/piccolauniversitaitaliana.com\\\/de\\\/anfrageformulare\\\/trieste\\\/#primaryimage\"},\"image\":{\"@id\":\"https:\\\/\\\/piccolauniversitaitaliana.com\\\/de\\\/anfrageformulare\\\/trieste\\\/#primaryimage\"},\"thumbnailUrl\":\"https:\\\/\\\/piccolauniversitaitaliana.com\\\/wp-content\\\/uploads\\\/2019\\\/02\\\/Trieste-light.png\",\"datePublished\":\"2023-04-24T08:33:31+00:00\",\"dateModified\":\"2024-04-25T10:52:23+00:00\",\"description\":\"Unser Buchungsb\u00fcro schickt Ihnen gerne ein individuelles Angebot f\u00fcr unsere Kurse, Unterkunftsm\u00f6glichkeiten und Dienstleistungen in Triest!\",\"breadcrumb\":{\"@id\":\"https:\\\/\\\/piccolauniversitaitaliana.com\\\/de\\\/anfrageformulare\\\/trieste\\\/#breadcrumb\"},\"inLanguage\":\"de\",\"potentialAction\":[{\"@type\":\"ReadAction\",\"target\":[\"https:\\\/\\\/piccolauniversitaitaliana.com\\\/de\\\/anfrageformulare\\\/trieste\\\/\"]}]},{\"@type\":\"ImageObject\",\"inLanguage\":\"de\",\"@id\":\"https:\\\/\\\/piccolauniversitaitaliana.com\\\/de\\\/anfrageformulare\\\/trieste\\\/#primaryimage\",\"url\":\"https:\\\/\\\/piccolauniversitaitaliana.com\\\/wp-content\\\/uploads\\\/2019\\\/02\\\/Trieste-light.png\",\"contentUrl\":\"https:\\\/\\\/piccolauniversitaitaliana.com\\\/wp-content\\\/uploads\\\/2019\\\/02\\\/Trieste-light.png\",\"width\":1280,\"height\":800},{\"@type\":\"BreadcrumbList\",\"@id\":\"https:\\\/\\\/piccolauniversitaitaliana.com\\\/de\\\/anfrageformulare\\\/trieste\\\/#breadcrumb\",\"itemListElement\":[{\"@type\":\"ListItem\",\"position\":1,\"name\":\"Home\",\"item\":\"https:\\\/\\\/piccolauniversitaitaliana.com\\\/de\\\/\"},{\"@type\":\"ListItem\",\"position\":2,\"name\":\"ANFRAGEFORMULARE\",\"item\":\"https:\\\/\\\/piccolauniversitaitaliana.com\\\/de\\\/anfrageformulare\\\/\"},{\"@type\":\"ListItem\",\"position\":3,\"name\":\"ANFRAGEFORMULAR TRIESTE\"}]},{\"@type\":\"WebSite\",\"@id\":\"https:\\\/\\\/piccolauniversitaitaliana.com\\\/de\\\/#website\",\"url\":\"https:\\\/\\\/piccolauniversitaitaliana.com\\\/de\\\/\",\"name\":\"Piccola Universit\u00e0 Italiana\",\"description\":\"Boutique Italian Language Schools in Fantastic Locations\",\"publisher\":{\"@id\":\"https:\\\/\\\/piccolauniversitaitaliana.com\\\/de\\\/#organization\"},\"potentialAction\":[{\"@type\":\"SearchAction\",\"target\":{\"@type\":\"EntryPoint\",\"urlTemplate\":\"https:\\\/\\\/piccolauniversitaitaliana.com\\\/de\\\/?s={search_term_string}\"},\"query-input\":{\"@type\":\"PropertyValueSpecification\",\"valueRequired\":true,\"valueName\":\"search_term_string\"}}],\"inLanguage\":\"de\"},{\"@type\":\"Organization\",\"@id\":\"https:\\\/\\\/piccolauniversitaitaliana.com\\\/de\\\/#organization\",\"name\":\"PICCOLA UNIVERSIT\u00c0 ITALIANA\",\"url\":\"https:\\\/\\\/piccolauniversitaitaliana.com\\\/de\\\/\",\"logo\":{\"@type\":\"ImageObject\",\"inLanguage\":\"de\",\"@id\":\"https:\\\/\\\/piccolauniversitaitaliana.com\\\/de\\\/#\\\/schema\\\/logo\\\/image\\\/\",\"url\":\"\",\"contentUrl\":\"\",\"caption\":\"PICCOLA UNIVERSIT\u00c0 ITALIANA\"},\"image\":{\"@id\":\"https:\\\/\\\/piccolauniversitaitaliana.com\\\/de\\\/#\\\/schema\\\/logo\\\/image\\\/\"},\"sameAs\":[\"https:\\\/\\\/www.facebook.com\\\/piccola.universita.italiana.trieste\\\/\",\"https:\\\/\\\/x.com\\\/italiancourses\",\"https:\\\/\\\/www.instagram.com\\\/explore\\\/locations\\\/99826744\\\/piccola-universita-italiana\\\/\",\"https:\\\/\\\/www.linkedin.com\\\/company\\\/piccola-universit-italiana\",\"https:\\\/\\\/www.youtube.com\\\/user\\\/piccolauniversitaita\"]}]}<\/script>\n<!-- \/ Yoast SEO Premium plugin. -->","yoast_head_json":{"title":"ANFRAGEFORMULAR TRIESTE - Piccola Universit\u00e0 Italiana","description":"Unser Buchungsb\u00fcro schickt Ihnen gerne ein individuelles Angebot f\u00fcr unsere Kurse, Unterkunftsm\u00f6glichkeiten und Dienstleistungen in Triest!","robots":{"index":"index","follow":"follow","max-snippet":"max-snippet:-1","max-image-preview":"max-image-preview:large","max-video-preview":"max-video-preview:-1"},"canonical":"https:\/\/piccolauniversitaitaliana.com\/de\/anfrageformulare\/trieste\/","og_locale":"de_DE","og_type":"article","og_title":"ANFRAGEFORMULAR TRIESTE","og_description":"Unser Buchungsb\u00fcro schickt Ihnen gerne ein individuelles Angebot f\u00fcr unsere Kurse, Unterkunftsm\u00f6glichkeiten und Dienstleistungen in Triest! Bitte geben","og_url":"https:\/\/piccolauniversitaitaliana.com\/de\/anfrageformulare\/trieste\/","og_site_name":"Piccola Universit\u00e0 Italiana","article_publisher":"https:\/\/www.facebook.com\/piccola.universita.italiana.trieste\/","article_modified_time":"2024-04-25T10:52:23+00:00","og_image":[{"width":1280,"height":800,"url":"https:\/\/piccolauniversitaitaliana.com\/wp-content\/uploads\/2019\/02\/Trieste-light.png","type":"image\/png"}],"twitter_card":"summary_large_image","twitter_site":"@italiancourses","twitter_misc":{"Gesch\u00e4tzte Lesezeit":"1\u00a0Minute"},"schema":{"@context":"https:\/\/schema.org","@graph":[{"@type":"WebPage","@id":"https:\/\/piccolauniversitaitaliana.com\/de\/anfrageformulare\/trieste\/","url":"https:\/\/piccolauniversitaitaliana.com\/de\/anfrageformulare\/trieste\/","name":"ANFRAGEFORMULAR TRIESTE - Piccola Universit\u00e0 Italiana","isPartOf":{"@id":"https:\/\/piccolauniversitaitaliana.com\/de\/#website"},"primaryImageOfPage":{"@id":"https:\/\/piccolauniversitaitaliana.com\/de\/anfrageformulare\/trieste\/#primaryimage"},"image":{"@id":"https:\/\/piccolauniversitaitaliana.com\/de\/anfrageformulare\/trieste\/#primaryimage"},"thumbnailUrl":"https:\/\/piccolauniversitaitaliana.com\/wp-content\/uploads\/2019\/02\/Trieste-light.png","datePublished":"2023-04-24T08:33:31+00:00","dateModified":"2024-04-25T10:52:23+00:00","description":"Unser Buchungsb\u00fcro schickt Ihnen gerne ein individuelles Angebot f\u00fcr unsere Kurse, Unterkunftsm\u00f6glichkeiten und Dienstleistungen in Triest!","breadcrumb":{"@id":"https:\/\/piccolauniversitaitaliana.com\/de\/anfrageformulare\/trieste\/#breadcrumb"},"inLanguage":"de","potentialAction":[{"@type":"ReadAction","target":["https:\/\/piccolauniversitaitaliana.com\/de\/anfrageformulare\/trieste\/"]}]},{"@type":"ImageObject","inLanguage":"de","@id":"https:\/\/piccolauniversitaitaliana.com\/de\/anfrageformulare\/trieste\/#primaryimage","url":"https:\/\/piccolauniversitaitaliana.com\/wp-content\/uploads\/2019\/02\/Trieste-light.png","contentUrl":"https:\/\/piccolauniversitaitaliana.com\/wp-content\/uploads\/2019\/02\/Trieste-light.png","width":1280,"height":800},{"@type":"BreadcrumbList","@id":"https:\/\/piccolauniversitaitaliana.com\/de\/anfrageformulare\/trieste\/#breadcrumb","itemListElement":[{"@type":"ListItem","position":1,"name":"Home","item":"https:\/\/piccolauniversitaitaliana.com\/de\/"},{"@type":"ListItem","position":2,"name":"ANFRAGEFORMULARE","item":"https:\/\/piccolauniversitaitaliana.com\/de\/anfrageformulare\/"},{"@type":"ListItem","position":3,"name":"ANFRAGEFORMULAR TRIESTE"}]},{"@type":"WebSite","@id":"https:\/\/piccolauniversitaitaliana.com\/de\/#website","url":"https:\/\/piccolauniversitaitaliana.com\/de\/","name":"Piccola Universit\u00e0 Italiana","description":"Boutique Italian Language Schools in Fantastic Locations","publisher":{"@id":"https:\/\/piccolauniversitaitaliana.com\/de\/#organization"},"potentialAction":[{"@type":"SearchAction","target":{"@type":"EntryPoint","urlTemplate":"https:\/\/piccolauniversitaitaliana.com\/de\/?s={search_term_string}"},"query-input":{"@type":"PropertyValueSpecification","valueRequired":true,"valueName":"search_term_string"}}],"inLanguage":"de"},{"@type":"Organization","@id":"https:\/\/piccolauniversitaitaliana.com\/de\/#organization","name":"PICCOLA UNIVERSIT\u00c0 ITALIANA","url":"https:\/\/piccolauniversitaitaliana.com\/de\/","logo":{"@type":"ImageObject","inLanguage":"de","@id":"https:\/\/piccolauniversitaitaliana.com\/de\/#\/schema\/logo\/image\/","url":"","contentUrl":"","caption":"PICCOLA UNIVERSIT\u00c0 ITALIANA"},"image":{"@id":"https:\/\/piccolauniversitaitaliana.com\/de\/#\/schema\/logo\/image\/"},"sameAs":["https:\/\/www.facebook.com\/piccola.universita.italiana.trieste\/","https:\/\/x.com\/italiancourses","https:\/\/www.instagram.com\/explore\/locations\/99826744\/piccola-universita-italiana\/","https:\/\/www.linkedin.com\/company\/piccola-universit-italiana","https:\/\/www.youtube.com\/user\/piccolauniversitaita"]}]}},"_links":{"self":[{"href":"https:\/\/piccolauniversitaitaliana.com\/de\/wp-json\/wp\/v2\/pages\/36230","targetHints":{"allow":["GET"]}}],"collection":[{"href":"https:\/\/piccolauniversitaitaliana.com\/de\/wp-json\/wp\/v2\/pages"}],"about":[{"href":"https:\/\/piccolauniversitaitaliana.com\/de\/wp-json\/wp\/v2\/types\/page"}],"author":[{"embeddable":true,"href":"https:\/\/piccolauniversitaitaliana.com\/de\/wp-json\/wp\/v2\/users\/13"}],"replies":[{"embeddable":true,"href":"https:\/\/piccolauniversitaitaliana.com\/de\/wp-json\/wp\/v2\/comments?post=36230"}],"version-history":[{"count":4,"href":"https:\/\/piccolauniversitaitaliana.com\/de\/wp-json\/wp\/v2\/pages\/36230\/revisions"}],"predecessor-version":[{"id":41630,"href":"https:\/\/piccolauniversitaitaliana.com\/de\/wp-json\/wp\/v2\/pages\/36230\/revisions\/41630"}],"up":[{"embeddable":true,"href":"https:\/\/piccolauniversitaitaliana.com\/de\/wp-json\/wp\/v2\/pages\/36235"}],"wp:featuredmedia":[{"embeddable":true,"href":"https:\/\/piccolauniversitaitaliana.com\/de\/wp-json\/wp\/v2\/media\/18009"}],"wp:attachment":[{"href":"https:\/\/piccolauniversitaitaliana.com\/de\/wp-json\/wp\/v2\/media?parent=36230"}],"curies":[{"name":"wp","href":"https:\/\/api.w.org\/{rel}","templated":true}]}}