{"id":3291,"date":"2016-12-19T15:54:20","date_gmt":"2016-12-19T15:54:20","guid":{"rendered":"http:\/\/piccolauniversita.com\/wordpress\/?page_id=3291\/"},"modified":"2023-05-25T14:09:04","modified_gmt":"2023-05-25T14:09:04","slug":"csn-lund-sweden","status":"publish","type":"page","link":"https:\/\/piccolauniversitaitaliana.com\/de\/akkreditierungen\/csn-lund-sweden\/","title":{"rendered":"CSN LUND SWEDEN"},"content":{"rendered":"<h5 style=\"text-align: left;\" align=\"justify\">Schwedische Studenten mit der schwedischen Staatsb\u00fcrgerschaft haben die M\u00f6glichkeit, einen <b>finanziellen Zuschu\u00df von CSN f\u00fcr Ihre Sprachreise<\/b> zu erhalten.<\/h5>\n<p>&nbsp;<\/p>\n<p align=\"justify\">CSN ist die <b><a title=\"CSN Schweden\" href=\"http:\/\/www.csn.se\/\" target=\"_blank\" rel=\"noopener noreferrer\"><span style=\"color: #0066cc;\">Schwedische Zentralstelle f\u00fcr Ausbildungsf\u00f6rderungen<\/span><\/a><\/b> und ist somit die staatliche Beh\u00f6rde, die f\u00fcr die Verwaltung der schwedischen Studenf\u00f6rderungsmittel verantwortlich ist.<\/p>\n<p align=\"justify\">Folgender Sprachkurs an der Piccola Universit\u00e0 Italiana wurde von CSN Lund Sweden im Rahmen der Studienbeihilfe anerkannt.<\/p>\n<h4>Voraussetzungen zur Bewilligung von CSN Lund Sweden<\/h4>\n<ul>\n<li>20 Stunden \u00e0 55 Minuten pro Woche<\/li>\n<li>Mindestdauer: 3 Wochen<\/li>\n<\/ul>\n<p><a href=\"https:\/\/piccolauniversitaitaliana.com\/de\/italienisch-sprachkurse\/standard-course\/\">Italienischkurs<\/a> bestehend aus 20 Stunden Sprachkurs in der Minigruppe (3 bis 8 StudentInnen).<\/p>\n<p>Das Sprachstudium CSN an unserer Italienisch Sprachschule wird obligatorisch beendet mit einem <strong>m\u00fcndlichen und schriftlichen Sprachtest<\/strong>, der die Lerneffizienz unter Beweis stellt.<\/p>\n<h4>Abwicklung der Beantragung von CSN:<\/h4>\n<p align=\"justify\">1. F\u00fcllen Sie bitte das <a href=\"http:\/\/piccolauniversita.com\/wordpress\/wp-content\/uploads\/2016\/12\/CSN.pdf\">Formular zum Antrag f\u00fcr CSN<\/a> aus. Durch Klicken auf den nachfolgenden Link gelangen Sie auf das Antragsformular:<\/p>\n<p align=\"justify\">2. Ebenso f\u00fcllen Sie bitte das <a href=\"https:\/\/piccolauniversitaitaliana.com\/de\/jetzt-anmelden\/\">Online-Formular<\/a> der Piccola Universit\u00e0 Italiana\u00a0f\u00fcr Ihre Buchung aus.<\/p>\n","protected":false},"excerpt":{"rendered":"<p>Schwedische Studenten mit der schwedischen Staatsb\u00fcrgerschaft haben die M\u00f6glichkeit, einen finanziellen Zuschu\u00df von CSN f\u00fcr Ihre Sprachreise zu erhalten. &nbsp; CSN ist die Schwedische Zentralstelle f\u00fcr Ausbildungsf\u00f6rderungen und ist somit die staatliche Beh\u00f6rde, die f\u00fcr die Verwaltung der schwedischen Studenf\u00f6rderungsmittel verantwortlich ist. Folgender Sprachkurs an der Piccola Universit\u00e0 Italiana wurde von CSN Lund Sweden im &hellip; <a href=\"https:\/\/piccolauniversitaitaliana.com\/de\/akkreditierungen\/csn-lund-sweden\/\" class=\"more-link\"><span class=\"screen-reader-text\">&#8222;CSN LUND SWEDEN&#8220; <\/span>weiterlesen<\/a><\/p>\n","protected":false},"author":2,"featured_media":15493,"parent":2252,"menu_order":0,"comment_status":"closed","ping_status":"closed","template":"","meta":{"_acf_changed":false,"footnotes":""},"class_list":["post-3291","page","type-page","status-publish","has-post-thumbnail","hentry"],"acf":[],"yoast_head":"<!-- This site is optimized with the Yoast SEO Premium plugin v27.0 (Yoast SEO v27.3) - https:\/\/yoast.com\/product\/yoast-seo-premium-wordpress\/ -->\n<title>CSN LUND SWEDEN - Piccola Universit\u00e0 Italiana<\/title>\n<meta name=\"description\" content=\"Schwedische Studenten haben Anspruch auf eine finanzielle Unterst\u00fctzung von CSN f\u00fcr ihren Sprachaufenthalt im Ausland.\" \/>\n<meta name=\"robots\" content=\"index, follow, max-snippet:-1, max-image-preview:large, max-video-preview:-1\" \/>\n<link rel=\"canonical\" href=\"https:\/\/piccolauniversitaitaliana.com\/de\/akkreditierungen\/csn-lund-sweden\/\" \/>\n<meta property=\"og:locale\" content=\"de_DE\" \/>\n<meta property=\"og:type\" content=\"article\" \/>\n<meta property=\"og:title\" content=\"CSN LUND SWEDEN\" \/>\n<meta property=\"og:description\" content=\"Schwedische Studenten mit der schwedischen Staatsb\u00fcrgerschaft haben die M\u00f6glichkeit, einen finanziellen Zuschu\u00df von CSN f\u00fcr Ihre Sprachreise zu\" \/>\n<meta property=\"og:url\" content=\"https:\/\/piccolauniversitaitaliana.com\/de\/akkreditierungen\/csn-lund-sweden\/\" \/>\n<meta property=\"og:site_name\" content=\"Piccola Universit\u00e0 Italiana\" \/>\n<meta property=\"article:publisher\" content=\"https:\/\/www.facebook.com\/piccola.universita.italiana.trieste\/\" \/>\n<meta property=\"article:modified_time\" content=\"2023-05-25T14:09:04+00:00\" \/>\n<meta property=\"og:image\" content=\"https:\/\/piccolauniversitaitaliana.com\/wp-content\/uploads\/2019\/01\/027-1024x768.jpg\" \/>\n\t<meta property=\"og:image:width\" content=\"1024\" \/>\n\t<meta property=\"og:image:height\" content=\"768\" \/>\n\t<meta property=\"og:image:type\" content=\"image\/jpeg\" \/>\n<meta name=\"twitter:card\" content=\"summary_large_image\" \/>\n<meta name=\"twitter:site\" content=\"@italiancourses\" \/>\n<meta name=\"twitter:label1\" content=\"Gesch\u00e4tzte Lesezeit\" \/>\n\t<meta name=\"twitter:data1\" content=\"1\u00a0Minute\" \/>\n<script type=\"application\/ld+json\" class=\"yoast-schema-graph\">{\"@context\":\"https:\\\/\\\/schema.org\",\"@graph\":[{\"@type\":\"WebPage\",\"@id\":\"https:\\\/\\\/piccolauniversitaitaliana.com\\\/de\\\/akkreditierungen\\\/csn-lund-sweden\\\/\",\"url\":\"https:\\\/\\\/piccolauniversitaitaliana.com\\\/de\\\/akkreditierungen\\\/csn-lund-sweden\\\/\",\"name\":\"CSN LUND SWEDEN - Piccola Universit\u00e0 Italiana\",\"isPartOf\":{\"@id\":\"https:\\\/\\\/piccolauniversitaitaliana.com\\\/de\\\/#website\"},\"primaryImageOfPage\":{\"@id\":\"https:\\\/\\\/piccolauniversitaitaliana.com\\\/de\\\/akkreditierungen\\\/csn-lund-sweden\\\/#primaryimage\"},\"image\":{\"@id\":\"https:\\\/\\\/piccolauniversitaitaliana.com\\\/de\\\/akkreditierungen\\\/csn-lund-sweden\\\/#primaryimage\"},\"thumbnailUrl\":\"https:\\\/\\\/piccolauniversitaitaliana.com\\\/wp-content\\\/uploads\\\/2019\\\/01\\\/027.jpg\",\"datePublished\":\"2016-12-19T15:54:20+00:00\",\"dateModified\":\"2023-05-25T14:09:04+00:00\",\"description\":\"Schwedische Studenten haben Anspruch auf eine finanzielle Unterst\u00fctzung von CSN f\u00fcr ihren Sprachaufenthalt im Ausland.\",\"breadcrumb\":{\"@id\":\"https:\\\/\\\/piccolauniversitaitaliana.com\\\/de\\\/akkreditierungen\\\/csn-lund-sweden\\\/#breadcrumb\"},\"inLanguage\":\"de\",\"potentialAction\":[{\"@type\":\"ReadAction\",\"target\":[\"https:\\\/\\\/piccolauniversitaitaliana.com\\\/de\\\/akkreditierungen\\\/csn-lund-sweden\\\/\"]}]},{\"@type\":\"ImageObject\",\"inLanguage\":\"de\",\"@id\":\"https:\\\/\\\/piccolauniversitaitaliana.com\\\/de\\\/akkreditierungen\\\/csn-lund-sweden\\\/#primaryimage\",\"url\":\"https:\\\/\\\/piccolauniversitaitaliana.com\\\/wp-content\\\/uploads\\\/2019\\\/01\\\/027.jpg\",\"contentUrl\":\"https:\\\/\\\/piccolauniversitaitaliana.com\\\/wp-content\\\/uploads\\\/2019\\\/01\\\/027.jpg\",\"width\":3264,\"height\":2448},{\"@type\":\"BreadcrumbList\",\"@id\":\"https:\\\/\\\/piccolauniversitaitaliana.com\\\/de\\\/akkreditierungen\\\/csn-lund-sweden\\\/#breadcrumb\",\"itemListElement\":[{\"@type\":\"ListItem\",\"position\":1,\"name\":\"Home\",\"item\":\"https:\\\/\\\/piccolauniversitaitaliana.com\\\/de\\\/\"},{\"@type\":\"ListItem\",\"position\":2,\"name\":\"AKKREDITIERUNGEN\",\"item\":\"https:\\\/\\\/piccolauniversitaitaliana.com\\\/de\\\/akkreditierungen\\\/\"},{\"@type\":\"ListItem\",\"position\":3,\"name\":\"CSN LUND SWEDEN\"}]},{\"@type\":\"WebSite\",\"@id\":\"https:\\\/\\\/piccolauniversitaitaliana.com\\\/de\\\/#website\",\"url\":\"https:\\\/\\\/piccolauniversitaitaliana.com\\\/de\\\/\",\"name\":\"Piccola Universit\u00e0 Italiana\",\"description\":\"Boutique Italian Language Schools in Fantastic Locations\",\"publisher\":{\"@id\":\"https:\\\/\\\/piccolauniversitaitaliana.com\\\/de\\\/#organization\"},\"potentialAction\":[{\"@type\":\"SearchAction\",\"target\":{\"@type\":\"EntryPoint\",\"urlTemplate\":\"https:\\\/\\\/piccolauniversitaitaliana.com\\\/de\\\/?s={search_term_string}\"},\"query-input\":{\"@type\":\"PropertyValueSpecification\",\"valueRequired\":true,\"valueName\":\"search_term_string\"}}],\"inLanguage\":\"de\"},{\"@type\":\"Organization\",\"@id\":\"https:\\\/\\\/piccolauniversitaitaliana.com\\\/de\\\/#organization\",\"name\":\"PICCOLA UNIVERSIT\u00c0 ITALIANA\",\"url\":\"https:\\\/\\\/piccolauniversitaitaliana.com\\\/de\\\/\",\"logo\":{\"@type\":\"ImageObject\",\"inLanguage\":\"de\",\"@id\":\"https:\\\/\\\/piccolauniversitaitaliana.com\\\/de\\\/#\\\/schema\\\/logo\\\/image\\\/\",\"url\":\"\",\"contentUrl\":\"\",\"caption\":\"PICCOLA UNIVERSIT\u00c0 ITALIANA\"},\"image\":{\"@id\":\"https:\\\/\\\/piccolauniversitaitaliana.com\\\/de\\\/#\\\/schema\\\/logo\\\/image\\\/\"},\"sameAs\":[\"https:\\\/\\\/www.facebook.com\\\/piccola.universita.italiana.trieste\\\/\",\"https:\\\/\\\/x.com\\\/italiancourses\",\"https:\\\/\\\/www.instagram.com\\\/explore\\\/locations\\\/99826744\\\/piccola-universita-italiana\\\/\",\"https:\\\/\\\/www.linkedin.com\\\/company\\\/piccola-universit-italiana\",\"https:\\\/\\\/www.youtube.com\\\/user\\\/piccolauniversitaita\"]}]}<\/script>\n<!-- \/ Yoast SEO Premium plugin. -->","yoast_head_json":{"title":"CSN LUND SWEDEN - Piccola Universit\u00e0 Italiana","description":"Schwedische Studenten haben Anspruch auf eine finanzielle Unterst\u00fctzung von CSN f\u00fcr ihren Sprachaufenthalt im Ausland.","robots":{"index":"index","follow":"follow","max-snippet":"max-snippet:-1","max-image-preview":"max-image-preview:large","max-video-preview":"max-video-preview:-1"},"canonical":"https:\/\/piccolauniversitaitaliana.com\/de\/akkreditierungen\/csn-lund-sweden\/","og_locale":"de_DE","og_type":"article","og_title":"CSN LUND SWEDEN","og_description":"Schwedische Studenten mit der schwedischen Staatsb\u00fcrgerschaft haben die M\u00f6glichkeit, einen finanziellen Zuschu\u00df von CSN f\u00fcr Ihre Sprachreise zu","og_url":"https:\/\/piccolauniversitaitaliana.com\/de\/akkreditierungen\/csn-lund-sweden\/","og_site_name":"Piccola Universit\u00e0 Italiana","article_publisher":"https:\/\/www.facebook.com\/piccola.universita.italiana.trieste\/","article_modified_time":"2023-05-25T14:09:04+00:00","og_image":[{"width":1024,"height":768,"url":"https:\/\/piccolauniversitaitaliana.com\/wp-content\/uploads\/2019\/01\/027-1024x768.jpg","type":"image\/jpeg"}],"twitter_card":"summary_large_image","twitter_site":"@italiancourses","twitter_misc":{"Gesch\u00e4tzte Lesezeit":"1\u00a0Minute"},"schema":{"@context":"https:\/\/schema.org","@graph":[{"@type":"WebPage","@id":"https:\/\/piccolauniversitaitaliana.com\/de\/akkreditierungen\/csn-lund-sweden\/","url":"https:\/\/piccolauniversitaitaliana.com\/de\/akkreditierungen\/csn-lund-sweden\/","name":"CSN LUND SWEDEN - Piccola Universit\u00e0 Italiana","isPartOf":{"@id":"https:\/\/piccolauniversitaitaliana.com\/de\/#website"},"primaryImageOfPage":{"@id":"https:\/\/piccolauniversitaitaliana.com\/de\/akkreditierungen\/csn-lund-sweden\/#primaryimage"},"image":{"@id":"https:\/\/piccolauniversitaitaliana.com\/de\/akkreditierungen\/csn-lund-sweden\/#primaryimage"},"thumbnailUrl":"https:\/\/piccolauniversitaitaliana.com\/wp-content\/uploads\/2019\/01\/027.jpg","datePublished":"2016-12-19T15:54:20+00:00","dateModified":"2023-05-25T14:09:04+00:00","description":"Schwedische Studenten haben Anspruch auf eine finanzielle Unterst\u00fctzung von CSN f\u00fcr ihren Sprachaufenthalt im Ausland.","breadcrumb":{"@id":"https:\/\/piccolauniversitaitaliana.com\/de\/akkreditierungen\/csn-lund-sweden\/#breadcrumb"},"inLanguage":"de","potentialAction":[{"@type":"ReadAction","target":["https:\/\/piccolauniversitaitaliana.com\/de\/akkreditierungen\/csn-lund-sweden\/"]}]},{"@type":"ImageObject","inLanguage":"de","@id":"https:\/\/piccolauniversitaitaliana.com\/de\/akkreditierungen\/csn-lund-sweden\/#primaryimage","url":"https:\/\/piccolauniversitaitaliana.com\/wp-content\/uploads\/2019\/01\/027.jpg","contentUrl":"https:\/\/piccolauniversitaitaliana.com\/wp-content\/uploads\/2019\/01\/027.jpg","width":3264,"height":2448},{"@type":"BreadcrumbList","@id":"https:\/\/piccolauniversitaitaliana.com\/de\/akkreditierungen\/csn-lund-sweden\/#breadcrumb","itemListElement":[{"@type":"ListItem","position":1,"name":"Home","item":"https:\/\/piccolauniversitaitaliana.com\/de\/"},{"@type":"ListItem","position":2,"name":"AKKREDITIERUNGEN","item":"https:\/\/piccolauniversitaitaliana.com\/de\/akkreditierungen\/"},{"@type":"ListItem","position":3,"name":"CSN LUND SWEDEN"}]},{"@type":"WebSite","@id":"https:\/\/piccolauniversitaitaliana.com\/de\/#website","url":"https:\/\/piccolauniversitaitaliana.com\/de\/","name":"Piccola Universit\u00e0 Italiana","description":"Boutique Italian Language Schools in Fantastic Locations","publisher":{"@id":"https:\/\/piccolauniversitaitaliana.com\/de\/#organization"},"potentialAction":[{"@type":"SearchAction","target":{"@type":"EntryPoint","urlTemplate":"https:\/\/piccolauniversitaitaliana.com\/de\/?s={search_term_string}"},"query-input":{"@type":"PropertyValueSpecification","valueRequired":true,"valueName":"search_term_string"}}],"inLanguage":"de"},{"@type":"Organization","@id":"https:\/\/piccolauniversitaitaliana.com\/de\/#organization","name":"PICCOLA UNIVERSIT\u00c0 ITALIANA","url":"https:\/\/piccolauniversitaitaliana.com\/de\/","logo":{"@type":"ImageObject","inLanguage":"de","@id":"https:\/\/piccolauniversitaitaliana.com\/de\/#\/schema\/logo\/image\/","url":"","contentUrl":"","caption":"PICCOLA UNIVERSIT\u00c0 ITALIANA"},"image":{"@id":"https:\/\/piccolauniversitaitaliana.com\/de\/#\/schema\/logo\/image\/"},"sameAs":["https:\/\/www.facebook.com\/piccola.universita.italiana.trieste\/","https:\/\/x.com\/italiancourses","https:\/\/www.instagram.com\/explore\/locations\/99826744\/piccola-universita-italiana\/","https:\/\/www.linkedin.com\/company\/piccola-universit-italiana","https:\/\/www.youtube.com\/user\/piccolauniversitaita"]}]}},"_links":{"self":[{"href":"https:\/\/piccolauniversitaitaliana.com\/de\/wp-json\/wp\/v2\/pages\/3291","targetHints":{"allow":["GET"]}}],"collection":[{"href":"https:\/\/piccolauniversitaitaliana.com\/de\/wp-json\/wp\/v2\/pages"}],"about":[{"href":"https:\/\/piccolauniversitaitaliana.com\/de\/wp-json\/wp\/v2\/types\/page"}],"author":[{"embeddable":true,"href":"https:\/\/piccolauniversitaitaliana.com\/de\/wp-json\/wp\/v2\/users\/2"}],"replies":[{"embeddable":true,"href":"https:\/\/piccolauniversitaitaliana.com\/de\/wp-json\/wp\/v2\/comments?post=3291"}],"version-history":[{"count":12,"href":"https:\/\/piccolauniversitaitaliana.com\/de\/wp-json\/wp\/v2\/pages\/3291\/revisions"}],"predecessor-version":[{"id":36829,"href":"https:\/\/piccolauniversitaitaliana.com\/de\/wp-json\/wp\/v2\/pages\/3291\/revisions\/36829"}],"up":[{"embeddable":true,"href":"https:\/\/piccolauniversitaitaliana.com\/de\/wp-json\/wp\/v2\/pages\/2252"}],"wp:featuredmedia":[{"embeddable":true,"href":"https:\/\/piccolauniversitaitaliana.com\/de\/wp-json\/wp\/v2\/media\/15493"}],"wp:attachment":[{"href":"https:\/\/piccolauniversitaitaliana.com\/de\/wp-json\/wp\/v2\/media?parent=3291"}],"curies":[{"name":"wp","href":"https:\/\/api.w.org\/{rel}","templated":true}]}}