{"id":31099,"date":"2020-06-11T11:32:27","date_gmt":"2020-06-11T11:32:27","guid":{"rendered":"http:\/\/piccolauniversitaitaliana.com\/about-us\/"},"modified":"2023-05-03T10:39:51","modified_gmt":"2023-05-03T10:39:51","slug":"ueber-uns","status":"publish","type":"page","link":"https:\/\/piccolauniversitaitaliana.com\/de\/ueber-uns\/","title":{"rendered":"\u00dcBER UNS"},"content":{"rendered":"<h5>Unsere <a href=\"https:\/\/piccolauniversitaitaliana.com\/de\/unsere-philosophie\/\">Philosophie<\/a> ist es, unseren Sch\u00fclern ein einzigartiges italienisches Sprach- und Kulturerlebnis zu bieten! W\u00e4hrend wir Italien genie\u00dfen, sorgen unsere Mitarbeiter und erstklassigen Lehrer daf\u00fcr, dass alle Serviceleistungen mit h\u00f6chster Professionalit\u00e4t ausgef\u00fchrt werden, um Ihre Erwartungen zu (\u00fcber)treffen und das angestrebte italienische Sprachniveau zu erreichen.<\/h5>\n<p>&nbsp;<\/p>\n<p>Die Piccola Universit\u00e0 Italiana wurde 1993 in Tropea von Antonio Lamantea als <em>caff\u00e8 culturale<\/em> gegr\u00fcndet, um internationalen Studenten das Erlernen der italienischen Sprache zu erm\u00f6glichen, w\u00e4hrend sie anregende und tiefe Gespr\u00e4che f\u00fchren, aber immer in einer entspannten und freundlichen Atmosph\u00e4re!<\/p>\n<p>Im Jahr 2004 \u00e4nderte unser <em>caff\u00e8 culturale\u00a0<\/em>seinen Namen in Piccola Universit\u00e0 Italiana, um unserer Schule einen Namen zu geben, der ihre hohe Professionalit\u00e4t widerspiegeln k\u00f6nnte.<\/p>\n<p>In der Tat, alle unsere erstklassigen Lehrer und Mitarbeiter sind hochqualifiziert und wurden sorgf\u00e4ltig ausgew\u00e4hlt.<\/p>\n<blockquote><p>Unsere Mission ist es, dem Sch\u00fcler die einzigartige Lernerfahrung in einer freundlichen Atmosph\u00e4re zu garantieren, damit er sich <span style=\"color: #e50076;\">vom ersten Moment an willkommen f\u00fchlt<\/span>. Wir tun daher unser Bestes, um sicherzustellen, dass unsere Kurse dem Niveau des Studenten und seinen Anforderungen entsprechen. Deshalb wird unser Unterricht ausschlie\u00dflich in kleinen Gruppen abgehalten und die Lektionen k\u00f6nnen auch ma\u00dfgeschneidert sein.<\/p><\/blockquote>\n<p>Unsere Schulen decken die beiden wichtigsten geografischen Gebiete Italiens ab: den S\u00fcden und den Norden. Dann k\u00f6nnen die Sch\u00fcler w\u00e4hlen, ob sie das kristallklare Meer der s\u00fcdlichen Stadt <a href=\"https:\/\/piccolauniversitaitaliana.com\/de\/italienisch-sprachschule-in-tropea\/\">Tropea<\/a> oder den Multikulturalismus der n\u00f6rdlichen Stadt Triest genie\u00dfen m\u00f6chten!<\/p>\n<p>Im Laufe der Jahre hat die Piccola Universit\u00e0 Italiana zahlreiche Akkreditierungen von Institutionen und Organisationen erhalten, darunter der Europ\u00e4ischen Union, dem italienischen Bildungsministerium, EDUITALIA, dem norwegischen Staatskreditfonds, der Universit\u00e4t Siena und der Universit\u00e4t Perugia als Pr\u00fcfungszentrum f\u00fcr die Zertifizierung der italienischen Sprache, der Ca &#8218;Foscari Universit\u00e4t von Venedig und der Universit\u00e4t f\u00fcr Ausl\u00e4nder von Perugia als Ausbildungsort von Praktika f\u00fcr Italienischlehrer f\u00fcr Ausl\u00e4nder &#8211; L2, der International Association of Language Centers (IALC), US-amerikanische Universit\u00e4ten und Hochschulen und viel mehr!<\/p>\n<p><strong>ENTDECKEN SIE UNSERE WERTE:<\/strong><\/p>\n","protected":false},"excerpt":{"rendered":"<p>Unsere Philosophie ist es, unseren Sch\u00fclern ein einzigartiges italienisches Sprach- und Kulturerlebnis zu bieten! W\u00e4hrend wir Italien genie\u00dfen, sorgen unsere Mitarbeiter und erstklassigen Lehrer daf\u00fcr, dass alle Serviceleistungen mit h\u00f6chster Professionalit\u00e4t ausgef\u00fchrt werden, um Ihre Erwartungen zu (\u00fcber)treffen und das angestrebte italienische Sprachniveau zu erreichen. &nbsp; Die Piccola Universit\u00e0 Italiana wurde 1993 in Tropea von &hellip; <a href=\"https:\/\/piccolauniversitaitaliana.com\/de\/ueber-uns\/\" class=\"more-link\"><span class=\"screen-reader-text\">&#8222;\u00dcBER UNS&#8220; <\/span>weiterlesen<\/a><\/p>\n","protected":false},"author":2,"featured_media":17991,"parent":0,"menu_order":0,"comment_status":"closed","ping_status":"closed","template":"page-services.php","meta":{"_acf_changed":false,"footnotes":""},"class_list":["post-31099","page","type-page","status-publish","has-post-thumbnail","hentry"],"acf":[],"yoast_head":"<!-- This site is optimized with the Yoast SEO Premium plugin v27.0 (Yoast SEO v27.5) - https:\/\/yoast.com\/product\/yoast-seo-premium-wordpress\/ -->\n<title>\u00dcBER UNS - Piccola Universit\u00e0 Italiana<\/title>\n<meta name=\"description\" content=\"Entdecken Sie unsere akkreditierten italienischen Sprachschulen in Italien: Perfekt f\u00fcr ein einzigartiges Sprach- und Kulturerlebnis.\" \/>\n<meta name=\"robots\" content=\"index, follow, max-snippet:-1, max-image-preview:large, max-video-preview:-1\" \/>\n<link rel=\"canonical\" href=\"https:\/\/piccolauniversitaitaliana.com\/de\/ueber-uns\/\" \/>\n<meta property=\"og:locale\" content=\"de_DE\" \/>\n<meta property=\"og:type\" content=\"article\" \/>\n<meta property=\"og:title\" content=\"\u00dcBER UNS\" \/>\n<meta property=\"og:description\" content=\"Unsere Philosophie ist es, unseren Sch\u00fclern ein einzigartiges italienisches Sprach- und Kulturerlebnis zu bieten! W\u00e4hrend wir Italien genie\u00dfen, sorgen\" \/>\n<meta property=\"og:url\" content=\"https:\/\/piccolauniversitaitaliana.com\/de\/ueber-uns\/\" \/>\n<meta property=\"og:site_name\" content=\"Piccola Universit\u00e0 Italiana\" \/>\n<meta property=\"article:publisher\" content=\"https:\/\/www.facebook.com\/piccola.universita.italiana.trieste\/\" \/>\n<meta property=\"article:modified_time\" content=\"2023-05-03T10:39:51+00:00\" \/>\n<meta property=\"og:image\" content=\"https:\/\/piccolauniversitaitaliana.com\/wp-content\/uploads\/2019\/02\/PUI-blu-1.png\" \/>\n\t<meta property=\"og:image:width\" content=\"1280\" \/>\n\t<meta property=\"og:image:height\" content=\"800\" \/>\n\t<meta property=\"og:image:type\" content=\"image\/png\" \/>\n<meta name=\"twitter:card\" content=\"summary_large_image\" \/>\n<meta name=\"twitter:site\" content=\"@italiancourses\" \/>\n<meta name=\"twitter:label1\" content=\"Gesch\u00e4tzte Lesezeit\" \/>\n\t<meta name=\"twitter:data1\" content=\"2\u00a0Minuten\" \/>\n<script type=\"application\/ld+json\" class=\"yoast-schema-graph\">{\"@context\":\"https:\\\/\\\/schema.org\",\"@graph\":[{\"@type\":\"WebPage\",\"@id\":\"https:\\\/\\\/piccolauniversitaitaliana.com\\\/de\\\/ueber-uns\\\/\",\"url\":\"https:\\\/\\\/piccolauniversitaitaliana.com\\\/de\\\/ueber-uns\\\/\",\"name\":\"\u00dcBER UNS - Piccola Universit\u00e0 Italiana\",\"isPartOf\":{\"@id\":\"https:\\\/\\\/piccolauniversitaitaliana.com\\\/de\\\/#website\"},\"primaryImageOfPage\":{\"@id\":\"https:\\\/\\\/piccolauniversitaitaliana.com\\\/de\\\/ueber-uns\\\/#primaryimage\"},\"image\":{\"@id\":\"https:\\\/\\\/piccolauniversitaitaliana.com\\\/de\\\/ueber-uns\\\/#primaryimage\"},\"thumbnailUrl\":\"https:\\\/\\\/piccolauniversitaitaliana.com\\\/wp-content\\\/uploads\\\/2019\\\/02\\\/PUI-blu-1.png\",\"datePublished\":\"2020-06-11T11:32:27+00:00\",\"dateModified\":\"2023-05-03T10:39:51+00:00\",\"description\":\"Entdecken Sie unsere akkreditierten italienischen Sprachschulen in Italien: Perfekt f\u00fcr ein einzigartiges Sprach- und Kulturerlebnis.\",\"breadcrumb\":{\"@id\":\"https:\\\/\\\/piccolauniversitaitaliana.com\\\/de\\\/ueber-uns\\\/#breadcrumb\"},\"inLanguage\":\"de\",\"potentialAction\":[{\"@type\":\"ReadAction\",\"target\":[\"https:\\\/\\\/piccolauniversitaitaliana.com\\\/de\\\/ueber-uns\\\/\"]}]},{\"@type\":\"ImageObject\",\"inLanguage\":\"de\",\"@id\":\"https:\\\/\\\/piccolauniversitaitaliana.com\\\/de\\\/ueber-uns\\\/#primaryimage\",\"url\":\"https:\\\/\\\/piccolauniversitaitaliana.com\\\/wp-content\\\/uploads\\\/2019\\\/02\\\/PUI-blu-1.png\",\"contentUrl\":\"https:\\\/\\\/piccolauniversitaitaliana.com\\\/wp-content\\\/uploads\\\/2019\\\/02\\\/PUI-blu-1.png\",\"width\":1280,\"height\":800,\"caption\":\"blue background\"},{\"@type\":\"BreadcrumbList\",\"@id\":\"https:\\\/\\\/piccolauniversitaitaliana.com\\\/de\\\/ueber-uns\\\/#breadcrumb\",\"itemListElement\":[{\"@type\":\"ListItem\",\"position\":1,\"name\":\"Home\",\"item\":\"https:\\\/\\\/piccolauniversitaitaliana.com\\\/de\\\/\"},{\"@type\":\"ListItem\",\"position\":2,\"name\":\"\u00dcBER UNS\"}]},{\"@type\":\"WebSite\",\"@id\":\"https:\\\/\\\/piccolauniversitaitaliana.com\\\/de\\\/#website\",\"url\":\"https:\\\/\\\/piccolauniversitaitaliana.com\\\/de\\\/\",\"name\":\"Piccola Universit\u00e0 Italiana\",\"description\":\"Boutique Italian Language Schools in Fantastic Locations\",\"publisher\":{\"@id\":\"https:\\\/\\\/piccolauniversitaitaliana.com\\\/de\\\/#organization\"},\"potentialAction\":[{\"@type\":\"SearchAction\",\"target\":{\"@type\":\"EntryPoint\",\"urlTemplate\":\"https:\\\/\\\/piccolauniversitaitaliana.com\\\/de\\\/?s={search_term_string}\"},\"query-input\":{\"@type\":\"PropertyValueSpecification\",\"valueRequired\":true,\"valueName\":\"search_term_string\"}}],\"inLanguage\":\"de\"},{\"@type\":\"Organization\",\"@id\":\"https:\\\/\\\/piccolauniversitaitaliana.com\\\/de\\\/#organization\",\"name\":\"PICCOLA UNIVERSIT\u00c0 ITALIANA\",\"url\":\"https:\\\/\\\/piccolauniversitaitaliana.com\\\/de\\\/\",\"logo\":{\"@type\":\"ImageObject\",\"inLanguage\":\"de\",\"@id\":\"https:\\\/\\\/piccolauniversitaitaliana.com\\\/de\\\/#\\\/schema\\\/logo\\\/image\\\/\",\"url\":\"\",\"contentUrl\":\"\",\"caption\":\"PICCOLA UNIVERSIT\u00c0 ITALIANA\"},\"image\":{\"@id\":\"https:\\\/\\\/piccolauniversitaitaliana.com\\\/de\\\/#\\\/schema\\\/logo\\\/image\\\/\"},\"sameAs\":[\"https:\\\/\\\/www.facebook.com\\\/piccola.universita.italiana.trieste\\\/\",\"https:\\\/\\\/x.com\\\/italiancourses\",\"https:\\\/\\\/www.instagram.com\\\/explore\\\/locations\\\/99826744\\\/piccola-universita-italiana\\\/\",\"https:\\\/\\\/www.linkedin.com\\\/company\\\/piccola-universit-italiana\",\"https:\\\/\\\/www.youtube.com\\\/user\\\/piccolauniversitaita\"]}]}<\/script>\n<!-- \/ Yoast SEO Premium plugin. -->","yoast_head_json":{"title":"\u00dcBER UNS - Piccola Universit\u00e0 Italiana","description":"Entdecken Sie unsere akkreditierten italienischen Sprachschulen in Italien: Perfekt f\u00fcr ein einzigartiges Sprach- und Kulturerlebnis.","robots":{"index":"index","follow":"follow","max-snippet":"max-snippet:-1","max-image-preview":"max-image-preview:large","max-video-preview":"max-video-preview:-1"},"canonical":"https:\/\/piccolauniversitaitaliana.com\/de\/ueber-uns\/","og_locale":"de_DE","og_type":"article","og_title":"\u00dcBER UNS","og_description":"Unsere Philosophie ist es, unseren Sch\u00fclern ein einzigartiges italienisches Sprach- und Kulturerlebnis zu bieten! W\u00e4hrend wir Italien genie\u00dfen, sorgen","og_url":"https:\/\/piccolauniversitaitaliana.com\/de\/ueber-uns\/","og_site_name":"Piccola Universit\u00e0 Italiana","article_publisher":"https:\/\/www.facebook.com\/piccola.universita.italiana.trieste\/","article_modified_time":"2023-05-03T10:39:51+00:00","og_image":[{"width":1280,"height":800,"url":"https:\/\/piccolauniversitaitaliana.com\/wp-content\/uploads\/2019\/02\/PUI-blu-1.png","type":"image\/png"}],"twitter_card":"summary_large_image","twitter_site":"@italiancourses","twitter_misc":{"Gesch\u00e4tzte Lesezeit":"2\u00a0Minuten"},"schema":{"@context":"https:\/\/schema.org","@graph":[{"@type":"WebPage","@id":"https:\/\/piccolauniversitaitaliana.com\/de\/ueber-uns\/","url":"https:\/\/piccolauniversitaitaliana.com\/de\/ueber-uns\/","name":"\u00dcBER UNS - Piccola Universit\u00e0 Italiana","isPartOf":{"@id":"https:\/\/piccolauniversitaitaliana.com\/de\/#website"},"primaryImageOfPage":{"@id":"https:\/\/piccolauniversitaitaliana.com\/de\/ueber-uns\/#primaryimage"},"image":{"@id":"https:\/\/piccolauniversitaitaliana.com\/de\/ueber-uns\/#primaryimage"},"thumbnailUrl":"https:\/\/piccolauniversitaitaliana.com\/wp-content\/uploads\/2019\/02\/PUI-blu-1.png","datePublished":"2020-06-11T11:32:27+00:00","dateModified":"2023-05-03T10:39:51+00:00","description":"Entdecken Sie unsere akkreditierten italienischen Sprachschulen in Italien: Perfekt f\u00fcr ein einzigartiges Sprach- und Kulturerlebnis.","breadcrumb":{"@id":"https:\/\/piccolauniversitaitaliana.com\/de\/ueber-uns\/#breadcrumb"},"inLanguage":"de","potentialAction":[{"@type":"ReadAction","target":["https:\/\/piccolauniversitaitaliana.com\/de\/ueber-uns\/"]}]},{"@type":"ImageObject","inLanguage":"de","@id":"https:\/\/piccolauniversitaitaliana.com\/de\/ueber-uns\/#primaryimage","url":"https:\/\/piccolauniversitaitaliana.com\/wp-content\/uploads\/2019\/02\/PUI-blu-1.png","contentUrl":"https:\/\/piccolauniversitaitaliana.com\/wp-content\/uploads\/2019\/02\/PUI-blu-1.png","width":1280,"height":800,"caption":"blue background"},{"@type":"BreadcrumbList","@id":"https:\/\/piccolauniversitaitaliana.com\/de\/ueber-uns\/#breadcrumb","itemListElement":[{"@type":"ListItem","position":1,"name":"Home","item":"https:\/\/piccolauniversitaitaliana.com\/de\/"},{"@type":"ListItem","position":2,"name":"\u00dcBER UNS"}]},{"@type":"WebSite","@id":"https:\/\/piccolauniversitaitaliana.com\/de\/#website","url":"https:\/\/piccolauniversitaitaliana.com\/de\/","name":"Piccola Universit\u00e0 Italiana","description":"Boutique Italian Language Schools in Fantastic Locations","publisher":{"@id":"https:\/\/piccolauniversitaitaliana.com\/de\/#organization"},"potentialAction":[{"@type":"SearchAction","target":{"@type":"EntryPoint","urlTemplate":"https:\/\/piccolauniversitaitaliana.com\/de\/?s={search_term_string}"},"query-input":{"@type":"PropertyValueSpecification","valueRequired":true,"valueName":"search_term_string"}}],"inLanguage":"de"},{"@type":"Organization","@id":"https:\/\/piccolauniversitaitaliana.com\/de\/#organization","name":"PICCOLA UNIVERSIT\u00c0 ITALIANA","url":"https:\/\/piccolauniversitaitaliana.com\/de\/","logo":{"@type":"ImageObject","inLanguage":"de","@id":"https:\/\/piccolauniversitaitaliana.com\/de\/#\/schema\/logo\/image\/","url":"","contentUrl":"","caption":"PICCOLA UNIVERSIT\u00c0 ITALIANA"},"image":{"@id":"https:\/\/piccolauniversitaitaliana.com\/de\/#\/schema\/logo\/image\/"},"sameAs":["https:\/\/www.facebook.com\/piccola.universita.italiana.trieste\/","https:\/\/x.com\/italiancourses","https:\/\/www.instagram.com\/explore\/locations\/99826744\/piccola-universita-italiana\/","https:\/\/www.linkedin.com\/company\/piccola-universit-italiana","https:\/\/www.youtube.com\/user\/piccolauniversitaita"]}]}},"_links":{"self":[{"href":"https:\/\/piccolauniversitaitaliana.com\/de\/wp-json\/wp\/v2\/pages\/31099","targetHints":{"allow":["GET"]}}],"collection":[{"href":"https:\/\/piccolauniversitaitaliana.com\/de\/wp-json\/wp\/v2\/pages"}],"about":[{"href":"https:\/\/piccolauniversitaitaliana.com\/de\/wp-json\/wp\/v2\/types\/page"}],"author":[{"embeddable":true,"href":"https:\/\/piccolauniversitaitaliana.com\/de\/wp-json\/wp\/v2\/users\/2"}],"replies":[{"embeddable":true,"href":"https:\/\/piccolauniversitaitaliana.com\/de\/wp-json\/wp\/v2\/comments?post=31099"}],"version-history":[{"count":11,"href":"https:\/\/piccolauniversitaitaliana.com\/de\/wp-json\/wp\/v2\/pages\/31099\/revisions"}],"predecessor-version":[{"id":36311,"href":"https:\/\/piccolauniversitaitaliana.com\/de\/wp-json\/wp\/v2\/pages\/31099\/revisions\/36311"}],"wp:featuredmedia":[{"embeddable":true,"href":"https:\/\/piccolauniversitaitaliana.com\/de\/wp-json\/wp\/v2\/media\/17991"}],"wp:attachment":[{"href":"https:\/\/piccolauniversitaitaliana.com\/de\/wp-json\/wp\/v2\/media?parent=31099"}],"curies":[{"name":"wp","href":"https:\/\/api.w.org\/{rel}","templated":true}]}}