{"id":3029,"date":"2016-12-16T22:09:03","date_gmt":"2016-12-16T22:09:03","guid":{"rendered":"http:\/\/piccolauniversita.com\/wordpress\/?page_id=3029\/"},"modified":"2023-05-25T14:12:33","modified_gmt":"2023-05-25T14:12:33","slug":"cookie-richtlinien","status":"publish","type":"page","link":"https:\/\/piccolauniversitaitaliana.com\/de\/cookie-richtlinien\/","title":{"rendered":"COOKIE-RICHTLINIEN"},"content":{"rendered":"<h4>Was sind Cookies?<\/h4>\n<p><span id=\"result_box\" lang=\"de\">Wie die meisten professionellen Websites verwendet auch diese Websites Cookies, die winzigen Dateien, die auf Ihren Computer heruntergeladen werden, um Ihre Erfahrungen zu verbessern. Diese Seite beschreibt, welche Informationen gesammelt werden, wie wir sie verwenden und warum wir diese Cookies manchmal speichern m\u00fcssen. Wir teilen Ihnen auch mit, wie Sie die Speicherung dieser Cookies verhindern k\u00f6nnen, was jedoch zu einer Beeintr\u00e4chtigung oder zum Ausfall bestimmter Funktionen der Website f\u00fchren kann.<br \/>\n<\/span><\/p>\n<p>F\u00fcr allgemeinere Informationen \u00fcber Cookies siehe den Wikipedia-Artikel zu HTTP <a href=\"https:\/\/piccolauniversitaitaliana.com\/de\/cookie-policy\/\">Cookies<\/a>.<\/p>\n<h4>Wie benutzen wir Cookies?<\/h4>\n<p>Wir verwenden Cookies f\u00fcr eine Vielzahl von Gr\u00fcnden unten detailliert. Leider gibt es in den meisten F\u00e4llen keine Industriestandardoptionen zum Deaktivieren von Cookies, ohne\u00a0die Funktionen, die sie zu dieser Website hinzuf\u00fcgen, vollst\u00e4ndig zu deaktivieren. Falls Sie sich nicht sicher sind, ob\u00a0Sie die Cookies f\u00fcr die Ausf\u00fchrung eines bestimmten\u00a0Services\u00a0ben\u00f6tigen, wird empfohlen, alle Cookies\u00a0aktiviert zu lassen.<\/p>\n<h4>Deaktivierung von\u00a0Cookies<\/h4>\n<p>Sie k\u00f6nnen die Einstellung von Cookies verhindern, indem Sie die Einstellungen Ihres Browsers anpassen (weitere Informationen dazu finden Sie in der Browser-Hilfe). Beachten Sie, dass die Deaktivierung von Cookies die Funktionalit\u00e4t dieser und anderer Websites, die Sie besuchen, beeintr\u00e4chtigen wird. Das Deaktivieren von Cookies f\u00fchrt normalerweise dazu, dass bestimmte Funktionen der Website deaktiviert werden. Daher wird empfohlen, Cookies nicht zu deaktivieren.<\/p>\n<h4>Drittanbieter-Cookies<\/h4>\n<p>In einigen Sonderf\u00e4llen verwenden wir auch Cookies, die von vertrauensw\u00fcrdigen Dritten zur Verf\u00fcgung gestellt werden. Im folgenden Abschnitt erfahren Sie, welche Cookies von Drittanbietern auf dieser Website auftreten k\u00f6nnen.<\/p>\n<p>Diese Website nutzt Google Analytics, eine der am weitesten verbreiteten und vertrauensw\u00fcrdigsten Analytics-L\u00f6sungen im Internet. Dies, um zu verstehen, wie Sie die Website nutzen und wie wir\u00a0Ihre Erfahrung\u00a0verbessern k\u00f6nnen. Diese Cookies analysieren beispielsweise, wie lange\u00a0und welche\u00a0Seiten Sie besuchen, damit wir weiterhin ansprechende Inhalte produzieren k\u00f6nnen.<\/p>\n<p>Weitere Informationen zu Google Analytics-Cookies finden Sie auf der offiziellen Google Analytics-Seite.<\/p>\n<h4>Mehr Informationen<\/h4>\n<p>Wir hoffen, Ihnen die Cookie-Richtlinie n\u00e4hergebracht zu haben\u00a0und wie bereits erw\u00e4hnt, wenn es etwas gibt,\u00a0wor\u00fcber Sie sich\u00a0nicht sicher sind, ob Sie es brauchen oder nicht, ist es normalerweise sicherer, Cookies aktiviert zu lassen, falls\u00a0es mit einer der Funktionen interagiert, die Sie auf unserer Website verwenden. Wenn Sie noch weitere Informationen ben\u00f6tigen, d\u00fcrfen Sie uns gerne\u00a0per E-Mail\u00a0oder telefonisch\u00a0kontaktieren:<\/p>\n<p>E-Mail: info@piccolauniversitaitaliana.com<br \/>\nTelefonnummer Trieste: +39 040 30 40 20<\/p>\n<p>Telefonnummer Tropea: +39 0963 603284<\/p>\n","protected":false},"excerpt":{"rendered":"<p>Was sind Cookies? Wie die meisten professionellen Websites verwendet auch diese Websites Cookies, die winzigen Dateien, die auf Ihren Computer heruntergeladen werden, um Ihre Erfahrungen zu verbessern. Diese Seite beschreibt, welche Informationen gesammelt werden, wie wir sie verwenden und warum wir diese Cookies manchmal speichern m\u00fcssen. Wir teilen Ihnen auch mit, wie Sie die Speicherung &hellip; <a href=\"https:\/\/piccolauniversitaitaliana.com\/de\/cookie-richtlinien\/\" class=\"more-link\"><span class=\"screen-reader-text\">&#8222;COOKIE-RICHTLINIEN&#8220; <\/span>weiterlesen<\/a><\/p>\n","protected":false},"author":2,"featured_media":17997,"parent":0,"menu_order":0,"comment_status":"closed","ping_status":"closed","template":"","meta":{"_acf_changed":false,"footnotes":""},"class_list":["post-3029","page","type-page","status-publish","has-post-thumbnail","hentry"],"acf":[],"yoast_head":"<!-- This site is optimized with the Yoast SEO Premium plugin v27.0 (Yoast SEO v27.4) - https:\/\/yoast.com\/product\/yoast-seo-premium-wordpress\/ -->\n<title>COOKIE-RICHTLINIEN - Piccola Universit\u00e0 Italiana<\/title>\n<meta name=\"description\" content=\"Dies ist die Cookie-Richtlinie der Piccola Universit\u00e0 Italiana, die beschreibt, welche Informationen gesammelt werden, wie sie verwendet werden und warum wir diese Cookies manchmal speichern.\" \/>\n<meta name=\"robots\" content=\"index, follow, max-snippet:-1, max-image-preview:large, max-video-preview:-1\" \/>\n<link rel=\"canonical\" href=\"https:\/\/piccolauniversitaitaliana.com\/de\/cookie-richtlinien\/\" \/>\n<meta property=\"og:locale\" content=\"de_DE\" \/>\n<meta property=\"og:type\" content=\"article\" \/>\n<meta property=\"og:title\" content=\"COOKIE-RICHTLINIEN\" \/>\n<meta property=\"og:description\" content=\"Was sind Cookies? Wie die meisten professionellen Websites verwendet auch diese Websites Cookies, die winzigen Dateien, die auf Ihren Computer\" \/>\n<meta property=\"og:url\" content=\"https:\/\/piccolauniversitaitaliana.com\/de\/cookie-richtlinien\/\" \/>\n<meta property=\"og:site_name\" content=\"Piccola Universit\u00e0 Italiana\" \/>\n<meta property=\"article:publisher\" content=\"https:\/\/www.facebook.com\/piccola.universita.italiana.trieste\/\" \/>\n<meta property=\"article:modified_time\" content=\"2023-05-25T14:12:33+00:00\" \/>\n<meta property=\"og:image\" content=\"https:\/\/piccolauniversitaitaliana.com\/wp-content\/uploads\/2019\/02\/PUI-blu-2.png\" \/>\n\t<meta property=\"og:image:width\" content=\"1280\" \/>\n\t<meta property=\"og:image:height\" content=\"800\" \/>\n\t<meta property=\"og:image:type\" content=\"image\/png\" \/>\n<meta name=\"twitter:card\" content=\"summary_large_image\" \/>\n<meta name=\"twitter:site\" content=\"@italiancourses\" \/>\n<meta name=\"twitter:label1\" content=\"Gesch\u00e4tzte Lesezeit\" \/>\n\t<meta name=\"twitter:data1\" content=\"2\u00a0Minuten\" \/>\n<script type=\"application\/ld+json\" class=\"yoast-schema-graph\">{\"@context\":\"https:\\\/\\\/schema.org\",\"@graph\":[{\"@type\":\"WebPage\",\"@id\":\"https:\\\/\\\/piccolauniversitaitaliana.com\\\/de\\\/cookie-richtlinien\\\/\",\"url\":\"https:\\\/\\\/piccolauniversitaitaliana.com\\\/de\\\/cookie-richtlinien\\\/\",\"name\":\"COOKIE-RICHTLINIEN - Piccola Universit\u00e0 Italiana\",\"isPartOf\":{\"@id\":\"https:\\\/\\\/piccolauniversitaitaliana.com\\\/de\\\/#website\"},\"primaryImageOfPage\":{\"@id\":\"https:\\\/\\\/piccolauniversitaitaliana.com\\\/de\\\/cookie-richtlinien\\\/#primaryimage\"},\"image\":{\"@id\":\"https:\\\/\\\/piccolauniversitaitaliana.com\\\/de\\\/cookie-richtlinien\\\/#primaryimage\"},\"thumbnailUrl\":\"https:\\\/\\\/piccolauniversitaitaliana.com\\\/wp-content\\\/uploads\\\/2019\\\/02\\\/PUI-blu-2.png\",\"datePublished\":\"2016-12-16T22:09:03+00:00\",\"dateModified\":\"2023-05-25T14:12:33+00:00\",\"description\":\"Dies ist die Cookie-Richtlinie der Piccola Universit\u00e0 Italiana, die beschreibt, welche Informationen gesammelt werden, wie sie verwendet werden und warum wir diese Cookies manchmal speichern.\",\"breadcrumb\":{\"@id\":\"https:\\\/\\\/piccolauniversitaitaliana.com\\\/de\\\/cookie-richtlinien\\\/#breadcrumb\"},\"inLanguage\":\"de\",\"potentialAction\":[{\"@type\":\"ReadAction\",\"target\":[\"https:\\\/\\\/piccolauniversitaitaliana.com\\\/de\\\/cookie-richtlinien\\\/\"]}]},{\"@type\":\"ImageObject\",\"inLanguage\":\"de\",\"@id\":\"https:\\\/\\\/piccolauniversitaitaliana.com\\\/de\\\/cookie-richtlinien\\\/#primaryimage\",\"url\":\"https:\\\/\\\/piccolauniversitaitaliana.com\\\/wp-content\\\/uploads\\\/2019\\\/02\\\/PUI-blu-2.png\",\"contentUrl\":\"https:\\\/\\\/piccolauniversitaitaliana.com\\\/wp-content\\\/uploads\\\/2019\\\/02\\\/PUI-blu-2.png\",\"width\":1280,\"height\":800},{\"@type\":\"BreadcrumbList\",\"@id\":\"https:\\\/\\\/piccolauniversitaitaliana.com\\\/de\\\/cookie-richtlinien\\\/#breadcrumb\",\"itemListElement\":[{\"@type\":\"ListItem\",\"position\":1,\"name\":\"Home\",\"item\":\"https:\\\/\\\/piccolauniversitaitaliana.com\\\/de\\\/\"},{\"@type\":\"ListItem\",\"position\":2,\"name\":\"COOKIE-RICHTLINIEN\"}]},{\"@type\":\"WebSite\",\"@id\":\"https:\\\/\\\/piccolauniversitaitaliana.com\\\/de\\\/#website\",\"url\":\"https:\\\/\\\/piccolauniversitaitaliana.com\\\/de\\\/\",\"name\":\"Piccola Universit\u00e0 Italiana\",\"description\":\"Boutique Italian Language Schools in Fantastic Locations\",\"publisher\":{\"@id\":\"https:\\\/\\\/piccolauniversitaitaliana.com\\\/de\\\/#organization\"},\"potentialAction\":[{\"@type\":\"SearchAction\",\"target\":{\"@type\":\"EntryPoint\",\"urlTemplate\":\"https:\\\/\\\/piccolauniversitaitaliana.com\\\/de\\\/?s={search_term_string}\"},\"query-input\":{\"@type\":\"PropertyValueSpecification\",\"valueRequired\":true,\"valueName\":\"search_term_string\"}}],\"inLanguage\":\"de\"},{\"@type\":\"Organization\",\"@id\":\"https:\\\/\\\/piccolauniversitaitaliana.com\\\/de\\\/#organization\",\"name\":\"PICCOLA UNIVERSIT\u00c0 ITALIANA\",\"url\":\"https:\\\/\\\/piccolauniversitaitaliana.com\\\/de\\\/\",\"logo\":{\"@type\":\"ImageObject\",\"inLanguage\":\"de\",\"@id\":\"https:\\\/\\\/piccolauniversitaitaliana.com\\\/de\\\/#\\\/schema\\\/logo\\\/image\\\/\",\"url\":\"\",\"contentUrl\":\"\",\"caption\":\"PICCOLA UNIVERSIT\u00c0 ITALIANA\"},\"image\":{\"@id\":\"https:\\\/\\\/piccolauniversitaitaliana.com\\\/de\\\/#\\\/schema\\\/logo\\\/image\\\/\"},\"sameAs\":[\"https:\\\/\\\/www.facebook.com\\\/piccola.universita.italiana.trieste\\\/\",\"https:\\\/\\\/x.com\\\/italiancourses\",\"https:\\\/\\\/www.instagram.com\\\/explore\\\/locations\\\/99826744\\\/piccola-universita-italiana\\\/\",\"https:\\\/\\\/www.linkedin.com\\\/company\\\/piccola-universit-italiana\",\"https:\\\/\\\/www.youtube.com\\\/user\\\/piccolauniversitaita\"]}]}<\/script>\n<!-- \/ Yoast SEO Premium plugin. -->","yoast_head_json":{"title":"COOKIE-RICHTLINIEN - Piccola Universit\u00e0 Italiana","description":"Dies ist die Cookie-Richtlinie der Piccola Universit\u00e0 Italiana, die beschreibt, welche Informationen gesammelt werden, wie sie verwendet werden und warum wir diese Cookies manchmal speichern.","robots":{"index":"index","follow":"follow","max-snippet":"max-snippet:-1","max-image-preview":"max-image-preview:large","max-video-preview":"max-video-preview:-1"},"canonical":"https:\/\/piccolauniversitaitaliana.com\/de\/cookie-richtlinien\/","og_locale":"de_DE","og_type":"article","og_title":"COOKIE-RICHTLINIEN","og_description":"Was sind Cookies? Wie die meisten professionellen Websites verwendet auch diese Websites Cookies, die winzigen Dateien, die auf Ihren Computer","og_url":"https:\/\/piccolauniversitaitaliana.com\/de\/cookie-richtlinien\/","og_site_name":"Piccola Universit\u00e0 Italiana","article_publisher":"https:\/\/www.facebook.com\/piccola.universita.italiana.trieste\/","article_modified_time":"2023-05-25T14:12:33+00:00","og_image":[{"width":1280,"height":800,"url":"https:\/\/piccolauniversitaitaliana.com\/wp-content\/uploads\/2019\/02\/PUI-blu-2.png","type":"image\/png"}],"twitter_card":"summary_large_image","twitter_site":"@italiancourses","twitter_misc":{"Gesch\u00e4tzte Lesezeit":"2\u00a0Minuten"},"schema":{"@context":"https:\/\/schema.org","@graph":[{"@type":"WebPage","@id":"https:\/\/piccolauniversitaitaliana.com\/de\/cookie-richtlinien\/","url":"https:\/\/piccolauniversitaitaliana.com\/de\/cookie-richtlinien\/","name":"COOKIE-RICHTLINIEN - Piccola Universit\u00e0 Italiana","isPartOf":{"@id":"https:\/\/piccolauniversitaitaliana.com\/de\/#website"},"primaryImageOfPage":{"@id":"https:\/\/piccolauniversitaitaliana.com\/de\/cookie-richtlinien\/#primaryimage"},"image":{"@id":"https:\/\/piccolauniversitaitaliana.com\/de\/cookie-richtlinien\/#primaryimage"},"thumbnailUrl":"https:\/\/piccolauniversitaitaliana.com\/wp-content\/uploads\/2019\/02\/PUI-blu-2.png","datePublished":"2016-12-16T22:09:03+00:00","dateModified":"2023-05-25T14:12:33+00:00","description":"Dies ist die Cookie-Richtlinie der Piccola Universit\u00e0 Italiana, die beschreibt, welche Informationen gesammelt werden, wie sie verwendet werden und warum wir diese Cookies manchmal speichern.","breadcrumb":{"@id":"https:\/\/piccolauniversitaitaliana.com\/de\/cookie-richtlinien\/#breadcrumb"},"inLanguage":"de","potentialAction":[{"@type":"ReadAction","target":["https:\/\/piccolauniversitaitaliana.com\/de\/cookie-richtlinien\/"]}]},{"@type":"ImageObject","inLanguage":"de","@id":"https:\/\/piccolauniversitaitaliana.com\/de\/cookie-richtlinien\/#primaryimage","url":"https:\/\/piccolauniversitaitaliana.com\/wp-content\/uploads\/2019\/02\/PUI-blu-2.png","contentUrl":"https:\/\/piccolauniversitaitaliana.com\/wp-content\/uploads\/2019\/02\/PUI-blu-2.png","width":1280,"height":800},{"@type":"BreadcrumbList","@id":"https:\/\/piccolauniversitaitaliana.com\/de\/cookie-richtlinien\/#breadcrumb","itemListElement":[{"@type":"ListItem","position":1,"name":"Home","item":"https:\/\/piccolauniversitaitaliana.com\/de\/"},{"@type":"ListItem","position":2,"name":"COOKIE-RICHTLINIEN"}]},{"@type":"WebSite","@id":"https:\/\/piccolauniversitaitaliana.com\/de\/#website","url":"https:\/\/piccolauniversitaitaliana.com\/de\/","name":"Piccola Universit\u00e0 Italiana","description":"Boutique Italian Language Schools in Fantastic Locations","publisher":{"@id":"https:\/\/piccolauniversitaitaliana.com\/de\/#organization"},"potentialAction":[{"@type":"SearchAction","target":{"@type":"EntryPoint","urlTemplate":"https:\/\/piccolauniversitaitaliana.com\/de\/?s={search_term_string}"},"query-input":{"@type":"PropertyValueSpecification","valueRequired":true,"valueName":"search_term_string"}}],"inLanguage":"de"},{"@type":"Organization","@id":"https:\/\/piccolauniversitaitaliana.com\/de\/#organization","name":"PICCOLA UNIVERSIT\u00c0 ITALIANA","url":"https:\/\/piccolauniversitaitaliana.com\/de\/","logo":{"@type":"ImageObject","inLanguage":"de","@id":"https:\/\/piccolauniversitaitaliana.com\/de\/#\/schema\/logo\/image\/","url":"","contentUrl":"","caption":"PICCOLA UNIVERSIT\u00c0 ITALIANA"},"image":{"@id":"https:\/\/piccolauniversitaitaliana.com\/de\/#\/schema\/logo\/image\/"},"sameAs":["https:\/\/www.facebook.com\/piccola.universita.italiana.trieste\/","https:\/\/x.com\/italiancourses","https:\/\/www.instagram.com\/explore\/locations\/99826744\/piccola-universita-italiana\/","https:\/\/www.linkedin.com\/company\/piccola-universit-italiana","https:\/\/www.youtube.com\/user\/piccolauniversitaita"]}]}},"_links":{"self":[{"href":"https:\/\/piccolauniversitaitaliana.com\/de\/wp-json\/wp\/v2\/pages\/3029","targetHints":{"allow":["GET"]}}],"collection":[{"href":"https:\/\/piccolauniversitaitaliana.com\/de\/wp-json\/wp\/v2\/pages"}],"about":[{"href":"https:\/\/piccolauniversitaitaliana.com\/de\/wp-json\/wp\/v2\/types\/page"}],"author":[{"embeddable":true,"href":"https:\/\/piccolauniversitaitaliana.com\/de\/wp-json\/wp\/v2\/users\/2"}],"replies":[{"embeddable":true,"href":"https:\/\/piccolauniversitaitaliana.com\/de\/wp-json\/wp\/v2\/comments?post=3029"}],"version-history":[{"count":8,"href":"https:\/\/piccolauniversitaitaliana.com\/de\/wp-json\/wp\/v2\/pages\/3029\/revisions"}],"predecessor-version":[{"id":36833,"href":"https:\/\/piccolauniversitaitaliana.com\/de\/wp-json\/wp\/v2\/pages\/3029\/revisions\/36833"}],"wp:featuredmedia":[{"embeddable":true,"href":"https:\/\/piccolauniversitaitaliana.com\/de\/wp-json\/wp\/v2\/media\/17997"}],"wp:attachment":[{"href":"https:\/\/piccolauniversitaitaliana.com\/de\/wp-json\/wp\/v2\/media?parent=3029"}],"curies":[{"name":"wp","href":"https:\/\/api.w.org\/{rel}","templated":true}]}}