{"id":2320,"date":"2016-05-27T16:07:27","date_gmt":"2016-05-27T16:07:27","guid":{"rendered":"http:\/\/piccolauniversita.com\/wordpress\/de\/?page_id=2320"},"modified":"2023-05-04T08:04:41","modified_gmt":"2023-05-04T08:04:41","slug":"italienisch-sprachschule-trieste","status":"publish","type":"page","link":"https:\/\/piccolauniversitaitaliana.com\/de\/italienisch-sprachschule-trieste\/","title":{"rendered":"ITALIENISCH SPRACHSCHULE IN TRIESTE"},"content":{"rendered":"<p><iframe loading=\"lazy\" title=\"Study Italian in Trieste and enjoy Italy at its finest!\" width=\"840\" height=\"473\" src=\"https:\/\/www.youtube.com\/embed\/vH_TLc-TLoo?feature=oembed\" frameborder=\"0\" allow=\"accelerometer; autoplay; clipboard-write; encrypted-media; gyroscope; picture-in-picture; web-share\" allowfullscreen><\/iframe><\/p>\n<h2>UNSERE SCHULE + AUSSTATTUNG<\/h2>\n<p>Die Schule ist in einem pr\u00e4chtigen Palazzo aus dem 18. Jahrhundert im venezianischen Stil untergebracht.<br \/>\nDie Klassenr\u00e4ume befinden sich im ersten Stock des Geb\u00e4udes.<\/p>\n<ul>\n<li>6 Klassenr\u00e4ume mit multimedialer Ausstattung<\/li>\n<li>\n<div align=\"justify\">Empfangsbereich und Sekretariat<\/div>\n<\/li>\n<li>Bibliothek<\/li>\n<li>kostenlosen W-LAN (WIFI) im gesamten Schulgeb\u00e4ude<\/li>\n<li>Klimaanlage im gesamten Schulbereich<\/li>\n<li>\n<div align=\"justify\">kleiner Kinosaal<\/div>\n<\/li>\n<li>Kaffee Bereich<\/li>\n<\/ul>\n","protected":false},"excerpt":{"rendered":"<p>UNSERE SCHULE + AUSSTATTUNG Die Schule ist in einem pr\u00e4chtigen Palazzo aus dem 18. Jahrhundert im venezianischen Stil untergebracht. Die Klassenr\u00e4ume befinden sich im ersten Stock des Geb\u00e4udes. 6 Klassenr\u00e4ume mit multimedialer Ausstattung Empfangsbereich und Sekretariat Bibliothek kostenlosen W-LAN (WIFI) im gesamten Schulgeb\u00e4ude Klimaanlage im gesamten Schulbereich kleiner Kinosaal Kaffee Bereich<\/p>\n","protected":false},"author":7,"featured_media":9093,"parent":0,"menu_order":0,"comment_status":"closed","ping_status":"closed","template":"page-school.php","meta":{"_acf_changed":false,"footnotes":""},"class_list":["post-2320","page","type-page","status-publish","has-post-thumbnail","hentry"],"acf":[],"yoast_head":"<!-- This site is optimized with the Yoast SEO Premium plugin v27.0 (Yoast SEO v27.4) - https:\/\/yoast.com\/product\/yoast-seo-premium-wordpress\/ -->\n<title>ITALIENISCH SCHULE TRIEST - Piccola Universit\u00e0 Italiana<\/title>\n<meta name=\"description\" content=\"Unsere Italienisch Schule in Norditalien befindet sich in Triest, einer bezaubernden, eleganten, lebhaften und sicheren Universit\u00e4tsstadt.\" \/>\n<meta name=\"robots\" content=\"index, follow, max-snippet:-1, max-image-preview:large, max-video-preview:-1\" \/>\n<link rel=\"canonical\" href=\"https:\/\/piccolauniversitaitaliana.com\/de\/italienisch-sprachschule-trieste\/\" \/>\n<meta property=\"og:locale\" content=\"de_DE\" \/>\n<meta property=\"og:type\" content=\"article\" \/>\n<meta property=\"og:title\" content=\"ITALIENISCH SPRACHSCHULE IN TRIESTE\" \/>\n<meta property=\"og:description\" content=\"UNSERE SCHULE + AUSSTATTUNG Die Schule ist in einem pr\u00e4chtigen Palazzo aus dem 18. Jahrhundert im venezianischen Stil untergebracht. Die Klassenr\u00e4ume\" \/>\n<meta property=\"og:url\" content=\"https:\/\/piccolauniversitaitaliana.com\/de\/italienisch-sprachschule-trieste\/\" \/>\n<meta property=\"og:site_name\" content=\"Piccola Universit\u00e0 Italiana\" \/>\n<meta property=\"article:publisher\" content=\"https:\/\/www.facebook.com\/piccola.universita.italiana.trieste\/\" \/>\n<meta property=\"article:modified_time\" content=\"2023-05-04T08:04:41+00:00\" \/>\n<meta property=\"og:image\" content=\"https:\/\/piccolauniversitaitaliana.com\/wp-content\/uploads\/2016\/05\/Scuola-trieste-ok-DSC_0271-1024x678.jpg\" \/>\n\t<meta property=\"og:image:width\" content=\"1024\" \/>\n\t<meta property=\"og:image:height\" content=\"678\" \/>\n\t<meta property=\"og:image:type\" content=\"image\/jpeg\" \/>\n<meta name=\"twitter:card\" content=\"summary_large_image\" \/>\n<meta name=\"twitter:site\" content=\"@italiancourses\" \/>\n<meta name=\"twitter:label1\" content=\"Gesch\u00e4tzte Lesezeit\" \/>\n\t<meta name=\"twitter:data1\" content=\"1\u00a0Minute\" \/>\n<script type=\"application\/ld+json\" class=\"yoast-schema-graph\">{\"@context\":\"https:\\\/\\\/schema.org\",\"@graph\":[{\"@type\":\"WebPage\",\"@id\":\"https:\\\/\\\/piccolauniversitaitaliana.com\\\/de\\\/italienisch-sprachschule-trieste\\\/\",\"url\":\"https:\\\/\\\/piccolauniversitaitaliana.com\\\/de\\\/italienisch-sprachschule-trieste\\\/\",\"name\":\"ITALIENISCH SCHULE TRIEST - Piccola Universit\u00e0 Italiana\",\"isPartOf\":{\"@id\":\"https:\\\/\\\/piccolauniversitaitaliana.com\\\/de\\\/#website\"},\"primaryImageOfPage\":{\"@id\":\"https:\\\/\\\/piccolauniversitaitaliana.com\\\/de\\\/italienisch-sprachschule-trieste\\\/#primaryimage\"},\"image\":{\"@id\":\"https:\\\/\\\/piccolauniversitaitaliana.com\\\/de\\\/italienisch-sprachschule-trieste\\\/#primaryimage\"},\"thumbnailUrl\":\"https:\\\/\\\/piccolauniversitaitaliana.com\\\/wp-content\\\/uploads\\\/2016\\\/05\\\/Scuola-trieste-ok-DSC_0271.jpg\",\"datePublished\":\"2016-05-27T16:07:27+00:00\",\"dateModified\":\"2023-05-04T08:04:41+00:00\",\"description\":\"Unsere Italienisch Schule in Norditalien befindet sich in Triest, einer bezaubernden, eleganten, lebhaften und sicheren Universit\u00e4tsstadt.\",\"breadcrumb\":{\"@id\":\"https:\\\/\\\/piccolauniversitaitaliana.com\\\/de\\\/italienisch-sprachschule-trieste\\\/#breadcrumb\"},\"inLanguage\":\"de\",\"potentialAction\":[{\"@type\":\"ReadAction\",\"target\":[\"https:\\\/\\\/piccolauniversitaitaliana.com\\\/de\\\/italienisch-sprachschule-trieste\\\/\"]}]},{\"@type\":\"ImageObject\",\"inLanguage\":\"de\",\"@id\":\"https:\\\/\\\/piccolauniversitaitaliana.com\\\/de\\\/italienisch-sprachschule-trieste\\\/#primaryimage\",\"url\":\"https:\\\/\\\/piccolauniversitaitaliana.com\\\/wp-content\\\/uploads\\\/2016\\\/05\\\/Scuola-trieste-ok-DSC_0271.jpg\",\"contentUrl\":\"https:\\\/\\\/piccolauniversitaitaliana.com\\\/wp-content\\\/uploads\\\/2016\\\/05\\\/Scuola-trieste-ok-DSC_0271.jpg\",\"width\":4928,\"height\":3264,\"caption\":\"la nostra scuola di lingua italiana a Trieste\"},{\"@type\":\"BreadcrumbList\",\"@id\":\"https:\\\/\\\/piccolauniversitaitaliana.com\\\/de\\\/italienisch-sprachschule-trieste\\\/#breadcrumb\",\"itemListElement\":[{\"@type\":\"ListItem\",\"position\":1,\"name\":\"Home\",\"item\":\"https:\\\/\\\/piccolauniversitaitaliana.com\\\/de\\\/\"},{\"@type\":\"ListItem\",\"position\":2,\"name\":\"ITALIENISCH SPRACHSCHULE IN TRIESTE\"}]},{\"@type\":\"WebSite\",\"@id\":\"https:\\\/\\\/piccolauniversitaitaliana.com\\\/de\\\/#website\",\"url\":\"https:\\\/\\\/piccolauniversitaitaliana.com\\\/de\\\/\",\"name\":\"Piccola Universit\u00e0 Italiana\",\"description\":\"Boutique Italian Language Schools in Fantastic Locations\",\"publisher\":{\"@id\":\"https:\\\/\\\/piccolauniversitaitaliana.com\\\/de\\\/#organization\"},\"potentialAction\":[{\"@type\":\"SearchAction\",\"target\":{\"@type\":\"EntryPoint\",\"urlTemplate\":\"https:\\\/\\\/piccolauniversitaitaliana.com\\\/de\\\/?s={search_term_string}\"},\"query-input\":{\"@type\":\"PropertyValueSpecification\",\"valueRequired\":true,\"valueName\":\"search_term_string\"}}],\"inLanguage\":\"de\"},{\"@type\":\"Organization\",\"@id\":\"https:\\\/\\\/piccolauniversitaitaliana.com\\\/de\\\/#organization\",\"name\":\"PICCOLA UNIVERSIT\u00c0 ITALIANA\",\"url\":\"https:\\\/\\\/piccolauniversitaitaliana.com\\\/de\\\/\",\"logo\":{\"@type\":\"ImageObject\",\"inLanguage\":\"de\",\"@id\":\"https:\\\/\\\/piccolauniversitaitaliana.com\\\/de\\\/#\\\/schema\\\/logo\\\/image\\\/\",\"url\":\"\",\"contentUrl\":\"\",\"caption\":\"PICCOLA UNIVERSIT\u00c0 ITALIANA\"},\"image\":{\"@id\":\"https:\\\/\\\/piccolauniversitaitaliana.com\\\/de\\\/#\\\/schema\\\/logo\\\/image\\\/\"},\"sameAs\":[\"https:\\\/\\\/www.facebook.com\\\/piccola.universita.italiana.trieste\\\/\",\"https:\\\/\\\/x.com\\\/italiancourses\",\"https:\\\/\\\/www.instagram.com\\\/explore\\\/locations\\\/99826744\\\/piccola-universita-italiana\\\/\",\"https:\\\/\\\/www.linkedin.com\\\/company\\\/piccola-universit-italiana\",\"https:\\\/\\\/www.youtube.com\\\/user\\\/piccolauniversitaita\"]}]}<\/script>\n<!-- \/ Yoast SEO Premium plugin. -->","yoast_head_json":{"title":"ITALIENISCH SCHULE TRIEST - Piccola Universit\u00e0 Italiana","description":"Unsere Italienisch Schule in Norditalien befindet sich in Triest, einer bezaubernden, eleganten, lebhaften und sicheren Universit\u00e4tsstadt.","robots":{"index":"index","follow":"follow","max-snippet":"max-snippet:-1","max-image-preview":"max-image-preview:large","max-video-preview":"max-video-preview:-1"},"canonical":"https:\/\/piccolauniversitaitaliana.com\/de\/italienisch-sprachschule-trieste\/","og_locale":"de_DE","og_type":"article","og_title":"ITALIENISCH SPRACHSCHULE IN TRIESTE","og_description":"UNSERE SCHULE + AUSSTATTUNG Die Schule ist in einem pr\u00e4chtigen Palazzo aus dem 18. Jahrhundert im venezianischen Stil untergebracht. Die Klassenr\u00e4ume","og_url":"https:\/\/piccolauniversitaitaliana.com\/de\/italienisch-sprachschule-trieste\/","og_site_name":"Piccola Universit\u00e0 Italiana","article_publisher":"https:\/\/www.facebook.com\/piccola.universita.italiana.trieste\/","article_modified_time":"2023-05-04T08:04:41+00:00","og_image":[{"width":1024,"height":678,"url":"https:\/\/piccolauniversitaitaliana.com\/wp-content\/uploads\/2016\/05\/Scuola-trieste-ok-DSC_0271-1024x678.jpg","type":"image\/jpeg"}],"twitter_card":"summary_large_image","twitter_site":"@italiancourses","twitter_misc":{"Gesch\u00e4tzte Lesezeit":"1\u00a0Minute"},"schema":{"@context":"https:\/\/schema.org","@graph":[{"@type":"WebPage","@id":"https:\/\/piccolauniversitaitaliana.com\/de\/italienisch-sprachschule-trieste\/","url":"https:\/\/piccolauniversitaitaliana.com\/de\/italienisch-sprachschule-trieste\/","name":"ITALIENISCH SCHULE TRIEST - Piccola Universit\u00e0 Italiana","isPartOf":{"@id":"https:\/\/piccolauniversitaitaliana.com\/de\/#website"},"primaryImageOfPage":{"@id":"https:\/\/piccolauniversitaitaliana.com\/de\/italienisch-sprachschule-trieste\/#primaryimage"},"image":{"@id":"https:\/\/piccolauniversitaitaliana.com\/de\/italienisch-sprachschule-trieste\/#primaryimage"},"thumbnailUrl":"https:\/\/piccolauniversitaitaliana.com\/wp-content\/uploads\/2016\/05\/Scuola-trieste-ok-DSC_0271.jpg","datePublished":"2016-05-27T16:07:27+00:00","dateModified":"2023-05-04T08:04:41+00:00","description":"Unsere Italienisch Schule in Norditalien befindet sich in Triest, einer bezaubernden, eleganten, lebhaften und sicheren Universit\u00e4tsstadt.","breadcrumb":{"@id":"https:\/\/piccolauniversitaitaliana.com\/de\/italienisch-sprachschule-trieste\/#breadcrumb"},"inLanguage":"de","potentialAction":[{"@type":"ReadAction","target":["https:\/\/piccolauniversitaitaliana.com\/de\/italienisch-sprachschule-trieste\/"]}]},{"@type":"ImageObject","inLanguage":"de","@id":"https:\/\/piccolauniversitaitaliana.com\/de\/italienisch-sprachschule-trieste\/#primaryimage","url":"https:\/\/piccolauniversitaitaliana.com\/wp-content\/uploads\/2016\/05\/Scuola-trieste-ok-DSC_0271.jpg","contentUrl":"https:\/\/piccolauniversitaitaliana.com\/wp-content\/uploads\/2016\/05\/Scuola-trieste-ok-DSC_0271.jpg","width":4928,"height":3264,"caption":"la nostra scuola di lingua italiana a Trieste"},{"@type":"BreadcrumbList","@id":"https:\/\/piccolauniversitaitaliana.com\/de\/italienisch-sprachschule-trieste\/#breadcrumb","itemListElement":[{"@type":"ListItem","position":1,"name":"Home","item":"https:\/\/piccolauniversitaitaliana.com\/de\/"},{"@type":"ListItem","position":2,"name":"ITALIENISCH SPRACHSCHULE IN TRIESTE"}]},{"@type":"WebSite","@id":"https:\/\/piccolauniversitaitaliana.com\/de\/#website","url":"https:\/\/piccolauniversitaitaliana.com\/de\/","name":"Piccola Universit\u00e0 Italiana","description":"Boutique Italian Language Schools in Fantastic Locations","publisher":{"@id":"https:\/\/piccolauniversitaitaliana.com\/de\/#organization"},"potentialAction":[{"@type":"SearchAction","target":{"@type":"EntryPoint","urlTemplate":"https:\/\/piccolauniversitaitaliana.com\/de\/?s={search_term_string}"},"query-input":{"@type":"PropertyValueSpecification","valueRequired":true,"valueName":"search_term_string"}}],"inLanguage":"de"},{"@type":"Organization","@id":"https:\/\/piccolauniversitaitaliana.com\/de\/#organization","name":"PICCOLA UNIVERSIT\u00c0 ITALIANA","url":"https:\/\/piccolauniversitaitaliana.com\/de\/","logo":{"@type":"ImageObject","inLanguage":"de","@id":"https:\/\/piccolauniversitaitaliana.com\/de\/#\/schema\/logo\/image\/","url":"","contentUrl":"","caption":"PICCOLA UNIVERSIT\u00c0 ITALIANA"},"image":{"@id":"https:\/\/piccolauniversitaitaliana.com\/de\/#\/schema\/logo\/image\/"},"sameAs":["https:\/\/www.facebook.com\/piccola.universita.italiana.trieste\/","https:\/\/x.com\/italiancourses","https:\/\/www.instagram.com\/explore\/locations\/99826744\/piccola-universita-italiana\/","https:\/\/www.linkedin.com\/company\/piccola-universit-italiana","https:\/\/www.youtube.com\/user\/piccolauniversitaita"]}]}},"_links":{"self":[{"href":"https:\/\/piccolauniversitaitaliana.com\/de\/wp-json\/wp\/v2\/pages\/2320","targetHints":{"allow":["GET"]}}],"collection":[{"href":"https:\/\/piccolauniversitaitaliana.com\/de\/wp-json\/wp\/v2\/pages"}],"about":[{"href":"https:\/\/piccolauniversitaitaliana.com\/de\/wp-json\/wp\/v2\/types\/page"}],"author":[{"embeddable":true,"href":"https:\/\/piccolauniversitaitaliana.com\/de\/wp-json\/wp\/v2\/users\/7"}],"replies":[{"embeddable":true,"href":"https:\/\/piccolauniversitaitaliana.com\/de\/wp-json\/wp\/v2\/comments?post=2320"}],"version-history":[{"count":13,"href":"https:\/\/piccolauniversitaitaliana.com\/de\/wp-json\/wp\/v2\/pages\/2320\/revisions"}],"predecessor-version":[{"id":36342,"href":"https:\/\/piccolauniversitaitaliana.com\/de\/wp-json\/wp\/v2\/pages\/2320\/revisions\/36342"}],"wp:featuredmedia":[{"embeddable":true,"href":"https:\/\/piccolauniversitaitaliana.com\/de\/wp-json\/wp\/v2\/media\/9093"}],"wp:attachment":[{"href":"https:\/\/piccolauniversitaitaliana.com\/de\/wp-json\/wp\/v2\/media?parent=2320"}],"curies":[{"name":"wp","href":"https:\/\/api.w.org\/{rel}","templated":true}]}}