{"id":2318,"date":"2016-12-11T17:38:33","date_gmt":"2016-12-11T17:38:33","guid":{"rendered":"http:\/\/piccolauniversita.com\/wordpress\/de\/?page_id=2318"},"modified":"2023-07-21T08:54:30","modified_gmt":"2023-07-21T08:54:30","slug":"testimonianzen-triest","status":"publish","type":"page","link":"https:\/\/piccolauniversitaitaliana.com\/de\/testimonianzen-triest\/","title":{"rendered":"STUDENTEN ECHO TRIEST"},"content":{"rendered":"<h6>Unsere Studenten und was sie sagen&#8230;<\/h6>\n<p>In mehr als 30 Jahren Erfahrung haben wir viele Meinungen <a href=\"https:\/\/piccolauniversitaitaliana.com\/de\/wer-sind-unsere-studenten\/\">unserer Studenten<\/a> \u00fcber unsere Italienischkurse, unsere Italienischlehrer, das au\u00dferschulische Aktivit\u00e4ten Programm, kulturelle Veranstaltungen, unsere Unterkunftsm\u00f6glichkeiten, die Stadt Triest und die Region Friaul-Julisch Venetien gesammelt.<\/p>\n<blockquote><p>Dieses Echo ist ein Beweis f\u00fcr die Professionalit\u00e4t unserer Italienisch-Sprachschule und zeigt, wie wir <a href=\"https:\/\/piccolauniversitaitaliana.com\/de\/unsere-philosophie\/\">unsere Philosophie<\/a> in der Schule und bei den au\u00dferschulischen Aktivit\u00e4ten leben.<\/p><\/blockquote>\n<p>Lesen Sie die Berichte, um sich ein Bild von der Qualit\u00e4t unserer Italienischkurse und aller angebotenen Dienstleistungen zu machen!<\/p>\n","protected":false},"excerpt":{"rendered":"<p>Unsere Studenten und was sie sagen&#8230; In mehr als 30 Jahren Erfahrung haben wir viele Meinungen unserer Studenten \u00fcber unsere Italienischkurse, unsere Italienischlehrer, das au\u00dferschulische Aktivit\u00e4ten Programm, kulturelle Veranstaltungen, unsere Unterkunftsm\u00f6glichkeiten, die Stadt Triest und die Region Friaul-Julisch Venetien gesammelt. Dieses Echo ist ein Beweis f\u00fcr die Professionalit\u00e4t unserer Italienisch-Sprachschule und zeigt, wie wir unsere &hellip; <a href=\"https:\/\/piccolauniversitaitaliana.com\/de\/testimonianzen-triest\/\" class=\"more-link\"><span class=\"screen-reader-text\">&#8222;STUDENTEN ECHO TRIEST&#8220; <\/span>weiterlesen<\/a><\/p>\n","protected":false},"author":2,"featured_media":9938,"parent":0,"menu_order":0,"comment_status":"closed","ping_status":"closed","template":"page-testimonials.php","meta":{"_acf_changed":false,"footnotes":""},"class_list":["post-2318","page","type-page","status-publish","has-post-thumbnail","hentry"],"acf":[],"yoast_head":"<!-- This site is optimized with the Yoast SEO Premium plugin v27.0 (Yoast SEO v27.4) - https:\/\/yoast.com\/product\/yoast-seo-premium-wordpress\/ -->\n<title>STUDENTEN ECHO TRIEST - Piccola Universit\u00e0 Italiana<\/title>\n<meta name=\"description\" content=\"Unsere Studenten in Triest und was sie sagen. Lesen Sie die Erfahrungsberichte, und machen Sie sich ein Bild unserer Italienisch Schule.\" \/>\n<meta name=\"robots\" content=\"index, follow, max-snippet:-1, max-image-preview:large, max-video-preview:-1\" \/>\n<link rel=\"canonical\" href=\"https:\/\/piccolauniversitaitaliana.com\/de\/testimonianzen-triest\/\" \/>\n<meta property=\"og:locale\" content=\"de_DE\" \/>\n<meta property=\"og:type\" content=\"article\" \/>\n<meta property=\"og:title\" content=\"STUDENTEN ECHO TRIEST\" \/>\n<meta property=\"og:description\" content=\"Unsere Studenten und was sie sagen... In mehr als 30 Jahren Erfahrung haben wir viele Meinungen unserer Studenten \u00fcber unsere Italienischkurse, unsere\" \/>\n<meta property=\"og:url\" content=\"https:\/\/piccolauniversitaitaliana.com\/de\/testimonianzen-triest\/\" \/>\n<meta property=\"og:site_name\" content=\"Piccola Universit\u00e0 Italiana\" \/>\n<meta property=\"article:publisher\" content=\"https:\/\/www.facebook.com\/piccola.universita.italiana.trieste\/\" \/>\n<meta property=\"article:modified_time\" content=\"2023-07-21T08:54:30+00:00\" \/>\n<meta property=\"og:image\" content=\"https:\/\/piccolauniversitaitaliana.com\/wp-content\/uploads\/2016\/06\/Corsi-di-lingua-Italiana-in-Italia-Tropea_Piccola-Universita-Italiana_Una-piccola-tazza-di-cultura-1024x716.jpg\" \/>\n\t<meta property=\"og:image:width\" content=\"1024\" \/>\n\t<meta property=\"og:image:height\" content=\"716\" \/>\n\t<meta property=\"og:image:type\" content=\"image\/jpeg\" \/>\n<meta name=\"twitter:card\" content=\"summary_large_image\" \/>\n<meta name=\"twitter:site\" content=\"@italiancourses\" \/>\n<meta name=\"twitter:label1\" content=\"Gesch\u00e4tzte Lesezeit\" \/>\n\t<meta name=\"twitter:data1\" content=\"1\u00a0Minute\" \/>\n<script type=\"application\/ld+json\" class=\"yoast-schema-graph\">{\"@context\":\"https:\\\/\\\/schema.org\",\"@graph\":[{\"@type\":\"WebPage\",\"@id\":\"https:\\\/\\\/piccolauniversitaitaliana.com\\\/de\\\/testimonianzen-triest\\\/\",\"url\":\"https:\\\/\\\/piccolauniversitaitaliana.com\\\/de\\\/testimonianzen-triest\\\/\",\"name\":\"STUDENTEN ECHO TRIEST - Piccola Universit\u00e0 Italiana\",\"isPartOf\":{\"@id\":\"https:\\\/\\\/piccolauniversitaitaliana.com\\\/de\\\/#website\"},\"primaryImageOfPage\":{\"@id\":\"https:\\\/\\\/piccolauniversitaitaliana.com\\\/de\\\/testimonianzen-triest\\\/#primaryimage\"},\"image\":{\"@id\":\"https:\\\/\\\/piccolauniversitaitaliana.com\\\/de\\\/testimonianzen-triest\\\/#primaryimage\"},\"thumbnailUrl\":\"https:\\\/\\\/piccolauniversitaitaliana.com\\\/wp-content\\\/uploads\\\/2016\\\/06\\\/Corsi-di-lingua-Italiana-in-Italia-Tropea_Piccola-Universita-Italiana_Una-piccola-tazza-di-cultura.jpg\",\"datePublished\":\"2016-12-11T17:38:33+00:00\",\"dateModified\":\"2023-07-21T08:54:30+00:00\",\"description\":\"Unsere Studenten in Triest und was sie sagen. Lesen Sie die Erfahrungsberichte, und machen Sie sich ein Bild unserer Italienisch Schule.\",\"breadcrumb\":{\"@id\":\"https:\\\/\\\/piccolauniversitaitaliana.com\\\/de\\\/testimonianzen-triest\\\/#breadcrumb\"},\"inLanguage\":\"de\",\"potentialAction\":[{\"@type\":\"ReadAction\",\"target\":[\"https:\\\/\\\/piccolauniversitaitaliana.com\\\/de\\\/testimonianzen-triest\\\/\"]}]},{\"@type\":\"ImageObject\",\"inLanguage\":\"de\",\"@id\":\"https:\\\/\\\/piccolauniversitaitaliana.com\\\/de\\\/testimonianzen-triest\\\/#primaryimage\",\"url\":\"https:\\\/\\\/piccolauniversitaitaliana.com\\\/wp-content\\\/uploads\\\/2016\\\/06\\\/Corsi-di-lingua-Italiana-in-Italia-Tropea_Piccola-Universita-Italiana_Una-piccola-tazza-di-cultura.jpg\",\"contentUrl\":\"https:\\\/\\\/piccolauniversitaitaliana.com\\\/wp-content\\\/uploads\\\/2016\\\/06\\\/Corsi-di-lingua-Italiana-in-Italia-Tropea_Piccola-Universita-Italiana_Una-piccola-tazza-di-cultura.jpg\",\"width\":3115,\"height\":2179},{\"@type\":\"BreadcrumbList\",\"@id\":\"https:\\\/\\\/piccolauniversitaitaliana.com\\\/de\\\/testimonianzen-triest\\\/#breadcrumb\",\"itemListElement\":[{\"@type\":\"ListItem\",\"position\":1,\"name\":\"Home\",\"item\":\"https:\\\/\\\/piccolauniversitaitaliana.com\\\/de\\\/\"},{\"@type\":\"ListItem\",\"position\":2,\"name\":\"STUDENTEN ECHO TRIEST\"}]},{\"@type\":\"WebSite\",\"@id\":\"https:\\\/\\\/piccolauniversitaitaliana.com\\\/de\\\/#website\",\"url\":\"https:\\\/\\\/piccolauniversitaitaliana.com\\\/de\\\/\",\"name\":\"Piccola Universit\u00e0 Italiana\",\"description\":\"Boutique Italian Language Schools in Fantastic Locations\",\"publisher\":{\"@id\":\"https:\\\/\\\/piccolauniversitaitaliana.com\\\/de\\\/#organization\"},\"potentialAction\":[{\"@type\":\"SearchAction\",\"target\":{\"@type\":\"EntryPoint\",\"urlTemplate\":\"https:\\\/\\\/piccolauniversitaitaliana.com\\\/de\\\/?s={search_term_string}\"},\"query-input\":{\"@type\":\"PropertyValueSpecification\",\"valueRequired\":true,\"valueName\":\"search_term_string\"}}],\"inLanguage\":\"de\"},{\"@type\":\"Organization\",\"@id\":\"https:\\\/\\\/piccolauniversitaitaliana.com\\\/de\\\/#organization\",\"name\":\"PICCOLA UNIVERSIT\u00c0 ITALIANA\",\"url\":\"https:\\\/\\\/piccolauniversitaitaliana.com\\\/de\\\/\",\"logo\":{\"@type\":\"ImageObject\",\"inLanguage\":\"de\",\"@id\":\"https:\\\/\\\/piccolauniversitaitaliana.com\\\/de\\\/#\\\/schema\\\/logo\\\/image\\\/\",\"url\":\"\",\"contentUrl\":\"\",\"caption\":\"PICCOLA UNIVERSIT\u00c0 ITALIANA\"},\"image\":{\"@id\":\"https:\\\/\\\/piccolauniversitaitaliana.com\\\/de\\\/#\\\/schema\\\/logo\\\/image\\\/\"},\"sameAs\":[\"https:\\\/\\\/www.facebook.com\\\/piccola.universita.italiana.trieste\\\/\",\"https:\\\/\\\/x.com\\\/italiancourses\",\"https:\\\/\\\/www.instagram.com\\\/explore\\\/locations\\\/99826744\\\/piccola-universita-italiana\\\/\",\"https:\\\/\\\/www.linkedin.com\\\/company\\\/piccola-universit-italiana\",\"https:\\\/\\\/www.youtube.com\\\/user\\\/piccolauniversitaita\"]}]}<\/script>\n<!-- \/ Yoast SEO Premium plugin. -->","yoast_head_json":{"title":"STUDENTEN ECHO TRIEST - Piccola Universit\u00e0 Italiana","description":"Unsere Studenten in Triest und was sie sagen. Lesen Sie die Erfahrungsberichte, und machen Sie sich ein Bild unserer Italienisch Schule.","robots":{"index":"index","follow":"follow","max-snippet":"max-snippet:-1","max-image-preview":"max-image-preview:large","max-video-preview":"max-video-preview:-1"},"canonical":"https:\/\/piccolauniversitaitaliana.com\/de\/testimonianzen-triest\/","og_locale":"de_DE","og_type":"article","og_title":"STUDENTEN ECHO TRIEST","og_description":"Unsere Studenten und was sie sagen... In mehr als 30 Jahren Erfahrung haben wir viele Meinungen unserer Studenten \u00fcber unsere Italienischkurse, unsere","og_url":"https:\/\/piccolauniversitaitaliana.com\/de\/testimonianzen-triest\/","og_site_name":"Piccola Universit\u00e0 Italiana","article_publisher":"https:\/\/www.facebook.com\/piccola.universita.italiana.trieste\/","article_modified_time":"2023-07-21T08:54:30+00:00","og_image":[{"width":1024,"height":716,"url":"https:\/\/piccolauniversitaitaliana.com\/wp-content\/uploads\/2016\/06\/Corsi-di-lingua-Italiana-in-Italia-Tropea_Piccola-Universita-Italiana_Una-piccola-tazza-di-cultura-1024x716.jpg","type":"image\/jpeg"}],"twitter_card":"summary_large_image","twitter_site":"@italiancourses","twitter_misc":{"Gesch\u00e4tzte Lesezeit":"1\u00a0Minute"},"schema":{"@context":"https:\/\/schema.org","@graph":[{"@type":"WebPage","@id":"https:\/\/piccolauniversitaitaliana.com\/de\/testimonianzen-triest\/","url":"https:\/\/piccolauniversitaitaliana.com\/de\/testimonianzen-triest\/","name":"STUDENTEN ECHO TRIEST - Piccola Universit\u00e0 Italiana","isPartOf":{"@id":"https:\/\/piccolauniversitaitaliana.com\/de\/#website"},"primaryImageOfPage":{"@id":"https:\/\/piccolauniversitaitaliana.com\/de\/testimonianzen-triest\/#primaryimage"},"image":{"@id":"https:\/\/piccolauniversitaitaliana.com\/de\/testimonianzen-triest\/#primaryimage"},"thumbnailUrl":"https:\/\/piccolauniversitaitaliana.com\/wp-content\/uploads\/2016\/06\/Corsi-di-lingua-Italiana-in-Italia-Tropea_Piccola-Universita-Italiana_Una-piccola-tazza-di-cultura.jpg","datePublished":"2016-12-11T17:38:33+00:00","dateModified":"2023-07-21T08:54:30+00:00","description":"Unsere Studenten in Triest und was sie sagen. Lesen Sie die Erfahrungsberichte, und machen Sie sich ein Bild unserer Italienisch Schule.","breadcrumb":{"@id":"https:\/\/piccolauniversitaitaliana.com\/de\/testimonianzen-triest\/#breadcrumb"},"inLanguage":"de","potentialAction":[{"@type":"ReadAction","target":["https:\/\/piccolauniversitaitaliana.com\/de\/testimonianzen-triest\/"]}]},{"@type":"ImageObject","inLanguage":"de","@id":"https:\/\/piccolauniversitaitaliana.com\/de\/testimonianzen-triest\/#primaryimage","url":"https:\/\/piccolauniversitaitaliana.com\/wp-content\/uploads\/2016\/06\/Corsi-di-lingua-Italiana-in-Italia-Tropea_Piccola-Universita-Italiana_Una-piccola-tazza-di-cultura.jpg","contentUrl":"https:\/\/piccolauniversitaitaliana.com\/wp-content\/uploads\/2016\/06\/Corsi-di-lingua-Italiana-in-Italia-Tropea_Piccola-Universita-Italiana_Una-piccola-tazza-di-cultura.jpg","width":3115,"height":2179},{"@type":"BreadcrumbList","@id":"https:\/\/piccolauniversitaitaliana.com\/de\/testimonianzen-triest\/#breadcrumb","itemListElement":[{"@type":"ListItem","position":1,"name":"Home","item":"https:\/\/piccolauniversitaitaliana.com\/de\/"},{"@type":"ListItem","position":2,"name":"STUDENTEN ECHO TRIEST"}]},{"@type":"WebSite","@id":"https:\/\/piccolauniversitaitaliana.com\/de\/#website","url":"https:\/\/piccolauniversitaitaliana.com\/de\/","name":"Piccola Universit\u00e0 Italiana","description":"Boutique Italian Language Schools in Fantastic Locations","publisher":{"@id":"https:\/\/piccolauniversitaitaliana.com\/de\/#organization"},"potentialAction":[{"@type":"SearchAction","target":{"@type":"EntryPoint","urlTemplate":"https:\/\/piccolauniversitaitaliana.com\/de\/?s={search_term_string}"},"query-input":{"@type":"PropertyValueSpecification","valueRequired":true,"valueName":"search_term_string"}}],"inLanguage":"de"},{"@type":"Organization","@id":"https:\/\/piccolauniversitaitaliana.com\/de\/#organization","name":"PICCOLA UNIVERSIT\u00c0 ITALIANA","url":"https:\/\/piccolauniversitaitaliana.com\/de\/","logo":{"@type":"ImageObject","inLanguage":"de","@id":"https:\/\/piccolauniversitaitaliana.com\/de\/#\/schema\/logo\/image\/","url":"","contentUrl":"","caption":"PICCOLA UNIVERSIT\u00c0 ITALIANA"},"image":{"@id":"https:\/\/piccolauniversitaitaliana.com\/de\/#\/schema\/logo\/image\/"},"sameAs":["https:\/\/www.facebook.com\/piccola.universita.italiana.trieste\/","https:\/\/x.com\/italiancourses","https:\/\/www.instagram.com\/explore\/locations\/99826744\/piccola-universita-italiana\/","https:\/\/www.linkedin.com\/company\/piccola-universit-italiana","https:\/\/www.youtube.com\/user\/piccolauniversitaita"]}]}},"_links":{"self":[{"href":"https:\/\/piccolauniversitaitaliana.com\/de\/wp-json\/wp\/v2\/pages\/2318","targetHints":{"allow":["GET"]}}],"collection":[{"href":"https:\/\/piccolauniversitaitaliana.com\/de\/wp-json\/wp\/v2\/pages"}],"about":[{"href":"https:\/\/piccolauniversitaitaliana.com\/de\/wp-json\/wp\/v2\/types\/page"}],"author":[{"embeddable":true,"href":"https:\/\/piccolauniversitaitaliana.com\/de\/wp-json\/wp\/v2\/users\/2"}],"replies":[{"embeddable":true,"href":"https:\/\/piccolauniversitaitaliana.com\/de\/wp-json\/wp\/v2\/comments?post=2318"}],"version-history":[{"count":9,"href":"https:\/\/piccolauniversitaitaliana.com\/de\/wp-json\/wp\/v2\/pages\/2318\/revisions"}],"predecessor-version":[{"id":37624,"href":"https:\/\/piccolauniversitaitaliana.com\/de\/wp-json\/wp\/v2\/pages\/2318\/revisions\/37624"}],"wp:featuredmedia":[{"embeddable":true,"href":"https:\/\/piccolauniversitaitaliana.com\/de\/wp-json\/wp\/v2\/media\/9938"}],"wp:attachment":[{"href":"https:\/\/piccolauniversitaitaliana.com\/de\/wp-json\/wp\/v2\/media?parent=2318"}],"curies":[{"name":"wp","href":"https:\/\/api.w.org\/{rel}","templated":true}]}}