{"id":2301,"date":"2016-12-10T16:32:03","date_gmt":"2016-12-10T16:32:03","guid":{"rendered":"http:\/\/piccolauniversita.com\/wordpress\/de\/?page_id=2301"},"modified":"2023-05-25T14:22:44","modified_gmt":"2023-05-25T14:22:44","slug":"aktivitaeten-in-tropea","status":"publish","type":"page","link":"https:\/\/piccolauniversitaitaliana.com\/de\/unser-service\/aktivitaeten-in-tropea\/","title":{"rendered":"AKTIVIT\u00c4TEN IN TROPEA"},"content":{"rendered":"<h5>Alle internen Studenten k\u00f6nnen sich f\u00fcr unser w\u00f6chentliches Freizeitprogramm anmelden.<br \/>\nEinige der Aktivit\u00e4ten sind kostenlos, andere erfordern einen Kostenbeitrag!<\/h5>\n<p>&nbsp;<\/p>\n<p>Das w\u00f6chentliche Kulturprogramm bietet viele M\u00f6glichkeiten, in die italienische Kultur einzutauchen: <strong>Kinoabende<\/strong> mit italienischen Klassikern, <strong>private Konzerte<\/strong> klassischer Musik, <strong>Motorbootausfl\u00fcge zu\u00a0wei\u00dfen Sandstr\u00e4nden mit tiefblauem kristallklarem Wasser<\/strong> sowie Ausfl\u00fcge zu den <strong>\u00c4olischen Inseln<\/strong> und eine Vielzahl an <strong>kulturellen\u00a0Exkursionen in Kalabrien<\/strong>, nach <strong>Sizilien<\/strong> oder <strong>Kampanien<\/strong>. Auch <strong>Seminare<\/strong> \u00fcber die italienische Kultur und italienische Br\u00e4uche sind ein fester Bestandteil des Kulturprogramms.<br \/>\nAls Zusatz zum Sprachkurs bieten wir auch effektive Workshops zur m\u00fcndlichen und schriftlichen Kommunikation an!<\/p>\n<table class=\"piccola-table\" style=\"border: solid 1px black;\">\n<tbody>\n<tr>\n<td width=\"100\">Performance<\/td>\n<td width=\"600\">Aktivit\u00e4t<\/td>\n<td width=\"84\">Min. Teilnehmer<\/td>\n<\/tr>\n<tr>\n<td colspan=\"3\" width=\"479\">\u00a0\u00a0\u00a0\u00a0 <strong>Kulturelle Aktivit\u00e4ten und Exkursionen<\/strong><\/td>\n<\/tr>\n<tr>\n<td rowspan=\"6\" width=\"100\">Halbtags<br \/>\nMi &#8211; Fr<\/td>\n<td width=\"291\">Vibo \u2013 Pizzo<\/td>\n<td class=\"larissa\" rowspan=\"7\" width=\"84\">5<\/td>\n<\/tr>\n<tr>\n<td width=\"291\">Cosenza<\/td>\n<\/tr>\n<tr>\n<td width=\"291\">Stilo<\/td>\n<\/tr>\n<tr>\n<td width=\"291\">Reggio Calabria<\/td>\n<\/tr>\n<tr>\n<td width=\"291\">Serra San Bruno<\/td>\n<\/tr>\n<tr>\n<td width=\"291\">Besuch eines ber\u00fchmten Weingutes mit Wein- und \u00d6ldegustation<\/td>\n<\/tr>\n<tr>\n<td rowspan=\"2\" width=\"100\">Halbtags<br \/>\nMi &#8211; So<\/td>\n<td width=\"291\">Motorbootausfl\u00fcge zur Costa degli Dei<\/td>\n<\/tr>\n<tr>\n<td width=\"291\">Segelausfl\u00fcge zur Costa degli Dei<\/td>\n<td class=\"larissa\" width=\"84\">8<\/td>\n<\/tr>\n<tr>\n<td rowspan=\"6\" width=\"100\">Ganztags Sa<\/td>\n<td width=\"291\">Locri und Gerace<\/td>\n<td class=\"larissa\" rowspan=\"6\" width=\"84\">6<\/td>\n<\/tr>\n<tr>\n<td width=\"291\">Crotone, Le Castella und Santa Severina<\/td>\n<\/tr>\n<tr>\n<td width=\"291\">Sibari und Castrovillari<\/td>\n<\/tr>\n<tr>\n<td width=\"291\">La Grotta del Romito, Morano Calabro and Castrovillari<\/td>\n<\/tr>\n<tr>\n<td width=\"291\">Sizilien: Messina, Taormina\u00a0und das griechische Theater<\/td>\n<\/tr>\n<tr>\n<td width=\"291\">Campania: Pompei<\/td>\n<\/tr>\n<tr>\n<td width=\"100\">Ganztags So<\/td>\n<td width=\"291\">Mini-Kreuzfahrt zu den \u00c4olischen Inseln<\/td>\n<td class=\"larissa\" rowspan=\"2\" width=\"84\">1<\/td>\n<\/tr>\n<tr>\n<td width=\"100\">Halbtags Do<\/td>\n<td width=\"291\">Stromboli\u00a0bei Nacht\u00a0(Mini-Kreuzfahrt)<\/td>\n<\/tr>\n<tr>\n<td width=\"100\">Di\u00a0&#8211; Fr<\/td>\n<td width=\"291\">Seminare<\/td>\n<td class=\"larissa\" width=\"84\">5<\/td>\n<\/tr>\n<tr>\n<td width=\"100\">Di<\/td>\n<td width=\"291\">Gef\u00fchrte Stadttouren\u00a0&#8211; Tropea<\/td>\n<td class=\"larissa\" width=\"84\">2<\/td>\n<\/tr>\n<tr>\n<td colspan=\"3\" width=\"479\"><\/td>\n<\/tr>\n<tr>\n<td colspan=\"3\" width=\"479\">\u00a0\u00a0\u00a0\u00a0 <strong>Sport Aktivit\u00e4ten und Exkursionen<\/strong><\/td>\n<\/tr>\n<tr>\n<td rowspan=\"2\" width=\"100\">Halbtags<br \/>\nDi &#8211; Fr<\/td>\n<td width=\"291\">Pferdeausritte\u00a0am Strand von\u00a0Palmi<\/td>\n<td class=\"larissa\" width=\"84\">4<\/td>\n<\/tr>\n<tr>\n<td width=\"291\">Mit dem Mountainbike auf Entdeckungstour der Region rund um Tropea<\/td>\n<td class=\"larissa\" width=\"84\">2<\/td>\n<\/tr>\n<tr>\n<td colspan=\"3\" width=\"479\"><\/td>\n<\/tr>\n<tr>\n<td colspan=\"3\" width=\"479\">\u00a0\u00a0\u00a0\u00a0 <strong>Soziale Aktivit\u00e4ten<\/strong><\/td>\n<\/tr>\n<tr>\n<td rowspan=\"2\" width=\"100\">Freitagabend<\/td>\n<td width=\"291\">Typisches kalabrisches Abendessen im Hinterland von Tropea<\/td>\n<td class=\"larissa\" width=\"84\">5<\/td>\n<\/tr>\n<tr>\n<td width=\"291\">Abendessen mit italienischer Musik<\/td>\n<td class=\"larissa\" rowspan=\"2\" width=\"84\">10<\/td>\n<\/tr>\n<tr>\n<td width=\"100\">Abend<br \/>\nDi &#8211; Do<\/td>\n<td width=\"291\">Kochlektionen mit Abendessen<\/td>\n<\/tr>\n<\/tbody>\n<\/table>\n","protected":false},"excerpt":{"rendered":"<p>Alle internen Studenten k\u00f6nnen sich f\u00fcr unser w\u00f6chentliches Freizeitprogramm anmelden. Einige der Aktivit\u00e4ten sind kostenlos, andere erfordern einen Kostenbeitrag! &nbsp; Das w\u00f6chentliche Kulturprogramm bietet viele M\u00f6glichkeiten, in die italienische Kultur einzutauchen: Kinoabende mit italienischen Klassikern, private Konzerte klassischer Musik, Motorbootausfl\u00fcge zu\u00a0wei\u00dfen Sandstr\u00e4nden mit tiefblauem kristallklarem Wasser sowie Ausfl\u00fcge zu den \u00c4olischen Inseln und eine Vielzahl &hellip; <a href=\"https:\/\/piccolauniversitaitaliana.com\/de\/unser-service\/aktivitaeten-in-tropea\/\" class=\"more-link\"><span class=\"screen-reader-text\">&#8222;AKTIVIT\u00c4TEN IN TROPEA&#8220; <\/span>weiterlesen<\/a><\/p>\n","protected":false},"author":2,"featured_media":3496,"parent":2293,"menu_order":0,"comment_status":"closed","ping_status":"closed","template":"","meta":{"_acf_changed":false,"footnotes":""},"class_list":["post-2301","page","type-page","status-publish","has-post-thumbnail","hentry"],"acf":[],"yoast_head":"<!-- This site is optimized with the Yoast SEO Premium plugin v27.0 (Yoast SEO v27.4) - https:\/\/yoast.com\/product\/yoast-seo-premium-wordpress\/ -->\n<title>AKTIVIT\u00c4TEN IN TROPEA - Piccola Universit\u00e0 Italiana<\/title>\n<meta name=\"description\" content=\"Unser w\u00f6chentliches au\u00dferschulisches Freizeitprogramm in Tropea bietet zahlreiche M\u00f6glichkeiten, in die italienische Kultur und den italienischen Lebensstil einzutauchen.\" \/>\n<meta name=\"robots\" content=\"index, follow, max-snippet:-1, max-image-preview:large, max-video-preview:-1\" \/>\n<link rel=\"canonical\" href=\"https:\/\/piccolauniversitaitaliana.com\/de\/unser-service\/aktivitaeten-in-tropea\/\" \/>\n<meta property=\"og:locale\" content=\"de_DE\" \/>\n<meta property=\"og:type\" content=\"article\" \/>\n<meta property=\"og:title\" content=\"AKTIVIT\u00c4TEN IN TROPEA\" \/>\n<meta property=\"og:description\" content=\"Alle internen Studenten k\u00f6nnen sich f\u00fcr unser w\u00f6chentliches Freizeitprogramm anmelden. Einige der Aktivit\u00e4ten sind kostenlos, andere erfordern einen\" \/>\n<meta property=\"og:url\" content=\"https:\/\/piccolauniversitaitaliana.com\/de\/unser-service\/aktivitaeten-in-tropea\/\" \/>\n<meta property=\"og:site_name\" content=\"Piccola Universit\u00e0 Italiana\" \/>\n<meta property=\"article:publisher\" content=\"https:\/\/www.facebook.com\/piccola.universita.italiana.trieste\/\" \/>\n<meta property=\"article:modified_time\" content=\"2023-05-25T14:22:44+00:00\" \/>\n<meta property=\"og:image\" content=\"https:\/\/piccolauniversitaitaliana.com\/wp-content\/uploads\/2016\/12\/barca-a-vela-027-1024x469.jpg\" \/>\n\t<meta property=\"og:image:width\" content=\"1024\" \/>\n\t<meta property=\"og:image:height\" content=\"469\" \/>\n\t<meta property=\"og:image:type\" content=\"image\/jpeg\" \/>\n<meta name=\"twitter:card\" content=\"summary_large_image\" \/>\n<meta name=\"twitter:site\" content=\"@italiancourses\" \/>\n<meta name=\"twitter:label1\" content=\"Gesch\u00e4tzte Lesezeit\" \/>\n\t<meta name=\"twitter:data1\" content=\"2\u00a0Minuten\" \/>\n<script type=\"application\/ld+json\" class=\"yoast-schema-graph\">{\"@context\":\"https:\\\/\\\/schema.org\",\"@graph\":[{\"@type\":\"WebPage\",\"@id\":\"https:\\\/\\\/piccolauniversitaitaliana.com\\\/de\\\/unser-service\\\/aktivitaeten-in-tropea\\\/\",\"url\":\"https:\\\/\\\/piccolauniversitaitaliana.com\\\/de\\\/unser-service\\\/aktivitaeten-in-tropea\\\/\",\"name\":\"AKTIVIT\u00c4TEN IN TROPEA - Piccola Universit\u00e0 Italiana\",\"isPartOf\":{\"@id\":\"https:\\\/\\\/piccolauniversitaitaliana.com\\\/de\\\/#website\"},\"primaryImageOfPage\":{\"@id\":\"https:\\\/\\\/piccolauniversitaitaliana.com\\\/de\\\/unser-service\\\/aktivitaeten-in-tropea\\\/#primaryimage\"},\"image\":{\"@id\":\"https:\\\/\\\/piccolauniversitaitaliana.com\\\/de\\\/unser-service\\\/aktivitaeten-in-tropea\\\/#primaryimage\"},\"thumbnailUrl\":\"https:\\\/\\\/piccolauniversitaitaliana.com\\\/wp-content\\\/uploads\\\/2016\\\/12\\\/barca-a-vela-027.jpg\",\"datePublished\":\"2016-12-10T16:32:03+00:00\",\"dateModified\":\"2023-05-25T14:22:44+00:00\",\"description\":\"Unser w\u00f6chentliches au\u00dferschulisches Freizeitprogramm in Tropea bietet zahlreiche M\u00f6glichkeiten, in die italienische Kultur und den italienischen Lebensstil einzutauchen.\",\"breadcrumb\":{\"@id\":\"https:\\\/\\\/piccolauniversitaitaliana.com\\\/de\\\/unser-service\\\/aktivitaeten-in-tropea\\\/#breadcrumb\"},\"inLanguage\":\"de\",\"potentialAction\":[{\"@type\":\"ReadAction\",\"target\":[\"https:\\\/\\\/piccolauniversitaitaliana.com\\\/de\\\/unser-service\\\/aktivitaeten-in-tropea\\\/\"]}]},{\"@type\":\"ImageObject\",\"inLanguage\":\"de\",\"@id\":\"https:\\\/\\\/piccolauniversitaitaliana.com\\\/de\\\/unser-service\\\/aktivitaeten-in-tropea\\\/#primaryimage\",\"url\":\"https:\\\/\\\/piccolauniversitaitaliana.com\\\/wp-content\\\/uploads\\\/2016\\\/12\\\/barca-a-vela-027.jpg\",\"contentUrl\":\"https:\\\/\\\/piccolauniversitaitaliana.com\\\/wp-content\\\/uploads\\\/2016\\\/12\\\/barca-a-vela-027.jpg\",\"width\":5184,\"height\":2376},{\"@type\":\"BreadcrumbList\",\"@id\":\"https:\\\/\\\/piccolauniversitaitaliana.com\\\/de\\\/unser-service\\\/aktivitaeten-in-tropea\\\/#breadcrumb\",\"itemListElement\":[{\"@type\":\"ListItem\",\"position\":1,\"name\":\"Home\",\"item\":\"https:\\\/\\\/piccolauniversitaitaliana.com\\\/de\\\/\"},{\"@type\":\"ListItem\",\"position\":2,\"name\":\"UNSER SERVICE\",\"item\":\"https:\\\/\\\/piccolauniversitaitaliana.com\\\/de\\\/unser-service\\\/\"},{\"@type\":\"ListItem\",\"position\":3,\"name\":\"AKTIVIT\u00c4TEN IN TROPEA\"}]},{\"@type\":\"WebSite\",\"@id\":\"https:\\\/\\\/piccolauniversitaitaliana.com\\\/de\\\/#website\",\"url\":\"https:\\\/\\\/piccolauniversitaitaliana.com\\\/de\\\/\",\"name\":\"Piccola Universit\u00e0 Italiana\",\"description\":\"Boutique Italian Language Schools in Fantastic Locations\",\"publisher\":{\"@id\":\"https:\\\/\\\/piccolauniversitaitaliana.com\\\/de\\\/#organization\"},\"potentialAction\":[{\"@type\":\"SearchAction\",\"target\":{\"@type\":\"EntryPoint\",\"urlTemplate\":\"https:\\\/\\\/piccolauniversitaitaliana.com\\\/de\\\/?s={search_term_string}\"},\"query-input\":{\"@type\":\"PropertyValueSpecification\",\"valueRequired\":true,\"valueName\":\"search_term_string\"}}],\"inLanguage\":\"de\"},{\"@type\":\"Organization\",\"@id\":\"https:\\\/\\\/piccolauniversitaitaliana.com\\\/de\\\/#organization\",\"name\":\"PICCOLA UNIVERSIT\u00c0 ITALIANA\",\"url\":\"https:\\\/\\\/piccolauniversitaitaliana.com\\\/de\\\/\",\"logo\":{\"@type\":\"ImageObject\",\"inLanguage\":\"de\",\"@id\":\"https:\\\/\\\/piccolauniversitaitaliana.com\\\/de\\\/#\\\/schema\\\/logo\\\/image\\\/\",\"url\":\"\",\"contentUrl\":\"\",\"caption\":\"PICCOLA UNIVERSIT\u00c0 ITALIANA\"},\"image\":{\"@id\":\"https:\\\/\\\/piccolauniversitaitaliana.com\\\/de\\\/#\\\/schema\\\/logo\\\/image\\\/\"},\"sameAs\":[\"https:\\\/\\\/www.facebook.com\\\/piccola.universita.italiana.trieste\\\/\",\"https:\\\/\\\/x.com\\\/italiancourses\",\"https:\\\/\\\/www.instagram.com\\\/explore\\\/locations\\\/99826744\\\/piccola-universita-italiana\\\/\",\"https:\\\/\\\/www.linkedin.com\\\/company\\\/piccola-universit-italiana\",\"https:\\\/\\\/www.youtube.com\\\/user\\\/piccolauniversitaita\"]}]}<\/script>\n<!-- \/ Yoast SEO Premium plugin. -->","yoast_head_json":{"title":"AKTIVIT\u00c4TEN IN TROPEA - Piccola Universit\u00e0 Italiana","description":"Unser w\u00f6chentliches au\u00dferschulisches Freizeitprogramm in Tropea bietet zahlreiche M\u00f6glichkeiten, in die italienische Kultur und den italienischen Lebensstil einzutauchen.","robots":{"index":"index","follow":"follow","max-snippet":"max-snippet:-1","max-image-preview":"max-image-preview:large","max-video-preview":"max-video-preview:-1"},"canonical":"https:\/\/piccolauniversitaitaliana.com\/de\/unser-service\/aktivitaeten-in-tropea\/","og_locale":"de_DE","og_type":"article","og_title":"AKTIVIT\u00c4TEN IN TROPEA","og_description":"Alle internen Studenten k\u00f6nnen sich f\u00fcr unser w\u00f6chentliches Freizeitprogramm anmelden. Einige der Aktivit\u00e4ten sind kostenlos, andere erfordern einen","og_url":"https:\/\/piccolauniversitaitaliana.com\/de\/unser-service\/aktivitaeten-in-tropea\/","og_site_name":"Piccola Universit\u00e0 Italiana","article_publisher":"https:\/\/www.facebook.com\/piccola.universita.italiana.trieste\/","article_modified_time":"2023-05-25T14:22:44+00:00","og_image":[{"width":1024,"height":469,"url":"https:\/\/piccolauniversitaitaliana.com\/wp-content\/uploads\/2016\/12\/barca-a-vela-027-1024x469.jpg","type":"image\/jpeg"}],"twitter_card":"summary_large_image","twitter_site":"@italiancourses","twitter_misc":{"Gesch\u00e4tzte Lesezeit":"2\u00a0Minuten"},"schema":{"@context":"https:\/\/schema.org","@graph":[{"@type":"WebPage","@id":"https:\/\/piccolauniversitaitaliana.com\/de\/unser-service\/aktivitaeten-in-tropea\/","url":"https:\/\/piccolauniversitaitaliana.com\/de\/unser-service\/aktivitaeten-in-tropea\/","name":"AKTIVIT\u00c4TEN IN TROPEA - Piccola Universit\u00e0 Italiana","isPartOf":{"@id":"https:\/\/piccolauniversitaitaliana.com\/de\/#website"},"primaryImageOfPage":{"@id":"https:\/\/piccolauniversitaitaliana.com\/de\/unser-service\/aktivitaeten-in-tropea\/#primaryimage"},"image":{"@id":"https:\/\/piccolauniversitaitaliana.com\/de\/unser-service\/aktivitaeten-in-tropea\/#primaryimage"},"thumbnailUrl":"https:\/\/piccolauniversitaitaliana.com\/wp-content\/uploads\/2016\/12\/barca-a-vela-027.jpg","datePublished":"2016-12-10T16:32:03+00:00","dateModified":"2023-05-25T14:22:44+00:00","description":"Unser w\u00f6chentliches au\u00dferschulisches Freizeitprogramm in Tropea bietet zahlreiche M\u00f6glichkeiten, in die italienische Kultur und den italienischen Lebensstil einzutauchen.","breadcrumb":{"@id":"https:\/\/piccolauniversitaitaliana.com\/de\/unser-service\/aktivitaeten-in-tropea\/#breadcrumb"},"inLanguage":"de","potentialAction":[{"@type":"ReadAction","target":["https:\/\/piccolauniversitaitaliana.com\/de\/unser-service\/aktivitaeten-in-tropea\/"]}]},{"@type":"ImageObject","inLanguage":"de","@id":"https:\/\/piccolauniversitaitaliana.com\/de\/unser-service\/aktivitaeten-in-tropea\/#primaryimage","url":"https:\/\/piccolauniversitaitaliana.com\/wp-content\/uploads\/2016\/12\/barca-a-vela-027.jpg","contentUrl":"https:\/\/piccolauniversitaitaliana.com\/wp-content\/uploads\/2016\/12\/barca-a-vela-027.jpg","width":5184,"height":2376},{"@type":"BreadcrumbList","@id":"https:\/\/piccolauniversitaitaliana.com\/de\/unser-service\/aktivitaeten-in-tropea\/#breadcrumb","itemListElement":[{"@type":"ListItem","position":1,"name":"Home","item":"https:\/\/piccolauniversitaitaliana.com\/de\/"},{"@type":"ListItem","position":2,"name":"UNSER SERVICE","item":"https:\/\/piccolauniversitaitaliana.com\/de\/unser-service\/"},{"@type":"ListItem","position":3,"name":"AKTIVIT\u00c4TEN IN TROPEA"}]},{"@type":"WebSite","@id":"https:\/\/piccolauniversitaitaliana.com\/de\/#website","url":"https:\/\/piccolauniversitaitaliana.com\/de\/","name":"Piccola Universit\u00e0 Italiana","description":"Boutique Italian Language Schools in Fantastic Locations","publisher":{"@id":"https:\/\/piccolauniversitaitaliana.com\/de\/#organization"},"potentialAction":[{"@type":"SearchAction","target":{"@type":"EntryPoint","urlTemplate":"https:\/\/piccolauniversitaitaliana.com\/de\/?s={search_term_string}"},"query-input":{"@type":"PropertyValueSpecification","valueRequired":true,"valueName":"search_term_string"}}],"inLanguage":"de"},{"@type":"Organization","@id":"https:\/\/piccolauniversitaitaliana.com\/de\/#organization","name":"PICCOLA UNIVERSIT\u00c0 ITALIANA","url":"https:\/\/piccolauniversitaitaliana.com\/de\/","logo":{"@type":"ImageObject","inLanguage":"de","@id":"https:\/\/piccolauniversitaitaliana.com\/de\/#\/schema\/logo\/image\/","url":"","contentUrl":"","caption":"PICCOLA UNIVERSIT\u00c0 ITALIANA"},"image":{"@id":"https:\/\/piccolauniversitaitaliana.com\/de\/#\/schema\/logo\/image\/"},"sameAs":["https:\/\/www.facebook.com\/piccola.universita.italiana.trieste\/","https:\/\/x.com\/italiancourses","https:\/\/www.instagram.com\/explore\/locations\/99826744\/piccola-universita-italiana\/","https:\/\/www.linkedin.com\/company\/piccola-universit-italiana","https:\/\/www.youtube.com\/user\/piccolauniversitaita"]}]}},"_links":{"self":[{"href":"https:\/\/piccolauniversitaitaliana.com\/de\/wp-json\/wp\/v2\/pages\/2301","targetHints":{"allow":["GET"]}}],"collection":[{"href":"https:\/\/piccolauniversitaitaliana.com\/de\/wp-json\/wp\/v2\/pages"}],"about":[{"href":"https:\/\/piccolauniversitaitaliana.com\/de\/wp-json\/wp\/v2\/types\/page"}],"author":[{"embeddable":true,"href":"https:\/\/piccolauniversitaitaliana.com\/de\/wp-json\/wp\/v2\/users\/2"}],"replies":[{"embeddable":true,"href":"https:\/\/piccolauniversitaitaliana.com\/de\/wp-json\/wp\/v2\/comments?post=2301"}],"version-history":[{"count":8,"href":"https:\/\/piccolauniversitaitaliana.com\/de\/wp-json\/wp\/v2\/pages\/2301\/revisions"}],"predecessor-version":[{"id":36847,"href":"https:\/\/piccolauniversitaitaliana.com\/de\/wp-json\/wp\/v2\/pages\/2301\/revisions\/36847"}],"up":[{"embeddable":true,"href":"https:\/\/piccolauniversitaitaliana.com\/de\/wp-json\/wp\/v2\/pages\/2293"}],"wp:featuredmedia":[{"embeddable":true,"href":"https:\/\/piccolauniversitaitaliana.com\/de\/wp-json\/wp\/v2\/media\/3496"}],"wp:attachment":[{"href":"https:\/\/piccolauniversitaitaliana.com\/de\/wp-json\/wp\/v2\/media?parent=2301"}],"curies":[{"name":"wp","href":"https:\/\/api.w.org\/{rel}","templated":true}]}}