{"id":2299,"date":"2016-06-02T08:12:26","date_gmt":"2016-06-02T08:12:26","guid":{"rendered":"http:\/\/piccolauniversita.com\/wordpress\/de\/?page_id=2299"},"modified":"2023-05-25T14:21:58","modified_gmt":"2023-05-25T14:21:58","slug":"aktivitaeten","status":"publish","type":"page","link":"https:\/\/piccolauniversitaitaliana.com\/de\/unser-service\/aktivitaeten\/","title":{"rendered":"AKTIVIT\u00c4TEN IN TRIEST"},"content":{"rendered":"<h5>Alle internen Studenten k\u00f6nnen sich f\u00fcr unser w\u00f6chentliches Freizeitprogramm anmelden.<br \/>\nEinige der Aktivit\u00e4ten sind kostenlos, andere erfordern einen Kostenbeitrag!<\/h5>\n<p>&nbsp;<\/p>\n<p>Das w\u00f6chentliche Programm bietet viele M\u00f6glichkeiten, in die<strong> italienische Kultur und Lifestyle<\/strong> einzutauchen. <strong>F\u00fchrungen in Triest<\/strong>, <strong>Museumsbesuche<\/strong>,<strong> Schlosstouren<\/strong>, <strong>Filmabende<\/strong> mit italienischen\u00a0Klassikern wie auch <strong>Seminare<\/strong> \u00fcber\u00a0die italienische Kultur\u00a0und\u00a0Br\u00e4uche sind ein integraler Bestandteil der Kulturprogramme.<\/p>\n<p>Im Gebiet von &#8222;Le Venezie&#8220; (Friuli-Venezia-Giulia, Veneto und Trentino) befinden sich zahlreiche UNESCO-Weltkulturerbest\u00e4tten*, die ein reichhaltiges und abwechslungsreiches Programm bieten.<\/p>\n<p>Die klassische Tour ist Venedig. Auf einem ganzt\u00e4gigen Ausflug entdecken Sie die &#8222;Stadt der Gondeln&#8220; mit ihren Kunstsch\u00e4tzen und architektonischen Wundern. Weitere wichtige kulturelle Sehensw\u00fcrdigkeiten sind <strong>Aquileia<\/strong>, die <strong>lombardische Stadt Cividale<\/strong>, <strong>Udine<\/strong>, <strong>paladianische Villen<\/strong> und vieles mehr. <strong>Wein- und Prosciutto-Verkostungen<\/strong>, <strong>Radtouren<\/strong>, <strong>Naturwanderungen<\/strong> mit\u00a0einem <strong>WWF Tour Guide\u00a0<\/strong>runden\u00a0das Aktivit\u00e4tsprogramm erg\u00e4nzend zum Italienischkurs ab.<\/p>\n<table class=\"piccola-table\">\n<tbody>\n<tr>\n<td>Performance<\/td>\n<td>Activities<\/td>\n<td>Min. Teilnehmer<\/td>\n<\/tr>\n<tr>\n<td rowspan=\"10\">MI &#8211; FR Half-day*<\/td>\n<td>Entdeckung des antiken Rom: Aquileia<\/td>\n<td class=\"larissa\" rowspan=\"10\">4*<\/td>\n<\/tr>\n<tr>\n<td>Cividale del Friuli: Longobarden an der Macht<\/td>\n<\/tr>\n<tr>\n<td>Udine und die Meisterwerke des Tiepolo<\/td>\n<\/tr>\n<tr>\n<td>DOC Anbaugebiete &#8222;Colli Orientali del Friuli&#8220; und Besichtigung eines Weinguts mit anschliessender Weindegustation<\/td>\n<\/tr>\n<tr>\n<td>Gef\u00fchrte Besichtigung des &#8222;Castello di Duino&#8220;<\/td>\n<\/tr>\n<tr>\n<td>Besichtigung der \u201eGrotta Gigante\u201c<\/td>\n<\/tr>\n<tr>\n<td>Wandertouren in der Umgebung von Triest, begleitet von einem WWF-F\u00fchrer<\/td>\n<\/tr>\n<tr>\n<td>Mountainbike Touren<\/td>\n<\/tr>\n<tr>\n<td>Die Lagune von Grado mit dem Boot<\/td>\n<\/tr>\n<tr>\n<td>The Barbarian coast by sailing boat<\/td>\n<\/tr>\n<tr>\n<td rowspan=\"5\">Sa Ganztags*<\/td>\n<td>Venedig: Die Stadt der Gondeln*<\/td>\n<td class=\"larissa\" rowspan=\"5\">8*<\/td>\n<\/tr>\n<tr>\n<td>Vicenza: Die Stadt der palladianischen Villen*<\/td>\n<\/tr>\n<tr>\n<td>Verona: Die Stadt von Romeo und Julia*<\/td>\n<\/tr>\n<tr>\n<td>Padova und der Botanische Garten*<\/td>\n<\/tr>\n<tr>\n<td>Ferrara: Die Stadt der Renaissance*<\/td>\n<\/tr>\n<tr>\n<td rowspan=\"8\">Di \u2013 Fr 1 Stunde<\/td>\n<td>Vielfalt von kulturellen Seminaren (z.B.: Herkunft der italienischen Sprache, italienische Oper, Geschichte des italienischen Kinos, Leonardo da Vinci und die Renaissance, Geschichte der Vespa etc.)<\/td>\n<td>4<\/td>\n<\/tr>\n<tr>\n<td>Kommunikationsworkshops (f\u00fcr alle Sprachniveaus)<\/td>\n<td class=\"larissa\" rowspan=\"7\">2<\/td>\n<\/tr>\n<tr>\n<td>Diverse Stadtf\u00fchrungen in Triest<\/td>\n<\/tr>\n<tr>\n<td>Triest &#8211; Die Stadt der Schriftsteller<\/td>\n<\/tr>\n<tr>\n<td>Triest und ihre majest\u00e4tischen Pal\u00e4ste<\/td>\n<\/tr>\n<tr>\n<td>Triest &#8211; Kulturen und Religionen<\/td>\n<\/tr>\n<tr>\n<td>Tergeste &#8211; Entdeckung des r\u00f6mischen Triests<\/td>\n<\/tr>\n<tr>\n<td rowspan=\"3\">Di &#8211; Fr Abend<\/td>\n<td>Opern und Konzerte<\/td>\n<td>1O<\/td>\n<\/tr>\n<tr>\n<td>Osmiza: Landwirte, die ihre eigenen Produkte anbieten (Wein, K\u00e4se, Schinken, Gem\u00fcse&#8230;)<\/td>\n<td>6<\/td>\n<\/tr>\n<tr>\n<td>Italienische Filme im Schulkino mit Einf\u00fchrungsseminar<\/td>\n<td>1<\/td>\n<\/tr>\n<\/tbody>\n<\/table>\n","protected":false},"excerpt":{"rendered":"<p>Alle internen Studenten k\u00f6nnen sich f\u00fcr unser w\u00f6chentliches Freizeitprogramm anmelden. Einige der Aktivit\u00e4ten sind kostenlos, andere erfordern einen Kostenbeitrag! &nbsp; Das w\u00f6chentliche Programm bietet viele M\u00f6glichkeiten, in die italienische Kultur und Lifestyle einzutauchen. F\u00fchrungen in Triest, Museumsbesuche, Schlosstouren, Filmabende mit italienischen\u00a0Klassikern wie auch Seminare \u00fcber\u00a0die italienische Kultur\u00a0und\u00a0Br\u00e4uche sind ein integraler Bestandteil der Kulturprogramme. Im Gebiet &hellip; <a href=\"https:\/\/piccolauniversitaitaliana.com\/de\/unser-service\/aktivitaeten\/\" class=\"more-link\"><span class=\"screen-reader-text\">&#8222;AKTIVIT\u00c4TEN IN TRIEST&#8220; <\/span>weiterlesen<\/a><\/p>\n","protected":false},"author":2,"featured_media":9043,"parent":2293,"menu_order":0,"comment_status":"closed","ping_status":"closed","template":"","meta":{"_acf_changed":false,"footnotes":""},"class_list":["post-2299","page","type-page","status-publish","has-post-thumbnail","hentry"],"acf":[],"yoast_head":"<!-- This site is optimized with the Yoast SEO Premium plugin v27.0 (Yoast SEO v27.4) - https:\/\/yoast.com\/product\/yoast-seo-premium-wordpress\/ -->\n<title>AKTIVIT\u00c4TEN IN TRIEST - Piccola Universit\u00e0 Italiana<\/title>\n<meta name=\"description\" content=\"Unser w\u00f6chentliches au\u00dferschulisches Freizeitprogramm in Triest bietet zahlreiche M\u00f6glichkeiten, in die italienische Kultur und den italienischen Lebensstil einzutauchen.\" \/>\n<meta name=\"robots\" content=\"index, follow, max-snippet:-1, max-image-preview:large, max-video-preview:-1\" \/>\n<link rel=\"canonical\" href=\"https:\/\/piccolauniversitaitaliana.com\/de\/unser-service\/aktivitaeten\/\" \/>\n<meta property=\"og:locale\" content=\"de_DE\" \/>\n<meta property=\"og:type\" content=\"article\" \/>\n<meta property=\"og:title\" content=\"AKTIVIT\u00c4TEN IN TRIEST\" \/>\n<meta property=\"og:description\" content=\"Alle internen Studenten k\u00f6nnen sich f\u00fcr unser w\u00f6chentliches Freizeitprogramm anmelden. Einige der Aktivit\u00e4ten sind kostenlos, andere erfordern einen\" \/>\n<meta property=\"og:url\" content=\"https:\/\/piccolauniversitaitaliana.com\/de\/unser-service\/aktivitaeten\/\" \/>\n<meta property=\"og:site_name\" content=\"Piccola Universit\u00e0 Italiana\" \/>\n<meta property=\"article:publisher\" content=\"https:\/\/www.facebook.com\/piccola.universita.italiana.trieste\/\" \/>\n<meta property=\"article:modified_time\" content=\"2023-05-25T14:21:58+00:00\" \/>\n<meta property=\"og:image\" content=\"https:\/\/piccolauniversitaitaliana.com\/wp-content\/uploads\/2016\/06\/Studiare-Italiano_Le-Venezie_Escursione-Venezia-17-1024x768.jpg\" \/>\n\t<meta property=\"og:image:width\" content=\"1024\" \/>\n\t<meta property=\"og:image:height\" content=\"768\" \/>\n\t<meta property=\"og:image:type\" content=\"image\/jpeg\" \/>\n<meta name=\"twitter:card\" content=\"summary_large_image\" \/>\n<meta name=\"twitter:site\" content=\"@italiancourses\" \/>\n<meta name=\"twitter:label1\" content=\"Gesch\u00e4tzte Lesezeit\" \/>\n\t<meta name=\"twitter:data1\" content=\"2\u00a0Minuten\" \/>\n<script type=\"application\/ld+json\" class=\"yoast-schema-graph\">{\"@context\":\"https:\\\/\\\/schema.org\",\"@graph\":[{\"@type\":\"WebPage\",\"@id\":\"https:\\\/\\\/piccolauniversitaitaliana.com\\\/de\\\/unser-service\\\/aktivitaeten\\\/\",\"url\":\"https:\\\/\\\/piccolauniversitaitaliana.com\\\/de\\\/unser-service\\\/aktivitaeten\\\/\",\"name\":\"AKTIVIT\u00c4TEN IN TRIEST - Piccola Universit\u00e0 Italiana\",\"isPartOf\":{\"@id\":\"https:\\\/\\\/piccolauniversitaitaliana.com\\\/de\\\/#website\"},\"primaryImageOfPage\":{\"@id\":\"https:\\\/\\\/piccolauniversitaitaliana.com\\\/de\\\/unser-service\\\/aktivitaeten\\\/#primaryimage\"},\"image\":{\"@id\":\"https:\\\/\\\/piccolauniversitaitaliana.com\\\/de\\\/unser-service\\\/aktivitaeten\\\/#primaryimage\"},\"thumbnailUrl\":\"https:\\\/\\\/piccolauniversitaitaliana.com\\\/wp-content\\\/uploads\\\/2016\\\/06\\\/Studiare-Italiano_Le-Venezie_Escursione-Venezia-17.jpg\",\"datePublished\":\"2016-06-02T08:12:26+00:00\",\"dateModified\":\"2023-05-25T14:21:58+00:00\",\"description\":\"Unser w\u00f6chentliches au\u00dferschulisches Freizeitprogramm in Triest bietet zahlreiche M\u00f6glichkeiten, in die italienische Kultur und den italienischen Lebensstil einzutauchen.\",\"breadcrumb\":{\"@id\":\"https:\\\/\\\/piccolauniversitaitaliana.com\\\/de\\\/unser-service\\\/aktivitaeten\\\/#breadcrumb\"},\"inLanguage\":\"de\",\"potentialAction\":[{\"@type\":\"ReadAction\",\"target\":[\"https:\\\/\\\/piccolauniversitaitaliana.com\\\/de\\\/unser-service\\\/aktivitaeten\\\/\"]}]},{\"@type\":\"ImageObject\",\"inLanguage\":\"de\",\"@id\":\"https:\\\/\\\/piccolauniversitaitaliana.com\\\/de\\\/unser-service\\\/aktivitaeten\\\/#primaryimage\",\"url\":\"https:\\\/\\\/piccolauniversitaitaliana.com\\\/wp-content\\\/uploads\\\/2016\\\/06\\\/Studiare-Italiano_Le-Venezie_Escursione-Venezia-17.jpg\",\"contentUrl\":\"https:\\\/\\\/piccolauniversitaitaliana.com\\\/wp-content\\\/uploads\\\/2016\\\/06\\\/Studiare-Italiano_Le-Venezie_Escursione-Venezia-17.jpg\",\"width\":3264,\"height\":2448},{\"@type\":\"BreadcrumbList\",\"@id\":\"https:\\\/\\\/piccolauniversitaitaliana.com\\\/de\\\/unser-service\\\/aktivitaeten\\\/#breadcrumb\",\"itemListElement\":[{\"@type\":\"ListItem\",\"position\":1,\"name\":\"Home\",\"item\":\"https:\\\/\\\/piccolauniversitaitaliana.com\\\/de\\\/\"},{\"@type\":\"ListItem\",\"position\":2,\"name\":\"UNSER SERVICE\",\"item\":\"https:\\\/\\\/piccolauniversitaitaliana.com\\\/de\\\/unser-service\\\/\"},{\"@type\":\"ListItem\",\"position\":3,\"name\":\"AKTIVIT\u00c4TEN IN TRIEST\"}]},{\"@type\":\"WebSite\",\"@id\":\"https:\\\/\\\/piccolauniversitaitaliana.com\\\/de\\\/#website\",\"url\":\"https:\\\/\\\/piccolauniversitaitaliana.com\\\/de\\\/\",\"name\":\"Piccola Universit\u00e0 Italiana\",\"description\":\"Boutique Italian Language Schools in Fantastic Locations\",\"publisher\":{\"@id\":\"https:\\\/\\\/piccolauniversitaitaliana.com\\\/de\\\/#organization\"},\"potentialAction\":[{\"@type\":\"SearchAction\",\"target\":{\"@type\":\"EntryPoint\",\"urlTemplate\":\"https:\\\/\\\/piccolauniversitaitaliana.com\\\/de\\\/?s={search_term_string}\"},\"query-input\":{\"@type\":\"PropertyValueSpecification\",\"valueRequired\":true,\"valueName\":\"search_term_string\"}}],\"inLanguage\":\"de\"},{\"@type\":\"Organization\",\"@id\":\"https:\\\/\\\/piccolauniversitaitaliana.com\\\/de\\\/#organization\",\"name\":\"PICCOLA UNIVERSIT\u00c0 ITALIANA\",\"url\":\"https:\\\/\\\/piccolauniversitaitaliana.com\\\/de\\\/\",\"logo\":{\"@type\":\"ImageObject\",\"inLanguage\":\"de\",\"@id\":\"https:\\\/\\\/piccolauniversitaitaliana.com\\\/de\\\/#\\\/schema\\\/logo\\\/image\\\/\",\"url\":\"\",\"contentUrl\":\"\",\"caption\":\"PICCOLA UNIVERSIT\u00c0 ITALIANA\"},\"image\":{\"@id\":\"https:\\\/\\\/piccolauniversitaitaliana.com\\\/de\\\/#\\\/schema\\\/logo\\\/image\\\/\"},\"sameAs\":[\"https:\\\/\\\/www.facebook.com\\\/piccola.universita.italiana.trieste\\\/\",\"https:\\\/\\\/x.com\\\/italiancourses\",\"https:\\\/\\\/www.instagram.com\\\/explore\\\/locations\\\/99826744\\\/piccola-universita-italiana\\\/\",\"https:\\\/\\\/www.linkedin.com\\\/company\\\/piccola-universit-italiana\",\"https:\\\/\\\/www.youtube.com\\\/user\\\/piccolauniversitaita\"]}]}<\/script>\n<!-- \/ Yoast SEO Premium plugin. -->","yoast_head_json":{"title":"AKTIVIT\u00c4TEN IN TRIEST - Piccola Universit\u00e0 Italiana","description":"Unser w\u00f6chentliches au\u00dferschulisches Freizeitprogramm in Triest bietet zahlreiche M\u00f6glichkeiten, in die italienische Kultur und den italienischen Lebensstil einzutauchen.","robots":{"index":"index","follow":"follow","max-snippet":"max-snippet:-1","max-image-preview":"max-image-preview:large","max-video-preview":"max-video-preview:-1"},"canonical":"https:\/\/piccolauniversitaitaliana.com\/de\/unser-service\/aktivitaeten\/","og_locale":"de_DE","og_type":"article","og_title":"AKTIVIT\u00c4TEN IN TRIEST","og_description":"Alle internen Studenten k\u00f6nnen sich f\u00fcr unser w\u00f6chentliches Freizeitprogramm anmelden. Einige der Aktivit\u00e4ten sind kostenlos, andere erfordern einen","og_url":"https:\/\/piccolauniversitaitaliana.com\/de\/unser-service\/aktivitaeten\/","og_site_name":"Piccola Universit\u00e0 Italiana","article_publisher":"https:\/\/www.facebook.com\/piccola.universita.italiana.trieste\/","article_modified_time":"2023-05-25T14:21:58+00:00","og_image":[{"width":1024,"height":768,"url":"https:\/\/piccolauniversitaitaliana.com\/wp-content\/uploads\/2016\/06\/Studiare-Italiano_Le-Venezie_Escursione-Venezia-17-1024x768.jpg","type":"image\/jpeg"}],"twitter_card":"summary_large_image","twitter_site":"@italiancourses","twitter_misc":{"Gesch\u00e4tzte Lesezeit":"2\u00a0Minuten"},"schema":{"@context":"https:\/\/schema.org","@graph":[{"@type":"WebPage","@id":"https:\/\/piccolauniversitaitaliana.com\/de\/unser-service\/aktivitaeten\/","url":"https:\/\/piccolauniversitaitaliana.com\/de\/unser-service\/aktivitaeten\/","name":"AKTIVIT\u00c4TEN IN TRIEST - Piccola Universit\u00e0 Italiana","isPartOf":{"@id":"https:\/\/piccolauniversitaitaliana.com\/de\/#website"},"primaryImageOfPage":{"@id":"https:\/\/piccolauniversitaitaliana.com\/de\/unser-service\/aktivitaeten\/#primaryimage"},"image":{"@id":"https:\/\/piccolauniversitaitaliana.com\/de\/unser-service\/aktivitaeten\/#primaryimage"},"thumbnailUrl":"https:\/\/piccolauniversitaitaliana.com\/wp-content\/uploads\/2016\/06\/Studiare-Italiano_Le-Venezie_Escursione-Venezia-17.jpg","datePublished":"2016-06-02T08:12:26+00:00","dateModified":"2023-05-25T14:21:58+00:00","description":"Unser w\u00f6chentliches au\u00dferschulisches Freizeitprogramm in Triest bietet zahlreiche M\u00f6glichkeiten, in die italienische Kultur und den italienischen Lebensstil einzutauchen.","breadcrumb":{"@id":"https:\/\/piccolauniversitaitaliana.com\/de\/unser-service\/aktivitaeten\/#breadcrumb"},"inLanguage":"de","potentialAction":[{"@type":"ReadAction","target":["https:\/\/piccolauniversitaitaliana.com\/de\/unser-service\/aktivitaeten\/"]}]},{"@type":"ImageObject","inLanguage":"de","@id":"https:\/\/piccolauniversitaitaliana.com\/de\/unser-service\/aktivitaeten\/#primaryimage","url":"https:\/\/piccolauniversitaitaliana.com\/wp-content\/uploads\/2016\/06\/Studiare-Italiano_Le-Venezie_Escursione-Venezia-17.jpg","contentUrl":"https:\/\/piccolauniversitaitaliana.com\/wp-content\/uploads\/2016\/06\/Studiare-Italiano_Le-Venezie_Escursione-Venezia-17.jpg","width":3264,"height":2448},{"@type":"BreadcrumbList","@id":"https:\/\/piccolauniversitaitaliana.com\/de\/unser-service\/aktivitaeten\/#breadcrumb","itemListElement":[{"@type":"ListItem","position":1,"name":"Home","item":"https:\/\/piccolauniversitaitaliana.com\/de\/"},{"@type":"ListItem","position":2,"name":"UNSER SERVICE","item":"https:\/\/piccolauniversitaitaliana.com\/de\/unser-service\/"},{"@type":"ListItem","position":3,"name":"AKTIVIT\u00c4TEN IN TRIEST"}]},{"@type":"WebSite","@id":"https:\/\/piccolauniversitaitaliana.com\/de\/#website","url":"https:\/\/piccolauniversitaitaliana.com\/de\/","name":"Piccola Universit\u00e0 Italiana","description":"Boutique Italian Language Schools in Fantastic Locations","publisher":{"@id":"https:\/\/piccolauniversitaitaliana.com\/de\/#organization"},"potentialAction":[{"@type":"SearchAction","target":{"@type":"EntryPoint","urlTemplate":"https:\/\/piccolauniversitaitaliana.com\/de\/?s={search_term_string}"},"query-input":{"@type":"PropertyValueSpecification","valueRequired":true,"valueName":"search_term_string"}}],"inLanguage":"de"},{"@type":"Organization","@id":"https:\/\/piccolauniversitaitaliana.com\/de\/#organization","name":"PICCOLA UNIVERSIT\u00c0 ITALIANA","url":"https:\/\/piccolauniversitaitaliana.com\/de\/","logo":{"@type":"ImageObject","inLanguage":"de","@id":"https:\/\/piccolauniversitaitaliana.com\/de\/#\/schema\/logo\/image\/","url":"","contentUrl":"","caption":"PICCOLA UNIVERSIT\u00c0 ITALIANA"},"image":{"@id":"https:\/\/piccolauniversitaitaliana.com\/de\/#\/schema\/logo\/image\/"},"sameAs":["https:\/\/www.facebook.com\/piccola.universita.italiana.trieste\/","https:\/\/x.com\/italiancourses","https:\/\/www.instagram.com\/explore\/locations\/99826744\/piccola-universita-italiana\/","https:\/\/www.linkedin.com\/company\/piccola-universit-italiana","https:\/\/www.youtube.com\/user\/piccolauniversitaita"]}]}},"_links":{"self":[{"href":"https:\/\/piccolauniversitaitaliana.com\/de\/wp-json\/wp\/v2\/pages\/2299","targetHints":{"allow":["GET"]}}],"collection":[{"href":"https:\/\/piccolauniversitaitaliana.com\/de\/wp-json\/wp\/v2\/pages"}],"about":[{"href":"https:\/\/piccolauniversitaitaliana.com\/de\/wp-json\/wp\/v2\/types\/page"}],"author":[{"embeddable":true,"href":"https:\/\/piccolauniversitaitaliana.com\/de\/wp-json\/wp\/v2\/users\/2"}],"replies":[{"embeddable":true,"href":"https:\/\/piccolauniversitaitaliana.com\/de\/wp-json\/wp\/v2\/comments?post=2299"}],"version-history":[{"count":8,"href":"https:\/\/piccolauniversitaitaliana.com\/de\/wp-json\/wp\/v2\/pages\/2299\/revisions"}],"predecessor-version":[{"id":36846,"href":"https:\/\/piccolauniversitaitaliana.com\/de\/wp-json\/wp\/v2\/pages\/2299\/revisions\/36846"}],"up":[{"embeddable":true,"href":"https:\/\/piccolauniversitaitaliana.com\/de\/wp-json\/wp\/v2\/pages\/2293"}],"wp:featuredmedia":[{"embeddable":true,"href":"https:\/\/piccolauniversitaitaliana.com\/de\/wp-json\/wp\/v2\/media\/9043"}],"wp:attachment":[{"href":"https:\/\/piccolauniversitaitaliana.com\/de\/wp-json\/wp\/v2\/media?parent=2299"}],"curies":[{"name":"wp","href":"https:\/\/api.w.org\/{rel}","templated":true}]}}