{"id":2297,"date":"2016-11-04T12:42:28","date_gmt":"2016-11-04T12:42:28","guid":{"rendered":"http:\/\/piccolauniversita.com\/wordpress\/de\/?page_id=2297"},"modified":"2024-01-17T15:40:16","modified_gmt":"2024-01-17T15:40:16","slug":"unterkunft-tropea","status":"publish","type":"page","link":"https:\/\/piccolauniversitaitaliana.com\/de\/unser-service\/studentenunterkuenfte-in-italien\/unterkunft-tropea\/","title":{"rendered":"UNTERKUNFT TROPEA"},"content":{"rendered":"<p>Es bedeutet uns sehr viel, dass Sie neben Ihrem professionellen <a href=\"https:\/\/piccolauniversitaitaliana.com\/de\/italienisch-sprachkurse\/\" target=\"_blank\" rel=\"noopener\">Italienischkurs in Tropea<\/a> eine Unterkunft von <span style=\"color: #e50076;\">h\u00f6chster Qualit\u00e4t<\/span> erhalten. Wir werden die sch\u00f6nste und gepflegtesten <a href=\"https:\/\/tropea-apartments.business.site\" target=\"_blank\" rel=\"noopener\">Ferienwohnungen in Tropea<\/a> f\u00fcr Sie reservieren.<\/p>\n<p>Die Ferienwohnungen in Tropea sind alle nur wenige <strong>Gehminuten von der Schule<\/strong> entfernt und befinden sich entweder in der N\u00e4he des Hafens oder im Zentrum von Tropea.<\/p>\n<p>Teilen Sie uns Ihre speziellen W\u00fcnsche mit und wir finden gerne die richtige Unterkunftsoption f\u00fcr Sie. Wir m\u00f6chten, dass Sie sich w\u00e4hrend Ihres Aufenthalts bei uns rundum wohl f\u00fchlen, sei es in der Schule oder in der Unterkunft.<\/p>\n<p>&nbsp;<\/p>\n","protected":false},"excerpt":{"rendered":"<p>Es bedeutet uns sehr viel, dass Sie neben Ihrem professionellen Italienischkurs in Tropea eine Unterkunft von h\u00f6chster Qualit\u00e4t erhalten. Wir werden die sch\u00f6nste und gepflegtesten Ferienwohnungen in Tropea f\u00fcr Sie reservieren. Die Ferienwohnungen in Tropea sind alle nur wenige Gehminuten von der Schule entfernt und befinden sich entweder in der N\u00e4he des Hafens oder im &hellip; <a href=\"https:\/\/piccolauniversitaitaliana.com\/de\/unser-service\/studentenunterkuenfte-in-italien\/unterkunft-tropea\/\" class=\"more-link\"><span class=\"screen-reader-text\">&#8222;UNTERKUNFT TROPEA&#8220; <\/span>weiterlesen<\/a><\/p>\n","protected":false},"author":7,"featured_media":9973,"parent":36392,"menu_order":0,"comment_status":"closed","ping_status":"closed","template":"page-accomodation.php","meta":{"_acf_changed":false,"footnotes":""},"class_list":["post-2297","page","type-page","status-publish","has-post-thumbnail","hentry"],"acf":[],"yoast_head":"<!-- This site is optimized with the Yoast SEO Premium plugin v27.0 (Yoast SEO v27.4) - https:\/\/yoast.com\/product\/yoast-seo-premium-wordpress\/ -->\n<title>UNTERKUNFT TROPEA - Piccola Universit\u00e0 Italiana<\/title>\n<meta name=\"description\" content=\"Suchen Sie w\u00e4hrend Ihres Italienischkurses eine Unterkunft in Tropea? Unsere Schule bietet Optionen f\u00fcr jeden Bedarf.\" \/>\n<meta name=\"robots\" content=\"index, follow, max-snippet:-1, max-image-preview:large, max-video-preview:-1\" \/>\n<link rel=\"canonical\" href=\"https:\/\/piccolauniversitaitaliana.com\/de\/unser-service\/studentenunterkuenfte-in-italien\/unterkunft-tropea\/\" \/>\n<meta property=\"og:locale\" content=\"de_DE\" \/>\n<meta property=\"og:type\" content=\"article\" \/>\n<meta property=\"og:title\" content=\"UNTERKUNFT TROPEA\" \/>\n<meta property=\"og:description\" content=\"Es bedeutet uns sehr viel, dass Sie neben Ihrem professionellen Italienischkurs in Tropea eine Unterkunft von h\u00f6chster Qualit\u00e4t erhalten. Wir werden die\" \/>\n<meta property=\"og:url\" content=\"https:\/\/piccolauniversitaitaliana.com\/de\/unser-service\/studentenunterkuenfte-in-italien\/unterkunft-tropea\/\" \/>\n<meta property=\"og:site_name\" content=\"Piccola Universit\u00e0 Italiana\" \/>\n<meta property=\"article:publisher\" content=\"https:\/\/www.facebook.com\/piccola.universita.italiana.trieste\/\" \/>\n<meta property=\"article:modified_time\" content=\"2024-01-17T15:40:16+00:00\" \/>\n<meta property=\"og:image\" content=\"https:\/\/piccolauniversitaitaliana.com\/wp-content\/uploads\/2016\/11\/Scuola-di-lingua-Italiana_Tropea_Alloggio-Monolocale-3.jpg\" \/>\n\t<meta property=\"og:image:width\" content=\"3264\" \/>\n\t<meta property=\"og:image:height\" content=\"1632\" \/>\n\t<meta property=\"og:image:type\" content=\"image\/jpeg\" \/>\n<meta name=\"twitter:card\" content=\"summary_large_image\" \/>\n<meta name=\"twitter:site\" content=\"@italiancourses\" \/>\n<meta name=\"twitter:label1\" content=\"Gesch\u00e4tzte Lesezeit\" \/>\n\t<meta name=\"twitter:data1\" content=\"1\u00a0Minute\" \/>\n<script type=\"application\/ld+json\" class=\"yoast-schema-graph\">{\"@context\":\"https:\\\/\\\/schema.org\",\"@graph\":[{\"@type\":\"WebPage\",\"@id\":\"https:\\\/\\\/piccolauniversitaitaliana.com\\\/de\\\/unser-service\\\/studentenunterkuenfte-in-italien\\\/unterkunft-tropea\\\/\",\"url\":\"https:\\\/\\\/piccolauniversitaitaliana.com\\\/de\\\/unser-service\\\/studentenunterkuenfte-in-italien\\\/unterkunft-tropea\\\/\",\"name\":\"UNTERKUNFT TROPEA - Piccola Universit\u00e0 Italiana\",\"isPartOf\":{\"@id\":\"https:\\\/\\\/piccolauniversitaitaliana.com\\\/de\\\/#website\"},\"primaryImageOfPage\":{\"@id\":\"https:\\\/\\\/piccolauniversitaitaliana.com\\\/de\\\/unser-service\\\/studentenunterkuenfte-in-italien\\\/unterkunft-tropea\\\/#primaryimage\"},\"image\":{\"@id\":\"https:\\\/\\\/piccolauniversitaitaliana.com\\\/de\\\/unser-service\\\/studentenunterkuenfte-in-italien\\\/unterkunft-tropea\\\/#primaryimage\"},\"thumbnailUrl\":\"https:\\\/\\\/piccolauniversitaitaliana.com\\\/wp-content\\\/uploads\\\/2016\\\/11\\\/Scuola-di-lingua-Italiana_Tropea_Alloggio-Monolocale-3.jpg\",\"datePublished\":\"2016-11-04T12:42:28+00:00\",\"dateModified\":\"2024-01-17T15:40:16+00:00\",\"description\":\"Suchen Sie w\u00e4hrend Ihres Italienischkurses eine Unterkunft in Tropea? Unsere Schule bietet Optionen f\u00fcr jeden Bedarf.\",\"breadcrumb\":{\"@id\":\"https:\\\/\\\/piccolauniversitaitaliana.com\\\/de\\\/unser-service\\\/studentenunterkuenfte-in-italien\\\/unterkunft-tropea\\\/#breadcrumb\"},\"inLanguage\":\"de\",\"potentialAction\":[{\"@type\":\"ReadAction\",\"target\":[\"https:\\\/\\\/piccolauniversitaitaliana.com\\\/de\\\/unser-service\\\/studentenunterkuenfte-in-italien\\\/unterkunft-tropea\\\/\"]}]},{\"@type\":\"ImageObject\",\"inLanguage\":\"de\",\"@id\":\"https:\\\/\\\/piccolauniversitaitaliana.com\\\/de\\\/unser-service\\\/studentenunterkuenfte-in-italien\\\/unterkunft-tropea\\\/#primaryimage\",\"url\":\"https:\\\/\\\/piccolauniversitaitaliana.com\\\/wp-content\\\/uploads\\\/2016\\\/11\\\/Scuola-di-lingua-Italiana_Tropea_Alloggio-Monolocale-3.jpg\",\"contentUrl\":\"https:\\\/\\\/piccolauniversitaitaliana.com\\\/wp-content\\\/uploads\\\/2016\\\/11\\\/Scuola-di-lingua-Italiana_Tropea_Alloggio-Monolocale-3.jpg\",\"width\":3264,\"height\":1632,\"caption\":\"alloggi a Tropea\"},{\"@type\":\"BreadcrumbList\",\"@id\":\"https:\\\/\\\/piccolauniversitaitaliana.com\\\/de\\\/unser-service\\\/studentenunterkuenfte-in-italien\\\/unterkunft-tropea\\\/#breadcrumb\",\"itemListElement\":[{\"@type\":\"ListItem\",\"position\":1,\"name\":\"Home\",\"item\":\"https:\\\/\\\/piccolauniversitaitaliana.com\\\/de\\\/\"},{\"@type\":\"ListItem\",\"position\":2,\"name\":\"UNSER SERVICE\",\"item\":\"https:\\\/\\\/piccolauniversitaitaliana.com\\\/de\\\/unser-service\\\/\"},{\"@type\":\"ListItem\",\"position\":3,\"name\":\"STUDENTENUNTERK\u00dcNFTE IN ITALIEN\",\"item\":\"https:\\\/\\\/piccolauniversitaitaliana.com\\\/de\\\/unser-service\\\/studentenunterkuenfte-in-italien\\\/\"},{\"@type\":\"ListItem\",\"position\":4,\"name\":\"UNTERKUNFT TROPEA\"}]},{\"@type\":\"WebSite\",\"@id\":\"https:\\\/\\\/piccolauniversitaitaliana.com\\\/de\\\/#website\",\"url\":\"https:\\\/\\\/piccolauniversitaitaliana.com\\\/de\\\/\",\"name\":\"Piccola Universit\u00e0 Italiana\",\"description\":\"Boutique Italian Language Schools in Fantastic Locations\",\"publisher\":{\"@id\":\"https:\\\/\\\/piccolauniversitaitaliana.com\\\/de\\\/#organization\"},\"potentialAction\":[{\"@type\":\"SearchAction\",\"target\":{\"@type\":\"EntryPoint\",\"urlTemplate\":\"https:\\\/\\\/piccolauniversitaitaliana.com\\\/de\\\/?s={search_term_string}\"},\"query-input\":{\"@type\":\"PropertyValueSpecification\",\"valueRequired\":true,\"valueName\":\"search_term_string\"}}],\"inLanguage\":\"de\"},{\"@type\":\"Organization\",\"@id\":\"https:\\\/\\\/piccolauniversitaitaliana.com\\\/de\\\/#organization\",\"name\":\"PICCOLA UNIVERSIT\u00c0 ITALIANA\",\"url\":\"https:\\\/\\\/piccolauniversitaitaliana.com\\\/de\\\/\",\"logo\":{\"@type\":\"ImageObject\",\"inLanguage\":\"de\",\"@id\":\"https:\\\/\\\/piccolauniversitaitaliana.com\\\/de\\\/#\\\/schema\\\/logo\\\/image\\\/\",\"url\":\"\",\"contentUrl\":\"\",\"caption\":\"PICCOLA UNIVERSIT\u00c0 ITALIANA\"},\"image\":{\"@id\":\"https:\\\/\\\/piccolauniversitaitaliana.com\\\/de\\\/#\\\/schema\\\/logo\\\/image\\\/\"},\"sameAs\":[\"https:\\\/\\\/www.facebook.com\\\/piccola.universita.italiana.trieste\\\/\",\"https:\\\/\\\/x.com\\\/italiancourses\",\"https:\\\/\\\/www.instagram.com\\\/explore\\\/locations\\\/99826744\\\/piccola-universita-italiana\\\/\",\"https:\\\/\\\/www.linkedin.com\\\/company\\\/piccola-universit-italiana\",\"https:\\\/\\\/www.youtube.com\\\/user\\\/piccolauniversitaita\"]}]}<\/script>\n<!-- \/ Yoast SEO Premium plugin. -->","yoast_head_json":{"title":"UNTERKUNFT TROPEA - Piccola Universit\u00e0 Italiana","description":"Suchen Sie w\u00e4hrend Ihres Italienischkurses eine Unterkunft in Tropea? Unsere Schule bietet Optionen f\u00fcr jeden Bedarf.","robots":{"index":"index","follow":"follow","max-snippet":"max-snippet:-1","max-image-preview":"max-image-preview:large","max-video-preview":"max-video-preview:-1"},"canonical":"https:\/\/piccolauniversitaitaliana.com\/de\/unser-service\/studentenunterkuenfte-in-italien\/unterkunft-tropea\/","og_locale":"de_DE","og_type":"article","og_title":"UNTERKUNFT TROPEA","og_description":"Es bedeutet uns sehr viel, dass Sie neben Ihrem professionellen Italienischkurs in Tropea eine Unterkunft von h\u00f6chster Qualit\u00e4t erhalten. Wir werden die","og_url":"https:\/\/piccolauniversitaitaliana.com\/de\/unser-service\/studentenunterkuenfte-in-italien\/unterkunft-tropea\/","og_site_name":"Piccola Universit\u00e0 Italiana","article_publisher":"https:\/\/www.facebook.com\/piccola.universita.italiana.trieste\/","article_modified_time":"2024-01-17T15:40:16+00:00","og_image":[{"width":3264,"height":1632,"url":"https:\/\/piccolauniversitaitaliana.com\/wp-content\/uploads\/2016\/11\/Scuola-di-lingua-Italiana_Tropea_Alloggio-Monolocale-3.jpg","type":"image\/jpeg"}],"twitter_card":"summary_large_image","twitter_site":"@italiancourses","twitter_misc":{"Gesch\u00e4tzte Lesezeit":"1\u00a0Minute"},"schema":{"@context":"https:\/\/schema.org","@graph":[{"@type":"WebPage","@id":"https:\/\/piccolauniversitaitaliana.com\/de\/unser-service\/studentenunterkuenfte-in-italien\/unterkunft-tropea\/","url":"https:\/\/piccolauniversitaitaliana.com\/de\/unser-service\/studentenunterkuenfte-in-italien\/unterkunft-tropea\/","name":"UNTERKUNFT TROPEA - Piccola Universit\u00e0 Italiana","isPartOf":{"@id":"https:\/\/piccolauniversitaitaliana.com\/de\/#website"},"primaryImageOfPage":{"@id":"https:\/\/piccolauniversitaitaliana.com\/de\/unser-service\/studentenunterkuenfte-in-italien\/unterkunft-tropea\/#primaryimage"},"image":{"@id":"https:\/\/piccolauniversitaitaliana.com\/de\/unser-service\/studentenunterkuenfte-in-italien\/unterkunft-tropea\/#primaryimage"},"thumbnailUrl":"https:\/\/piccolauniversitaitaliana.com\/wp-content\/uploads\/2016\/11\/Scuola-di-lingua-Italiana_Tropea_Alloggio-Monolocale-3.jpg","datePublished":"2016-11-04T12:42:28+00:00","dateModified":"2024-01-17T15:40:16+00:00","description":"Suchen Sie w\u00e4hrend Ihres Italienischkurses eine Unterkunft in Tropea? Unsere Schule bietet Optionen f\u00fcr jeden Bedarf.","breadcrumb":{"@id":"https:\/\/piccolauniversitaitaliana.com\/de\/unser-service\/studentenunterkuenfte-in-italien\/unterkunft-tropea\/#breadcrumb"},"inLanguage":"de","potentialAction":[{"@type":"ReadAction","target":["https:\/\/piccolauniversitaitaliana.com\/de\/unser-service\/studentenunterkuenfte-in-italien\/unterkunft-tropea\/"]}]},{"@type":"ImageObject","inLanguage":"de","@id":"https:\/\/piccolauniversitaitaliana.com\/de\/unser-service\/studentenunterkuenfte-in-italien\/unterkunft-tropea\/#primaryimage","url":"https:\/\/piccolauniversitaitaliana.com\/wp-content\/uploads\/2016\/11\/Scuola-di-lingua-Italiana_Tropea_Alloggio-Monolocale-3.jpg","contentUrl":"https:\/\/piccolauniversitaitaliana.com\/wp-content\/uploads\/2016\/11\/Scuola-di-lingua-Italiana_Tropea_Alloggio-Monolocale-3.jpg","width":3264,"height":1632,"caption":"alloggi a Tropea"},{"@type":"BreadcrumbList","@id":"https:\/\/piccolauniversitaitaliana.com\/de\/unser-service\/studentenunterkuenfte-in-italien\/unterkunft-tropea\/#breadcrumb","itemListElement":[{"@type":"ListItem","position":1,"name":"Home","item":"https:\/\/piccolauniversitaitaliana.com\/de\/"},{"@type":"ListItem","position":2,"name":"UNSER SERVICE","item":"https:\/\/piccolauniversitaitaliana.com\/de\/unser-service\/"},{"@type":"ListItem","position":3,"name":"STUDENTENUNTERK\u00dcNFTE IN ITALIEN","item":"https:\/\/piccolauniversitaitaliana.com\/de\/unser-service\/studentenunterkuenfte-in-italien\/"},{"@type":"ListItem","position":4,"name":"UNTERKUNFT TROPEA"}]},{"@type":"WebSite","@id":"https:\/\/piccolauniversitaitaliana.com\/de\/#website","url":"https:\/\/piccolauniversitaitaliana.com\/de\/","name":"Piccola Universit\u00e0 Italiana","description":"Boutique Italian Language Schools in Fantastic Locations","publisher":{"@id":"https:\/\/piccolauniversitaitaliana.com\/de\/#organization"},"potentialAction":[{"@type":"SearchAction","target":{"@type":"EntryPoint","urlTemplate":"https:\/\/piccolauniversitaitaliana.com\/de\/?s={search_term_string}"},"query-input":{"@type":"PropertyValueSpecification","valueRequired":true,"valueName":"search_term_string"}}],"inLanguage":"de"},{"@type":"Organization","@id":"https:\/\/piccolauniversitaitaliana.com\/de\/#organization","name":"PICCOLA UNIVERSIT\u00c0 ITALIANA","url":"https:\/\/piccolauniversitaitaliana.com\/de\/","logo":{"@type":"ImageObject","inLanguage":"de","@id":"https:\/\/piccolauniversitaitaliana.com\/de\/#\/schema\/logo\/image\/","url":"","contentUrl":"","caption":"PICCOLA UNIVERSIT\u00c0 ITALIANA"},"image":{"@id":"https:\/\/piccolauniversitaitaliana.com\/de\/#\/schema\/logo\/image\/"},"sameAs":["https:\/\/www.facebook.com\/piccola.universita.italiana.trieste\/","https:\/\/x.com\/italiancourses","https:\/\/www.instagram.com\/explore\/locations\/99826744\/piccola-universita-italiana\/","https:\/\/www.linkedin.com\/company\/piccola-universit-italiana","https:\/\/www.youtube.com\/user\/piccolauniversitaita"]}]}},"_links":{"self":[{"href":"https:\/\/piccolauniversitaitaliana.com\/de\/wp-json\/wp\/v2\/pages\/2297","targetHints":{"allow":["GET"]}}],"collection":[{"href":"https:\/\/piccolauniversitaitaliana.com\/de\/wp-json\/wp\/v2\/pages"}],"about":[{"href":"https:\/\/piccolauniversitaitaliana.com\/de\/wp-json\/wp\/v2\/types\/page"}],"author":[{"embeddable":true,"href":"https:\/\/piccolauniversitaitaliana.com\/de\/wp-json\/wp\/v2\/users\/7"}],"replies":[{"embeddable":true,"href":"https:\/\/piccolauniversitaitaliana.com\/de\/wp-json\/wp\/v2\/comments?post=2297"}],"version-history":[{"count":11,"href":"https:\/\/piccolauniversitaitaliana.com\/de\/wp-json\/wp\/v2\/pages\/2297\/revisions"}],"predecessor-version":[{"id":36433,"href":"https:\/\/piccolauniversitaitaliana.com\/de\/wp-json\/wp\/v2\/pages\/2297\/revisions\/36433"}],"up":[{"embeddable":true,"href":"https:\/\/piccolauniversitaitaliana.com\/de\/wp-json\/wp\/v2\/pages\/36392"}],"wp:featuredmedia":[{"embeddable":true,"href":"https:\/\/piccolauniversitaitaliana.com\/de\/wp-json\/wp\/v2\/media\/9973"}],"wp:attachment":[{"href":"https:\/\/piccolauniversitaitaliana.com\/de\/wp-json\/wp\/v2\/media?parent=2297"}],"curies":[{"name":"wp","href":"https:\/\/api.w.org\/{rel}","templated":true}]}}