{"id":2295,"date":"2016-06-02T08:12:50","date_gmt":"2016-06-02T08:12:50","guid":{"rendered":"http:\/\/piccolauniversita.com\/wordpress\/de\/?page_id=2295"},"modified":"2024-01-19T09:07:05","modified_gmt":"2024-01-19T09:07:05","slug":"unterkunft-trieste","status":"publish","type":"page","link":"https:\/\/piccolauniversitaitaliana.com\/de\/unser-service\/studentenunterkuenfte-in-italien\/unterkunft-trieste\/","title":{"rendered":"UNTERKUNFT IN TRIEST"},"content":{"rendered":"<p>Wir bieten eine gro\u00dfe Auswahl an Unterk\u00fcnften in Triest an und legen gr\u00f6\u00dften Wert darauf, dass unsere Serviceleistungen sowie unsere professionellen <a href=\"https:\/\/piccolauniversitaitaliana.com\/de\/italienisch-sprachkurse\/\">Italienischkurse in Triest<\/a> dem <span style=\"color: #e50076;\">h\u00f6chsten Standard<\/span> in der jeweiligen Kategorie entsprechen.<\/p>\n<p>Bevorzugen Sie ein Appartment im Herzen der Stadt, einem Appartement mit anderen Studenten, einem Studio Appartement in einer Residenz oder favorisieren Sie eher eine Unterkunft ausserhalb der Stadt?<\/p>\n<p>Nachfolgend finden Sie unsere Auswahl an Unterkunftsm\u00f6glichkeiten:<\/p>\n","protected":false},"excerpt":{"rendered":"<p>Wir bieten eine gro\u00dfe Auswahl an Unterk\u00fcnften in Triest an und legen gr\u00f6\u00dften Wert darauf, dass unsere Serviceleistungen sowie unsere professionellen Italienischkurse in Triest dem h\u00f6chsten Standard in der jeweiligen Kategorie entsprechen. Bevorzugen Sie ein Appartment im Herzen der Stadt, einem Appartement mit anderen Studenten, einem Studio Appartement in einer Residenz oder favorisieren Sie eher &hellip; <a href=\"https:\/\/piccolauniversitaitaliana.com\/de\/unser-service\/studentenunterkuenfte-in-italien\/unterkunft-trieste\/\" class=\"more-link\"><span class=\"screen-reader-text\">&#8222;UNTERKUNFT IN TRIEST&#8220; <\/span>weiterlesen<\/a><\/p>\n","protected":false},"author":7,"featured_media":24186,"parent":36392,"menu_order":0,"comment_status":"closed","ping_status":"closed","template":"page-accomodation.php","meta":{"_acf_changed":false,"footnotes":""},"class_list":["post-2295","page","type-page","status-publish","has-post-thumbnail","hentry"],"acf":[],"yoast_head":"<!-- This site is optimized with the Yoast SEO Premium plugin v27.0 (Yoast SEO v27.4) - https:\/\/yoast.com\/product\/yoast-seo-premium-wordpress\/ -->\n<title>UNTERKUNFT IN TRIEST - Piccola Universit\u00e0 Italiana<\/title>\n<meta name=\"description\" content=\"Sind Sie auf der Suche nach einer Unterkunft in Triest w\u00e4hrend Ihres Italienisch-Sprachkurses? Hier erfahren Sie mehr dazu.\" \/>\n<meta name=\"robots\" content=\"index, follow, max-snippet:-1, max-image-preview:large, max-video-preview:-1\" \/>\n<link rel=\"canonical\" href=\"https:\/\/piccolauniversitaitaliana.com\/de\/unser-service\/studentenunterkuenfte-in-italien\/unterkunft-trieste\/\" \/>\n<meta property=\"og:locale\" content=\"de_DE\" \/>\n<meta property=\"og:type\" content=\"article\" \/>\n<meta property=\"og:title\" content=\"UNTERKUNFT IN TRIEST\" \/>\n<meta property=\"og:description\" content=\"Wir bieten eine gro\u00dfe Auswahl an Unterk\u00fcnften in Triest an und legen gr\u00f6\u00dften Wert darauf, dass unsere Serviceleistungen sowie unsere professionellen\" \/>\n<meta property=\"og:url\" content=\"https:\/\/piccolauniversitaitaliana.com\/de\/unser-service\/studentenunterkuenfte-in-italien\/unterkunft-trieste\/\" \/>\n<meta property=\"og:site_name\" content=\"Piccola Universit\u00e0 Italiana\" \/>\n<meta property=\"article:publisher\" content=\"https:\/\/www.facebook.com\/piccola.universita.italiana.trieste\/\" \/>\n<meta property=\"article:modified_time\" content=\"2024-01-19T09:07:05+00:00\" \/>\n<meta property=\"og:image\" content=\"https:\/\/piccolauniversitaitaliana.com\/wp-content\/uploads\/2020\/05\/IMG_3213-1.jpg\" \/>\n\t<meta property=\"og:image:width\" content=\"2560\" \/>\n\t<meta property=\"og:image:height\" content=\"828\" \/>\n\t<meta property=\"og:image:type\" content=\"image\/jpeg\" \/>\n<meta name=\"twitter:card\" content=\"summary_large_image\" \/>\n<meta name=\"twitter:site\" content=\"@italiancourses\" \/>\n<meta name=\"twitter:label1\" content=\"Gesch\u00e4tzte Lesezeit\" \/>\n\t<meta name=\"twitter:data1\" content=\"1\u00a0Minute\" \/>\n<script type=\"application\/ld+json\" class=\"yoast-schema-graph\">{\"@context\":\"https:\\\/\\\/schema.org\",\"@graph\":[{\"@type\":\"WebPage\",\"@id\":\"https:\\\/\\\/piccolauniversitaitaliana.com\\\/de\\\/unser-service\\\/studentenunterkuenfte-in-italien\\\/unterkunft-trieste\\\/\",\"url\":\"https:\\\/\\\/piccolauniversitaitaliana.com\\\/de\\\/unser-service\\\/studentenunterkuenfte-in-italien\\\/unterkunft-trieste\\\/\",\"name\":\"UNTERKUNFT IN TRIEST - Piccola Universit\u00e0 Italiana\",\"isPartOf\":{\"@id\":\"https:\\\/\\\/piccolauniversitaitaliana.com\\\/de\\\/#website\"},\"primaryImageOfPage\":{\"@id\":\"https:\\\/\\\/piccolauniversitaitaliana.com\\\/de\\\/unser-service\\\/studentenunterkuenfte-in-italien\\\/unterkunft-trieste\\\/#primaryimage\"},\"image\":{\"@id\":\"https:\\\/\\\/piccolauniversitaitaliana.com\\\/de\\\/unser-service\\\/studentenunterkuenfte-in-italien\\\/unterkunft-trieste\\\/#primaryimage\"},\"thumbnailUrl\":\"https:\\\/\\\/piccolauniversitaitaliana.com\\\/wp-content\\\/uploads\\\/2020\\\/05\\\/IMG_3213-1.jpg\",\"datePublished\":\"2016-06-02T08:12:50+00:00\",\"dateModified\":\"2024-01-19T09:07:05+00:00\",\"description\":\"Sind Sie auf der Suche nach einer Unterkunft in Triest w\u00e4hrend Ihres Italienisch-Sprachkurses? Hier erfahren Sie mehr dazu.\",\"breadcrumb\":{\"@id\":\"https:\\\/\\\/piccolauniversitaitaliana.com\\\/de\\\/unser-service\\\/studentenunterkuenfte-in-italien\\\/unterkunft-trieste\\\/#breadcrumb\"},\"inLanguage\":\"de\",\"potentialAction\":[{\"@type\":\"ReadAction\",\"target\":[\"https:\\\/\\\/piccolauniversitaitaliana.com\\\/de\\\/unser-service\\\/studentenunterkuenfte-in-italien\\\/unterkunft-trieste\\\/\"]}]},{\"@type\":\"ImageObject\",\"inLanguage\":\"de\",\"@id\":\"https:\\\/\\\/piccolauniversitaitaliana.com\\\/de\\\/unser-service\\\/studentenunterkuenfte-in-italien\\\/unterkunft-trieste\\\/#primaryimage\",\"url\":\"https:\\\/\\\/piccolauniversitaitaliana.com\\\/wp-content\\\/uploads\\\/2020\\\/05\\\/IMG_3213-1.jpg\",\"contentUrl\":\"https:\\\/\\\/piccolauniversitaitaliana.com\\\/wp-content\\\/uploads\\\/2020\\\/05\\\/IMG_3213-1.jpg\",\"width\":2560,\"height\":828,\"caption\":\"alloggi a Trieste\"},{\"@type\":\"BreadcrumbList\",\"@id\":\"https:\\\/\\\/piccolauniversitaitaliana.com\\\/de\\\/unser-service\\\/studentenunterkuenfte-in-italien\\\/unterkunft-trieste\\\/#breadcrumb\",\"itemListElement\":[{\"@type\":\"ListItem\",\"position\":1,\"name\":\"Home\",\"item\":\"https:\\\/\\\/piccolauniversitaitaliana.com\\\/de\\\/\"},{\"@type\":\"ListItem\",\"position\":2,\"name\":\"UNSER SERVICE\",\"item\":\"https:\\\/\\\/piccolauniversitaitaliana.com\\\/de\\\/unser-service\\\/\"},{\"@type\":\"ListItem\",\"position\":3,\"name\":\"STUDENTENUNTERK\u00dcNFTE IN ITALIEN\",\"item\":\"https:\\\/\\\/piccolauniversitaitaliana.com\\\/de\\\/unser-service\\\/studentenunterkuenfte-in-italien\\\/\"},{\"@type\":\"ListItem\",\"position\":4,\"name\":\"UNTERKUNFT IN TRIEST\"}]},{\"@type\":\"WebSite\",\"@id\":\"https:\\\/\\\/piccolauniversitaitaliana.com\\\/de\\\/#website\",\"url\":\"https:\\\/\\\/piccolauniversitaitaliana.com\\\/de\\\/\",\"name\":\"Piccola Universit\u00e0 Italiana\",\"description\":\"Boutique Italian Language Schools in Fantastic Locations\",\"publisher\":{\"@id\":\"https:\\\/\\\/piccolauniversitaitaliana.com\\\/de\\\/#organization\"},\"potentialAction\":[{\"@type\":\"SearchAction\",\"target\":{\"@type\":\"EntryPoint\",\"urlTemplate\":\"https:\\\/\\\/piccolauniversitaitaliana.com\\\/de\\\/?s={search_term_string}\"},\"query-input\":{\"@type\":\"PropertyValueSpecification\",\"valueRequired\":true,\"valueName\":\"search_term_string\"}}],\"inLanguage\":\"de\"},{\"@type\":\"Organization\",\"@id\":\"https:\\\/\\\/piccolauniversitaitaliana.com\\\/de\\\/#organization\",\"name\":\"PICCOLA UNIVERSIT\u00c0 ITALIANA\",\"url\":\"https:\\\/\\\/piccolauniversitaitaliana.com\\\/de\\\/\",\"logo\":{\"@type\":\"ImageObject\",\"inLanguage\":\"de\",\"@id\":\"https:\\\/\\\/piccolauniversitaitaliana.com\\\/de\\\/#\\\/schema\\\/logo\\\/image\\\/\",\"url\":\"\",\"contentUrl\":\"\",\"caption\":\"PICCOLA UNIVERSIT\u00c0 ITALIANA\"},\"image\":{\"@id\":\"https:\\\/\\\/piccolauniversitaitaliana.com\\\/de\\\/#\\\/schema\\\/logo\\\/image\\\/\"},\"sameAs\":[\"https:\\\/\\\/www.facebook.com\\\/piccola.universita.italiana.trieste\\\/\",\"https:\\\/\\\/x.com\\\/italiancourses\",\"https:\\\/\\\/www.instagram.com\\\/explore\\\/locations\\\/99826744\\\/piccola-universita-italiana\\\/\",\"https:\\\/\\\/www.linkedin.com\\\/company\\\/piccola-universit-italiana\",\"https:\\\/\\\/www.youtube.com\\\/user\\\/piccolauniversitaita\"]}]}<\/script>\n<!-- \/ Yoast SEO Premium plugin. -->","yoast_head_json":{"title":"UNTERKUNFT IN TRIEST - Piccola Universit\u00e0 Italiana","description":"Sind Sie auf der Suche nach einer Unterkunft in Triest w\u00e4hrend Ihres Italienisch-Sprachkurses? Hier erfahren Sie mehr dazu.","robots":{"index":"index","follow":"follow","max-snippet":"max-snippet:-1","max-image-preview":"max-image-preview:large","max-video-preview":"max-video-preview:-1"},"canonical":"https:\/\/piccolauniversitaitaliana.com\/de\/unser-service\/studentenunterkuenfte-in-italien\/unterkunft-trieste\/","og_locale":"de_DE","og_type":"article","og_title":"UNTERKUNFT IN TRIEST","og_description":"Wir bieten eine gro\u00dfe Auswahl an Unterk\u00fcnften in Triest an und legen gr\u00f6\u00dften Wert darauf, dass unsere Serviceleistungen sowie unsere professionellen","og_url":"https:\/\/piccolauniversitaitaliana.com\/de\/unser-service\/studentenunterkuenfte-in-italien\/unterkunft-trieste\/","og_site_name":"Piccola Universit\u00e0 Italiana","article_publisher":"https:\/\/www.facebook.com\/piccola.universita.italiana.trieste\/","article_modified_time":"2024-01-19T09:07:05+00:00","og_image":[{"width":2560,"height":828,"url":"https:\/\/piccolauniversitaitaliana.com\/wp-content\/uploads\/2020\/05\/IMG_3213-1.jpg","type":"image\/jpeg"}],"twitter_card":"summary_large_image","twitter_site":"@italiancourses","twitter_misc":{"Gesch\u00e4tzte Lesezeit":"1\u00a0Minute"},"schema":{"@context":"https:\/\/schema.org","@graph":[{"@type":"WebPage","@id":"https:\/\/piccolauniversitaitaliana.com\/de\/unser-service\/studentenunterkuenfte-in-italien\/unterkunft-trieste\/","url":"https:\/\/piccolauniversitaitaliana.com\/de\/unser-service\/studentenunterkuenfte-in-italien\/unterkunft-trieste\/","name":"UNTERKUNFT IN TRIEST - Piccola Universit\u00e0 Italiana","isPartOf":{"@id":"https:\/\/piccolauniversitaitaliana.com\/de\/#website"},"primaryImageOfPage":{"@id":"https:\/\/piccolauniversitaitaliana.com\/de\/unser-service\/studentenunterkuenfte-in-italien\/unterkunft-trieste\/#primaryimage"},"image":{"@id":"https:\/\/piccolauniversitaitaliana.com\/de\/unser-service\/studentenunterkuenfte-in-italien\/unterkunft-trieste\/#primaryimage"},"thumbnailUrl":"https:\/\/piccolauniversitaitaliana.com\/wp-content\/uploads\/2020\/05\/IMG_3213-1.jpg","datePublished":"2016-06-02T08:12:50+00:00","dateModified":"2024-01-19T09:07:05+00:00","description":"Sind Sie auf der Suche nach einer Unterkunft in Triest w\u00e4hrend Ihres Italienisch-Sprachkurses? Hier erfahren Sie mehr dazu.","breadcrumb":{"@id":"https:\/\/piccolauniversitaitaliana.com\/de\/unser-service\/studentenunterkuenfte-in-italien\/unterkunft-trieste\/#breadcrumb"},"inLanguage":"de","potentialAction":[{"@type":"ReadAction","target":["https:\/\/piccolauniversitaitaliana.com\/de\/unser-service\/studentenunterkuenfte-in-italien\/unterkunft-trieste\/"]}]},{"@type":"ImageObject","inLanguage":"de","@id":"https:\/\/piccolauniversitaitaliana.com\/de\/unser-service\/studentenunterkuenfte-in-italien\/unterkunft-trieste\/#primaryimage","url":"https:\/\/piccolauniversitaitaliana.com\/wp-content\/uploads\/2020\/05\/IMG_3213-1.jpg","contentUrl":"https:\/\/piccolauniversitaitaliana.com\/wp-content\/uploads\/2020\/05\/IMG_3213-1.jpg","width":2560,"height":828,"caption":"alloggi a Trieste"},{"@type":"BreadcrumbList","@id":"https:\/\/piccolauniversitaitaliana.com\/de\/unser-service\/studentenunterkuenfte-in-italien\/unterkunft-trieste\/#breadcrumb","itemListElement":[{"@type":"ListItem","position":1,"name":"Home","item":"https:\/\/piccolauniversitaitaliana.com\/de\/"},{"@type":"ListItem","position":2,"name":"UNSER SERVICE","item":"https:\/\/piccolauniversitaitaliana.com\/de\/unser-service\/"},{"@type":"ListItem","position":3,"name":"STUDENTENUNTERK\u00dcNFTE IN ITALIEN","item":"https:\/\/piccolauniversitaitaliana.com\/de\/unser-service\/studentenunterkuenfte-in-italien\/"},{"@type":"ListItem","position":4,"name":"UNTERKUNFT IN TRIEST"}]},{"@type":"WebSite","@id":"https:\/\/piccolauniversitaitaliana.com\/de\/#website","url":"https:\/\/piccolauniversitaitaliana.com\/de\/","name":"Piccola Universit\u00e0 Italiana","description":"Boutique Italian Language Schools in Fantastic Locations","publisher":{"@id":"https:\/\/piccolauniversitaitaliana.com\/de\/#organization"},"potentialAction":[{"@type":"SearchAction","target":{"@type":"EntryPoint","urlTemplate":"https:\/\/piccolauniversitaitaliana.com\/de\/?s={search_term_string}"},"query-input":{"@type":"PropertyValueSpecification","valueRequired":true,"valueName":"search_term_string"}}],"inLanguage":"de"},{"@type":"Organization","@id":"https:\/\/piccolauniversitaitaliana.com\/de\/#organization","name":"PICCOLA UNIVERSIT\u00c0 ITALIANA","url":"https:\/\/piccolauniversitaitaliana.com\/de\/","logo":{"@type":"ImageObject","inLanguage":"de","@id":"https:\/\/piccolauniversitaitaliana.com\/de\/#\/schema\/logo\/image\/","url":"","contentUrl":"","caption":"PICCOLA UNIVERSIT\u00c0 ITALIANA"},"image":{"@id":"https:\/\/piccolauniversitaitaliana.com\/de\/#\/schema\/logo\/image\/"},"sameAs":["https:\/\/www.facebook.com\/piccola.universita.italiana.trieste\/","https:\/\/x.com\/italiancourses","https:\/\/www.instagram.com\/explore\/locations\/99826744\/piccola-universita-italiana\/","https:\/\/www.linkedin.com\/company\/piccola-universit-italiana","https:\/\/www.youtube.com\/user\/piccolauniversitaita"]}]}},"_links":{"self":[{"href":"https:\/\/piccolauniversitaitaliana.com\/de\/wp-json\/wp\/v2\/pages\/2295","targetHints":{"allow":["GET"]}}],"collection":[{"href":"https:\/\/piccolauniversitaitaliana.com\/de\/wp-json\/wp\/v2\/pages"}],"about":[{"href":"https:\/\/piccolauniversitaitaliana.com\/de\/wp-json\/wp\/v2\/types\/page"}],"author":[{"embeddable":true,"href":"https:\/\/piccolauniversitaitaliana.com\/de\/wp-json\/wp\/v2\/users\/7"}],"replies":[{"embeddable":true,"href":"https:\/\/piccolauniversitaitaliana.com\/de\/wp-json\/wp\/v2\/comments?post=2295"}],"version-history":[{"count":14,"href":"https:\/\/piccolauniversitaitaliana.com\/de\/wp-json\/wp\/v2\/pages\/2295\/revisions"}],"predecessor-version":[{"id":39790,"href":"https:\/\/piccolauniversitaitaliana.com\/de\/wp-json\/wp\/v2\/pages\/2295\/revisions\/39790"}],"up":[{"embeddable":true,"href":"https:\/\/piccolauniversitaitaliana.com\/de\/wp-json\/wp\/v2\/pages\/36392"}],"wp:featuredmedia":[{"embeddable":true,"href":"https:\/\/piccolauniversitaitaliana.com\/de\/wp-json\/wp\/v2\/media\/24186"}],"wp:attachment":[{"href":"https:\/\/piccolauniversitaitaliana.com\/de\/wp-json\/wp\/v2\/media?parent=2295"}],"curies":[{"name":"wp","href":"https:\/\/api.w.org\/{rel}","templated":true}]}}