{"id":2293,"date":"2016-05-27T16:05:40","date_gmt":"2016-05-27T16:05:40","guid":{"rendered":"http:\/\/piccolauniversita.com\/wordpress\/de\/?page_id=2293"},"modified":"2023-05-05T10:09:41","modified_gmt":"2023-05-05T10:09:41","slug":"unser-service","status":"publish","type":"page","link":"https:\/\/piccolauniversitaitaliana.com\/de\/unser-service\/","title":{"rendered":"UNSER SERVICE"},"content":{"rendered":"<h5>SERVICE, STUDENTEN BETREUUNG und WOHLBEFINDEN sind ebenso wichtig wie die Professionalit\u00e4t unserer Kernarbeit: ITALIENISCH UNTERRICHT.<br \/>\nUnsere Sprachschule garantiert einen komfortablen und reibungslosen Sprachaufenthalt dank dieser zahlreichen Dienstleistungen.<\/h5>\n<p>&nbsp;<\/p>\n<p>Einige Leistungen f\u00fcr unsere Sch\u00fcler sind entweder in der Anmeldegeb\u00fchr enthalten oder k\u00f6nnen separat angefordert werden.<br \/>\nUm Ihren Urlaub perfekt zu machen, k\u00fcmmern wir uns um alle Details: von der Organisation der Reise bis zur Unterbringung im Appartement\/Residenz\/Hotel; von der Aufmerksamkeit bei der Auswahl unseres Lehrpersonals bis zur Betreuung der Sprachbed\u00fcrfnisse des einzelnen Sch\u00fclers. Dar\u00fcber hinaus bieten wir ein reichhaltiges Programm an au\u00dferschulischen Aktivit\u00e4ten, die von erfahrenen Fachleuten organisiert werden (Ausfl\u00fcge, F\u00fchrungen, spezielle Kurse in Kunst, Musik, Gesang, Kochen, Sport und vieles mehr).<\/p>\n","protected":false},"excerpt":{"rendered":"<p>SERVICE, STUDENTEN BETREUUNG und WOHLBEFINDEN sind ebenso wichtig wie die Professionalit\u00e4t unserer Kernarbeit: ITALIENISCH UNTERRICHT. Unsere Sprachschule garantiert einen komfortablen und reibungslosen Sprachaufenthalt dank dieser zahlreichen Dienstleistungen. &nbsp; Einige Leistungen f\u00fcr unsere Sch\u00fcler sind entweder in der Anmeldegeb\u00fchr enthalten oder k\u00f6nnen separat angefordert werden. Um Ihren Urlaub perfekt zu machen, k\u00fcmmern wir uns um alle &hellip; <a href=\"https:\/\/piccolauniversitaitaliana.com\/de\/unser-service\/\" class=\"more-link\"><span class=\"screen-reader-text\">&#8222;UNSER SERVICE&#8220; <\/span>weiterlesen<\/a><\/p>\n","protected":false},"author":2,"featured_media":9878,"parent":0,"menu_order":0,"comment_status":"closed","ping_status":"closed","template":"page-services.php","meta":{"_acf_changed":false,"footnotes":""},"class_list":["post-2293","page","type-page","status-publish","has-post-thumbnail","hentry"],"acf":[],"yoast_head":"<!-- This site is optimized with the Yoast SEO Premium plugin v27.0 (Yoast SEO v27.4) - https:\/\/yoast.com\/product\/yoast-seo-premium-wordpress\/ -->\n<title>UNSER SERVICE - Piccola Universit\u00e0 Italiana<\/title>\n<meta name=\"description\" content=\"Betreung + Service sind ebenso wichtig wie die Professionalit\u00e4t unseres Italienisch Unterrichts: Unterkunft, Versicherung, Aktivit\u00e4ten.\" \/>\n<meta name=\"robots\" content=\"index, follow, max-snippet:-1, max-image-preview:large, max-video-preview:-1\" \/>\n<link rel=\"canonical\" href=\"https:\/\/piccolauniversitaitaliana.com\/de\/unser-service\/\" \/>\n<meta property=\"og:locale\" content=\"de_DE\" \/>\n<meta property=\"og:type\" content=\"article\" \/>\n<meta property=\"og:title\" content=\"UNSER SERVICE\" \/>\n<meta property=\"og:description\" content=\"SERVICE, STUDENTEN BETREUUNG und WOHLBEFINDEN sind ebenso wichtig wie die Professionalit\u00e4t unserer Kernarbeit: ITALIENISCH UNTERRICHT. Unsere Sprachschule\" \/>\n<meta property=\"og:url\" content=\"https:\/\/piccolauniversitaitaliana.com\/de\/unser-service\/\" \/>\n<meta property=\"og:site_name\" content=\"Piccola Universit\u00e0 Italiana\" \/>\n<meta property=\"article:publisher\" content=\"https:\/\/www.facebook.com\/piccola.universita.italiana.trieste\/\" \/>\n<meta property=\"article:modified_time\" content=\"2023-05-05T10:09:41+00:00\" \/>\n<meta property=\"og:image\" content=\"https:\/\/piccolauniversitaitaliana.com\/wp-content\/uploads\/2016\/05\/our_services-2.jpg\" \/>\n\t<meta property=\"og:image:width\" content=\"2796\" \/>\n\t<meta property=\"og:image:height\" content=\"1024\" \/>\n\t<meta property=\"og:image:type\" content=\"image\/jpeg\" \/>\n<meta name=\"twitter:card\" content=\"summary_large_image\" \/>\n<meta name=\"twitter:site\" content=\"@italiancourses\" \/>\n<meta name=\"twitter:label1\" content=\"Gesch\u00e4tzte Lesezeit\" \/>\n\t<meta name=\"twitter:data1\" content=\"1\u00a0Minute\" \/>\n<script type=\"application\/ld+json\" class=\"yoast-schema-graph\">{\"@context\":\"https:\\\/\\\/schema.org\",\"@graph\":[{\"@type\":\"WebPage\",\"@id\":\"https:\\\/\\\/piccolauniversitaitaliana.com\\\/de\\\/unser-service\\\/\",\"url\":\"https:\\\/\\\/piccolauniversitaitaliana.com\\\/de\\\/unser-service\\\/\",\"name\":\"UNSER SERVICE - Piccola Universit\u00e0 Italiana\",\"isPartOf\":{\"@id\":\"https:\\\/\\\/piccolauniversitaitaliana.com\\\/de\\\/#website\"},\"primaryImageOfPage\":{\"@id\":\"https:\\\/\\\/piccolauniversitaitaliana.com\\\/de\\\/unser-service\\\/#primaryimage\"},\"image\":{\"@id\":\"https:\\\/\\\/piccolauniversitaitaliana.com\\\/de\\\/unser-service\\\/#primaryimage\"},\"thumbnailUrl\":\"https:\\\/\\\/piccolauniversitaitaliana.com\\\/wp-content\\\/uploads\\\/2016\\\/05\\\/our_services-2.jpg\",\"datePublished\":\"2016-05-27T16:05:40+00:00\",\"dateModified\":\"2023-05-05T10:09:41+00:00\",\"description\":\"Betreung + Service sind ebenso wichtig wie die Professionalit\u00e4t unseres Italienisch Unterrichts: Unterkunft, Versicherung, Aktivit\u00e4ten.\",\"breadcrumb\":{\"@id\":\"https:\\\/\\\/piccolauniversitaitaliana.com\\\/de\\\/unser-service\\\/#breadcrumb\"},\"inLanguage\":\"de\",\"potentialAction\":[{\"@type\":\"ReadAction\",\"target\":[\"https:\\\/\\\/piccolauniversitaitaliana.com\\\/de\\\/unser-service\\\/\"]}]},{\"@type\":\"ImageObject\",\"inLanguage\":\"de\",\"@id\":\"https:\\\/\\\/piccolauniversitaitaliana.com\\\/de\\\/unser-service\\\/#primaryimage\",\"url\":\"https:\\\/\\\/piccolauniversitaitaliana.com\\\/wp-content\\\/uploads\\\/2016\\\/05\\\/our_services-2.jpg\",\"contentUrl\":\"https:\\\/\\\/piccolauniversitaitaliana.com\\\/wp-content\\\/uploads\\\/2016\\\/05\\\/our_services-2.jpg\",\"width\":2796,\"height\":1024,\"caption\":\"i nostri servizi\"},{\"@type\":\"BreadcrumbList\",\"@id\":\"https:\\\/\\\/piccolauniversitaitaliana.com\\\/de\\\/unser-service\\\/#breadcrumb\",\"itemListElement\":[{\"@type\":\"ListItem\",\"position\":1,\"name\":\"Home\",\"item\":\"https:\\\/\\\/piccolauniversitaitaliana.com\\\/de\\\/\"},{\"@type\":\"ListItem\",\"position\":2,\"name\":\"UNSER SERVICE\"}]},{\"@type\":\"WebSite\",\"@id\":\"https:\\\/\\\/piccolauniversitaitaliana.com\\\/de\\\/#website\",\"url\":\"https:\\\/\\\/piccolauniversitaitaliana.com\\\/de\\\/\",\"name\":\"Piccola Universit\u00e0 Italiana\",\"description\":\"Boutique Italian Language Schools in Fantastic Locations\",\"publisher\":{\"@id\":\"https:\\\/\\\/piccolauniversitaitaliana.com\\\/de\\\/#organization\"},\"potentialAction\":[{\"@type\":\"SearchAction\",\"target\":{\"@type\":\"EntryPoint\",\"urlTemplate\":\"https:\\\/\\\/piccolauniversitaitaliana.com\\\/de\\\/?s={search_term_string}\"},\"query-input\":{\"@type\":\"PropertyValueSpecification\",\"valueRequired\":true,\"valueName\":\"search_term_string\"}}],\"inLanguage\":\"de\"},{\"@type\":\"Organization\",\"@id\":\"https:\\\/\\\/piccolauniversitaitaliana.com\\\/de\\\/#organization\",\"name\":\"PICCOLA UNIVERSIT\u00c0 ITALIANA\",\"url\":\"https:\\\/\\\/piccolauniversitaitaliana.com\\\/de\\\/\",\"logo\":{\"@type\":\"ImageObject\",\"inLanguage\":\"de\",\"@id\":\"https:\\\/\\\/piccolauniversitaitaliana.com\\\/de\\\/#\\\/schema\\\/logo\\\/image\\\/\",\"url\":\"\",\"contentUrl\":\"\",\"caption\":\"PICCOLA UNIVERSIT\u00c0 ITALIANA\"},\"image\":{\"@id\":\"https:\\\/\\\/piccolauniversitaitaliana.com\\\/de\\\/#\\\/schema\\\/logo\\\/image\\\/\"},\"sameAs\":[\"https:\\\/\\\/www.facebook.com\\\/piccola.universita.italiana.trieste\\\/\",\"https:\\\/\\\/x.com\\\/italiancourses\",\"https:\\\/\\\/www.instagram.com\\\/explore\\\/locations\\\/99826744\\\/piccola-universita-italiana\\\/\",\"https:\\\/\\\/www.linkedin.com\\\/company\\\/piccola-universit-italiana\",\"https:\\\/\\\/www.youtube.com\\\/user\\\/piccolauniversitaita\"]}]}<\/script>\n<!-- \/ Yoast SEO Premium plugin. -->","yoast_head_json":{"title":"UNSER SERVICE - Piccola Universit\u00e0 Italiana","description":"Betreung + Service sind ebenso wichtig wie die Professionalit\u00e4t unseres Italienisch Unterrichts: Unterkunft, Versicherung, Aktivit\u00e4ten.","robots":{"index":"index","follow":"follow","max-snippet":"max-snippet:-1","max-image-preview":"max-image-preview:large","max-video-preview":"max-video-preview:-1"},"canonical":"https:\/\/piccolauniversitaitaliana.com\/de\/unser-service\/","og_locale":"de_DE","og_type":"article","og_title":"UNSER SERVICE","og_description":"SERVICE, STUDENTEN BETREUUNG und WOHLBEFINDEN sind ebenso wichtig wie die Professionalit\u00e4t unserer Kernarbeit: ITALIENISCH UNTERRICHT. Unsere Sprachschule","og_url":"https:\/\/piccolauniversitaitaliana.com\/de\/unser-service\/","og_site_name":"Piccola Universit\u00e0 Italiana","article_publisher":"https:\/\/www.facebook.com\/piccola.universita.italiana.trieste\/","article_modified_time":"2023-05-05T10:09:41+00:00","og_image":[{"width":2796,"height":1024,"url":"https:\/\/piccolauniversitaitaliana.com\/wp-content\/uploads\/2016\/05\/our_services-2.jpg","type":"image\/jpeg"}],"twitter_card":"summary_large_image","twitter_site":"@italiancourses","twitter_misc":{"Gesch\u00e4tzte Lesezeit":"1\u00a0Minute"},"schema":{"@context":"https:\/\/schema.org","@graph":[{"@type":"WebPage","@id":"https:\/\/piccolauniversitaitaliana.com\/de\/unser-service\/","url":"https:\/\/piccolauniversitaitaliana.com\/de\/unser-service\/","name":"UNSER SERVICE - Piccola Universit\u00e0 Italiana","isPartOf":{"@id":"https:\/\/piccolauniversitaitaliana.com\/de\/#website"},"primaryImageOfPage":{"@id":"https:\/\/piccolauniversitaitaliana.com\/de\/unser-service\/#primaryimage"},"image":{"@id":"https:\/\/piccolauniversitaitaliana.com\/de\/unser-service\/#primaryimage"},"thumbnailUrl":"https:\/\/piccolauniversitaitaliana.com\/wp-content\/uploads\/2016\/05\/our_services-2.jpg","datePublished":"2016-05-27T16:05:40+00:00","dateModified":"2023-05-05T10:09:41+00:00","description":"Betreung + Service sind ebenso wichtig wie die Professionalit\u00e4t unseres Italienisch Unterrichts: Unterkunft, Versicherung, Aktivit\u00e4ten.","breadcrumb":{"@id":"https:\/\/piccolauniversitaitaliana.com\/de\/unser-service\/#breadcrumb"},"inLanguage":"de","potentialAction":[{"@type":"ReadAction","target":["https:\/\/piccolauniversitaitaliana.com\/de\/unser-service\/"]}]},{"@type":"ImageObject","inLanguage":"de","@id":"https:\/\/piccolauniversitaitaliana.com\/de\/unser-service\/#primaryimage","url":"https:\/\/piccolauniversitaitaliana.com\/wp-content\/uploads\/2016\/05\/our_services-2.jpg","contentUrl":"https:\/\/piccolauniversitaitaliana.com\/wp-content\/uploads\/2016\/05\/our_services-2.jpg","width":2796,"height":1024,"caption":"i nostri servizi"},{"@type":"BreadcrumbList","@id":"https:\/\/piccolauniversitaitaliana.com\/de\/unser-service\/#breadcrumb","itemListElement":[{"@type":"ListItem","position":1,"name":"Home","item":"https:\/\/piccolauniversitaitaliana.com\/de\/"},{"@type":"ListItem","position":2,"name":"UNSER SERVICE"}]},{"@type":"WebSite","@id":"https:\/\/piccolauniversitaitaliana.com\/de\/#website","url":"https:\/\/piccolauniversitaitaliana.com\/de\/","name":"Piccola Universit\u00e0 Italiana","description":"Boutique Italian Language Schools in Fantastic Locations","publisher":{"@id":"https:\/\/piccolauniversitaitaliana.com\/de\/#organization"},"potentialAction":[{"@type":"SearchAction","target":{"@type":"EntryPoint","urlTemplate":"https:\/\/piccolauniversitaitaliana.com\/de\/?s={search_term_string}"},"query-input":{"@type":"PropertyValueSpecification","valueRequired":true,"valueName":"search_term_string"}}],"inLanguage":"de"},{"@type":"Organization","@id":"https:\/\/piccolauniversitaitaliana.com\/de\/#organization","name":"PICCOLA UNIVERSIT\u00c0 ITALIANA","url":"https:\/\/piccolauniversitaitaliana.com\/de\/","logo":{"@type":"ImageObject","inLanguage":"de","@id":"https:\/\/piccolauniversitaitaliana.com\/de\/#\/schema\/logo\/image\/","url":"","contentUrl":"","caption":"PICCOLA UNIVERSIT\u00c0 ITALIANA"},"image":{"@id":"https:\/\/piccolauniversitaitaliana.com\/de\/#\/schema\/logo\/image\/"},"sameAs":["https:\/\/www.facebook.com\/piccola.universita.italiana.trieste\/","https:\/\/x.com\/italiancourses","https:\/\/www.instagram.com\/explore\/locations\/99826744\/piccola-universita-italiana\/","https:\/\/www.linkedin.com\/company\/piccola-universit-italiana","https:\/\/www.youtube.com\/user\/piccolauniversitaita"]}]}},"_links":{"self":[{"href":"https:\/\/piccolauniversitaitaliana.com\/de\/wp-json\/wp\/v2\/pages\/2293","targetHints":{"allow":["GET"]}}],"collection":[{"href":"https:\/\/piccolauniversitaitaliana.com\/de\/wp-json\/wp\/v2\/pages"}],"about":[{"href":"https:\/\/piccolauniversitaitaliana.com\/de\/wp-json\/wp\/v2\/types\/page"}],"author":[{"embeddable":true,"href":"https:\/\/piccolauniversitaitaliana.com\/de\/wp-json\/wp\/v2\/users\/2"}],"replies":[{"embeddable":true,"href":"https:\/\/piccolauniversitaitaliana.com\/de\/wp-json\/wp\/v2\/comments?post=2293"}],"version-history":[{"count":9,"href":"https:\/\/piccolauniversitaitaliana.com\/de\/wp-json\/wp\/v2\/pages\/2293\/revisions"}],"predecessor-version":[{"id":36379,"href":"https:\/\/piccolauniversitaitaliana.com\/de\/wp-json\/wp\/v2\/pages\/2293\/revisions\/36379"}],"wp:featuredmedia":[{"embeddable":true,"href":"https:\/\/piccolauniversitaitaliana.com\/de\/wp-json\/wp\/v2\/media\/9878"}],"wp:attachment":[{"href":"https:\/\/piccolauniversitaitaliana.com\/de\/wp-json\/wp\/v2\/media?parent=2293"}],"curies":[{"name":"wp","href":"https:\/\/api.w.org\/{rel}","templated":true}]}}