{"id":2291,"date":"2016-12-09T10:42:32","date_gmt":"2016-12-09T10:42:32","guid":{"rendered":"http:\/\/piccolauniversita.com\/wordpress\/de\/?page_id=2291"},"modified":"2023-05-25T14:16:57","modified_gmt":"2023-05-25T14:16:57","slug":"wie-wir-unterrichten","status":"publish","type":"page","link":"https:\/\/piccolauniversitaitaliana.com\/de\/wie-wir-unterrichten\/","title":{"rendered":"METHODIK UND DIDAKTIK"},"content":{"rendered":"<p>Die Piccola Universit\u00e0 Italiana verfolgt eine pr\u00e4zise Lehrmethodik, die es den Studenten erm\u00f6glicht, effizient und effektiv zu lernen.<\/p>\n<p>Unsere hochspezialisierten <a href=\"https:\/\/piccolauniversitaitaliana.com\/de\/unser-team\/\">Italienischlehrer<\/a> tun ihr Bestes, um sicherzustellen, dass die Studenten durch die Anwendung einer g\u00fcltigen und st\u00e4ndig aktualisierten Lehrmethodik eine hervorragende Beherrschung der italienischen Sprache erwerben.<\/p>\n","protected":false},"excerpt":{"rendered":"<p>Die Piccola Universit\u00e0 Italiana verfolgt eine pr\u00e4zise Lehrmethodik, die es den Studenten erm\u00f6glicht, effizient und effektiv zu lernen. Unsere hochspezialisierten Italienischlehrer tun ihr Bestes, um sicherzustellen, dass die Studenten durch die Anwendung einer g\u00fcltigen und st\u00e4ndig aktualisierten Lehrmethodik eine hervorragende Beherrschung der italienischen Sprache erwerben.<\/p>\n","protected":false},"author":2,"featured_media":22551,"parent":0,"menu_order":0,"comment_status":"closed","ping_status":"closed","template":"","meta":{"_acf_changed":false,"footnotes":""},"class_list":["post-2291","page","type-page","status-publish","has-post-thumbnail","hentry"],"acf":[],"yoast_head":"<!-- This site is optimized with the Yoast SEO Premium plugin v27.0 (Yoast SEO v27.5) - https:\/\/yoast.com\/product\/yoast-seo-premium-wordpress\/ -->\n<title>METHODIK UND DIDAKTIK - Piccola Universit\u00e0 Italiana<\/title>\n<meta name=\"description\" content=\"Unsere pragmatisch-kommunikative Methode wird Sie dazu bringen, Italienisch zu lernen und es nie wieder zu vergessen! Tauchen Sie ein in die italienische Sprache in unserer fr\u00f6hlichen Atmosph\u00e4re!\" \/>\n<meta name=\"robots\" content=\"index, follow, max-snippet:-1, max-image-preview:large, max-video-preview:-1\" \/>\n<link rel=\"canonical\" href=\"https:\/\/piccolauniversitaitaliana.com\/de\/wie-wir-unterrichten\/\" \/>\n<meta property=\"og:locale\" content=\"de_DE\" \/>\n<meta property=\"og:type\" content=\"article\" \/>\n<meta property=\"og:title\" content=\"METHODIK UND DIDAKTIK\" \/>\n<meta property=\"og:description\" content=\"Die Piccola Universit\u00e0 Italiana verfolgt eine pr\u00e4zise Lehrmethodik, die es den Studenten erm\u00f6glicht, effizient und effektiv zu lernen. Unsere\" \/>\n<meta property=\"og:url\" content=\"https:\/\/piccolauniversitaitaliana.com\/de\/wie-wir-unterrichten\/\" \/>\n<meta property=\"og:site_name\" content=\"Piccola Universit\u00e0 Italiana\" \/>\n<meta property=\"article:publisher\" content=\"https:\/\/www.facebook.com\/piccola.universita.italiana.trieste\/\" \/>\n<meta property=\"article:modified_time\" content=\"2023-05-25T14:16:57+00:00\" \/>\n<meta property=\"og:image\" content=\"https:\/\/piccolauniversitaitaliana.com\/wp-content\/uploads\/2020\/05\/how-we-teach.png\" \/>\n\t<meta property=\"og:image:width\" content=\"1280\" \/>\n\t<meta property=\"og:image:height\" content=\"800\" \/>\n\t<meta property=\"og:image:type\" content=\"image\/png\" \/>\n<meta name=\"twitter:card\" content=\"summary_large_image\" \/>\n<meta name=\"twitter:site\" content=\"@italiancourses\" \/>\n<meta name=\"twitter:label1\" content=\"Gesch\u00e4tzte Lesezeit\" \/>\n\t<meta name=\"twitter:data1\" content=\"1\u00a0Minute\" \/>\n<script type=\"application\/ld+json\" class=\"yoast-schema-graph\">{\"@context\":\"https:\\\/\\\/schema.org\",\"@graph\":[{\"@type\":\"WebPage\",\"@id\":\"https:\\\/\\\/piccolauniversitaitaliana.com\\\/de\\\/wie-wir-unterrichten\\\/\",\"url\":\"https:\\\/\\\/piccolauniversitaitaliana.com\\\/de\\\/wie-wir-unterrichten\\\/\",\"name\":\"METHODIK UND DIDAKTIK - Piccola Universit\u00e0 Italiana\",\"isPartOf\":{\"@id\":\"https:\\\/\\\/piccolauniversitaitaliana.com\\\/de\\\/#website\"},\"primaryImageOfPage\":{\"@id\":\"https:\\\/\\\/piccolauniversitaitaliana.com\\\/de\\\/wie-wir-unterrichten\\\/#primaryimage\"},\"image\":{\"@id\":\"https:\\\/\\\/piccolauniversitaitaliana.com\\\/de\\\/wie-wir-unterrichten\\\/#primaryimage\"},\"thumbnailUrl\":\"https:\\\/\\\/piccolauniversitaitaliana.com\\\/wp-content\\\/uploads\\\/2020\\\/05\\\/how-we-teach.png\",\"datePublished\":\"2016-12-09T10:42:32+00:00\",\"dateModified\":\"2023-05-25T14:16:57+00:00\",\"description\":\"Unsere pragmatisch-kommunikative Methode wird Sie dazu bringen, Italienisch zu lernen und es nie wieder zu vergessen! Tauchen Sie ein in die italienische Sprache in unserer fr\u00f6hlichen Atmosph\u00e4re!\",\"breadcrumb\":{\"@id\":\"https:\\\/\\\/piccolauniversitaitaliana.com\\\/de\\\/wie-wir-unterrichten\\\/#breadcrumb\"},\"inLanguage\":\"de\",\"potentialAction\":[{\"@type\":\"ReadAction\",\"target\":[\"https:\\\/\\\/piccolauniversitaitaliana.com\\\/de\\\/wie-wir-unterrichten\\\/\"]}]},{\"@type\":\"ImageObject\",\"inLanguage\":\"de\",\"@id\":\"https:\\\/\\\/piccolauniversitaitaliana.com\\\/de\\\/wie-wir-unterrichten\\\/#primaryimage\",\"url\":\"https:\\\/\\\/piccolauniversitaitaliana.com\\\/wp-content\\\/uploads\\\/2020\\\/05\\\/how-we-teach.png\",\"contentUrl\":\"https:\\\/\\\/piccolauniversitaitaliana.com\\\/wp-content\\\/uploads\\\/2020\\\/05\\\/how-we-teach.png\",\"width\":1280,\"height\":800,\"caption\":\"metodologia didattica\"},{\"@type\":\"BreadcrumbList\",\"@id\":\"https:\\\/\\\/piccolauniversitaitaliana.com\\\/de\\\/wie-wir-unterrichten\\\/#breadcrumb\",\"itemListElement\":[{\"@type\":\"ListItem\",\"position\":1,\"name\":\"Home\",\"item\":\"https:\\\/\\\/piccolauniversitaitaliana.com\\\/de\\\/\"},{\"@type\":\"ListItem\",\"position\":2,\"name\":\"METHODIK UND DIDAKTIK\"}]},{\"@type\":\"WebSite\",\"@id\":\"https:\\\/\\\/piccolauniversitaitaliana.com\\\/de\\\/#website\",\"url\":\"https:\\\/\\\/piccolauniversitaitaliana.com\\\/de\\\/\",\"name\":\"Piccola Universit\u00e0 Italiana\",\"description\":\"Boutique Italian Language Schools in Fantastic Locations\",\"publisher\":{\"@id\":\"https:\\\/\\\/piccolauniversitaitaliana.com\\\/de\\\/#organization\"},\"potentialAction\":[{\"@type\":\"SearchAction\",\"target\":{\"@type\":\"EntryPoint\",\"urlTemplate\":\"https:\\\/\\\/piccolauniversitaitaliana.com\\\/de\\\/?s={search_term_string}\"},\"query-input\":{\"@type\":\"PropertyValueSpecification\",\"valueRequired\":true,\"valueName\":\"search_term_string\"}}],\"inLanguage\":\"de\"},{\"@type\":\"Organization\",\"@id\":\"https:\\\/\\\/piccolauniversitaitaliana.com\\\/de\\\/#organization\",\"name\":\"PICCOLA UNIVERSIT\u00c0 ITALIANA\",\"url\":\"https:\\\/\\\/piccolauniversitaitaliana.com\\\/de\\\/\",\"logo\":{\"@type\":\"ImageObject\",\"inLanguage\":\"de\",\"@id\":\"https:\\\/\\\/piccolauniversitaitaliana.com\\\/de\\\/#\\\/schema\\\/logo\\\/image\\\/\",\"url\":\"\",\"contentUrl\":\"\",\"caption\":\"PICCOLA UNIVERSIT\u00c0 ITALIANA\"},\"image\":{\"@id\":\"https:\\\/\\\/piccolauniversitaitaliana.com\\\/de\\\/#\\\/schema\\\/logo\\\/image\\\/\"},\"sameAs\":[\"https:\\\/\\\/www.facebook.com\\\/piccola.universita.italiana.trieste\\\/\",\"https:\\\/\\\/x.com\\\/italiancourses\",\"https:\\\/\\\/www.instagram.com\\\/explore\\\/locations\\\/99826744\\\/piccola-universita-italiana\\\/\",\"https:\\\/\\\/www.linkedin.com\\\/company\\\/piccola-universit-italiana\",\"https:\\\/\\\/www.youtube.com\\\/user\\\/piccolauniversitaita\"]}]}<\/script>\n<!-- \/ Yoast SEO Premium plugin. -->","yoast_head_json":{"title":"METHODIK UND DIDAKTIK - Piccola Universit\u00e0 Italiana","description":"Unsere pragmatisch-kommunikative Methode wird Sie dazu bringen, Italienisch zu lernen und es nie wieder zu vergessen! Tauchen Sie ein in die italienische Sprache in unserer fr\u00f6hlichen Atmosph\u00e4re!","robots":{"index":"index","follow":"follow","max-snippet":"max-snippet:-1","max-image-preview":"max-image-preview:large","max-video-preview":"max-video-preview:-1"},"canonical":"https:\/\/piccolauniversitaitaliana.com\/de\/wie-wir-unterrichten\/","og_locale":"de_DE","og_type":"article","og_title":"METHODIK UND DIDAKTIK","og_description":"Die Piccola Universit\u00e0 Italiana verfolgt eine pr\u00e4zise Lehrmethodik, die es den Studenten erm\u00f6glicht, effizient und effektiv zu lernen. Unsere","og_url":"https:\/\/piccolauniversitaitaliana.com\/de\/wie-wir-unterrichten\/","og_site_name":"Piccola Universit\u00e0 Italiana","article_publisher":"https:\/\/www.facebook.com\/piccola.universita.italiana.trieste\/","article_modified_time":"2023-05-25T14:16:57+00:00","og_image":[{"width":1280,"height":800,"url":"https:\/\/piccolauniversitaitaliana.com\/wp-content\/uploads\/2020\/05\/how-we-teach.png","type":"image\/png"}],"twitter_card":"summary_large_image","twitter_site":"@italiancourses","twitter_misc":{"Gesch\u00e4tzte Lesezeit":"1\u00a0Minute"},"schema":{"@context":"https:\/\/schema.org","@graph":[{"@type":"WebPage","@id":"https:\/\/piccolauniversitaitaliana.com\/de\/wie-wir-unterrichten\/","url":"https:\/\/piccolauniversitaitaliana.com\/de\/wie-wir-unterrichten\/","name":"METHODIK UND DIDAKTIK - Piccola Universit\u00e0 Italiana","isPartOf":{"@id":"https:\/\/piccolauniversitaitaliana.com\/de\/#website"},"primaryImageOfPage":{"@id":"https:\/\/piccolauniversitaitaliana.com\/de\/wie-wir-unterrichten\/#primaryimage"},"image":{"@id":"https:\/\/piccolauniversitaitaliana.com\/de\/wie-wir-unterrichten\/#primaryimage"},"thumbnailUrl":"https:\/\/piccolauniversitaitaliana.com\/wp-content\/uploads\/2020\/05\/how-we-teach.png","datePublished":"2016-12-09T10:42:32+00:00","dateModified":"2023-05-25T14:16:57+00:00","description":"Unsere pragmatisch-kommunikative Methode wird Sie dazu bringen, Italienisch zu lernen und es nie wieder zu vergessen! Tauchen Sie ein in die italienische Sprache in unserer fr\u00f6hlichen Atmosph\u00e4re!","breadcrumb":{"@id":"https:\/\/piccolauniversitaitaliana.com\/de\/wie-wir-unterrichten\/#breadcrumb"},"inLanguage":"de","potentialAction":[{"@type":"ReadAction","target":["https:\/\/piccolauniversitaitaliana.com\/de\/wie-wir-unterrichten\/"]}]},{"@type":"ImageObject","inLanguage":"de","@id":"https:\/\/piccolauniversitaitaliana.com\/de\/wie-wir-unterrichten\/#primaryimage","url":"https:\/\/piccolauniversitaitaliana.com\/wp-content\/uploads\/2020\/05\/how-we-teach.png","contentUrl":"https:\/\/piccolauniversitaitaliana.com\/wp-content\/uploads\/2020\/05\/how-we-teach.png","width":1280,"height":800,"caption":"metodologia didattica"},{"@type":"BreadcrumbList","@id":"https:\/\/piccolauniversitaitaliana.com\/de\/wie-wir-unterrichten\/#breadcrumb","itemListElement":[{"@type":"ListItem","position":1,"name":"Home","item":"https:\/\/piccolauniversitaitaliana.com\/de\/"},{"@type":"ListItem","position":2,"name":"METHODIK UND DIDAKTIK"}]},{"@type":"WebSite","@id":"https:\/\/piccolauniversitaitaliana.com\/de\/#website","url":"https:\/\/piccolauniversitaitaliana.com\/de\/","name":"Piccola Universit\u00e0 Italiana","description":"Boutique Italian Language Schools in Fantastic Locations","publisher":{"@id":"https:\/\/piccolauniversitaitaliana.com\/de\/#organization"},"potentialAction":[{"@type":"SearchAction","target":{"@type":"EntryPoint","urlTemplate":"https:\/\/piccolauniversitaitaliana.com\/de\/?s={search_term_string}"},"query-input":{"@type":"PropertyValueSpecification","valueRequired":true,"valueName":"search_term_string"}}],"inLanguage":"de"},{"@type":"Organization","@id":"https:\/\/piccolauniversitaitaliana.com\/de\/#organization","name":"PICCOLA UNIVERSIT\u00c0 ITALIANA","url":"https:\/\/piccolauniversitaitaliana.com\/de\/","logo":{"@type":"ImageObject","inLanguage":"de","@id":"https:\/\/piccolauniversitaitaliana.com\/de\/#\/schema\/logo\/image\/","url":"","contentUrl":"","caption":"PICCOLA UNIVERSIT\u00c0 ITALIANA"},"image":{"@id":"https:\/\/piccolauniversitaitaliana.com\/de\/#\/schema\/logo\/image\/"},"sameAs":["https:\/\/www.facebook.com\/piccola.universita.italiana.trieste\/","https:\/\/x.com\/italiancourses","https:\/\/www.instagram.com\/explore\/locations\/99826744\/piccola-universita-italiana\/","https:\/\/www.linkedin.com\/company\/piccola-universit-italiana","https:\/\/www.youtube.com\/user\/piccolauniversitaita"]}]}},"_links":{"self":[{"href":"https:\/\/piccolauniversitaitaliana.com\/de\/wp-json\/wp\/v2\/pages\/2291","targetHints":{"allow":["GET"]}}],"collection":[{"href":"https:\/\/piccolauniversitaitaliana.com\/de\/wp-json\/wp\/v2\/pages"}],"about":[{"href":"https:\/\/piccolauniversitaitaliana.com\/de\/wp-json\/wp\/v2\/types\/page"}],"author":[{"embeddable":true,"href":"https:\/\/piccolauniversitaitaliana.com\/de\/wp-json\/wp\/v2\/users\/2"}],"replies":[{"embeddable":true,"href":"https:\/\/piccolauniversitaitaliana.com\/de\/wp-json\/wp\/v2\/comments?post=2291"}],"version-history":[{"count":6,"href":"https:\/\/piccolauniversitaitaliana.com\/de\/wp-json\/wp\/v2\/pages\/2291\/revisions"}],"predecessor-version":[{"id":36839,"href":"https:\/\/piccolauniversitaitaliana.com\/de\/wp-json\/wp\/v2\/pages\/2291\/revisions\/36839"}],"wp:featuredmedia":[{"embeddable":true,"href":"https:\/\/piccolauniversitaitaliana.com\/de\/wp-json\/wp\/v2\/media\/22551"}],"wp:attachment":[{"href":"https:\/\/piccolauniversitaitaliana.com\/de\/wp-json\/wp\/v2\/media?parent=2291"}],"curies":[{"name":"wp","href":"https:\/\/api.w.org\/{rel}","templated":true}]}}