{"id":2289,"date":"2016-06-02T08:11:47","date_gmt":"2016-06-02T08:11:47","guid":{"rendered":"http:\/\/piccolauniversita.com\/wordpress\/de\/?page_id=2289"},"modified":"2024-12-16T13:07:54","modified_gmt":"2024-12-16T13:07:54","slug":"unser-team","status":"publish","type":"page","link":"https:\/\/piccolauniversitaitaliana.com\/de\/unser-team\/","title":{"rendered":"UNSER TEAM"},"content":{"rendered":"<h6 align=\"justify\"><strong>Das Team der Piccola Universit\u00e0 Italiana setzt sich zusammen aus motivierten und erfahrenen Italienisch Lehrern sowie einem mehrsprachigen Administrations Team.<\/strong><\/h6>\n<p align=\"justify\">Das\u00a0<strong>Team der Administration<\/strong>\u00a0unter der Leitung des Direktors Antonio Lamantea sorgt daf\u00fcr, dass die Studenten bereits vor der Anreise korrekt und <strong>freundlich betreut<\/strong> werden, sich vor Ort in der Schule <strong>wohl f\u00fchlen<\/strong>, Spa\u00df haben, ein interessantes Kultur-, Ausflugs- und Sportprogramm angeboten wird.<\/p>\n<blockquote>\n<p align=\"justify\">Es ist unser oberstes Ziel, dass die gesamte Organisation unserer Italienischsprachschule rund l\u00e4uft und die kleinen und gro\u00dfen W\u00fcnsche unserer Studenten stets <strong>zu vollster Zufriedenhei<\/strong>t erf\u00fcllt werden.<\/p>\n<\/blockquote>\n<p>Alle <strong>Italienisch Lehrer<\/strong> sind Muttersprachler und verf\u00fcgen selbstverst\u00e4ndlich \u00fcber ein abgeschlossenes <strong>Universit\u00e4tsstudium<\/strong> in Literatur oder Sprache. Zudem wird das Lehrpersonal von unserer Italienisch Sprachschule formiert und auf die Bed\u00fcrfnisse der Studenten optimal vorbereitet. Gr\u00f6ssten Wert legen wir auch auf die <strong>Sozialkompetenzen<\/strong> unserer Italienisch Sprachlehrer. Das Team der Italienisch Lehrer ist somit spezialisiert auf die Vermittlung der Italienischen Sprache an fremdsprachige Studenten, Berufst\u00e4tige und Freunde der italienischen Sprache und Kultur.<\/p>\n<p>DDurch die strikt limitierte Anzahl der Studenten in den Italienischkursen wird dieser spezielle Unterricht mit <strong>pers\u00f6nlicher Note<\/strong> erm\u00f6glicht. Desweiteren werden unsere Italienisch Studenten auf <strong>15 Sprachniveaus<\/strong> unterteilt. Eine au\u00dfergew\u00f6hnlich pers\u00f6nliche und genaue Einteilung im jeweiligen Sprachniveau ist somit garantiert.<\/p>\n<blockquote>\n<p align=\"justify\"><b>Unsere Lehrer gestalten den Italienisch Unterricht lebendig, abwechslungsreich und effizient in sehr pers\u00f6nlicher und kommunikativer Atmosph\u00e4re.<\/b><\/p>\n<\/blockquote>\n<p align=\"justify\">\n","protected":false},"excerpt":{"rendered":"<p>Das Team der Piccola Universit\u00e0 Italiana setzt sich zusammen aus motivierten und erfahrenen Italienisch Lehrern sowie einem mehrsprachigen Administrations Team. Das\u00a0Team der Administration\u00a0unter der Leitung des Direktors Antonio Lamantea sorgt daf\u00fcr, dass die Studenten bereits vor der Anreise korrekt und freundlich betreut werden, sich vor Ort in der Schule wohl f\u00fchlen, Spa\u00df haben, ein interessantes &hellip; <a href=\"https:\/\/piccolauniversitaitaliana.com\/de\/unser-team\/\" class=\"more-link\"><span class=\"screen-reader-text\">&#8222;UNSER TEAM&#8220; <\/span>weiterlesen<\/a><\/p>\n","protected":false},"author":2,"featured_media":9203,"parent":0,"menu_order":0,"comment_status":"closed","ping_status":"closed","template":"page-staff.php","meta":{"_acf_changed":false,"footnotes":""},"class_list":["post-2289","page","type-page","status-publish","has-post-thumbnail","hentry"],"acf":[],"yoast_head":"<!-- This site is optimized with the Yoast SEO Premium plugin v27.0 (Yoast SEO v27.4) - https:\/\/yoast.com\/product\/yoast-seo-premium-wordpress\/ -->\n<title>UNSER TEAM - Piccola Universit\u00e0 Italiana<\/title>\n<meta name=\"description\" content=\"Das Team unserer Schule setzt sich zusammen aus motivierten + erfahrenen Italienisch Lehrern sowie einem mehrsprachigen Administrations Team.\" \/>\n<meta name=\"robots\" content=\"index, follow, max-snippet:-1, max-image-preview:large, max-video-preview:-1\" \/>\n<link rel=\"canonical\" href=\"https:\/\/piccolauniversitaitaliana.com\/de\/unser-team\/\" \/>\n<meta property=\"og:locale\" content=\"de_DE\" \/>\n<meta property=\"og:type\" content=\"article\" \/>\n<meta property=\"og:title\" content=\"UNSER TEAM\" \/>\n<meta property=\"og:description\" content=\"Das Team der Piccola Universit\u00e0 Italiana setzt sich zusammen aus motivierten und erfahrenen Italienisch Lehrern sowie einem mehrsprachigen Administrations\" \/>\n<meta property=\"og:url\" content=\"https:\/\/piccolauniversitaitaliana.com\/de\/unser-team\/\" \/>\n<meta property=\"og:site_name\" content=\"Piccola Universit\u00e0 Italiana\" \/>\n<meta property=\"article:publisher\" content=\"https:\/\/www.facebook.com\/piccola.universita.italiana.trieste\/\" \/>\n<meta property=\"article:modified_time\" content=\"2024-12-16T13:07:54+00:00\" \/>\n<meta property=\"og:image\" content=\"https:\/\/piccolauniversitaitaliana.com\/wp-content\/uploads\/2016\/06\/iStock_bandiera.italiana_XLARGE-1024x576.jpg\" \/>\n\t<meta property=\"og:image:width\" content=\"1024\" \/>\n\t<meta property=\"og:image:height\" content=\"576\" \/>\n\t<meta property=\"og:image:type\" content=\"image\/jpeg\" \/>\n<meta name=\"twitter:card\" content=\"summary_large_image\" \/>\n<meta name=\"twitter:site\" content=\"@italiancourses\" \/>\n<meta name=\"twitter:label1\" content=\"Gesch\u00e4tzte Lesezeit\" \/>\n\t<meta name=\"twitter:data1\" content=\"1\u00a0Minute\" \/>\n<script type=\"application\/ld+json\" class=\"yoast-schema-graph\">{\"@context\":\"https:\\\/\\\/schema.org\",\"@graph\":[{\"@type\":\"WebPage\",\"@id\":\"https:\\\/\\\/piccolauniversitaitaliana.com\\\/de\\\/unser-team\\\/\",\"url\":\"https:\\\/\\\/piccolauniversitaitaliana.com\\\/de\\\/unser-team\\\/\",\"name\":\"UNSER TEAM - Piccola Universit\u00e0 Italiana\",\"isPartOf\":{\"@id\":\"https:\\\/\\\/piccolauniversitaitaliana.com\\\/de\\\/#website\"},\"primaryImageOfPage\":{\"@id\":\"https:\\\/\\\/piccolauniversitaitaliana.com\\\/de\\\/unser-team\\\/#primaryimage\"},\"image\":{\"@id\":\"https:\\\/\\\/piccolauniversitaitaliana.com\\\/de\\\/unser-team\\\/#primaryimage\"},\"thumbnailUrl\":\"https:\\\/\\\/piccolauniversitaitaliana.com\\\/wp-content\\\/uploads\\\/2016\\\/06\\\/iStock_bandiera.italiana_XLARGE.jpg\",\"datePublished\":\"2016-06-02T08:11:47+00:00\",\"dateModified\":\"2024-12-16T13:07:54+00:00\",\"description\":\"Das Team unserer Schule setzt sich zusammen aus motivierten + erfahrenen Italienisch Lehrern sowie einem mehrsprachigen Administrations Team.\",\"breadcrumb\":{\"@id\":\"https:\\\/\\\/piccolauniversitaitaliana.com\\\/de\\\/unser-team\\\/#breadcrumb\"},\"inLanguage\":\"de\",\"potentialAction\":[{\"@type\":\"ReadAction\",\"target\":[\"https:\\\/\\\/piccolauniversitaitaliana.com\\\/de\\\/unser-team\\\/\"]}]},{\"@type\":\"ImageObject\",\"inLanguage\":\"de\",\"@id\":\"https:\\\/\\\/piccolauniversitaitaliana.com\\\/de\\\/unser-team\\\/#primaryimage\",\"url\":\"https:\\\/\\\/piccolauniversitaitaliana.com\\\/wp-content\\\/uploads\\\/2016\\\/06\\\/iStock_bandiera.italiana_XLARGE.jpg\",\"contentUrl\":\"https:\\\/\\\/piccolauniversitaitaliana.com\\\/wp-content\\\/uploads\\\/2016\\\/06\\\/iStock_bandiera.italiana_XLARGE.jpg\",\"width\":4572,\"height\":2571,\"caption\":\"Italian flag with fabric structure\"},{\"@type\":\"BreadcrumbList\",\"@id\":\"https:\\\/\\\/piccolauniversitaitaliana.com\\\/de\\\/unser-team\\\/#breadcrumb\",\"itemListElement\":[{\"@type\":\"ListItem\",\"position\":1,\"name\":\"Home\",\"item\":\"https:\\\/\\\/piccolauniversitaitaliana.com\\\/de\\\/\"},{\"@type\":\"ListItem\",\"position\":2,\"name\":\"UNSER TEAM\"}]},{\"@type\":\"WebSite\",\"@id\":\"https:\\\/\\\/piccolauniversitaitaliana.com\\\/de\\\/#website\",\"url\":\"https:\\\/\\\/piccolauniversitaitaliana.com\\\/de\\\/\",\"name\":\"Piccola Universit\u00e0 Italiana\",\"description\":\"Boutique Italian Language Schools in Fantastic Locations\",\"publisher\":{\"@id\":\"https:\\\/\\\/piccolauniversitaitaliana.com\\\/de\\\/#organization\"},\"potentialAction\":[{\"@type\":\"SearchAction\",\"target\":{\"@type\":\"EntryPoint\",\"urlTemplate\":\"https:\\\/\\\/piccolauniversitaitaliana.com\\\/de\\\/?s={search_term_string}\"},\"query-input\":{\"@type\":\"PropertyValueSpecification\",\"valueRequired\":true,\"valueName\":\"search_term_string\"}}],\"inLanguage\":\"de\"},{\"@type\":\"Organization\",\"@id\":\"https:\\\/\\\/piccolauniversitaitaliana.com\\\/de\\\/#organization\",\"name\":\"PICCOLA UNIVERSIT\u00c0 ITALIANA\",\"url\":\"https:\\\/\\\/piccolauniversitaitaliana.com\\\/de\\\/\",\"logo\":{\"@type\":\"ImageObject\",\"inLanguage\":\"de\",\"@id\":\"https:\\\/\\\/piccolauniversitaitaliana.com\\\/de\\\/#\\\/schema\\\/logo\\\/image\\\/\",\"url\":\"\",\"contentUrl\":\"\",\"caption\":\"PICCOLA UNIVERSIT\u00c0 ITALIANA\"},\"image\":{\"@id\":\"https:\\\/\\\/piccolauniversitaitaliana.com\\\/de\\\/#\\\/schema\\\/logo\\\/image\\\/\"},\"sameAs\":[\"https:\\\/\\\/www.facebook.com\\\/piccola.universita.italiana.trieste\\\/\",\"https:\\\/\\\/x.com\\\/italiancourses\",\"https:\\\/\\\/www.instagram.com\\\/explore\\\/locations\\\/99826744\\\/piccola-universita-italiana\\\/\",\"https:\\\/\\\/www.linkedin.com\\\/company\\\/piccola-universit-italiana\",\"https:\\\/\\\/www.youtube.com\\\/user\\\/piccolauniversitaita\"]}]}<\/script>\n<!-- \/ Yoast SEO Premium plugin. -->","yoast_head_json":{"title":"UNSER TEAM - Piccola Universit\u00e0 Italiana","description":"Das Team unserer Schule setzt sich zusammen aus motivierten + erfahrenen Italienisch Lehrern sowie einem mehrsprachigen Administrations Team.","robots":{"index":"index","follow":"follow","max-snippet":"max-snippet:-1","max-image-preview":"max-image-preview:large","max-video-preview":"max-video-preview:-1"},"canonical":"https:\/\/piccolauniversitaitaliana.com\/de\/unser-team\/","og_locale":"de_DE","og_type":"article","og_title":"UNSER TEAM","og_description":"Das Team der Piccola Universit\u00e0 Italiana setzt sich zusammen aus motivierten und erfahrenen Italienisch Lehrern sowie einem mehrsprachigen Administrations","og_url":"https:\/\/piccolauniversitaitaliana.com\/de\/unser-team\/","og_site_name":"Piccola Universit\u00e0 Italiana","article_publisher":"https:\/\/www.facebook.com\/piccola.universita.italiana.trieste\/","article_modified_time":"2024-12-16T13:07:54+00:00","og_image":[{"width":1024,"height":576,"url":"https:\/\/piccolauniversitaitaliana.com\/wp-content\/uploads\/2016\/06\/iStock_bandiera.italiana_XLARGE-1024x576.jpg","type":"image\/jpeg"}],"twitter_card":"summary_large_image","twitter_site":"@italiancourses","twitter_misc":{"Gesch\u00e4tzte Lesezeit":"1\u00a0Minute"},"schema":{"@context":"https:\/\/schema.org","@graph":[{"@type":"WebPage","@id":"https:\/\/piccolauniversitaitaliana.com\/de\/unser-team\/","url":"https:\/\/piccolauniversitaitaliana.com\/de\/unser-team\/","name":"UNSER TEAM - Piccola Universit\u00e0 Italiana","isPartOf":{"@id":"https:\/\/piccolauniversitaitaliana.com\/de\/#website"},"primaryImageOfPage":{"@id":"https:\/\/piccolauniversitaitaliana.com\/de\/unser-team\/#primaryimage"},"image":{"@id":"https:\/\/piccolauniversitaitaliana.com\/de\/unser-team\/#primaryimage"},"thumbnailUrl":"https:\/\/piccolauniversitaitaliana.com\/wp-content\/uploads\/2016\/06\/iStock_bandiera.italiana_XLARGE.jpg","datePublished":"2016-06-02T08:11:47+00:00","dateModified":"2024-12-16T13:07:54+00:00","description":"Das Team unserer Schule setzt sich zusammen aus motivierten + erfahrenen Italienisch Lehrern sowie einem mehrsprachigen Administrations Team.","breadcrumb":{"@id":"https:\/\/piccolauniversitaitaliana.com\/de\/unser-team\/#breadcrumb"},"inLanguage":"de","potentialAction":[{"@type":"ReadAction","target":["https:\/\/piccolauniversitaitaliana.com\/de\/unser-team\/"]}]},{"@type":"ImageObject","inLanguage":"de","@id":"https:\/\/piccolauniversitaitaliana.com\/de\/unser-team\/#primaryimage","url":"https:\/\/piccolauniversitaitaliana.com\/wp-content\/uploads\/2016\/06\/iStock_bandiera.italiana_XLARGE.jpg","contentUrl":"https:\/\/piccolauniversitaitaliana.com\/wp-content\/uploads\/2016\/06\/iStock_bandiera.italiana_XLARGE.jpg","width":4572,"height":2571,"caption":"Italian flag with fabric structure"},{"@type":"BreadcrumbList","@id":"https:\/\/piccolauniversitaitaliana.com\/de\/unser-team\/#breadcrumb","itemListElement":[{"@type":"ListItem","position":1,"name":"Home","item":"https:\/\/piccolauniversitaitaliana.com\/de\/"},{"@type":"ListItem","position":2,"name":"UNSER TEAM"}]},{"@type":"WebSite","@id":"https:\/\/piccolauniversitaitaliana.com\/de\/#website","url":"https:\/\/piccolauniversitaitaliana.com\/de\/","name":"Piccola Universit\u00e0 Italiana","description":"Boutique Italian Language Schools in Fantastic Locations","publisher":{"@id":"https:\/\/piccolauniversitaitaliana.com\/de\/#organization"},"potentialAction":[{"@type":"SearchAction","target":{"@type":"EntryPoint","urlTemplate":"https:\/\/piccolauniversitaitaliana.com\/de\/?s={search_term_string}"},"query-input":{"@type":"PropertyValueSpecification","valueRequired":true,"valueName":"search_term_string"}}],"inLanguage":"de"},{"@type":"Organization","@id":"https:\/\/piccolauniversitaitaliana.com\/de\/#organization","name":"PICCOLA UNIVERSIT\u00c0 ITALIANA","url":"https:\/\/piccolauniversitaitaliana.com\/de\/","logo":{"@type":"ImageObject","inLanguage":"de","@id":"https:\/\/piccolauniversitaitaliana.com\/de\/#\/schema\/logo\/image\/","url":"","contentUrl":"","caption":"PICCOLA UNIVERSIT\u00c0 ITALIANA"},"image":{"@id":"https:\/\/piccolauniversitaitaliana.com\/de\/#\/schema\/logo\/image\/"},"sameAs":["https:\/\/www.facebook.com\/piccola.universita.italiana.trieste\/","https:\/\/x.com\/italiancourses","https:\/\/www.instagram.com\/explore\/locations\/99826744\/piccola-universita-italiana\/","https:\/\/www.linkedin.com\/company\/piccola-universit-italiana","https:\/\/www.youtube.com\/user\/piccolauniversitaita"]}]}},"_links":{"self":[{"href":"https:\/\/piccolauniversitaitaliana.com\/de\/wp-json\/wp\/v2\/pages\/2289","targetHints":{"allow":["GET"]}}],"collection":[{"href":"https:\/\/piccolauniversitaitaliana.com\/de\/wp-json\/wp\/v2\/pages"}],"about":[{"href":"https:\/\/piccolauniversitaitaliana.com\/de\/wp-json\/wp\/v2\/types\/page"}],"author":[{"embeddable":true,"href":"https:\/\/piccolauniversitaitaliana.com\/de\/wp-json\/wp\/v2\/users\/2"}],"replies":[{"embeddable":true,"href":"https:\/\/piccolauniversitaitaliana.com\/de\/wp-json\/wp\/v2\/comments?post=2289"}],"version-history":[{"count":22,"href":"https:\/\/piccolauniversitaitaliana.com\/de\/wp-json\/wp\/v2\/pages\/2289\/revisions"}],"predecessor-version":[{"id":46843,"href":"https:\/\/piccolauniversitaitaliana.com\/de\/wp-json\/wp\/v2\/pages\/2289\/revisions\/46843"}],"wp:featuredmedia":[{"embeddable":true,"href":"https:\/\/piccolauniversitaitaliana.com\/de\/wp-json\/wp\/v2\/media\/9203"}],"wp:attachment":[{"href":"https:\/\/piccolauniversitaitaliana.com\/de\/wp-json\/wp\/v2\/media?parent=2289"}],"curies":[{"name":"wp","href":"https:\/\/api.w.org\/{rel}","templated":true}]}}