{"id":2278,"date":"2016-05-27T16:06:07","date_gmt":"2016-05-27T16:06:07","guid":{"rendered":"http:\/\/piccolauniversita.com\/wordpress\/de\/?page_id=2278"},"modified":"2024-04-23T17:49:28","modified_gmt":"2024-04-23T17:49:28","slug":"italienisch-zertifikate","status":"publish","type":"page","link":"https:\/\/piccolauniversitaitaliana.com\/de\/italienisch-zertifikate\/","title":{"rendered":"ITALIENISCH ZERTIFIKATE"},"content":{"rendered":"<p>Es gibt verschiedene Sprachpr\u00fcfungen, die das erreichte Niveau der italienischen Sprachkompetenz bescheinigen. Bei diesen Pr\u00fcfungen handelt es sich um die <strong>offiziellen italienischen Sprachzertifikate<\/strong>, die verschiedene Niveaus von Sprachkenntnissen f\u00fcr Fremdsprachige der italienischen Sprache anerkennen und in die folgenden <strong>Sprachniveaus<\/strong> unterteilt sind:<\/p>\n<ul>\n<li><span style=\"color: #0075bf;\"><strong>A1<\/strong><\/span><\/li>\n<li><span style=\"color: #0075bf;\"><strong>A2<\/strong><\/span><\/li>\n<li><span style=\"color: #0075bf;\"><strong>A2 Immigrazione (f\u00fcr Einwanderungszwecke)<\/strong><\/span><\/li>\n<li><span style=\"color: #0075bf;\"><strong>B1<\/strong><\/span><\/li>\n<li><span style=\"color: #0075bf;\"><strong>B1 Cittadinanza (f\u00fcr Einwanderungszwecke)<\/strong><\/span><\/li>\n<li><span style=\"color: #0075bf;\"><strong>B2<\/strong><\/span><\/li>\n<li><span style=\"color: #0075bf;\"><strong>C1<\/strong><\/span><\/li>\n<li><span style=\"color: #0075bf;\"><strong>C2<\/strong><\/span><\/li>\n<\/ul>\n<p>Die Piccola Universit\u00e0 Italiana ist ein autorisiertes Pr\u00fcfungszentrum f\u00fcr verschiedene Italienisch-Pr\u00fcfungen, die alle oben genannten Sprachniveaus abdecken, und bietet den Studenten die M\u00f6glichkeit, ihre Italienisch-Kenntnisse zu \u00fcberpr\u00fcfen:<\/p>\n<ul>\n<li><a href=\"http:\/\/www.unistrasi.it\/\">CILS &#8211; Pr\u00fcfungen der Universit\u00e4t von Siena<\/a><\/li>\n<li><a href=\"http:\/\/www.cvcl.it\/\">CELI &#8211; Pr\u00fcfungen der Universit\u00e4t von Perugia<\/a><\/li>\n<\/ul>\n<p>In unserem <span style=\"color: #c69607;\"><strong>Campus in Trieste<\/strong><\/span> sind wir berechtigt, folgende Pr\u00fcfungen durchzuf\u00fchren<br \/>\n&#8211; das Zertifikat f\u00fcr Italienisch als Fremdsprache der Universit\u00e4t Siena (CILS) und<br \/>\n&#8211; das Zertifikat der italienischen Sprache der Universit\u00e4t Perugia (CELI).<\/p>\n<p>In unserem <span style=\"color: #469a8f;\"><strong>Campus in Tropea<\/strong><\/span> sind wir berechtigt, folgende Pr\u00fcfungen durchzuf\u00fchren<br \/>\n&#8211; das Zertifikat der italienischen Sprache der Universit\u00e4t von Perugia (CELI).<\/p>\n<blockquote><p>Unser <a href=\"https:\/\/piccolauniversitaitaliana.com\/de\/italienisch-sprachkurse\/vorbereitungskurse-fuer-examen\/\">Pr\u00fcfungsvorbereitungskurs<\/a> kann entweder als <a href=\"https:\/\/piccolauniversitaitaliana.com\/de\/italienisch-sprachkurse\/intensive-course\/\">Italienisch-Intensivkurs<\/a> oder als Italienisch-Privatunterricht gebucht werden.<\/p><\/blockquote>\n<p>Diese Zertifikate f\u00fcr Italienisch als Fremdsprache sind vom italienischen Au\u00dfenministerium anerkannt und die Pr\u00fcfungen f\u00fcr diese Zertifikate finden mehrmals im Jahr statt.<\/p>\n<h2 id=\"tablepress-26-name\" class=\"tablepress-table-name tablepress-table-name-id-26\">CILS: Date degli Esami 2024 | Luogo: Trieste<\/h2>\n<span id=\"tablepress-26-description\" class=\"tablepress-table-description tablepress-table-description-id-26\">IT<\/span>\n\n<table id=\"tablepress-26\" class=\"tablepress tablepress-id-26\" aria-labelledby=\"tablepress-26-name\" aria-describedby=\"tablepress-26-description\">\n<thead>\n<tr class=\"row-1\">\n\t<th class=\"column-1\">Data dell'esame<\/th><th class=\"column-2\">Livello e tipo di certificazione<\/th><th class=\"column-3\">Scadenza d'iscrizione<\/th>\n<\/tr>\n<\/thead>\n<tbody class=\"row-hover\">\n<tr class=\"row-2\">\n\t<td class=\"column-1\">Febbraio 15<\/td><td class=\"column-2\">A2 Integrazione<br \/>\nB1 Cittadinanza<\/td><td class=\"column-3\">Gennaio 15<\/td>\n<\/tr>\n<tr class=\"row-3\">\n\t<td class=\"column-1\">Aprile 11<\/td><td class=\"column-2\">A2<br \/>\nA2 Integrazione<br \/>\nB1 Cittadinanza<br \/>\nB1 Adolescenti<br \/>\nB2<\/td><td class=\"column-3\">Marzo 11<\/td>\n<\/tr>\n<tr class=\"row-4\">\n\t<td class=\"column-1\">Giugno 05<\/td><td class=\"column-2\">All levels <\/td><td class=\"column-3\">Aprile 26<\/td>\n<\/tr>\n<tr class=\"row-5\">\n\t<td class=\"column-1\">Luglio 18<\/td><td class=\"column-2\">A2 Integrazione<br \/>\nB1 Cittadinanza<\/td><td class=\"column-3\">Giugno 18<\/td>\n<\/tr>\n<tr class=\"row-6\">\n\t<td class=\"column-1\">Ottobre 17<\/td><td class=\"column-2\">A2<br \/>\nA2 Integrazione<br \/>\nB1 Cittadinanza<\/td><td class=\"column-3\">Settembre 17<\/td>\n<\/tr>\n<tr class=\"row-7\">\n\t<td class=\"column-1\">Dicembre 5<\/td><td class=\"column-2\">All levels <\/td><td class=\"column-3\">Ottobre 26<\/td>\n<\/tr>\n<\/tbody>\n<\/table>\n<!-- #tablepress-26 from cache -->\n<h2 id=\"tablepress-25-name\" class=\"tablepress-table-name tablepress-table-name-id-25\">CELI: Date degli Esami 2024 | Luogo: Trieste + Tropea<\/h2>\n\n<table id=\"tablepress-25\" class=\"tablepress tablepress-id-25\" aria-labelledby=\"tablepress-25-name\">\n<thead>\n<tr class=\"row-1\">\n\t<th class=\"column-1\">Data dell'esame<\/th><th class=\"column-2\">Livello e tipo di certificazione<\/th><th class=\"column-3\">Scadenza per l'iscrizione<\/th>\n<\/tr>\n<\/thead>\n<tbody class=\"row-striping row-hover\">\n<tr class=\"row-2\">\n\t<td class=\"column-1\">Febbraio 13<\/td><td class=\"column-2\">A2 CELI1 i<br \/>\nB1 CELI 2 i cittadinanza<\/td><td class=\"column-3\">Gennaio 13<\/td>\n<\/tr>\n<tr class=\"row-3\">\n\t<td class=\"column-1\">Marzo 13<\/td><td class=\"column-2\">A1 CELI impatto<br \/>\nA2 CELI 1<br \/>\nB1 CELI 2<br \/>\nB2 CELI 3<\/td><td class=\"column-3\">Febbraio 10<\/td>\n<\/tr>\n<tr class=\"row-4\">\n\t<td class=\"column-1\">Maggio 08<\/td><td class=\"column-2\">A1 CELI impatto i<br \/>\nA2 CELI 1 i<br \/>\nB1 CELI 2 i cittadinanza<\/td><td class=\"column-3\">Aprile 8<\/td>\n<\/tr>\n<tr class=\"row-5\">\n\t<td class=\"column-1\">Giugno 19<\/td><td class=\"column-2\">A1 CELI impatto<br \/>\nA2 CELI 1<br \/>\nB1 CELI 2<br \/>\nB2 CELI 3<br \/>\nC1 CELI 4<br \/>\nC2 CELI 5<\/td><td class=\"column-3\">Maggio 19<\/td>\n<\/tr>\n<tr class=\"row-6\">\n\t<td class=\"column-1\">Settembre 18<\/td><td class=\"column-2\">A2 CELI 1 i<br \/>\nB1 CELI 2 i cittadinanza<\/td><td class=\"column-3\">Agosto 18<\/td>\n<\/tr>\n<tr class=\"row-7\">\n\t<td class=\"column-1\">Novembre 20<\/td><td class=\"column-2\">A1 CELI impatto<br \/>\nA2 CELI 1<br \/>\nB1 CELI 2<br \/>\nB2 CELI 3<br \/>\nC1 CELI 4<br \/>\nC2 CELI 5<\/td><td class=\"column-3\">Ottobre 19<\/td>\n<\/tr>\n<tr class=\"row-8\">\n\t<td class=\"column-1\">Novembre 27<\/td><td class=\"column-2\">A1 CELI impattto i<br \/>\nA2 CELI 1 i<br \/>\nB1 CELI 2 i cittadinanza<\/td><td class=\"column-3\">Ottobre 20<\/td>\n<\/tr>\n<\/tbody>\n<\/table>\n<!-- #tablepress-25 from cache -->\n<p>&nbsp;<\/p>\n","protected":false},"excerpt":{"rendered":"<p>Es gibt verschiedene Sprachpr\u00fcfungen, die das erreichte Niveau der italienischen Sprachkompetenz bescheinigen. Bei diesen Pr\u00fcfungen handelt es sich um die offiziellen italienischen Sprachzertifikate, die verschiedene Niveaus von Sprachkenntnissen f\u00fcr Fremdsprachige der italienischen Sprache anerkennen und in die folgenden Sprachniveaus unterteilt sind: A1 A2 A2 Immigrazione (f\u00fcr Einwanderungszwecke) B1 B1 Cittadinanza (f\u00fcr Einwanderungszwecke) B2 C1 C2 &hellip; <a href=\"https:\/\/piccolauniversitaitaliana.com\/de\/italienisch-zertifikate\/\" class=\"more-link\"><span class=\"screen-reader-text\">&#8222;ITALIENISCH ZERTIFIKATE&#8220; <\/span>weiterlesen<\/a><\/p>\n","protected":false},"author":2,"featured_media":19309,"parent":0,"menu_order":0,"comment_status":"closed","ping_status":"closed","template":"page-examinations.php","meta":{"_acf_changed":false,"footnotes":""},"class_list":["post-2278","page","type-page","status-publish","has-post-thumbnail","hentry"],"acf":[],"yoast_head":"<!-- This site is optimized with the Yoast SEO Premium plugin v27.0 (Yoast SEO v27.4) - https:\/\/yoast.com\/product\/yoast-seo-premium-wordpress\/ -->\n<title>ITALIENISCH ZERTIFIKATE - Piccola Universit\u00e0 Italiana<\/title>\n<meta name=\"description\" content=\"Unsere Schulen bieten den Sch\u00fclern die M\u00f6glichkeit, ihre Kenntnisse und F\u00e4higkeiten in der italienischen Sprache offiziell zu zertifizieren.\" \/>\n<meta name=\"robots\" content=\"index, follow, max-snippet:-1, max-image-preview:large, max-video-preview:-1\" \/>\n<link rel=\"canonical\" href=\"https:\/\/piccolauniversitaitaliana.com\/de\/italienisch-zertifikate\/\" \/>\n<meta property=\"og:locale\" content=\"de_DE\" \/>\n<meta property=\"og:type\" content=\"article\" \/>\n<meta property=\"og:title\" content=\"ITALIENISCH ZERTIFIKATE\" \/>\n<meta property=\"og:description\" content=\"Es gibt verschiedene Sprachpr\u00fcfungen, die das erreichte Niveau der italienischen Sprachkompetenz bescheinigen. Bei diesen Pr\u00fcfungen handelt es sich um die\" \/>\n<meta property=\"og:url\" content=\"https:\/\/piccolauniversitaitaliana.com\/de\/italienisch-zertifikate\/\" \/>\n<meta property=\"og:site_name\" content=\"Piccola Universit\u00e0 Italiana\" \/>\n<meta property=\"article:publisher\" content=\"https:\/\/www.facebook.com\/piccola.universita.italiana.trieste\/\" \/>\n<meta property=\"article:modified_time\" content=\"2024-04-23T17:49:28+00:00\" \/>\n<meta property=\"og:image\" content=\"https:\/\/piccolauniversitaitaliana.com\/wp-content\/uploads\/2019\/05\/certificati.trieste.tropea.png\" \/>\n\t<meta property=\"og:image:width\" content=\"1486\" \/>\n\t<meta property=\"og:image:height\" content=\"544\" \/>\n\t<meta property=\"og:image:type\" content=\"image\/png\" \/>\n<meta name=\"twitter:card\" content=\"summary_large_image\" \/>\n<meta name=\"twitter:site\" content=\"@italiancourses\" \/>\n<meta name=\"twitter:label1\" content=\"Gesch\u00e4tzte Lesezeit\" \/>\n\t<meta name=\"twitter:data1\" content=\"1\u00a0Minute\" \/>\n<script type=\"application\/ld+json\" class=\"yoast-schema-graph\">{\"@context\":\"https:\\\/\\\/schema.org\",\"@graph\":[{\"@type\":\"WebPage\",\"@id\":\"https:\\\/\\\/piccolauniversitaitaliana.com\\\/de\\\/italienisch-zertifikate\\\/\",\"url\":\"https:\\\/\\\/piccolauniversitaitaliana.com\\\/de\\\/italienisch-zertifikate\\\/\",\"name\":\"ITALIENISCH ZERTIFIKATE - Piccola Universit\u00e0 Italiana\",\"isPartOf\":{\"@id\":\"https:\\\/\\\/piccolauniversitaitaliana.com\\\/de\\\/#website\"},\"primaryImageOfPage\":{\"@id\":\"https:\\\/\\\/piccolauniversitaitaliana.com\\\/de\\\/italienisch-zertifikate\\\/#primaryimage\"},\"image\":{\"@id\":\"https:\\\/\\\/piccolauniversitaitaliana.com\\\/de\\\/italienisch-zertifikate\\\/#primaryimage\"},\"thumbnailUrl\":\"https:\\\/\\\/piccolauniversitaitaliana.com\\\/wp-content\\\/uploads\\\/2019\\\/05\\\/certificati.trieste.tropea.png\",\"datePublished\":\"2016-05-27T16:06:07+00:00\",\"dateModified\":\"2024-04-23T17:49:28+00:00\",\"description\":\"Unsere Schulen bieten den Sch\u00fclern die M\u00f6glichkeit, ihre Kenntnisse und F\u00e4higkeiten in der italienischen Sprache offiziell zu zertifizieren.\",\"breadcrumb\":{\"@id\":\"https:\\\/\\\/piccolauniversitaitaliana.com\\\/de\\\/italienisch-zertifikate\\\/#breadcrumb\"},\"inLanguage\":\"de\",\"potentialAction\":[{\"@type\":\"ReadAction\",\"target\":[\"https:\\\/\\\/piccolauniversitaitaliana.com\\\/de\\\/italienisch-zertifikate\\\/\"]}]},{\"@type\":\"ImageObject\",\"inLanguage\":\"de\",\"@id\":\"https:\\\/\\\/piccolauniversitaitaliana.com\\\/de\\\/italienisch-zertifikate\\\/#primaryimage\",\"url\":\"https:\\\/\\\/piccolauniversitaitaliana.com\\\/wp-content\\\/uploads\\\/2019\\\/05\\\/certificati.trieste.tropea.png\",\"contentUrl\":\"https:\\\/\\\/piccolauniversitaitaliana.com\\\/wp-content\\\/uploads\\\/2019\\\/05\\\/certificati.trieste.tropea.png\",\"width\":1486,\"height\":544},{\"@type\":\"BreadcrumbList\",\"@id\":\"https:\\\/\\\/piccolauniversitaitaliana.com\\\/de\\\/italienisch-zertifikate\\\/#breadcrumb\",\"itemListElement\":[{\"@type\":\"ListItem\",\"position\":1,\"name\":\"Home\",\"item\":\"https:\\\/\\\/piccolauniversitaitaliana.com\\\/de\\\/\"},{\"@type\":\"ListItem\",\"position\":2,\"name\":\"ITALIENISCH ZERTIFIKATE\"}]},{\"@type\":\"WebSite\",\"@id\":\"https:\\\/\\\/piccolauniversitaitaliana.com\\\/de\\\/#website\",\"url\":\"https:\\\/\\\/piccolauniversitaitaliana.com\\\/de\\\/\",\"name\":\"Piccola Universit\u00e0 Italiana\",\"description\":\"Boutique Italian Language Schools in Fantastic Locations\",\"publisher\":{\"@id\":\"https:\\\/\\\/piccolauniversitaitaliana.com\\\/de\\\/#organization\"},\"potentialAction\":[{\"@type\":\"SearchAction\",\"target\":{\"@type\":\"EntryPoint\",\"urlTemplate\":\"https:\\\/\\\/piccolauniversitaitaliana.com\\\/de\\\/?s={search_term_string}\"},\"query-input\":{\"@type\":\"PropertyValueSpecification\",\"valueRequired\":true,\"valueName\":\"search_term_string\"}}],\"inLanguage\":\"de\"},{\"@type\":\"Organization\",\"@id\":\"https:\\\/\\\/piccolauniversitaitaliana.com\\\/de\\\/#organization\",\"name\":\"PICCOLA UNIVERSIT\u00c0 ITALIANA\",\"url\":\"https:\\\/\\\/piccolauniversitaitaliana.com\\\/de\\\/\",\"logo\":{\"@type\":\"ImageObject\",\"inLanguage\":\"de\",\"@id\":\"https:\\\/\\\/piccolauniversitaitaliana.com\\\/de\\\/#\\\/schema\\\/logo\\\/image\\\/\",\"url\":\"\",\"contentUrl\":\"\",\"caption\":\"PICCOLA UNIVERSIT\u00c0 ITALIANA\"},\"image\":{\"@id\":\"https:\\\/\\\/piccolauniversitaitaliana.com\\\/de\\\/#\\\/schema\\\/logo\\\/image\\\/\"},\"sameAs\":[\"https:\\\/\\\/www.facebook.com\\\/piccola.universita.italiana.trieste\\\/\",\"https:\\\/\\\/x.com\\\/italiancourses\",\"https:\\\/\\\/www.instagram.com\\\/explore\\\/locations\\\/99826744\\\/piccola-universita-italiana\\\/\",\"https:\\\/\\\/www.linkedin.com\\\/company\\\/piccola-universit-italiana\",\"https:\\\/\\\/www.youtube.com\\\/user\\\/piccolauniversitaita\"]}]}<\/script>\n<!-- \/ Yoast SEO Premium plugin. -->","yoast_head_json":{"title":"ITALIENISCH ZERTIFIKATE - Piccola Universit\u00e0 Italiana","description":"Unsere Schulen bieten den Sch\u00fclern die M\u00f6glichkeit, ihre Kenntnisse und F\u00e4higkeiten in der italienischen Sprache offiziell zu zertifizieren.","robots":{"index":"index","follow":"follow","max-snippet":"max-snippet:-1","max-image-preview":"max-image-preview:large","max-video-preview":"max-video-preview:-1"},"canonical":"https:\/\/piccolauniversitaitaliana.com\/de\/italienisch-zertifikate\/","og_locale":"de_DE","og_type":"article","og_title":"ITALIENISCH ZERTIFIKATE","og_description":"Es gibt verschiedene Sprachpr\u00fcfungen, die das erreichte Niveau der italienischen Sprachkompetenz bescheinigen. Bei diesen Pr\u00fcfungen handelt es sich um die","og_url":"https:\/\/piccolauniversitaitaliana.com\/de\/italienisch-zertifikate\/","og_site_name":"Piccola Universit\u00e0 Italiana","article_publisher":"https:\/\/www.facebook.com\/piccola.universita.italiana.trieste\/","article_modified_time":"2024-04-23T17:49:28+00:00","og_image":[{"width":1486,"height":544,"url":"https:\/\/piccolauniversitaitaliana.com\/wp-content\/uploads\/2019\/05\/certificati.trieste.tropea.png","type":"image\/png"}],"twitter_card":"summary_large_image","twitter_site":"@italiancourses","twitter_misc":{"Gesch\u00e4tzte Lesezeit":"1\u00a0Minute"},"schema":{"@context":"https:\/\/schema.org","@graph":[{"@type":"WebPage","@id":"https:\/\/piccolauniversitaitaliana.com\/de\/italienisch-zertifikate\/","url":"https:\/\/piccolauniversitaitaliana.com\/de\/italienisch-zertifikate\/","name":"ITALIENISCH ZERTIFIKATE - Piccola Universit\u00e0 Italiana","isPartOf":{"@id":"https:\/\/piccolauniversitaitaliana.com\/de\/#website"},"primaryImageOfPage":{"@id":"https:\/\/piccolauniversitaitaliana.com\/de\/italienisch-zertifikate\/#primaryimage"},"image":{"@id":"https:\/\/piccolauniversitaitaliana.com\/de\/italienisch-zertifikate\/#primaryimage"},"thumbnailUrl":"https:\/\/piccolauniversitaitaliana.com\/wp-content\/uploads\/2019\/05\/certificati.trieste.tropea.png","datePublished":"2016-05-27T16:06:07+00:00","dateModified":"2024-04-23T17:49:28+00:00","description":"Unsere Schulen bieten den Sch\u00fclern die M\u00f6glichkeit, ihre Kenntnisse und F\u00e4higkeiten in der italienischen Sprache offiziell zu zertifizieren.","breadcrumb":{"@id":"https:\/\/piccolauniversitaitaliana.com\/de\/italienisch-zertifikate\/#breadcrumb"},"inLanguage":"de","potentialAction":[{"@type":"ReadAction","target":["https:\/\/piccolauniversitaitaliana.com\/de\/italienisch-zertifikate\/"]}]},{"@type":"ImageObject","inLanguage":"de","@id":"https:\/\/piccolauniversitaitaliana.com\/de\/italienisch-zertifikate\/#primaryimage","url":"https:\/\/piccolauniversitaitaliana.com\/wp-content\/uploads\/2019\/05\/certificati.trieste.tropea.png","contentUrl":"https:\/\/piccolauniversitaitaliana.com\/wp-content\/uploads\/2019\/05\/certificati.trieste.tropea.png","width":1486,"height":544},{"@type":"BreadcrumbList","@id":"https:\/\/piccolauniversitaitaliana.com\/de\/italienisch-zertifikate\/#breadcrumb","itemListElement":[{"@type":"ListItem","position":1,"name":"Home","item":"https:\/\/piccolauniversitaitaliana.com\/de\/"},{"@type":"ListItem","position":2,"name":"ITALIENISCH ZERTIFIKATE"}]},{"@type":"WebSite","@id":"https:\/\/piccolauniversitaitaliana.com\/de\/#website","url":"https:\/\/piccolauniversitaitaliana.com\/de\/","name":"Piccola Universit\u00e0 Italiana","description":"Boutique Italian Language Schools in Fantastic Locations","publisher":{"@id":"https:\/\/piccolauniversitaitaliana.com\/de\/#organization"},"potentialAction":[{"@type":"SearchAction","target":{"@type":"EntryPoint","urlTemplate":"https:\/\/piccolauniversitaitaliana.com\/de\/?s={search_term_string}"},"query-input":{"@type":"PropertyValueSpecification","valueRequired":true,"valueName":"search_term_string"}}],"inLanguage":"de"},{"@type":"Organization","@id":"https:\/\/piccolauniversitaitaliana.com\/de\/#organization","name":"PICCOLA UNIVERSIT\u00c0 ITALIANA","url":"https:\/\/piccolauniversitaitaliana.com\/de\/","logo":{"@type":"ImageObject","inLanguage":"de","@id":"https:\/\/piccolauniversitaitaliana.com\/de\/#\/schema\/logo\/image\/","url":"","contentUrl":"","caption":"PICCOLA UNIVERSIT\u00c0 ITALIANA"},"image":{"@id":"https:\/\/piccolauniversitaitaliana.com\/de\/#\/schema\/logo\/image\/"},"sameAs":["https:\/\/www.facebook.com\/piccola.universita.italiana.trieste\/","https:\/\/x.com\/italiancourses","https:\/\/www.instagram.com\/explore\/locations\/99826744\/piccola-universita-italiana\/","https:\/\/www.linkedin.com\/company\/piccola-universit-italiana","https:\/\/www.youtube.com\/user\/piccolauniversitaita"]}]}},"_links":{"self":[{"href":"https:\/\/piccolauniversitaitaliana.com\/de\/wp-json\/wp\/v2\/pages\/2278","targetHints":{"allow":["GET"]}}],"collection":[{"href":"https:\/\/piccolauniversitaitaliana.com\/de\/wp-json\/wp\/v2\/pages"}],"about":[{"href":"https:\/\/piccolauniversitaitaliana.com\/de\/wp-json\/wp\/v2\/types\/page"}],"author":[{"embeddable":true,"href":"https:\/\/piccolauniversitaitaliana.com\/de\/wp-json\/wp\/v2\/users\/2"}],"replies":[{"embeddable":true,"href":"https:\/\/piccolauniversitaitaliana.com\/de\/wp-json\/wp\/v2\/comments?post=2278"}],"version-history":[{"count":20,"href":"https:\/\/piccolauniversitaitaliana.com\/de\/wp-json\/wp\/v2\/pages\/2278\/revisions"}],"predecessor-version":[{"id":41584,"href":"https:\/\/piccolauniversitaitaliana.com\/de\/wp-json\/wp\/v2\/pages\/2278\/revisions\/41584"}],"wp:featuredmedia":[{"embeddable":true,"href":"https:\/\/piccolauniversitaitaliana.com\/de\/wp-json\/wp\/v2\/media\/19309"}],"wp:attachment":[{"href":"https:\/\/piccolauniversitaitaliana.com\/de\/wp-json\/wp\/v2\/media?parent=2278"}],"curies":[{"name":"wp","href":"https:\/\/api.w.org\/{rel}","templated":true}]}}