{"id":2266,"date":"2016-05-27T16:05:54","date_gmt":"2016-05-27T16:05:54","guid":{"rendered":"http:\/\/piccolauniversita.com\/wordpress\/de\/?page_id=2266"},"modified":"2026-04-03T14:04:25","modified_gmt":"2026-04-03T14:04:25","slug":"italienisch-sprachkurse","status":"publish","type":"page","link":"https:\/\/piccolauniversitaitaliana.com\/de\/italienisch-sprachkurse\/","title":{"rendered":"SPRACHKURSE"},"content":{"rendered":"<h4>Allgemeine informationen zu unseren Sprachkursen<\/h4>\n<p>An der <a href=\"https:\/\/piccolauniversitaitaliana.com\/de\/\">Piccola Universit\u00e0 Italiana<\/a> finden Sie Ihren gew\u00fcnschten Italienisch Sprachkurs in Italien.<\/p>\n<h4>Wer sind unsere Studenten?<\/h4>\n<p>Das vielseitige Sprachkurs Angebot unserer <a href=\"https:\/\/piccolauniversitaitaliana.com\/de\/\">Italienisch Sprachschulen in Italien<\/a> richtet sich an Mitarbeiter internationaler Firmen, die Italienisch im Berufsleben ben\u00f6tigen, an Universit\u00e4tsstudenten, die Romanistik bzw. Sprachen studieren oder einfach Personen, die diese Form des Kultururlaubs sch\u00e4tzen, da man so ein besseres Verst\u00e4ndnis f\u00fcr die Italienische Kultur und die italienische Lebensweise aufbaut.<\/p>\n<p>Sehr viele unserer Studenten <strong>lieben einfach Italien<\/strong>, <strong>Dolce Vita<\/strong>, <strong>Italienisches Essen<\/strong>, die <strong>Italienische Sprache<\/strong> und sch\u00e4tzen den <strong>professionellen und pers\u00f6nlichen Italienisch Unterricht<\/strong> in ungezwungener Atmosph\u00e4re.<\/p>\n<p>Abh\u00e4ngig vom Monat k\u00f6nnen das Durchschnittsalter und die Nationalit\u00e4ten variieren.<\/p>\n<p>Das Mindestalter betr\u00e4gt 16 Jahre (Studenten von 16-17 m\u00fcssen zusammen mit der Buchung eine von beiden Elternteilen unterschriebene Erkl\u00e4rung vorlegen).<\/p>\n<p>Mehr Informationen zu unseren Studenten finden Sie <a href=\"https:\/\/piccolauniversitaitaliana.com\/de\/wer-sind-unsere-studenten\/\">hier<\/a>.<\/p>\n<h4>Einschreibegeb\u00fchr<\/h4>\n<p>Unsere Italienisch-Sprachschulen bieten eine Reihe von Leistungen, die in der obligatorischen Einschreiegeb\u00fchr enthalten sind:<\/p>\n<ul>\n<li>Lehrmaterial, Schreibblock, Schultasche<\/li>\n<li>Schriftlicher und m\u00fcndlicher Einstufungstest<\/li>\n<li><a href=\"https:\/\/piccolauniversitaitaliana.com\/de\/teilnahmezertifikat\/\">Zertifikat und Teilnahmebest\u00e4tigung<\/a><\/li>\n<li>Karte und Informationen, Ausflugstipps<\/li>\n<li>Clubkarte<\/li>\n<li>Eine Pr\u00e4sentation mit Begr\u00fc\u00dfungscocktail<\/li>\n<li>Historische Stadtf\u00fchrung<\/li>\n<li>Videoabende und italienische Filmklassiker<\/li>\n<li>2 Halbtagesausfl\u00fcge im Minibus der Schule ODER<\/li>\n<li><b>falls die Unterkunft \u00fcber die Schule organisiert wurde<\/b>, k\u00f6nnen die Sch\u00fcler auch den Abholtransfer bei Ankunft und Abreise w\u00e4hlen<br \/>\n\u2013 f\u00fcr die Schule in Triest: von und zu den folgenden Flugh\u00e4fen: Triest (TRS) (<b><u>N.B.:<\/u><\/b> f\u00fcr Transfers von den Flugh\u00e4fen Venedig Marco Polo (VCE), Treviso (TSF) und Ljubljana (LJU) f\u00e4llt eine zus\u00e4tzliche Anmeldegeb\u00fchr an)<br \/>\n\u2013 f\u00fcr die Schule in Tropea: von und zu dem folgenden Flughafen: Lamezia Terme (SUF)<\/li>\n<\/ul>\n<h4>Gruppenunterricht mit nur 3 &#8211; 8 Studenten<\/h4>\n<p>Damit Sie m\u00f6glichst viel Raum zum freien Sprechen erhalten, begrenzen wir die Gruppenst\u00e4rke der Sprachkurse auf <strong>maximal 8 Teilnehmer\/innen<\/strong> pro Niveau. Am ersten Kursmorgen Ihres Sprachkurses absolvieren alle Teilnehmer\/innen einen <strong>schriftlichen und m\u00fcndlichen Einstufungstest<\/strong>, auf dessen Grundlage die Zuordnung in eine der <strong>15 Leistungsstufen<\/strong> erfolgt. Falls nach dem Test f\u00fcr einen Studenten keine Klasse (3-8 Studenten) mit dem entsprechendem Niveau zu Stande kommen sollte, wird dieser Student einen Zwei-zu-Eins Kurs oder Einzelunterricht mit der um die H\u00e4lfte reduzierten Stundenzahl besuchen.<\/p>\n<p>Der Kurs ist darauf ausgerichtet die <strong>individuellen Bed\u00fcrfnisse<\/strong> des Studenten zu befriedigen, indem er nur in dem Kurs mit seinem <strong>genauen Niveau<\/strong> eingestuft wird.<\/p>\n<h4>Gruppeneinteilung in 15 Sprachniveaus<\/h4>\n<p>Wir legen gr\u00f6\u00dften Wert auf die <strong>korrekte Einteilung<\/strong> der Sprachsch\u00fcler in das jeweilige <strong>individuelle Sprachniveau<\/strong>. Der erste Kurstag (Montag) beginnt mit einem schriftlichen Test, der etwa 30 Minuten dauert. Anschlie\u00dfend wird der Test im Rahmen der m\u00fcndlichen \u00dcberpr\u00fcfung korrigiert. Die Gruppeneinteilung unserer Sprachkurse erfolgt in<strong> 15 Sprachniveaus.<\/strong><\/p>\n<p>Die Italienisch Sprachkurse an der Piccola Universit\u00e0 Italiana sind darauf ausgerichtet die vielseitigen Bed\u00fcrfnisse und W\u00fcnsche unser Sprachsch\u00fcler zu befriedigen. Das Kursangebot wird jedoch st\u00e4ndig erweitert.<\/p>\n<h4>Dauer einer Lektion<\/h4>\n<p>Die Dauer der Kursstunde ist bei allen Italienisch Sprachkursen an unserer Italienisch Sprachschule 55 Minuten pro Einheit.<\/p>\n<h4>Lehrmethoden<\/h4>\n<p>An der Piccola Universit\u00e0 Italiana konzentrieren wir uns auf effektives Lernen und die harmonische Entwicklung der vier Sprachfertigkeiten. Dieser <a href=\"https:\/\/piccolauniversitaitaliana.com\/de\/teaching-methods\/\">Lehransatz<\/a> beinhaltet auch Beitr\u00e4ge des spielerischen Unterrichts und verschiedene Methoden des humanistisch-affektiven Ansatzes. Die Aufmerksamkeit liegt auf dem Sch\u00fcler, auf seinem tats\u00e4chlichen Lernen.<br \/>\nDas Kommunikationsmittel ist die italienische Sprache, eine Erfahrung, in die man voll und ganz eintauchen kann, denn wir glauben, dass dies der beste Weg ist, eine Sprache zu lernen und in k\u00fcrzester Zeit Ergebnisse zu erzielen. Dar\u00fcber hinaus gibt es p\u00e4dagogische Aktivit\u00e4ten im Innen- und Au\u00dfenbereich, die es Ihnen erm\u00f6glichen, das Erlernen einer Sprache in 360 Grad zu erleben. Abgerundet wird Ihre Lernerfahrung durch das fr\u00f6hliche Ambiente in unseren Schulen, denn Italienisch lernen soll Spa\u00df machen und gl\u00fccklich machen.<\/p>\n<h4>Unsere Sprachkurse<\/h4>\n<p>Wir unterteilen unser Kursangebot in:<\/p>\n","protected":false},"excerpt":{"rendered":"<p>Allgemeine informationen zu unseren Sprachkursen An der Piccola Universit\u00e0 Italiana finden Sie Ihren gew\u00fcnschten Italienisch Sprachkurs in Italien. Wer sind unsere Studenten? Das vielseitige Sprachkurs Angebot unserer Italienisch Sprachschulen in Italien richtet sich an Mitarbeiter internationaler Firmen, die Italienisch im Berufsleben ben\u00f6tigen, an Universit\u00e4tsstudenten, die Romanistik bzw. Sprachen studieren oder einfach Personen, die diese Form &hellip; <a href=\"https:\/\/piccolauniversitaitaliana.com\/de\/italienisch-sprachkurse\/\" class=\"more-link\"><span class=\"screen-reader-text\">&#8222;SPRACHKURSE&#8220; <\/span>weiterlesen<\/a><\/p>\n","protected":false},"author":2,"featured_media":15493,"parent":0,"menu_order":0,"comment_status":"closed","ping_status":"closed","template":"page-courses.php","meta":{"_acf_changed":false,"footnotes":""},"class_list":["post-2266","page","type-page","status-publish","has-post-thumbnail","hentry"],"acf":[],"yoast_head":"<!-- This site is optimized with the Yoast SEO Premium plugin v27.0 (Yoast SEO v27.5) - https:\/\/yoast.com\/product\/yoast-seo-premium-wordpress\/ -->\n<title>SPRACHKURSE - Piccola Universit\u00e0 Italiana<\/title>\n<meta name=\"description\" content=\"Unsere Auswahl an Sprachkursen, Kulturkursen und Italienisch plus Aktivit\u00e4ten ist darauf ausgerichtet, in die italienische Sprache und Kultur einzutauchen.\" \/>\n<meta name=\"robots\" content=\"index, follow, max-snippet:-1, max-image-preview:large, max-video-preview:-1\" \/>\n<link rel=\"canonical\" href=\"https:\/\/piccolauniversitaitaliana.com\/de\/italienisch-sprachkurse\/\" \/>\n<meta property=\"og:locale\" content=\"de_DE\" \/>\n<meta property=\"og:type\" content=\"article\" \/>\n<meta property=\"og:title\" content=\"SPRACHKURSE\" \/>\n<meta property=\"og:description\" content=\"Allgemeine informationen zu unseren Sprachkursen An der Piccola Universit\u00e0 Italiana finden Sie Ihren gew\u00fcnschten Italienisch Sprachkurs in Italien. Wer\" \/>\n<meta property=\"og:url\" content=\"https:\/\/piccolauniversitaitaliana.com\/de\/italienisch-sprachkurse\/\" \/>\n<meta property=\"og:site_name\" content=\"Piccola Universit\u00e0 Italiana\" \/>\n<meta property=\"article:publisher\" content=\"https:\/\/www.facebook.com\/piccola.universita.italiana.trieste\/\" \/>\n<meta property=\"article:modified_time\" content=\"2026-04-03T14:04:25+00:00\" \/>\n<meta property=\"og:image\" content=\"https:\/\/piccolauniversitaitaliana.com\/wp-content\/uploads\/2019\/01\/027-1024x768.jpg\" \/>\n\t<meta property=\"og:image:width\" content=\"1024\" \/>\n\t<meta property=\"og:image:height\" content=\"768\" \/>\n\t<meta property=\"og:image:type\" content=\"image\/jpeg\" \/>\n<meta name=\"twitter:card\" content=\"summary_large_image\" \/>\n<meta name=\"twitter:site\" content=\"@italiancourses\" \/>\n<meta name=\"twitter:label1\" content=\"Gesch\u00e4tzte Lesezeit\" \/>\n\t<meta name=\"twitter:data1\" content=\"3\u00a0Minuten\" \/>\n<script type=\"application\/ld+json\" class=\"yoast-schema-graph\">{\"@context\":\"https:\\\/\\\/schema.org\",\"@graph\":[{\"@type\":\"WebPage\",\"@id\":\"https:\\\/\\\/piccolauniversitaitaliana.com\\\/de\\\/italienisch-sprachkurse\\\/\",\"url\":\"https:\\\/\\\/piccolauniversitaitaliana.com\\\/de\\\/italienisch-sprachkurse\\\/\",\"name\":\"SPRACHKURSE - Piccola Universit\u00e0 Italiana\",\"isPartOf\":{\"@id\":\"https:\\\/\\\/piccolauniversitaitaliana.com\\\/de\\\/#website\"},\"primaryImageOfPage\":{\"@id\":\"https:\\\/\\\/piccolauniversitaitaliana.com\\\/de\\\/italienisch-sprachkurse\\\/#primaryimage\"},\"image\":{\"@id\":\"https:\\\/\\\/piccolauniversitaitaliana.com\\\/de\\\/italienisch-sprachkurse\\\/#primaryimage\"},\"thumbnailUrl\":\"https:\\\/\\\/piccolauniversitaitaliana.com\\\/wp-content\\\/uploads\\\/2019\\\/01\\\/027.jpg\",\"datePublished\":\"2016-05-27T16:05:54+00:00\",\"dateModified\":\"2026-04-03T14:04:25+00:00\",\"description\":\"Unsere Auswahl an Sprachkursen, Kulturkursen und Italienisch plus Aktivit\u00e4ten ist darauf ausgerichtet, in die italienische Sprache und Kultur einzutauchen.\",\"breadcrumb\":{\"@id\":\"https:\\\/\\\/piccolauniversitaitaliana.com\\\/de\\\/italienisch-sprachkurse\\\/#breadcrumb\"},\"inLanguage\":\"de\",\"potentialAction\":[{\"@type\":\"ReadAction\",\"target\":[\"https:\\\/\\\/piccolauniversitaitaliana.com\\\/de\\\/italienisch-sprachkurse\\\/\"]}]},{\"@type\":\"ImageObject\",\"inLanguage\":\"de\",\"@id\":\"https:\\\/\\\/piccolauniversitaitaliana.com\\\/de\\\/italienisch-sprachkurse\\\/#primaryimage\",\"url\":\"https:\\\/\\\/piccolauniversitaitaliana.com\\\/wp-content\\\/uploads\\\/2019\\\/01\\\/027.jpg\",\"contentUrl\":\"https:\\\/\\\/piccolauniversitaitaliana.com\\\/wp-content\\\/uploads\\\/2019\\\/01\\\/027.jpg\",\"width\":3264,\"height\":2448},{\"@type\":\"BreadcrumbList\",\"@id\":\"https:\\\/\\\/piccolauniversitaitaliana.com\\\/de\\\/italienisch-sprachkurse\\\/#breadcrumb\",\"itemListElement\":[{\"@type\":\"ListItem\",\"position\":1,\"name\":\"Home\",\"item\":\"https:\\\/\\\/piccolauniversitaitaliana.com\\\/de\\\/\"},{\"@type\":\"ListItem\",\"position\":2,\"name\":\"SPRACHKURSE\"}]},{\"@type\":\"WebSite\",\"@id\":\"https:\\\/\\\/piccolauniversitaitaliana.com\\\/de\\\/#website\",\"url\":\"https:\\\/\\\/piccolauniversitaitaliana.com\\\/de\\\/\",\"name\":\"Piccola Universit\u00e0 Italiana\",\"description\":\"Boutique Italian Language Schools in Fantastic Locations\",\"publisher\":{\"@id\":\"https:\\\/\\\/piccolauniversitaitaliana.com\\\/de\\\/#organization\"},\"potentialAction\":[{\"@type\":\"SearchAction\",\"target\":{\"@type\":\"EntryPoint\",\"urlTemplate\":\"https:\\\/\\\/piccolauniversitaitaliana.com\\\/de\\\/?s={search_term_string}\"},\"query-input\":{\"@type\":\"PropertyValueSpecification\",\"valueRequired\":true,\"valueName\":\"search_term_string\"}}],\"inLanguage\":\"de\"},{\"@type\":\"Organization\",\"@id\":\"https:\\\/\\\/piccolauniversitaitaliana.com\\\/de\\\/#organization\",\"name\":\"PICCOLA UNIVERSIT\u00c0 ITALIANA\",\"url\":\"https:\\\/\\\/piccolauniversitaitaliana.com\\\/de\\\/\",\"logo\":{\"@type\":\"ImageObject\",\"inLanguage\":\"de\",\"@id\":\"https:\\\/\\\/piccolauniversitaitaliana.com\\\/de\\\/#\\\/schema\\\/logo\\\/image\\\/\",\"url\":\"\",\"contentUrl\":\"\",\"caption\":\"PICCOLA UNIVERSIT\u00c0 ITALIANA\"},\"image\":{\"@id\":\"https:\\\/\\\/piccolauniversitaitaliana.com\\\/de\\\/#\\\/schema\\\/logo\\\/image\\\/\"},\"sameAs\":[\"https:\\\/\\\/www.facebook.com\\\/piccola.universita.italiana.trieste\\\/\",\"https:\\\/\\\/x.com\\\/italiancourses\",\"https:\\\/\\\/www.instagram.com\\\/explore\\\/locations\\\/99826744\\\/piccola-universita-italiana\\\/\",\"https:\\\/\\\/www.linkedin.com\\\/company\\\/piccola-universit-italiana\",\"https:\\\/\\\/www.youtube.com\\\/user\\\/piccolauniversitaita\"]}]}<\/script>\n<!-- \/ Yoast SEO Premium plugin. -->","yoast_head_json":{"title":"SPRACHKURSE - Piccola Universit\u00e0 Italiana","description":"Unsere Auswahl an Sprachkursen, Kulturkursen und Italienisch plus Aktivit\u00e4ten ist darauf ausgerichtet, in die italienische Sprache und Kultur einzutauchen.","robots":{"index":"index","follow":"follow","max-snippet":"max-snippet:-1","max-image-preview":"max-image-preview:large","max-video-preview":"max-video-preview:-1"},"canonical":"https:\/\/piccolauniversitaitaliana.com\/de\/italienisch-sprachkurse\/","og_locale":"de_DE","og_type":"article","og_title":"SPRACHKURSE","og_description":"Allgemeine informationen zu unseren Sprachkursen An der Piccola Universit\u00e0 Italiana finden Sie Ihren gew\u00fcnschten Italienisch Sprachkurs in Italien. Wer","og_url":"https:\/\/piccolauniversitaitaliana.com\/de\/italienisch-sprachkurse\/","og_site_name":"Piccola Universit\u00e0 Italiana","article_publisher":"https:\/\/www.facebook.com\/piccola.universita.italiana.trieste\/","article_modified_time":"2026-04-03T14:04:25+00:00","og_image":[{"width":1024,"height":768,"url":"https:\/\/piccolauniversitaitaliana.com\/wp-content\/uploads\/2019\/01\/027-1024x768.jpg","type":"image\/jpeg"}],"twitter_card":"summary_large_image","twitter_site":"@italiancourses","twitter_misc":{"Gesch\u00e4tzte Lesezeit":"3\u00a0Minuten"},"schema":{"@context":"https:\/\/schema.org","@graph":[{"@type":"WebPage","@id":"https:\/\/piccolauniversitaitaliana.com\/de\/italienisch-sprachkurse\/","url":"https:\/\/piccolauniversitaitaliana.com\/de\/italienisch-sprachkurse\/","name":"SPRACHKURSE - Piccola Universit\u00e0 Italiana","isPartOf":{"@id":"https:\/\/piccolauniversitaitaliana.com\/de\/#website"},"primaryImageOfPage":{"@id":"https:\/\/piccolauniversitaitaliana.com\/de\/italienisch-sprachkurse\/#primaryimage"},"image":{"@id":"https:\/\/piccolauniversitaitaliana.com\/de\/italienisch-sprachkurse\/#primaryimage"},"thumbnailUrl":"https:\/\/piccolauniversitaitaliana.com\/wp-content\/uploads\/2019\/01\/027.jpg","datePublished":"2016-05-27T16:05:54+00:00","dateModified":"2026-04-03T14:04:25+00:00","description":"Unsere Auswahl an Sprachkursen, Kulturkursen und Italienisch plus Aktivit\u00e4ten ist darauf ausgerichtet, in die italienische Sprache und Kultur einzutauchen.","breadcrumb":{"@id":"https:\/\/piccolauniversitaitaliana.com\/de\/italienisch-sprachkurse\/#breadcrumb"},"inLanguage":"de","potentialAction":[{"@type":"ReadAction","target":["https:\/\/piccolauniversitaitaliana.com\/de\/italienisch-sprachkurse\/"]}]},{"@type":"ImageObject","inLanguage":"de","@id":"https:\/\/piccolauniversitaitaliana.com\/de\/italienisch-sprachkurse\/#primaryimage","url":"https:\/\/piccolauniversitaitaliana.com\/wp-content\/uploads\/2019\/01\/027.jpg","contentUrl":"https:\/\/piccolauniversitaitaliana.com\/wp-content\/uploads\/2019\/01\/027.jpg","width":3264,"height":2448},{"@type":"BreadcrumbList","@id":"https:\/\/piccolauniversitaitaliana.com\/de\/italienisch-sprachkurse\/#breadcrumb","itemListElement":[{"@type":"ListItem","position":1,"name":"Home","item":"https:\/\/piccolauniversitaitaliana.com\/de\/"},{"@type":"ListItem","position":2,"name":"SPRACHKURSE"}]},{"@type":"WebSite","@id":"https:\/\/piccolauniversitaitaliana.com\/de\/#website","url":"https:\/\/piccolauniversitaitaliana.com\/de\/","name":"Piccola Universit\u00e0 Italiana","description":"Boutique Italian Language Schools in Fantastic Locations","publisher":{"@id":"https:\/\/piccolauniversitaitaliana.com\/de\/#organization"},"potentialAction":[{"@type":"SearchAction","target":{"@type":"EntryPoint","urlTemplate":"https:\/\/piccolauniversitaitaliana.com\/de\/?s={search_term_string}"},"query-input":{"@type":"PropertyValueSpecification","valueRequired":true,"valueName":"search_term_string"}}],"inLanguage":"de"},{"@type":"Organization","@id":"https:\/\/piccolauniversitaitaliana.com\/de\/#organization","name":"PICCOLA UNIVERSIT\u00c0 ITALIANA","url":"https:\/\/piccolauniversitaitaliana.com\/de\/","logo":{"@type":"ImageObject","inLanguage":"de","@id":"https:\/\/piccolauniversitaitaliana.com\/de\/#\/schema\/logo\/image\/","url":"","contentUrl":"","caption":"PICCOLA UNIVERSIT\u00c0 ITALIANA"},"image":{"@id":"https:\/\/piccolauniversitaitaliana.com\/de\/#\/schema\/logo\/image\/"},"sameAs":["https:\/\/www.facebook.com\/piccola.universita.italiana.trieste\/","https:\/\/x.com\/italiancourses","https:\/\/www.instagram.com\/explore\/locations\/99826744\/piccola-universita-italiana\/","https:\/\/www.linkedin.com\/company\/piccola-universit-italiana","https:\/\/www.youtube.com\/user\/piccolauniversitaita"]}]}},"_links":{"self":[{"href":"https:\/\/piccolauniversitaitaliana.com\/de\/wp-json\/wp\/v2\/pages\/2266","targetHints":{"allow":["GET"]}}],"collection":[{"href":"https:\/\/piccolauniversitaitaliana.com\/de\/wp-json\/wp\/v2\/pages"}],"about":[{"href":"https:\/\/piccolauniversitaitaliana.com\/de\/wp-json\/wp\/v2\/types\/page"}],"author":[{"embeddable":true,"href":"https:\/\/piccolauniversitaitaliana.com\/de\/wp-json\/wp\/v2\/users\/2"}],"replies":[{"embeddable":true,"href":"https:\/\/piccolauniversitaitaliana.com\/de\/wp-json\/wp\/v2\/comments?post=2266"}],"version-history":[{"count":12,"href":"https:\/\/piccolauniversitaitaliana.com\/de\/wp-json\/wp\/v2\/pages\/2266\/revisions"}],"predecessor-version":[{"id":53953,"href":"https:\/\/piccolauniversitaitaliana.com\/de\/wp-json\/wp\/v2\/pages\/2266\/revisions\/53953"}],"wp:featuredmedia":[{"embeddable":true,"href":"https:\/\/piccolauniversitaitaliana.com\/de\/wp-json\/wp\/v2\/media\/15493"}],"wp:attachment":[{"href":"https:\/\/piccolauniversitaitaliana.com\/de\/wp-json\/wp\/v2\/media?parent=2266"}],"curies":[{"name":"wp","href":"https:\/\/api.w.org\/{rel}","templated":true}]}}