{"id":2257,"date":"2016-12-06T18:55:09","date_gmt":"2016-12-06T18:55:09","guid":{"rendered":"http:\/\/piccolauniversita.com\/wordpress\/de\/?page_id=2257"},"modified":"2023-05-25T14:24:55","modified_gmt":"2023-05-25T14:24:55","slug":"ankunft-in-tropea","status":"publish","type":"page","link":"https:\/\/piccolauniversitaitaliana.com\/de\/unser-service\/ihre-reise-nach-italien\/ankunft-in-tropea\/","title":{"rendered":"ANREISE NACH TROPEA"},"content":{"rendered":"<p>Unsere Italienisch Sprachschulen sind jeweils in der N\u00e4he von gut bedienten Flugh\u00e4fen. Wir empfehlen daher die Anreise mit dem Flugzeug. Selbstverst\u00e4ndlich ist es auch m\u00f6glich mit der Bahn oder dem eigenen Auto anzureisen. Nachfolgend erl\u00e4utern wir Ihnen Ihre Anreisem\u00f6glichkeiten zu unserer <a href=\"https:\/\/piccolauniversitaitaliana.com\/de\/schools\/tropea\/\">Sprachschule in Tropea<\/a>.<\/p>\n","protected":false},"excerpt":{"rendered":"<p>Unsere Italienisch Sprachschulen sind jeweils in der N\u00e4he von gut bedienten Flugh\u00e4fen. Wir empfehlen daher die Anreise mit dem Flugzeug. Selbstverst\u00e4ndlich ist es auch m\u00f6glich mit der Bahn oder dem eigenen Auto anzureisen. Nachfolgend erl\u00e4utern wir Ihnen Ihre Anreisem\u00f6glichkeiten zu unserer Sprachschule in Tropea.<\/p>\n","protected":false},"author":2,"featured_media":1561,"parent":36442,"menu_order":0,"comment_status":"closed","ping_status":"closed","template":"page-arrival.php","meta":{"_acf_changed":false,"footnotes":""},"class_list":["post-2257","page","type-page","status-publish","has-post-thumbnail","hentry"],"acf":[],"yoast_head":"<!-- This site is optimized with the Yoast SEO Premium plugin v27.0 (Yoast SEO v27.3) - https:\/\/yoast.com\/product\/yoast-seo-premium-wordpress\/ -->\n<title>ANREISE NACH TROPEA - Piccola Universit\u00e0 Italiana<\/title>\n<meta name=\"description\" content=\"Finden Sie heraus, wie Sie unsere Italienisch Sprachschule in Tropea mit dem Zug, Flugzeug oder Auto erreichen k\u00f6nnen. Planen Sie jetzt Ihre Reise nach Tropea!\" \/>\n<meta name=\"robots\" content=\"index, follow, max-snippet:-1, max-image-preview:large, max-video-preview:-1\" \/>\n<link rel=\"canonical\" href=\"https:\/\/piccolauniversitaitaliana.com\/de\/unser-service\/ihre-reise-nach-italien\/ankunft-in-tropea\/\" \/>\n<meta property=\"og:locale\" content=\"de_DE\" \/>\n<meta property=\"og:type\" content=\"article\" \/>\n<meta property=\"og:title\" content=\"ANREISE NACH TROPEA\" \/>\n<meta property=\"og:description\" content=\"Unsere Italienisch Sprachschulen sind jeweils in der N\u00e4he von gut bedienten Flugh\u00e4fen. Wir empfehlen daher die Anreise mit dem Flugzeug.\" \/>\n<meta property=\"og:url\" content=\"https:\/\/piccolauniversitaitaliana.com\/de\/unser-service\/ihre-reise-nach-italien\/ankunft-in-tropea\/\" \/>\n<meta property=\"og:site_name\" content=\"Piccola Universit\u00e0 Italiana\" \/>\n<meta property=\"article:publisher\" content=\"https:\/\/www.facebook.com\/piccola.universita.italiana.trieste\/\" \/>\n<meta property=\"article:modified_time\" content=\"2023-05-25T14:24:55+00:00\" \/>\n<meta property=\"og:image\" content=\"https:\/\/piccolauniversitaitaliana.com\/wp-content\/uploads\/2016\/11\/iStock_journey-1024x366.jpg\" \/>\n\t<meta property=\"og:image:width\" content=\"1024\" \/>\n\t<meta property=\"og:image:height\" content=\"366\" \/>\n\t<meta property=\"og:image:type\" content=\"image\/jpeg\" \/>\n<meta name=\"twitter:card\" content=\"summary_large_image\" \/>\n<meta name=\"twitter:site\" content=\"@italiancourses\" \/>\n<meta name=\"twitter:label1\" content=\"Gesch\u00e4tzte Lesezeit\" \/>\n\t<meta name=\"twitter:data1\" content=\"1\u00a0Minute\" \/>\n<script type=\"application\/ld+json\" class=\"yoast-schema-graph\">{\"@context\":\"https:\\\/\\\/schema.org\",\"@graph\":[{\"@type\":\"WebPage\",\"@id\":\"https:\\\/\\\/piccolauniversitaitaliana.com\\\/de\\\/unser-service\\\/ihre-reise-nach-italien\\\/ankunft-in-tropea\\\/\",\"url\":\"https:\\\/\\\/piccolauniversitaitaliana.com\\\/de\\\/unser-service\\\/ihre-reise-nach-italien\\\/ankunft-in-tropea\\\/\",\"name\":\"ANREISE NACH TROPEA - Piccola Universit\u00e0 Italiana\",\"isPartOf\":{\"@id\":\"https:\\\/\\\/piccolauniversitaitaliana.com\\\/de\\\/#website\"},\"primaryImageOfPage\":{\"@id\":\"https:\\\/\\\/piccolauniversitaitaliana.com\\\/de\\\/unser-service\\\/ihre-reise-nach-italien\\\/ankunft-in-tropea\\\/#primaryimage\"},\"image\":{\"@id\":\"https:\\\/\\\/piccolauniversitaitaliana.com\\\/de\\\/unser-service\\\/ihre-reise-nach-italien\\\/ankunft-in-tropea\\\/#primaryimage\"},\"thumbnailUrl\":\"https:\\\/\\\/piccolauniversitaitaliana.com\\\/wp-content\\\/uploads\\\/2016\\\/11\\\/iStock_journey.jpg\",\"datePublished\":\"2016-12-06T18:55:09+00:00\",\"dateModified\":\"2023-05-25T14:24:55+00:00\",\"description\":\"Finden Sie heraus, wie Sie unsere Italienisch Sprachschule in Tropea mit dem Zug, Flugzeug oder Auto erreichen k\u00f6nnen. Planen Sie jetzt Ihre Reise nach Tropea!\",\"breadcrumb\":{\"@id\":\"https:\\\/\\\/piccolauniversitaitaliana.com\\\/de\\\/unser-service\\\/ihre-reise-nach-italien\\\/ankunft-in-tropea\\\/#breadcrumb\"},\"inLanguage\":\"de\",\"potentialAction\":[{\"@type\":\"ReadAction\",\"target\":[\"https:\\\/\\\/piccolauniversitaitaliana.com\\\/de\\\/unser-service\\\/ihre-reise-nach-italien\\\/ankunft-in-tropea\\\/\"]}]},{\"@type\":\"ImageObject\",\"inLanguage\":\"de\",\"@id\":\"https:\\\/\\\/piccolauniversitaitaliana.com\\\/de\\\/unser-service\\\/ihre-reise-nach-italien\\\/ankunft-in-tropea\\\/#primaryimage\",\"url\":\"https:\\\/\\\/piccolauniversitaitaliana.com\\\/wp-content\\\/uploads\\\/2016\\\/11\\\/iStock_journey.jpg\",\"contentUrl\":\"https:\\\/\\\/piccolauniversitaitaliana.com\\\/wp-content\\\/uploads\\\/2016\\\/11\\\/iStock_journey.jpg\",\"width\":4197,\"height\":1501,\"caption\":\"Europe map and airplane in cappuccino (made of cinnamon). Travel concept. Travel agency\"},{\"@type\":\"BreadcrumbList\",\"@id\":\"https:\\\/\\\/piccolauniversitaitaliana.com\\\/de\\\/unser-service\\\/ihre-reise-nach-italien\\\/ankunft-in-tropea\\\/#breadcrumb\",\"itemListElement\":[{\"@type\":\"ListItem\",\"position\":1,\"name\":\"Home\",\"item\":\"https:\\\/\\\/piccolauniversitaitaliana.com\\\/de\\\/\"},{\"@type\":\"ListItem\",\"position\":2,\"name\":\"UNSER SERVICE\",\"item\":\"https:\\\/\\\/piccolauniversitaitaliana.com\\\/de\\\/unser-service\\\/\"},{\"@type\":\"ListItem\",\"position\":3,\"name\":\"IHRE REISE NACH ITALIEN\",\"item\":\"https:\\\/\\\/piccolauniversitaitaliana.com\\\/de\\\/unser-service\\\/ihre-reise-nach-italien\\\/\"},{\"@type\":\"ListItem\",\"position\":4,\"name\":\"ANREISE NACH TROPEA\"}]},{\"@type\":\"WebSite\",\"@id\":\"https:\\\/\\\/piccolauniversitaitaliana.com\\\/de\\\/#website\",\"url\":\"https:\\\/\\\/piccolauniversitaitaliana.com\\\/de\\\/\",\"name\":\"Piccola Universit\u00e0 Italiana\",\"description\":\"Boutique Italian Language Schools in Fantastic Locations\",\"publisher\":{\"@id\":\"https:\\\/\\\/piccolauniversitaitaliana.com\\\/de\\\/#organization\"},\"potentialAction\":[{\"@type\":\"SearchAction\",\"target\":{\"@type\":\"EntryPoint\",\"urlTemplate\":\"https:\\\/\\\/piccolauniversitaitaliana.com\\\/de\\\/?s={search_term_string}\"},\"query-input\":{\"@type\":\"PropertyValueSpecification\",\"valueRequired\":true,\"valueName\":\"search_term_string\"}}],\"inLanguage\":\"de\"},{\"@type\":\"Organization\",\"@id\":\"https:\\\/\\\/piccolauniversitaitaliana.com\\\/de\\\/#organization\",\"name\":\"PICCOLA UNIVERSIT\u00c0 ITALIANA\",\"url\":\"https:\\\/\\\/piccolauniversitaitaliana.com\\\/de\\\/\",\"logo\":{\"@type\":\"ImageObject\",\"inLanguage\":\"de\",\"@id\":\"https:\\\/\\\/piccolauniversitaitaliana.com\\\/de\\\/#\\\/schema\\\/logo\\\/image\\\/\",\"url\":\"\",\"contentUrl\":\"\",\"caption\":\"PICCOLA UNIVERSIT\u00c0 ITALIANA\"},\"image\":{\"@id\":\"https:\\\/\\\/piccolauniversitaitaliana.com\\\/de\\\/#\\\/schema\\\/logo\\\/image\\\/\"},\"sameAs\":[\"https:\\\/\\\/www.facebook.com\\\/piccola.universita.italiana.trieste\\\/\",\"https:\\\/\\\/x.com\\\/italiancourses\",\"https:\\\/\\\/www.instagram.com\\\/explore\\\/locations\\\/99826744\\\/piccola-universita-italiana\\\/\",\"https:\\\/\\\/www.linkedin.com\\\/company\\\/piccola-universit-italiana\",\"https:\\\/\\\/www.youtube.com\\\/user\\\/piccolauniversitaita\"]}]}<\/script>\n<!-- \/ Yoast SEO Premium plugin. -->","yoast_head_json":{"title":"ANREISE NACH TROPEA - Piccola Universit\u00e0 Italiana","description":"Finden Sie heraus, wie Sie unsere Italienisch Sprachschule in Tropea mit dem Zug, Flugzeug oder Auto erreichen k\u00f6nnen. Planen Sie jetzt Ihre Reise nach Tropea!","robots":{"index":"index","follow":"follow","max-snippet":"max-snippet:-1","max-image-preview":"max-image-preview:large","max-video-preview":"max-video-preview:-1"},"canonical":"https:\/\/piccolauniversitaitaliana.com\/de\/unser-service\/ihre-reise-nach-italien\/ankunft-in-tropea\/","og_locale":"de_DE","og_type":"article","og_title":"ANREISE NACH TROPEA","og_description":"Unsere Italienisch Sprachschulen sind jeweils in der N\u00e4he von gut bedienten Flugh\u00e4fen. Wir empfehlen daher die Anreise mit dem Flugzeug.","og_url":"https:\/\/piccolauniversitaitaliana.com\/de\/unser-service\/ihre-reise-nach-italien\/ankunft-in-tropea\/","og_site_name":"Piccola Universit\u00e0 Italiana","article_publisher":"https:\/\/www.facebook.com\/piccola.universita.italiana.trieste\/","article_modified_time":"2023-05-25T14:24:55+00:00","og_image":[{"width":1024,"height":366,"url":"https:\/\/piccolauniversitaitaliana.com\/wp-content\/uploads\/2016\/11\/iStock_journey-1024x366.jpg","type":"image\/jpeg"}],"twitter_card":"summary_large_image","twitter_site":"@italiancourses","twitter_misc":{"Gesch\u00e4tzte Lesezeit":"1\u00a0Minute"},"schema":{"@context":"https:\/\/schema.org","@graph":[{"@type":"WebPage","@id":"https:\/\/piccolauniversitaitaliana.com\/de\/unser-service\/ihre-reise-nach-italien\/ankunft-in-tropea\/","url":"https:\/\/piccolauniversitaitaliana.com\/de\/unser-service\/ihre-reise-nach-italien\/ankunft-in-tropea\/","name":"ANREISE NACH TROPEA - Piccola Universit\u00e0 Italiana","isPartOf":{"@id":"https:\/\/piccolauniversitaitaliana.com\/de\/#website"},"primaryImageOfPage":{"@id":"https:\/\/piccolauniversitaitaliana.com\/de\/unser-service\/ihre-reise-nach-italien\/ankunft-in-tropea\/#primaryimage"},"image":{"@id":"https:\/\/piccolauniversitaitaliana.com\/de\/unser-service\/ihre-reise-nach-italien\/ankunft-in-tropea\/#primaryimage"},"thumbnailUrl":"https:\/\/piccolauniversitaitaliana.com\/wp-content\/uploads\/2016\/11\/iStock_journey.jpg","datePublished":"2016-12-06T18:55:09+00:00","dateModified":"2023-05-25T14:24:55+00:00","description":"Finden Sie heraus, wie Sie unsere Italienisch Sprachschule in Tropea mit dem Zug, Flugzeug oder Auto erreichen k\u00f6nnen. Planen Sie jetzt Ihre Reise nach Tropea!","breadcrumb":{"@id":"https:\/\/piccolauniversitaitaliana.com\/de\/unser-service\/ihre-reise-nach-italien\/ankunft-in-tropea\/#breadcrumb"},"inLanguage":"de","potentialAction":[{"@type":"ReadAction","target":["https:\/\/piccolauniversitaitaliana.com\/de\/unser-service\/ihre-reise-nach-italien\/ankunft-in-tropea\/"]}]},{"@type":"ImageObject","inLanguage":"de","@id":"https:\/\/piccolauniversitaitaliana.com\/de\/unser-service\/ihre-reise-nach-italien\/ankunft-in-tropea\/#primaryimage","url":"https:\/\/piccolauniversitaitaliana.com\/wp-content\/uploads\/2016\/11\/iStock_journey.jpg","contentUrl":"https:\/\/piccolauniversitaitaliana.com\/wp-content\/uploads\/2016\/11\/iStock_journey.jpg","width":4197,"height":1501,"caption":"Europe map and airplane in cappuccino (made of cinnamon). Travel concept. Travel agency"},{"@type":"BreadcrumbList","@id":"https:\/\/piccolauniversitaitaliana.com\/de\/unser-service\/ihre-reise-nach-italien\/ankunft-in-tropea\/#breadcrumb","itemListElement":[{"@type":"ListItem","position":1,"name":"Home","item":"https:\/\/piccolauniversitaitaliana.com\/de\/"},{"@type":"ListItem","position":2,"name":"UNSER SERVICE","item":"https:\/\/piccolauniversitaitaliana.com\/de\/unser-service\/"},{"@type":"ListItem","position":3,"name":"IHRE REISE NACH ITALIEN","item":"https:\/\/piccolauniversitaitaliana.com\/de\/unser-service\/ihre-reise-nach-italien\/"},{"@type":"ListItem","position":4,"name":"ANREISE NACH TROPEA"}]},{"@type":"WebSite","@id":"https:\/\/piccolauniversitaitaliana.com\/de\/#website","url":"https:\/\/piccolauniversitaitaliana.com\/de\/","name":"Piccola Universit\u00e0 Italiana","description":"Boutique Italian Language Schools in Fantastic Locations","publisher":{"@id":"https:\/\/piccolauniversitaitaliana.com\/de\/#organization"},"potentialAction":[{"@type":"SearchAction","target":{"@type":"EntryPoint","urlTemplate":"https:\/\/piccolauniversitaitaliana.com\/de\/?s={search_term_string}"},"query-input":{"@type":"PropertyValueSpecification","valueRequired":true,"valueName":"search_term_string"}}],"inLanguage":"de"},{"@type":"Organization","@id":"https:\/\/piccolauniversitaitaliana.com\/de\/#organization","name":"PICCOLA UNIVERSIT\u00c0 ITALIANA","url":"https:\/\/piccolauniversitaitaliana.com\/de\/","logo":{"@type":"ImageObject","inLanguage":"de","@id":"https:\/\/piccolauniversitaitaliana.com\/de\/#\/schema\/logo\/image\/","url":"","contentUrl":"","caption":"PICCOLA UNIVERSIT\u00c0 ITALIANA"},"image":{"@id":"https:\/\/piccolauniversitaitaliana.com\/de\/#\/schema\/logo\/image\/"},"sameAs":["https:\/\/www.facebook.com\/piccola.universita.italiana.trieste\/","https:\/\/x.com\/italiancourses","https:\/\/www.instagram.com\/explore\/locations\/99826744\/piccola-universita-italiana\/","https:\/\/www.linkedin.com\/company\/piccola-universit-italiana","https:\/\/www.youtube.com\/user\/piccolauniversitaita"]}]}},"_links":{"self":[{"href":"https:\/\/piccolauniversitaitaliana.com\/de\/wp-json\/wp\/v2\/pages\/2257","targetHints":{"allow":["GET"]}}],"collection":[{"href":"https:\/\/piccolauniversitaitaliana.com\/de\/wp-json\/wp\/v2\/pages"}],"about":[{"href":"https:\/\/piccolauniversitaitaliana.com\/de\/wp-json\/wp\/v2\/types\/page"}],"author":[{"embeddable":true,"href":"https:\/\/piccolauniversitaitaliana.com\/de\/wp-json\/wp\/v2\/users\/2"}],"replies":[{"embeddable":true,"href":"https:\/\/piccolauniversitaitaliana.com\/de\/wp-json\/wp\/v2\/comments?post=2257"}],"version-history":[{"count":5,"href":"https:\/\/piccolauniversitaitaliana.com\/de\/wp-json\/wp\/v2\/pages\/2257\/revisions"}],"predecessor-version":[{"id":36849,"href":"https:\/\/piccolauniversitaitaliana.com\/de\/wp-json\/wp\/v2\/pages\/2257\/revisions\/36849"}],"up":[{"embeddable":true,"href":"https:\/\/piccolauniversitaitaliana.com\/de\/wp-json\/wp\/v2\/pages\/36442"}],"wp:featuredmedia":[{"embeddable":true,"href":"https:\/\/piccolauniversitaitaliana.com\/de\/wp-json\/wp\/v2\/media\/1561"}],"wp:attachment":[{"href":"https:\/\/piccolauniversitaitaliana.com\/de\/wp-json\/wp\/v2\/media?parent=2257"}],"curies":[{"name":"wp","href":"https:\/\/api.w.org\/{rel}","templated":true}]}}