{"id":2252,"date":"2016-11-24T23:46:05","date_gmt":"2016-11-24T23:46:05","guid":{"rendered":"http:\/\/piccolauniversita.com\/wordpress\/de\/?page_id=2252"},"modified":"2026-04-03T21:42:33","modified_gmt":"2026-04-03T21:42:33","slug":"akkreditierungen","status":"publish","type":"page","link":"https:\/\/piccolauniversitaitaliana.com\/de\/akkreditierungen\/","title":{"rendered":"AKKREDITIERUNGEN"},"content":{"rendered":"<p>In Zeiten des Internets ist es immer schwieriger geworden, ein hochwertiges <b>Qualit\u00e4tsprodukt <\/b>von anderen Produkten zu differenzieren.<\/p>\n<p><b><strong>Auf welche\u00a0Qualit\u00e4tsmerkmale\u00a0muss ich bei der Auswahl meiner Sprachschule achten?<\/strong><\/b><\/p>\n<p>Wichtigster Punkt dabei ist, dass die Italienisch Sprachschule in Italien <strong>staatlich anerkannt<\/strong> ist, denn dies ist die einzige <strong>offizielle Qualit\u00e4tskontrolle<\/strong> f\u00fcr Italienische Sprachschulen, da diese Anerkennung nicht k\u00e4uflich ist. Bei der Auswahl zur Anerkennung geht es ausschlie\u00dflich um die Qualit\u00e4t der Italienisch Sprachschule sowie deren Sprachkurse&#8230; und dieses Attribut ist schlie\u00dflich das wichtigeste bei der Auswahl Ihrer Italienisch Sprachschule.<\/p>\n<p>Auch die Anerkennung von <strong>amerikanischen Universit\u00e4ten<\/strong> im Rahmen von &#8222;academic credits&#8220; ist ein ganz klarer Hinweis, dass es sich bei der Schule um ein seri\u00f6ses gepr\u00fcftes Institut handelt.<\/p>\n<p><strong>Unsere Italienisch Sprachschulen wurden von folgenden Instituten ausgezeichnet. Dies ist f\u00fcr Sie ein Qualit\u00e4tssiegel, der die Professionalit\u00e4t der Piccola Universit\u00e0 Italiana unterstreicht:<\/strong><\/p>\n","protected":false},"excerpt":{"rendered":"<p>In Zeiten des Internets ist es immer schwieriger geworden, ein hochwertiges Qualit\u00e4tsprodukt von anderen Produkten zu differenzieren. Auf welche\u00a0Qualit\u00e4tsmerkmale\u00a0muss ich bei der Auswahl meiner Sprachschule achten? Wichtigster Punkt dabei ist, dass die Italienisch Sprachschule in Italien staatlich anerkannt ist, denn dies ist die einzige offizielle Qualit\u00e4tskontrolle f\u00fcr Italienische Sprachschulen, da diese Anerkennung nicht k\u00e4uflich ist. &hellip; <a href=\"https:\/\/piccolauniversitaitaliana.com\/de\/akkreditierungen\/\" class=\"more-link\"><span class=\"screen-reader-text\">&#8222;AKKREDITIERUNGEN&#8220; <\/span>weiterlesen<\/a><\/p>\n","protected":false},"author":2,"featured_media":17534,"parent":0,"menu_order":0,"comment_status":"closed","ping_status":"closed","template":"","meta":{"_acf_changed":false,"footnotes":""},"class_list":["post-2252","page","type-page","status-publish","has-post-thumbnail","hentry"],"acf":[],"yoast_head":"<!-- This site is optimized with the Yoast SEO Premium plugin v27.0 (Yoast SEO v27.4) - https:\/\/yoast.com\/product\/yoast-seo-premium-wordpress\/ -->\n<title>AKKREDITIERUNGEN - Piccola Universit\u00e0 Italiana<\/title>\n<meta name=\"description\" content=\"Unsere Italienisch Sprachschulen sind national und international anerkannt. Dies ist ein Qualit\u00e4tssiegel f\u00fcr unsere Studenten.\" \/>\n<meta name=\"robots\" content=\"index, follow, max-snippet:-1, max-image-preview:large, max-video-preview:-1\" \/>\n<link rel=\"canonical\" href=\"https:\/\/piccolauniversitaitaliana.com\/de\/akkreditierungen\/\" \/>\n<meta property=\"og:locale\" content=\"de_DE\" \/>\n<meta property=\"og:type\" content=\"article\" \/>\n<meta property=\"og:title\" content=\"AKKREDITIERUNGEN\" \/>\n<meta property=\"og:description\" content=\"In Zeiten des Internets ist es immer schwieriger geworden, ein hochwertiges Qualit\u00e4tsprodukt von anderen Produkten zu differenzieren. Auf\" \/>\n<meta property=\"og:url\" content=\"https:\/\/piccolauniversitaitaliana.com\/de\/akkreditierungen\/\" \/>\n<meta property=\"og:site_name\" content=\"Piccola Universit\u00e0 Italiana\" \/>\n<meta property=\"article:publisher\" content=\"https:\/\/www.facebook.com\/piccola.universita.italiana.trieste\/\" \/>\n<meta property=\"article:modified_time\" content=\"2026-04-03T21:42:33+00:00\" \/>\n<meta property=\"og:image\" content=\"https:\/\/piccolauniversitaitaliana.com\/wp-content\/uploads\/2019\/02\/approved.png\" \/>\n\t<meta property=\"og:image:width\" content=\"1300\" \/>\n\t<meta property=\"og:image:height\" content=\"880\" \/>\n\t<meta property=\"og:image:type\" content=\"image\/png\" \/>\n<meta name=\"twitter:card\" content=\"summary_large_image\" \/>\n<meta name=\"twitter:site\" content=\"@italiancourses\" \/>\n<meta name=\"twitter:label1\" content=\"Gesch\u00e4tzte Lesezeit\" \/>\n\t<meta name=\"twitter:data1\" content=\"1\u00a0Minute\" \/>\n<script type=\"application\/ld+json\" class=\"yoast-schema-graph\">{\"@context\":\"https:\\\/\\\/schema.org\",\"@graph\":[{\"@type\":\"WebPage\",\"@id\":\"https:\\\/\\\/piccolauniversitaitaliana.com\\\/de\\\/akkreditierungen\\\/\",\"url\":\"https:\\\/\\\/piccolauniversitaitaliana.com\\\/de\\\/akkreditierungen\\\/\",\"name\":\"AKKREDITIERUNGEN - Piccola Universit\u00e0 Italiana\",\"isPartOf\":{\"@id\":\"https:\\\/\\\/piccolauniversitaitaliana.com\\\/de\\\/#website\"},\"primaryImageOfPage\":{\"@id\":\"https:\\\/\\\/piccolauniversitaitaliana.com\\\/de\\\/akkreditierungen\\\/#primaryimage\"},\"image\":{\"@id\":\"https:\\\/\\\/piccolauniversitaitaliana.com\\\/de\\\/akkreditierungen\\\/#primaryimage\"},\"thumbnailUrl\":\"https:\\\/\\\/piccolauniversitaitaliana.com\\\/wp-content\\\/uploads\\\/2019\\\/02\\\/approved.png\",\"datePublished\":\"2016-11-24T23:46:05+00:00\",\"dateModified\":\"2026-04-03T21:42:33+00:00\",\"description\":\"Unsere Italienisch Sprachschulen sind national und international anerkannt. Dies ist ein Qualit\u00e4tssiegel f\u00fcr unsere Studenten.\",\"breadcrumb\":{\"@id\":\"https:\\\/\\\/piccolauniversitaitaliana.com\\\/de\\\/akkreditierungen\\\/#breadcrumb\"},\"inLanguage\":\"de\",\"potentialAction\":[{\"@type\":\"ReadAction\",\"target\":[\"https:\\\/\\\/piccolauniversitaitaliana.com\\\/de\\\/akkreditierungen\\\/\"]}]},{\"@type\":\"ImageObject\",\"inLanguage\":\"de\",\"@id\":\"https:\\\/\\\/piccolauniversitaitaliana.com\\\/de\\\/akkreditierungen\\\/#primaryimage\",\"url\":\"https:\\\/\\\/piccolauniversitaitaliana.com\\\/wp-content\\\/uploads\\\/2019\\\/02\\\/approved.png\",\"contentUrl\":\"https:\\\/\\\/piccolauniversitaitaliana.com\\\/wp-content\\\/uploads\\\/2019\\\/02\\\/approved.png\",\"width\":1300,\"height\":880},{\"@type\":\"BreadcrumbList\",\"@id\":\"https:\\\/\\\/piccolauniversitaitaliana.com\\\/de\\\/akkreditierungen\\\/#breadcrumb\",\"itemListElement\":[{\"@type\":\"ListItem\",\"position\":1,\"name\":\"Home\",\"item\":\"https:\\\/\\\/piccolauniversitaitaliana.com\\\/de\\\/\"},{\"@type\":\"ListItem\",\"position\":2,\"name\":\"AKKREDITIERUNGEN\"}]},{\"@type\":\"WebSite\",\"@id\":\"https:\\\/\\\/piccolauniversitaitaliana.com\\\/de\\\/#website\",\"url\":\"https:\\\/\\\/piccolauniversitaitaliana.com\\\/de\\\/\",\"name\":\"Piccola Universit\u00e0 Italiana\",\"description\":\"Boutique Italian Language Schools in Fantastic Locations\",\"publisher\":{\"@id\":\"https:\\\/\\\/piccolauniversitaitaliana.com\\\/de\\\/#organization\"},\"potentialAction\":[{\"@type\":\"SearchAction\",\"target\":{\"@type\":\"EntryPoint\",\"urlTemplate\":\"https:\\\/\\\/piccolauniversitaitaliana.com\\\/de\\\/?s={search_term_string}\"},\"query-input\":{\"@type\":\"PropertyValueSpecification\",\"valueRequired\":true,\"valueName\":\"search_term_string\"}}],\"inLanguage\":\"de\"},{\"@type\":\"Organization\",\"@id\":\"https:\\\/\\\/piccolauniversitaitaliana.com\\\/de\\\/#organization\",\"name\":\"PICCOLA UNIVERSIT\u00c0 ITALIANA\",\"url\":\"https:\\\/\\\/piccolauniversitaitaliana.com\\\/de\\\/\",\"logo\":{\"@type\":\"ImageObject\",\"inLanguage\":\"de\",\"@id\":\"https:\\\/\\\/piccolauniversitaitaliana.com\\\/de\\\/#\\\/schema\\\/logo\\\/image\\\/\",\"url\":\"\",\"contentUrl\":\"\",\"caption\":\"PICCOLA UNIVERSIT\u00c0 ITALIANA\"},\"image\":{\"@id\":\"https:\\\/\\\/piccolauniversitaitaliana.com\\\/de\\\/#\\\/schema\\\/logo\\\/image\\\/\"},\"sameAs\":[\"https:\\\/\\\/www.facebook.com\\\/piccola.universita.italiana.trieste\\\/\",\"https:\\\/\\\/x.com\\\/italiancourses\",\"https:\\\/\\\/www.instagram.com\\\/explore\\\/locations\\\/99826744\\\/piccola-universita-italiana\\\/\",\"https:\\\/\\\/www.linkedin.com\\\/company\\\/piccola-universit-italiana\",\"https:\\\/\\\/www.youtube.com\\\/user\\\/piccolauniversitaita\"]}]}<\/script>\n<!-- \/ Yoast SEO Premium plugin. -->","yoast_head_json":{"title":"AKKREDITIERUNGEN - Piccola Universit\u00e0 Italiana","description":"Unsere Italienisch Sprachschulen sind national und international anerkannt. Dies ist ein Qualit\u00e4tssiegel f\u00fcr unsere Studenten.","robots":{"index":"index","follow":"follow","max-snippet":"max-snippet:-1","max-image-preview":"max-image-preview:large","max-video-preview":"max-video-preview:-1"},"canonical":"https:\/\/piccolauniversitaitaliana.com\/de\/akkreditierungen\/","og_locale":"de_DE","og_type":"article","og_title":"AKKREDITIERUNGEN","og_description":"In Zeiten des Internets ist es immer schwieriger geworden, ein hochwertiges Qualit\u00e4tsprodukt von anderen Produkten zu differenzieren. Auf","og_url":"https:\/\/piccolauniversitaitaliana.com\/de\/akkreditierungen\/","og_site_name":"Piccola Universit\u00e0 Italiana","article_publisher":"https:\/\/www.facebook.com\/piccola.universita.italiana.trieste\/","article_modified_time":"2026-04-03T21:42:33+00:00","og_image":[{"width":1300,"height":880,"url":"https:\/\/piccolauniversitaitaliana.com\/wp-content\/uploads\/2019\/02\/approved.png","type":"image\/png"}],"twitter_card":"summary_large_image","twitter_site":"@italiancourses","twitter_misc":{"Gesch\u00e4tzte Lesezeit":"1\u00a0Minute"},"schema":{"@context":"https:\/\/schema.org","@graph":[{"@type":"WebPage","@id":"https:\/\/piccolauniversitaitaliana.com\/de\/akkreditierungen\/","url":"https:\/\/piccolauniversitaitaliana.com\/de\/akkreditierungen\/","name":"AKKREDITIERUNGEN - Piccola Universit\u00e0 Italiana","isPartOf":{"@id":"https:\/\/piccolauniversitaitaliana.com\/de\/#website"},"primaryImageOfPage":{"@id":"https:\/\/piccolauniversitaitaliana.com\/de\/akkreditierungen\/#primaryimage"},"image":{"@id":"https:\/\/piccolauniversitaitaliana.com\/de\/akkreditierungen\/#primaryimage"},"thumbnailUrl":"https:\/\/piccolauniversitaitaliana.com\/wp-content\/uploads\/2019\/02\/approved.png","datePublished":"2016-11-24T23:46:05+00:00","dateModified":"2026-04-03T21:42:33+00:00","description":"Unsere Italienisch Sprachschulen sind national und international anerkannt. Dies ist ein Qualit\u00e4tssiegel f\u00fcr unsere Studenten.","breadcrumb":{"@id":"https:\/\/piccolauniversitaitaliana.com\/de\/akkreditierungen\/#breadcrumb"},"inLanguage":"de","potentialAction":[{"@type":"ReadAction","target":["https:\/\/piccolauniversitaitaliana.com\/de\/akkreditierungen\/"]}]},{"@type":"ImageObject","inLanguage":"de","@id":"https:\/\/piccolauniversitaitaliana.com\/de\/akkreditierungen\/#primaryimage","url":"https:\/\/piccolauniversitaitaliana.com\/wp-content\/uploads\/2019\/02\/approved.png","contentUrl":"https:\/\/piccolauniversitaitaliana.com\/wp-content\/uploads\/2019\/02\/approved.png","width":1300,"height":880},{"@type":"BreadcrumbList","@id":"https:\/\/piccolauniversitaitaliana.com\/de\/akkreditierungen\/#breadcrumb","itemListElement":[{"@type":"ListItem","position":1,"name":"Home","item":"https:\/\/piccolauniversitaitaliana.com\/de\/"},{"@type":"ListItem","position":2,"name":"AKKREDITIERUNGEN"}]},{"@type":"WebSite","@id":"https:\/\/piccolauniversitaitaliana.com\/de\/#website","url":"https:\/\/piccolauniversitaitaliana.com\/de\/","name":"Piccola Universit\u00e0 Italiana","description":"Boutique Italian Language Schools in Fantastic Locations","publisher":{"@id":"https:\/\/piccolauniversitaitaliana.com\/de\/#organization"},"potentialAction":[{"@type":"SearchAction","target":{"@type":"EntryPoint","urlTemplate":"https:\/\/piccolauniversitaitaliana.com\/de\/?s={search_term_string}"},"query-input":{"@type":"PropertyValueSpecification","valueRequired":true,"valueName":"search_term_string"}}],"inLanguage":"de"},{"@type":"Organization","@id":"https:\/\/piccolauniversitaitaliana.com\/de\/#organization","name":"PICCOLA UNIVERSIT\u00c0 ITALIANA","url":"https:\/\/piccolauniversitaitaliana.com\/de\/","logo":{"@type":"ImageObject","inLanguage":"de","@id":"https:\/\/piccolauniversitaitaliana.com\/de\/#\/schema\/logo\/image\/","url":"","contentUrl":"","caption":"PICCOLA UNIVERSIT\u00c0 ITALIANA"},"image":{"@id":"https:\/\/piccolauniversitaitaliana.com\/de\/#\/schema\/logo\/image\/"},"sameAs":["https:\/\/www.facebook.com\/piccola.universita.italiana.trieste\/","https:\/\/x.com\/italiancourses","https:\/\/www.instagram.com\/explore\/locations\/99826744\/piccola-universita-italiana\/","https:\/\/www.linkedin.com\/company\/piccola-universit-italiana","https:\/\/www.youtube.com\/user\/piccolauniversitaita"]}]}},"_links":{"self":[{"href":"https:\/\/piccolauniversitaitaliana.com\/de\/wp-json\/wp\/v2\/pages\/2252","targetHints":{"allow":["GET"]}}],"collection":[{"href":"https:\/\/piccolauniversitaitaliana.com\/de\/wp-json\/wp\/v2\/pages"}],"about":[{"href":"https:\/\/piccolauniversitaitaliana.com\/de\/wp-json\/wp\/v2\/types\/page"}],"author":[{"embeddable":true,"href":"https:\/\/piccolauniversitaitaliana.com\/de\/wp-json\/wp\/v2\/users\/2"}],"replies":[{"embeddable":true,"href":"https:\/\/piccolauniversitaitaliana.com\/de\/wp-json\/wp\/v2\/comments?post=2252"}],"version-history":[{"count":14,"href":"https:\/\/piccolauniversitaitaliana.com\/de\/wp-json\/wp\/v2\/pages\/2252\/revisions"}],"predecessor-version":[{"id":53979,"href":"https:\/\/piccolauniversitaitaliana.com\/de\/wp-json\/wp\/v2\/pages\/2252\/revisions\/53979"}],"wp:featuredmedia":[{"embeddable":true,"href":"https:\/\/piccolauniversitaitaliana.com\/de\/wp-json\/wp\/v2\/media\/17534"}],"wp:attachment":[{"href":"https:\/\/piccolauniversitaitaliana.com\/de\/wp-json\/wp\/v2\/media?parent=2252"}],"curies":[{"name":"wp","href":"https:\/\/api.w.org\/{rel}","templated":true}]}}