{"id":19434,"date":"2019-02-20T06:18:11","date_gmt":"2019-02-20T06:18:11","guid":{"rendered":"http:\/\/piccolauniversitaitaliana.com\/enquiry-forms\/"},"modified":"2019-07-02T17:47:17","modified_gmt":"2019-07-02T17:47:17","slug":"anfrage-formulare","status":"publish","type":"page","link":"https:\/\/piccolauniversitaitaliana.com\/de\/anfrage-formulare\/","title":{"rendered":"ANFRAGE FORMULARE"},"content":{"rendered":"<div class=\"jumbotron\">\n<h1 style=\"text-align: left;\">1. KONTAKTIEREN SIE UNS!<\/h1>\n<h4 style=\"text-align: left;\">NEUGIERIG?<\/h4>\n<p>M\u00f6chten Sie mehr Informationen erhalten?<br \/>\nHier k\u00f6nnen Sie ein einfaches Kontaktformular ausf\u00fcllen und werden Ihnen so innerhalb von 2 Werktagen antworten:<\/p>\n<p class=\"wpcf7-contact-form-not-found\"><strong>Fehler:<\/strong> Kontaktformular wurde nicht gefunden.<\/p>\n<\/div>\n<hr \/>\n<h1>2. W\u00dcNSCHEN SIE EIN ANGEBOT?<\/h1>\n<h4>WISSEN SIE BEREITS WAS SIE M\u00d6CHTEN?<\/h4>\n<p>M\u00f6chten Sie ein genaue Preiskalkulation erhalten?<br \/>\nW\u00e4hlen Sie einfach Ihren bevorzugten Standort, f\u00fcllen Sie das detaillierte Formular f\u00fcr Preiskalkulationen aus und erhalten Sie so die genaue Kostenaufstellung online:<\/p>\n<div class=\"jumbotron\">\n<p><a class=\"enrolbutton\" href=\"\/?page_id=18142\">Trieste<\/a><a class=\"enrolbutton\" href=\"https:\/\/piccolauniversitaitaliana.com\/de\/tropea\/\">Tropea<\/a><\/p>\n<\/div>\n<style>\n.jumbotron h1 {<br \/>    text-align: center;<br \/>}<br \/>a.enrolbutton {<br \/>    width: 30%;<br \/>    height: 75px;<br \/>    background: #1d5d98;<br \/>    margin: 5% 10%;<br \/>    color: white;<br \/>    text-decoration: none;<br \/>    display: inline-block;<br \/>    text-transform: uppercase;<br \/>    font-size: 3em;<br \/>    letter-spacing: .4em;<br \/>    line-height: 1.5em;<br \/>    padding-left: .5em;<br \/>    border-radius: 10px;<br \/>}<br \/><\/style>\n","protected":false},"excerpt":{"rendered":"<p>1. KONTAKTIEREN SIE UNS! NEUGIERIG? M\u00f6chten Sie mehr Informationen erhalten? Hier k\u00f6nnen Sie ein einfaches Kontaktformular ausf\u00fcllen und werden Ihnen so innerhalb von 2 Werktagen antworten: 2. W\u00dcNSCHEN SIE EIN ANGEBOT? WISSEN SIE BEREITS WAS SIE M\u00d6CHTEN? M\u00f6chten Sie ein genaue Preiskalkulation erhalten? W\u00e4hlen Sie einfach Ihren bevorzugten Standort, f\u00fcllen Sie das detaillierte Formular f\u00fcr &hellip; <a href=\"https:\/\/piccolauniversitaitaliana.com\/de\/anfrage-formulare\/\" class=\"more-link\"><span class=\"screen-reader-text\">&#8222;ANFRAGE FORMULARE&#8220; <\/span>weiterlesen<\/a><\/p>\n","protected":false},"author":2,"featured_media":17979,"parent":0,"menu_order":0,"comment_status":"closed","ping_status":"closed","template":"","meta":{"_acf_changed":false,"footnotes":""},"class_list":["post-19434","page","type-page","status-publish","has-post-thumbnail","hentry"],"acf":[],"yoast_head":"<!-- This site is optimized with the Yoast SEO Premium plugin v27.0 (Yoast SEO v27.6) - https:\/\/yoast.com\/product\/yoast-seo-premium-wordpress\/ -->\n<title>ANFRAGE FORMULARE - Piccola Universit\u00e0 Italiana<\/title>\n<meta name=\"description\" content=\"W\u00e4hle Deinen bevorzugten Standort unserer Sprachschule, um einen personalisierten Kostenvoranschlag zum Italienisch lernen in Italien zu erhalten\" \/>\n<meta name=\"robots\" content=\"index, follow, max-snippet:-1, max-image-preview:large, max-video-preview:-1\" \/>\n<link rel=\"canonical\" href=\"https:\/\/piccolauniversitaitaliana.com\/de\/anfrage-formulare\/\" \/>\n<meta property=\"og:locale\" content=\"de_DE\" \/>\n<meta property=\"og:type\" content=\"article\" \/>\n<meta property=\"og:title\" content=\"ANFRAGE FORMULARE\" \/>\n<meta property=\"og:description\" content=\"1. KONTAKTIEREN SIE UNS! NEUGIERIG? M\u00f6chten Sie mehr Informationen erhalten? Hier k\u00f6nnen Sie ein einfaches Kontaktformular ausf\u00fcllen und werden Ihnen so\" \/>\n<meta property=\"og:url\" content=\"https:\/\/piccolauniversitaitaliana.com\/de\/anfrage-formulare\/\" \/>\n<meta property=\"og:site_name\" content=\"Piccola Universit\u00e0 Italiana\" \/>\n<meta property=\"article:publisher\" content=\"https:\/\/www.facebook.com\/piccola.universita.italiana.trieste\/\" \/>\n<meta property=\"article:modified_time\" content=\"2019-07-02T17:47:17+00:00\" \/>\n<meta property=\"og:image\" content=\"https:\/\/piccolauniversitaitaliana.com\/wp-content\/uploads\/2019\/02\/call-to-action-light.png\" \/>\n\t<meta property=\"og:image:width\" content=\"1280\" \/>\n\t<meta property=\"og:image:height\" content=\"800\" \/>\n\t<meta property=\"og:image:type\" content=\"image\/png\" \/>\n<meta name=\"twitter:card\" content=\"summary_large_image\" \/>\n<meta name=\"twitter:site\" content=\"@italiancourses\" \/>\n<script type=\"application\/ld+json\" class=\"yoast-schema-graph\">{\"@context\":\"https:\\\/\\\/schema.org\",\"@graph\":[{\"@type\":\"WebPage\",\"@id\":\"https:\\\/\\\/piccolauniversitaitaliana.com\\\/de\\\/anfrage-formulare\\\/\",\"url\":\"https:\\\/\\\/piccolauniversitaitaliana.com\\\/de\\\/anfrage-formulare\\\/\",\"name\":\"ANFRAGE FORMULARE - Piccola Universit\u00e0 Italiana\",\"isPartOf\":{\"@id\":\"https:\\\/\\\/piccolauniversitaitaliana.com\\\/de\\\/#website\"},\"primaryImageOfPage\":{\"@id\":\"https:\\\/\\\/piccolauniversitaitaliana.com\\\/de\\\/anfrage-formulare\\\/#primaryimage\"},\"image\":{\"@id\":\"https:\\\/\\\/piccolauniversitaitaliana.com\\\/de\\\/anfrage-formulare\\\/#primaryimage\"},\"thumbnailUrl\":\"https:\\\/\\\/piccolauniversitaitaliana.com\\\/wp-content\\\/uploads\\\/2019\\\/02\\\/call-to-action-light.png\",\"datePublished\":\"2019-02-20T06:18:11+00:00\",\"dateModified\":\"2019-07-02T17:47:17+00:00\",\"description\":\"W\u00e4hle Deinen bevorzugten Standort unserer Sprachschule, um einen personalisierten Kostenvoranschlag zum Italienisch lernen in Italien zu erhalten\",\"breadcrumb\":{\"@id\":\"https:\\\/\\\/piccolauniversitaitaliana.com\\\/de\\\/anfrage-formulare\\\/#breadcrumb\"},\"inLanguage\":\"de\",\"potentialAction\":[{\"@type\":\"ReadAction\",\"target\":[\"https:\\\/\\\/piccolauniversitaitaliana.com\\\/de\\\/anfrage-formulare\\\/\"]}]},{\"@type\":\"ImageObject\",\"inLanguage\":\"de\",\"@id\":\"https:\\\/\\\/piccolauniversitaitaliana.com\\\/de\\\/anfrage-formulare\\\/#primaryimage\",\"url\":\"https:\\\/\\\/piccolauniversitaitaliana.com\\\/wp-content\\\/uploads\\\/2019\\\/02\\\/call-to-action-light.png\",\"contentUrl\":\"https:\\\/\\\/piccolauniversitaitaliana.com\\\/wp-content\\\/uploads\\\/2019\\\/02\\\/call-to-action-light.png\",\"width\":1280,\"height\":800},{\"@type\":\"BreadcrumbList\",\"@id\":\"https:\\\/\\\/piccolauniversitaitaliana.com\\\/de\\\/anfrage-formulare\\\/#breadcrumb\",\"itemListElement\":[{\"@type\":\"ListItem\",\"position\":1,\"name\":\"Home\",\"item\":\"https:\\\/\\\/piccolauniversitaitaliana.com\\\/de\\\/\"},{\"@type\":\"ListItem\",\"position\":2,\"name\":\"ANFRAGE FORMULARE\"}]},{\"@type\":\"WebSite\",\"@id\":\"https:\\\/\\\/piccolauniversitaitaliana.com\\\/de\\\/#website\",\"url\":\"https:\\\/\\\/piccolauniversitaitaliana.com\\\/de\\\/\",\"name\":\"Piccola Universit\u00e0 Italiana\",\"description\":\"Boutique Italian Language Schools in Fantastic Locations\",\"publisher\":{\"@id\":\"https:\\\/\\\/piccolauniversitaitaliana.com\\\/de\\\/#organization\"},\"potentialAction\":[{\"@type\":\"SearchAction\",\"target\":{\"@type\":\"EntryPoint\",\"urlTemplate\":\"https:\\\/\\\/piccolauniversitaitaliana.com\\\/de\\\/?s={search_term_string}\"},\"query-input\":{\"@type\":\"PropertyValueSpecification\",\"valueRequired\":true,\"valueName\":\"search_term_string\"}}],\"inLanguage\":\"de\"},{\"@type\":\"Organization\",\"@id\":\"https:\\\/\\\/piccolauniversitaitaliana.com\\\/de\\\/#organization\",\"name\":\"PICCOLA UNIVERSIT\u00c0 ITALIANA\",\"url\":\"https:\\\/\\\/piccolauniversitaitaliana.com\\\/de\\\/\",\"logo\":{\"@type\":\"ImageObject\",\"inLanguage\":\"de\",\"@id\":\"https:\\\/\\\/piccolauniversitaitaliana.com\\\/de\\\/#\\\/schema\\\/logo\\\/image\\\/\",\"url\":\"\",\"contentUrl\":\"\",\"caption\":\"PICCOLA UNIVERSIT\u00c0 ITALIANA\"},\"image\":{\"@id\":\"https:\\\/\\\/piccolauniversitaitaliana.com\\\/de\\\/#\\\/schema\\\/logo\\\/image\\\/\"},\"sameAs\":[\"https:\\\/\\\/www.facebook.com\\\/piccola.universita.italiana.trieste\\\/\",\"https:\\\/\\\/x.com\\\/italiancourses\",\"https:\\\/\\\/www.instagram.com\\\/explore\\\/locations\\\/99826744\\\/piccola-universita-italiana\\\/\",\"https:\\\/\\\/www.linkedin.com\\\/company\\\/piccola-universit-italiana\",\"https:\\\/\\\/www.youtube.com\\\/user\\\/piccolauniversitaita\"]}]}<\/script>\n<!-- \/ Yoast SEO Premium plugin. -->","yoast_head_json":{"title":"ANFRAGE FORMULARE - Piccola Universit\u00e0 Italiana","description":"W\u00e4hle Deinen bevorzugten Standort unserer Sprachschule, um einen personalisierten Kostenvoranschlag zum Italienisch lernen in Italien zu erhalten","robots":{"index":"index","follow":"follow","max-snippet":"max-snippet:-1","max-image-preview":"max-image-preview:large","max-video-preview":"max-video-preview:-1"},"canonical":"https:\/\/piccolauniversitaitaliana.com\/de\/anfrage-formulare\/","og_locale":"de_DE","og_type":"article","og_title":"ANFRAGE FORMULARE","og_description":"1. KONTAKTIEREN SIE UNS! NEUGIERIG? M\u00f6chten Sie mehr Informationen erhalten? Hier k\u00f6nnen Sie ein einfaches Kontaktformular ausf\u00fcllen und werden Ihnen so","og_url":"https:\/\/piccolauniversitaitaliana.com\/de\/anfrage-formulare\/","og_site_name":"Piccola Universit\u00e0 Italiana","article_publisher":"https:\/\/www.facebook.com\/piccola.universita.italiana.trieste\/","article_modified_time":"2019-07-02T17:47:17+00:00","og_image":[{"width":1280,"height":800,"url":"https:\/\/piccolauniversitaitaliana.com\/wp-content\/uploads\/2019\/02\/call-to-action-light.png","type":"image\/png"}],"twitter_card":"summary_large_image","twitter_site":"@italiancourses","schema":{"@context":"https:\/\/schema.org","@graph":[{"@type":"WebPage","@id":"https:\/\/piccolauniversitaitaliana.com\/de\/anfrage-formulare\/","url":"https:\/\/piccolauniversitaitaliana.com\/de\/anfrage-formulare\/","name":"ANFRAGE FORMULARE - Piccola Universit\u00e0 Italiana","isPartOf":{"@id":"https:\/\/piccolauniversitaitaliana.com\/de\/#website"},"primaryImageOfPage":{"@id":"https:\/\/piccolauniversitaitaliana.com\/de\/anfrage-formulare\/#primaryimage"},"image":{"@id":"https:\/\/piccolauniversitaitaliana.com\/de\/anfrage-formulare\/#primaryimage"},"thumbnailUrl":"https:\/\/piccolauniversitaitaliana.com\/wp-content\/uploads\/2019\/02\/call-to-action-light.png","datePublished":"2019-02-20T06:18:11+00:00","dateModified":"2019-07-02T17:47:17+00:00","description":"W\u00e4hle Deinen bevorzugten Standort unserer Sprachschule, um einen personalisierten Kostenvoranschlag zum Italienisch lernen in Italien zu erhalten","breadcrumb":{"@id":"https:\/\/piccolauniversitaitaliana.com\/de\/anfrage-formulare\/#breadcrumb"},"inLanguage":"de","potentialAction":[{"@type":"ReadAction","target":["https:\/\/piccolauniversitaitaliana.com\/de\/anfrage-formulare\/"]}]},{"@type":"ImageObject","inLanguage":"de","@id":"https:\/\/piccolauniversitaitaliana.com\/de\/anfrage-formulare\/#primaryimage","url":"https:\/\/piccolauniversitaitaliana.com\/wp-content\/uploads\/2019\/02\/call-to-action-light.png","contentUrl":"https:\/\/piccolauniversitaitaliana.com\/wp-content\/uploads\/2019\/02\/call-to-action-light.png","width":1280,"height":800},{"@type":"BreadcrumbList","@id":"https:\/\/piccolauniversitaitaliana.com\/de\/anfrage-formulare\/#breadcrumb","itemListElement":[{"@type":"ListItem","position":1,"name":"Home","item":"https:\/\/piccolauniversitaitaliana.com\/de\/"},{"@type":"ListItem","position":2,"name":"ANFRAGE FORMULARE"}]},{"@type":"WebSite","@id":"https:\/\/piccolauniversitaitaliana.com\/de\/#website","url":"https:\/\/piccolauniversitaitaliana.com\/de\/","name":"Piccola Universit\u00e0 Italiana","description":"Boutique Italian Language Schools in Fantastic Locations","publisher":{"@id":"https:\/\/piccolauniversitaitaliana.com\/de\/#organization"},"potentialAction":[{"@type":"SearchAction","target":{"@type":"EntryPoint","urlTemplate":"https:\/\/piccolauniversitaitaliana.com\/de\/?s={search_term_string}"},"query-input":{"@type":"PropertyValueSpecification","valueRequired":true,"valueName":"search_term_string"}}],"inLanguage":"de"},{"@type":"Organization","@id":"https:\/\/piccolauniversitaitaliana.com\/de\/#organization","name":"PICCOLA UNIVERSIT\u00c0 ITALIANA","url":"https:\/\/piccolauniversitaitaliana.com\/de\/","logo":{"@type":"ImageObject","inLanguage":"de","@id":"https:\/\/piccolauniversitaitaliana.com\/de\/#\/schema\/logo\/image\/","url":"","contentUrl":"","caption":"PICCOLA UNIVERSIT\u00c0 ITALIANA"},"image":{"@id":"https:\/\/piccolauniversitaitaliana.com\/de\/#\/schema\/logo\/image\/"},"sameAs":["https:\/\/www.facebook.com\/piccola.universita.italiana.trieste\/","https:\/\/x.com\/italiancourses","https:\/\/www.instagram.com\/explore\/locations\/99826744\/piccola-universita-italiana\/","https:\/\/www.linkedin.com\/company\/piccola-universit-italiana","https:\/\/www.youtube.com\/user\/piccolauniversitaita"]}]}},"_links":{"self":[{"href":"https:\/\/piccolauniversitaitaliana.com\/de\/wp-json\/wp\/v2\/pages\/19434","targetHints":{"allow":["GET"]}}],"collection":[{"href":"https:\/\/piccolauniversitaitaliana.com\/de\/wp-json\/wp\/v2\/pages"}],"about":[{"href":"https:\/\/piccolauniversitaitaliana.com\/de\/wp-json\/wp\/v2\/types\/page"}],"author":[{"embeddable":true,"href":"https:\/\/piccolauniversitaitaliana.com\/de\/wp-json\/wp\/v2\/users\/2"}],"replies":[{"embeddable":true,"href":"https:\/\/piccolauniversitaitaliana.com\/de\/wp-json\/wp\/v2\/comments?post=19434"}],"version-history":[{"count":4,"href":"https:\/\/piccolauniversitaitaliana.com\/de\/wp-json\/wp\/v2\/pages\/19434\/revisions"}],"predecessor-version":[{"id":19448,"href":"https:\/\/piccolauniversitaitaliana.com\/de\/wp-json\/wp\/v2\/pages\/19434\/revisions\/19448"}],"wp:featuredmedia":[{"embeddable":true,"href":"https:\/\/piccolauniversitaitaliana.com\/de\/wp-json\/wp\/v2\/media\/17979"}],"wp:attachment":[{"href":"https:\/\/piccolauniversitaitaliana.com\/de\/wp-json\/wp\/v2\/media?parent=19434"}],"curies":[{"name":"wp","href":"https:\/\/api.w.org\/{rel}","templated":true}]}}